{"id":694,"date":"2026-01-14T08:36:59","date_gmt":"2026-01-14T08:36:59","guid":{"rendered":"https:\/\/www.qingfaceramic.com\/?post_type=product&#038;p=694"},"modified":"2026-01-31T03:13:14","modified_gmt":"2026-01-31T03:13:14","slug":"custom-ceramic-tea-pot-set-in-bulk-retro","status":"publish","type":"product","link":"https:\/\/www.qingfaceramic.com\/pt\/produto\/custom-ceramic-tea-pot-set-in-bulk-retro\/","title":{"rendered":"Conjunto de bules de ch\u00e1 em cer\u00e2mica personalizados a granel Conjunto de canecas de ch\u00e1 e caf\u00e9 retro feitas \u00e0 m\u00e3o e de alta qualidade"},"content":{"rendered":"<h2 class=\"wp-block-heading\">Carater\u00edsticas do Conjunto de bules de ch\u00e1 em cer\u00e2mica personalizada a granel<\/h2>\n\n\n\n<div class=\"wp-block-columns is-layout-flex wp-container-core-columns-is-layout-9d6595d7 wp-block-columns-is-layout-flex\">\n<div class=\"wp-block-column is-layout-flow wp-block-column-is-layout-flow\">\n<ol class=\"wp-block-list\">\n<li><strong>Conjunto de bules de ch\u00e1 em cer\u00e2mica personalizados a granel<\/strong> - Concebida para encomendas a granel com suporte total de OEM\/ODM para log\u00f3tipos, trabalhos art\u00edsticos e embalagens personalizados.<\/li>\n\n\n\n<li><strong>Estilo retro feito \u00e0 m\u00e3o<\/strong> - As canecas artesanais com uma est\u00e9tica retro \u00fanica acrescentam car\u00e1cter e charme a qualquer servi\u00e7o de ch\u00e1 ou caf\u00e9.<\/li>\n\n\n\n<li><strong>Cer\u00e2mica vidrada de alta qualidade<\/strong> - O material cer\u00e2mico dur\u00e1vel com um acabamento de esmalte suave e seguro para alimentos garante um desempenho duradouro.<\/li>\n\n\n\n<li><strong>Utiliza\u00e7\u00e3o vers\u00e1til<\/strong> - Perfeito para servir caf\u00e9, ch\u00e1 e bebidas quentes em caf\u00e9s, hot\u00e9is, restaurantes e ambientes de hospitalidade.<\/li>\n\n\n\n<li><strong>Pronto para venda por atacado e a granel<\/strong> - A capacidade de produ\u00e7\u00e3o est\u00e1vel e o controlo de qualidade tornam este conjunto ideal para grossistas, distribuidores e clientes empresariais.<\/li>\n\n\n\n<li><strong>Manuseamento confort\u00e1vel<\/strong> - O design ergon\u00f3mico e o peso equilibrado proporcionam uma experi\u00eancia de consumo confort\u00e1vel para a utiliza\u00e7\u00e3o di\u00e1ria.<\/li>\n<\/ol>\n\n\n\n<figure class=\"wp-block-image size-full\"><img decoding=\"async\" width=\"1570\" height=\"756\" src=\"https:\/\/www.qingfaceramic.com\/wp-content\/uploads\/2026\/01\/custom-ceramic-tea-pot-set-in-bulk11.webp\" alt=\"conjunto de bules de cer\u00e2mica personalizados a granel11\" class=\"wp-image-674\" srcset=\"https:\/\/www.qingfaceramic.com\/wp-content\/uploads\/2026\/01\/custom-ceramic-tea-pot-set-in-bulk11.webp 1570w, https:\/\/www.qingfaceramic.com\/wp-content\/uploads\/2026\/01\/custom-ceramic-tea-pot-set-in-bulk11-300x144.webp 300w, https:\/\/www.qingfaceramic.com\/wp-content\/uploads\/2026\/01\/custom-ceramic-tea-pot-set-in-bulk11-768x370.webp 768w, https:\/\/www.qingfaceramic.com\/wp-content\/uploads\/2026\/01\/custom-ceramic-tea-pot-set-in-bulk11-1200x578.webp 1200w, https:\/\/www.qingfaceramic.com\/wp-content\/uploads\/2026\/01\/custom-ceramic-tea-pot-set-in-bulk11-600x289.webp 600w\" sizes=\"(max-width: 1570px) 100vw, 1570px\" \/><\/figure>\n<\/div>\n\n\n\n<div class=\"wp-block-column is-layout-flow wp-block-column-is-layout-flow\">\n<figure class=\"wp-block-image size-full\"><img decoding=\"async\" width=\"750\" height=\"1146\" src=\"https:\/\/www.qingfaceramic.com\/wp-content\/uploads\/2026\/01\/custom-ceramic-tea-pot-set-in-bulk8.webp\" alt=\"conjunto de bules de cer\u00e2mica personalizados a granel8\" class=\"wp-image-673\" srcset=\"https:\/\/www.qingfaceramic.com\/wp-content\/uploads\/2026\/01\/custom-ceramic-tea-pot-set-in-bulk8.webp 750w, https:\/\/www.qingfaceramic.com\/wp-content\/uploads\/2026\/01\/custom-ceramic-tea-pot-set-in-bulk8-196x300.webp 196w, https:\/\/www.qingfaceramic.com\/wp-content\/uploads\/2026\/01\/custom-ceramic-tea-pot-set-in-bulk8-600x917.webp 600w\" sizes=\"(max-width: 750px) 100vw, 750px\" \/><\/figure>\n<\/div>\n<\/div>\n\n\n\n<div class=\"wp-block-columns is-layout-flex wp-container-core-columns-is-layout-9d6595d7 wp-block-columns-is-layout-flex\">\n<div class=\"wp-block-column is-layout-flow wp-block-column-is-layout-flow\"><\/div>\n\n\n\n<div class=\"wp-block-column is-layout-flow wp-block-column-is-layout-flow\"><\/div>\n\n\n\n<div class=\"wp-block-column is-layout-flow wp-block-column-is-layout-flow\"><\/div>\n<\/div>\n\n\n\n<div class=\"wp-block-columns is-layout-flex wp-container-core-columns-is-layout-9d6595d7 wp-block-columns-is-layout-flex\">\n<div class=\"wp-block-column is-layout-flow wp-block-column-is-layout-flow\"><\/div>\n\n\n\n<div class=\"wp-block-column is-layout-flow wp-block-column-is-layout-flow\"><\/div>\n<\/div>","protected":false},"excerpt":{"rendered":"<p data-start=\"441\" data-end=\"787\">O nosso conjunto de ch\u00e1 em cer\u00e2mica personalizado a granel apresenta um conjunto de canecas de ch\u00e1 e caf\u00e9 de design retro feito \u00e0 m\u00e3o de alta qualidade, fabricado em cer\u00e2mica vidrada dur\u00e1vel e ideal para caf\u00e9s, hot\u00e9is e retalho. Com personaliza\u00e7\u00e3o flex\u00edvel OEM\/ODM para log\u00f3tipo e esmalte, \u00e9 perfeito para encomendas de artigos para beber a granel.<\/p>\n<h2>Conjunto de bules de ch\u00e1 em cer\u00e2mica personalizados a granel Par\u00e2metro<\/h2>\n<table>\n<thead>\n<tr>\n<th>Fabricante<\/th>\n<th>Cer\u00e2mica Qingfa<\/th>\n<\/tr>\n<\/thead>\n<tbody>\n<tr>\n<td>Nome do produto<\/td>\n<td>Conjunto de canecas de ch\u00e1 e caf\u00e9 retro feitas \u00e0 m\u00e3o de alta qualidade \/ Conjunto de bules de ch\u00e1 em cer\u00e2mica personalizados a granel<\/td>\n<\/tr>\n<tr>\n<td>Material<\/td>\n<td>Cer\u00e2mica vidrada de alta qualidade<\/td>\n<\/tr>\n<tr>\n<td>Capacidade<\/td>\n<td>Aprox. 250-350 ml por caneca (personaliz\u00e1vel)<\/td>\n<\/tr>\n<tr>\n<td>Design \/ Estilo<\/td>\n<td>Est\u00e9tica retro vintage feita \u00e0 m\u00e3o<\/td>\n<\/tr>\n<tr>\n<td>Acabamento da superf\u00edcie<\/td>\n<td>Cer\u00e2mica lisa vidrada, segura para alimentos<\/td>\n<\/tr>\n<tr>\n<td>Op\u00e7\u00f5es de cores<\/td>\n<td>Cores e padr\u00f5es de esmalte personalizados dispon\u00edveis<\/td>\n<\/tr>\n<tr>\n<td>Pega<\/td>\n<td>Pega ergon\u00f3mica para maior conforto<\/td>\n<\/tr>\n<tr>\n<td>Personaliza\u00e7\u00e3o<\/td>\n<td>Impress\u00e3o de log\u00f3tipo, arte decalque, padr\u00e3o de esmalte, embalagem, OEM\/ODM<\/td>\n<\/tr>\n<tr>\n<td>Utiliza\u00e7\u00e3o<\/td>\n<td>Caf\u00e9, ch\u00e1 e bebidas quentes para caf\u00e9s, hot\u00e9is, restaurantes e retalho<\/td>\n<\/tr>\n<tr>\n<td>Certifica\u00e7\u00f5es<\/td>\n<td>FDA, LFGB, ISO (dependendo da personaliza\u00e7\u00e3o)<\/td>\n<\/tr>\n<\/tbody>\n<\/table>\n<p>&nbsp;<\/p>\n<p>&nbsp;<\/p>","protected":false},"featured_media":670,"comment_status":"closed","ping_status":"closed","template":"","meta":{"_acf_changed":false},"market":[],"product_brand":[],"product_cat":[16,26],"product_tag":[],"class_list":{"0":"post-694","1":"product","2":"type-product","3":"status-publish","4":"has-post-thumbnail","6":"product_cat-tea-and-coffee-sets-factory","7":"product_cat-custom-teapot-sets","9":"first","10":"instock","11":"shipping-taxable","12":"product-type-simple"},"acf":[],"_links":{"self":[{"href":"https:\/\/www.qingfaceramic.com\/pt\/wp-json\/wp\/v2\/product\/694","targetHints":{"allow":["GET"]}}],"collection":[{"href":"https:\/\/www.qingfaceramic.com\/pt\/wp-json\/wp\/v2\/product"}],"about":[{"href":"https:\/\/www.qingfaceramic.com\/pt\/wp-json\/wp\/v2\/types\/product"}],"replies":[{"embeddable":true,"href":"https:\/\/www.qingfaceramic.com\/pt\/wp-json\/wp\/v2\/comments?post=694"}],"wp:featuredmedia":[{"embeddable":true,"href":"https:\/\/www.qingfaceramic.com\/pt\/wp-json\/wp\/v2\/media\/670"}],"wp:attachment":[{"href":"https:\/\/www.qingfaceramic.com\/pt\/wp-json\/wp\/v2\/media?parent=694"}],"wp:term":[{"taxonomy":"market","embeddable":true,"href":"https:\/\/www.qingfaceramic.com\/pt\/wp-json\/wp\/v2\/market?post=694"},{"taxonomy":"product_brand","embeddable":true,"href":"https:\/\/www.qingfaceramic.com\/pt\/wp-json\/wp\/v2\/product_brand?post=694"},{"taxonomy":"product_cat","embeddable":true,"href":"https:\/\/www.qingfaceramic.com\/pt\/wp-json\/wp\/v2\/product_cat?post=694"},{"taxonomy":"product_tag","embeddable":true,"href":"https:\/\/www.qingfaceramic.com\/pt\/wp-json\/wp\/v2\/product_tag?post=694"}],"curies":[{"name":"wp","href":"https:\/\/api.w.org\/{rel}","templated":true}]}}