{"id":661,"date":"2026-01-14T07:40:46","date_gmt":"2026-01-14T07:40:46","guid":{"rendered":"https:\/\/www.qingfaceramic.com\/?post_type=product&#038;p=661"},"modified":"2026-01-31T02:52:48","modified_gmt":"2026-01-31T02:52:48","slug":"custom-white-ceramic-tea-pot-set","status":"publish","type":"product","link":"https:\/\/www.qingfaceramic.com\/pt\/produto\/custom-white-ceramic-tea-pot-set\/","title":{"rendered":"Conjunto de bule de ch\u00e1 em cer\u00e2mica branca personalizada Conjunto de ch\u00e1 e ch\u00e1vena em porcelana branca elegante por atacado"},"content":{"rendered":"<h2 class=\"wp-block-heading\">Carater\u00edsticas do Conjunto de bule de ch\u00e1 em cer\u00e2mica branca personalizada<\/h2>\n\n\n\n<div class=\"wp-block-columns is-layout-flex wp-container-core-columns-is-layout-9d6595d7 wp-block-columns-is-layout-flex\">\n<div class=\"wp-block-column is-layout-flow wp-block-column-is-layout-flow\">\n<ol class=\"wp-block-list\">\n<li><strong>Conjunto de bules de ch\u00e1 em cer\u00e2mica branca personalizada<\/strong> - Suporta a personaliza\u00e7\u00e3o completa OEM\/ODM, incluindo log\u00f3tipo, cores e embalagem para corresponder \u00e0s necessidades da sua marca.<\/li>\n\n\n\n<li><strong>Design elegante em porcelana branca<\/strong> - Estilo cl\u00e1ssico e minimalista de porcelana branca, adequado para servi\u00e7os de ch\u00e1 modernos e tradicionais.<\/li>\n\n\n\n<li><strong>Conjunto completo de bebidas<\/strong> - Inclui um bule de ch\u00e1 e ch\u00e1venas\/ch\u00e1venas complementares para uma experi\u00eancia de servi\u00e7o de ch\u00e1 coesa.<\/li>\n\n\n\n<li><strong>Constru\u00e7\u00e3o em cer\u00e2mica de alta qualidade<\/strong> - Fabricado em porcelana dur\u00e1vel e segura para alimentos, com esmalte suave para utiliza\u00e7\u00e3o di\u00e1ria em ambientes comerciais.<\/li>\n\n\n\n<li><strong>Cen\u00e1rios de utiliza\u00e7\u00e3o vers\u00e1teis<\/strong> - Perfeito para hot\u00e9is, caf\u00e9s, restaurantes e lojas de retalho, bem como para colec\u00e7\u00f5es promocionais e de presentes.<\/li>\n\n\n\n<li><strong>Disponibilidade por atacado e a granel<\/strong> - Concebidos para encomendas em massa com um controlo de qualidade consistente e processos de produ\u00e7\u00e3o eficientes.<\/li>\n<\/ol>\n<\/div>\n\n\n\n<div class=\"wp-block-column is-layout-flow wp-block-column-is-layout-flow\">\n<figure class=\"wp-block-image size-full\"><img decoding=\"async\" width=\"1600\" height=\"770\" src=\"https:\/\/www.qingfaceramic.com\/wp-content\/uploads\/2026\/01\/custom-white-ceramic-tea-pot-set6.webp\" alt=\"conjunto de bules de cer\u00e2mica branca personalizada2\" class=\"wp-image-665\" srcset=\"https:\/\/www.qingfaceramic.com\/wp-content\/uploads\/2026\/01\/custom-white-ceramic-tea-pot-set6.webp 1600w, https:\/\/www.qingfaceramic.com\/wp-content\/uploads\/2026\/01\/custom-white-ceramic-tea-pot-set6-300x144.webp 300w, https:\/\/www.qingfaceramic.com\/wp-content\/uploads\/2026\/01\/custom-white-ceramic-tea-pot-set6-768x370.webp 768w, https:\/\/www.qingfaceramic.com\/wp-content\/uploads\/2026\/01\/custom-white-ceramic-tea-pot-set6-1200x578.webp 1200w, https:\/\/www.qingfaceramic.com\/wp-content\/uploads\/2026\/01\/custom-white-ceramic-tea-pot-set6-600x289.webp 600w\" sizes=\"(max-width: 1600px) 100vw, 1600px\" \/><\/figure>\n<\/div>\n<\/div>\n\n\n\n<div class=\"wp-block-columns is-layout-flex wp-container-core-columns-is-layout-9d6595d7 wp-block-columns-is-layout-flex\">\n<div class=\"wp-block-column is-layout-flow wp-block-column-is-layout-flow\">\n<figure class=\"wp-block-image size-full\"><img decoding=\"async\" width=\"750\" height=\"624\" src=\"https:\/\/www.qingfaceramic.com\/wp-content\/uploads\/2026\/01\/custom-white-ceramic-tea-pot-set9.webp\" alt=\"conjunto de bules de cer\u00e2mica branca personalizados9\" class=\"wp-image-666\" srcset=\"https:\/\/www.qingfaceramic.com\/wp-content\/uploads\/2026\/01\/custom-white-ceramic-tea-pot-set9.webp 750w, https:\/\/www.qingfaceramic.com\/wp-content\/uploads\/2026\/01\/custom-white-ceramic-tea-pot-set9-300x250.webp 300w, https:\/\/www.qingfaceramic.com\/wp-content\/uploads\/2026\/01\/custom-white-ceramic-tea-pot-set9-600x499.webp 600w\" sizes=\"(max-width: 750px) 100vw, 750px\" \/><\/figure>\n<\/div>\n\n\n\n<div class=\"wp-block-column is-layout-flow wp-block-column-is-layout-flow\">\n<figure class=\"wp-block-image size-full\"><img decoding=\"async\" width=\"750\" height=\"828\" src=\"https:\/\/www.qingfaceramic.com\/wp-content\/uploads\/2026\/01\/custom-white-ceramic-tea-pot-set11.webp\" alt=\"conjunto de ch\u00e1venas de cer\u00e2mica branca personalizada11\" class=\"wp-image-668\" srcset=\"https:\/\/www.qingfaceramic.com\/wp-content\/uploads\/2026\/01\/custom-white-ceramic-tea-pot-set11.webp 750w, https:\/\/www.qingfaceramic.com\/wp-content\/uploads\/2026\/01\/custom-white-ceramic-tea-pot-set11-272x300.webp 272w, https:\/\/www.qingfaceramic.com\/wp-content\/uploads\/2026\/01\/custom-white-ceramic-tea-pot-set11-600x662.webp 600w\" sizes=\"(max-width: 750px) 100vw, 750px\" \/><\/figure>\n<\/div>\n\n\n\n<div class=\"wp-block-column is-layout-flow wp-block-column-is-layout-flow\">\n<figure class=\"wp-block-image size-full\"><img decoding=\"async\" width=\"750\" height=\"708\" src=\"https:\/\/www.qingfaceramic.com\/wp-content\/uploads\/2026\/01\/custom-white-ceramic-tea-pot-set10.webp\" alt=\"conjunto de bules de cer\u00e2mica branca personalizados9\" class=\"wp-image-667\" srcset=\"https:\/\/www.qingfaceramic.com\/wp-content\/uploads\/2026\/01\/custom-white-ceramic-tea-pot-set10.webp 750w, https:\/\/www.qingfaceramic.com\/wp-content\/uploads\/2026\/01\/custom-white-ceramic-tea-pot-set10-300x283.webp 300w, https:\/\/www.qingfaceramic.com\/wp-content\/uploads\/2026\/01\/custom-white-ceramic-tea-pot-set10-600x566.webp 600w\" sizes=\"(max-width: 750px) 100vw, 750px\" \/><\/figure>\n<\/div>\n<\/div>\n\n\n\n<div class=\"wp-block-columns is-layout-flex wp-container-core-columns-is-layout-9d6595d7 wp-block-columns-is-layout-flex\">\n<div class=\"wp-block-column is-layout-flow wp-block-column-is-layout-flow\"><\/div>\n\n\n\n<div class=\"wp-block-column is-layout-flow wp-block-column-is-layout-flow\"><\/div>\n<\/div>","protected":false},"excerpt":{"rendered":"<p data-start=\"441\" data-end=\"787\">O nosso conjunto personalizado de bules de cer\u00e2mica branca combina porcelana branca elegante com um design pr\u00e1tico. Ideal para caf\u00e9s, hot\u00e9is, restaurantes e retalho, este conjunto suporta a personaliza\u00e7\u00e3o OEM\/ODM para log\u00f3tipos e embalagens, o que o torna perfeito para o servi\u00e7o de ch\u00e1 a granel e colec\u00e7\u00f5es de bebidas de marca.<\/p>\n<h2>Conjunto de bule de ch\u00e1 em cer\u00e2mica branca personalizada Par\u00e2metro<\/h2>\n<table>\n<thead>\n<tr>\n<th>Fabricante<\/th>\n<th>Cer\u00e2mica Qingfa<\/th>\n<\/tr>\n<\/thead>\n<tbody>\n<tr>\n<td>Nome do produto<\/td>\n<td>Conjunto de bules de ch\u00e1 em porcelana branca elegante \/ Conjunto de bules de ch\u00e1 em cer\u00e2mica branca personalizada<\/td>\n<\/tr>\n<tr>\n<td>Material<\/td>\n<td>Cer\u00e2mica de alta qualidade \/ porcelana branca<\/td>\n<\/tr>\n<tr>\n<td>Componentes<\/td>\n<td>Bule de ch\u00e1 + ch\u00e1venas e pires a condizer (configura\u00e7\u00e3o do conjunto)<\/td>\n<\/tr>\n<tr>\n<td>Design \/ Estilo<\/td>\n<td>Servi\u00e7o de ch\u00e1 cl\u00e1ssico em porcelana branca com acabamento elegante<\/td>\n<\/tr>\n<tr>\n<td>Acabamento da superf\u00edcie<\/td>\n<td>Cer\u00e2mica lisa vidrada, segura para alimentos<\/td>\n<\/tr>\n<tr>\n<td>Cor<\/td>\n<td>Branco puro (op\u00e7\u00f5es de acentua\u00e7\u00e3o personalizadas dispon\u00edveis)<\/td>\n<\/tr>\n<tr>\n<td>Capacidade<\/td>\n<td>Capacidades de ch\u00e1venas e bules personalizados dispon\u00edveis<\/td>\n<\/tr>\n<tr>\n<td>Personaliza\u00e7\u00e3o<\/td>\n<td>Impress\u00e3o de log\u00f3tipos, arte de decalques, embalagens, OEM\/ODM<\/td>\n<\/tr>\n<tr>\n<td>Utiliza\u00e7\u00e3o<\/td>\n<td>Servi\u00e7o de ch\u00e1 e bebidas para caf\u00e9s, restaurantes, hot\u00e9is, retalho<\/td>\n<\/tr>\n<tr>\n<td>Certifica\u00e7\u00f5es<\/td>\n<td>FDA, LFGB, ISO (dependendo da personaliza\u00e7\u00e3o)<\/td>\n<\/tr>\n<\/tbody>\n<\/table>\n<p>&nbsp;<\/p>\n<p>&nbsp;<\/p>","protected":false},"featured_media":662,"comment_status":"closed","ping_status":"closed","template":"","meta":{"_acf_changed":false},"market":[],"product_brand":[],"product_cat":[16,26],"product_tag":[],"class_list":{"0":"post-661","1":"product","2":"type-product","3":"status-publish","4":"has-post-thumbnail","6":"product_cat-tea-and-coffee-sets-factory","7":"product_cat-custom-teapot-sets","9":"first","10":"instock","11":"shipping-taxable","12":"product-type-simple"},"acf":[],"_links":{"self":[{"href":"https:\/\/www.qingfaceramic.com\/pt\/wp-json\/wp\/v2\/product\/661","targetHints":{"allow":["GET"]}}],"collection":[{"href":"https:\/\/www.qingfaceramic.com\/pt\/wp-json\/wp\/v2\/product"}],"about":[{"href":"https:\/\/www.qingfaceramic.com\/pt\/wp-json\/wp\/v2\/types\/product"}],"replies":[{"embeddable":true,"href":"https:\/\/www.qingfaceramic.com\/pt\/wp-json\/wp\/v2\/comments?post=661"}],"wp:featuredmedia":[{"embeddable":true,"href":"https:\/\/www.qingfaceramic.com\/pt\/wp-json\/wp\/v2\/media\/662"}],"wp:attachment":[{"href":"https:\/\/www.qingfaceramic.com\/pt\/wp-json\/wp\/v2\/media?parent=661"}],"wp:term":[{"taxonomy":"market","embeddable":true,"href":"https:\/\/www.qingfaceramic.com\/pt\/wp-json\/wp\/v2\/market?post=661"},{"taxonomy":"product_brand","embeddable":true,"href":"https:\/\/www.qingfaceramic.com\/pt\/wp-json\/wp\/v2\/product_brand?post=661"},{"taxonomy":"product_cat","embeddable":true,"href":"https:\/\/www.qingfaceramic.com\/pt\/wp-json\/wp\/v2\/product_cat?post=661"},{"taxonomy":"product_tag","embeddable":true,"href":"https:\/\/www.qingfaceramic.com\/pt\/wp-json\/wp\/v2\/product_tag?post=661"}],"curies":[{"name":"wp","href":"https:\/\/api.w.org\/{rel}","templated":true}]}}