{"id":652,"date":"2026-01-14T07:28:22","date_gmt":"2026-01-14T07:28:22","guid":{"rendered":"https:\/\/www.qingfaceramic.com\/?post_type=product&#038;p=652"},"modified":"2026-01-31T02:50:58","modified_gmt":"2026-01-31T02:50:58","slug":"customized-dinnerware-modern-middle-eastern","status":"publish","type":"product","link":"https:\/\/www.qingfaceramic.com\/pt\/produto\/customized-dinnerware-modern-middle-eastern\/","title":{"rendered":"Servi\u00e7o de jantar personalizado Conjunto de lou\u00e7a de cer\u00e2mica minimalista moderno do M\u00e9dio Oriente"},"content":{"rendered":"<h2 class=\"wp-block-heading\">Carater\u00edsticas da loi\u00e7a personalizada<\/h2>\n\n\n\n<div class=\"wp-block-columns is-layout-flex wp-container-core-columns-is-layout-9d6595d7 wp-block-columns-is-layout-flex\">\n<div class=\"wp-block-column is-layout-flow wp-block-column-is-layout-flow\">\n<ol class=\"wp-block-list\">\n<li><strong>Servi\u00e7o de jantar personaliz\u00e1vel<\/strong> - Suporte total para impress\u00e3o e design OEM\/ODM, incluindo log\u00f3tipos, cores e padr\u00f5es para corresponder \u00e0 sua marca ou tema de restaurante.<\/li>\n\n\n\n<li><strong>Design minimalista moderno do M\u00e9dio Oriente<\/strong> - Est\u00e9tica minimalista elegante com estilos subtis de cores envidra\u00e7adas que complementam os ambientes de jantar contempor\u00e2neos.<\/li>\n\n\n\n<li><strong>Constru\u00e7\u00e3o em cer\u00e2mica de alta qualidade<\/strong> - Fabricado com materiais cer\u00e2micos duradouros que suportam a utiliza\u00e7\u00e3o di\u00e1ria em ambientes comerciais movimentados.<\/li>\n\n\n\n<li><strong>Pe\u00e7as de mesa vers\u00e1teis<\/strong> - Inclui pratos e ta\u00e7as adequados para aperitivos, pratos principais, sobremesas e pratos partilhados.<\/li>\n\n\n\n<li><strong>Fornecimento por grosso e a granel<\/strong> - Concebido para grandes encomendas com qualidade consistente e produ\u00e7\u00e3o eficiente, perfeito para distribuidores e clientes de hotelaria.<\/li>\n\n\n\n<li><strong>Seguro para alimentos e de f\u00e1cil manuten\u00e7\u00e3o<\/strong> - Superf\u00edcie lisa e vidrada, segura para alimentos, f\u00e1cil de limpar e adequada para o servi\u00e7o di\u00e1rio de restaurantes, hot\u00e9is e caf\u00e9s.<\/li>\n<\/ol>\n<\/div>\n\n\n\n<div class=\"wp-block-column is-layout-flow wp-block-column-is-layout-flow\">\n<figure class=\"wp-block-image size-full\"><img decoding=\"async\" width=\"1538\" height=\"1080\" src=\"https:\/\/www.qingfaceramic.com\/wp-content\/uploads\/2026\/01\/customized-dinnerware11.webp\" alt=\"lou\u00e7a personalizada11\" class=\"wp-image-657\" srcset=\"https:\/\/www.qingfaceramic.com\/wp-content\/uploads\/2026\/01\/customized-dinnerware11.webp 1538w, https:\/\/www.qingfaceramic.com\/wp-content\/uploads\/2026\/01\/customized-dinnerware11-300x211.webp 300w, https:\/\/www.qingfaceramic.com\/wp-content\/uploads\/2026\/01\/customized-dinnerware11-768x539.webp 768w, https:\/\/www.qingfaceramic.com\/wp-content\/uploads\/2026\/01\/customized-dinnerware11-1200x843.webp 1200w, https:\/\/www.qingfaceramic.com\/wp-content\/uploads\/2026\/01\/customized-dinnerware11-600x421.webp 600w\" sizes=\"(max-width: 1538px) 100vw, 1538px\" \/><\/figure>\n<\/div>\n<\/div>\n\n\n\n<div class=\"wp-block-columns is-layout-flex wp-container-core-columns-is-layout-9d6595d7 wp-block-columns-is-layout-flex\">\n<div class=\"wp-block-column is-layout-flow wp-block-column-is-layout-flow\">\n<figure class=\"wp-block-image size-full\"><img decoding=\"async\" width=\"750\" height=\"899\" src=\"https:\/\/www.qingfaceramic.com\/wp-content\/uploads\/2026\/01\/customized-dinnerware13.webp\" alt=\"lou\u00e7a personalizada13\" class=\"wp-image-659\" srcset=\"https:\/\/www.qingfaceramic.com\/wp-content\/uploads\/2026\/01\/customized-dinnerware13.webp 750w, https:\/\/www.qingfaceramic.com\/wp-content\/uploads\/2026\/01\/customized-dinnerware13-250x300.webp 250w, https:\/\/www.qingfaceramic.com\/wp-content\/uploads\/2026\/01\/customized-dinnerware13-600x719.webp 600w\" sizes=\"(max-width: 750px) 100vw, 750px\" \/><\/figure>\n<\/div>\n\n\n\n<div class=\"wp-block-column is-layout-flow wp-block-column-is-layout-flow\">\n<figure class=\"wp-block-image size-full\"><img decoding=\"async\" width=\"750\" height=\"862\" src=\"https:\/\/www.qingfaceramic.com\/wp-content\/uploads\/2026\/01\/customized-dinnerware14.webp\" alt=\"loi\u00e7a personalizada14\" class=\"wp-image-660\" srcset=\"https:\/\/www.qingfaceramic.com\/wp-content\/uploads\/2026\/01\/customized-dinnerware14.webp 750w, https:\/\/www.qingfaceramic.com\/wp-content\/uploads\/2026\/01\/customized-dinnerware14-261x300.webp 261w, https:\/\/www.qingfaceramic.com\/wp-content\/uploads\/2026\/01\/customized-dinnerware14-600x690.webp 600w\" sizes=\"(max-width: 750px) 100vw, 750px\" \/><\/figure>\n<\/div>\n\n\n\n<div class=\"wp-block-column is-layout-flow wp-block-column-is-layout-flow\">\n<figure class=\"wp-block-image size-full\"><img decoding=\"async\" width=\"750\" height=\"1430\" src=\"https:\/\/www.qingfaceramic.com\/wp-content\/uploads\/2026\/01\/customized-dinnerware12.webp\" alt=\"lou\u00e7a personalizada12\" class=\"wp-image-658\" srcset=\"https:\/\/www.qingfaceramic.com\/wp-content\/uploads\/2026\/01\/customized-dinnerware12.webp 750w, https:\/\/www.qingfaceramic.com\/wp-content\/uploads\/2026\/01\/customized-dinnerware12-157x300.webp 157w, https:\/\/www.qingfaceramic.com\/wp-content\/uploads\/2026\/01\/customized-dinnerware12-600x1144.webp 600w\" sizes=\"(max-width: 750px) 100vw, 750px\" \/><\/figure>\n<\/div>\n<\/div>\n\n\n\n<div class=\"wp-block-columns is-layout-flex wp-container-core-columns-is-layout-9d6595d7 wp-block-columns-is-layout-flex\">\n<div class=\"wp-block-column is-layout-flow wp-block-column-is-layout-flow\"><\/div>\n\n\n\n<div class=\"wp-block-column is-layout-flow wp-block-column-is-layout-flow\"><\/div>\n<\/div>","protected":false},"excerpt":{"rendered":"<p data-start=\"441\" data-end=\"787\">Os nossos conjuntos de lou\u00e7a personalizados apresentam conjuntos de lou\u00e7a de cer\u00e2mica minimalistas e modernos do M\u00e9dio Oriente, fabricados em cer\u00e2mica de alta qualidade com elegantes acabamentos vidrados. Concebido para restaurantes e hot\u00e9is, este conjunto permite a personaliza\u00e7\u00e3o OEM\/ODM para padr\u00f5es, log\u00f3tipos e tamanhos, ideal para encomendas de hotelaria a granel.<\/p>\n<h2>Par\u00e2metro de lou\u00e7a personalizada<\/h2>\n<table>\n<thead>\n<tr>\n<th>Fabricante<\/th>\n<th>Cer\u00e2mica Qingfa<\/th>\n<\/tr>\n<\/thead>\n<tbody>\n<tr>\n<td>Nome do produto<\/td>\n<td>Conjunto de lou\u00e7a de cer\u00e2mica minimalista do M\u00e9dio Oriente moderno \/ Lou\u00e7a de jantar personalizada<\/td>\n<\/tr>\n<tr>\n<td>Material<\/td>\n<td>Cer\u00e2mica de alta qualidade<\/td>\n<\/tr>\n<tr>\n<td>O conjunto inclui<\/td>\n<td>Pratos e ta\u00e7as (configur\u00e1veis)<\/td>\n<\/tr>\n<tr>\n<td>Design \/ Estilo<\/td>\n<td>Minimalista moderno com influ\u00eancia do M\u00e9dio Oriente<\/td>\n<\/tr>\n<tr>\n<td>Acabamento da superf\u00edcie<\/td>\n<td>Cer\u00e2mica lisa vidrada, segura para alimentos<\/td>\n<\/tr>\n<tr>\n<td>Op\u00e7\u00f5es de cores<\/td>\n<td>Cores e padr\u00f5es de esmalte personalizados dispon\u00edveis<\/td>\n<\/tr>\n<tr>\n<td>Personaliza\u00e7\u00e3o<\/td>\n<td>Impress\u00e3o de log\u00f3tipos, arte de padr\u00f5es, tamanhos, embalagens, OEM\/ODM<\/td>\n<\/tr>\n<tr>\n<td>Utiliza\u00e7\u00e3o<\/td>\n<td>Restaurantes, hot\u00e9is, caf\u00e9s, catering e restaura\u00e7\u00e3o hospitalar<\/td>\n<\/tr>\n<tr>\n<td>Certifica\u00e7\u00f5es<\/td>\n<td>FDA, LFGB, ISO (dependendo da personaliza\u00e7\u00e3o)<\/td>\n<\/tr>\n<\/tbody>\n<\/table>\n<p>&nbsp;<\/p>","protected":false},"featured_media":654,"comment_status":"closed","ping_status":"closed","template":"","meta":{"_acf_changed":false},"market":[42],"product_brand":[],"product_cat":[19,35],"product_tag":[],"class_list":{"0":"post-652","1":"product","2":"type-product","3":"status-publish","4":"has-post-thumbnail","6":"market-middle-east-market","7":"product_cat-custom-dinnerware-manufacturer","8":"product_cat-custom-dinnerware-sets","10":"first","11":"instock","12":"shipping-taxable","13":"product-type-simple"},"acf":[],"_links":{"self":[{"href":"https:\/\/www.qingfaceramic.com\/pt\/wp-json\/wp\/v2\/product\/652","targetHints":{"allow":["GET"]}}],"collection":[{"href":"https:\/\/www.qingfaceramic.com\/pt\/wp-json\/wp\/v2\/product"}],"about":[{"href":"https:\/\/www.qingfaceramic.com\/pt\/wp-json\/wp\/v2\/types\/product"}],"replies":[{"embeddable":true,"href":"https:\/\/www.qingfaceramic.com\/pt\/wp-json\/wp\/v2\/comments?post=652"}],"wp:featuredmedia":[{"embeddable":true,"href":"https:\/\/www.qingfaceramic.com\/pt\/wp-json\/wp\/v2\/media\/654"}],"wp:attachment":[{"href":"https:\/\/www.qingfaceramic.com\/pt\/wp-json\/wp\/v2\/media?parent=652"}],"wp:term":[{"taxonomy":"market","embeddable":true,"href":"https:\/\/www.qingfaceramic.com\/pt\/wp-json\/wp\/v2\/market?post=652"},{"taxonomy":"product_brand","embeddable":true,"href":"https:\/\/www.qingfaceramic.com\/pt\/wp-json\/wp\/v2\/product_brand?post=652"},{"taxonomy":"product_cat","embeddable":true,"href":"https:\/\/www.qingfaceramic.com\/pt\/wp-json\/wp\/v2\/product_cat?post=652"},{"taxonomy":"product_tag","embeddable":true,"href":"https:\/\/www.qingfaceramic.com\/pt\/wp-json\/wp\/v2\/product_tag?post=652"}],"curies":[{"name":"wp","href":"https:\/\/api.w.org\/{rel}","templated":true}]}}