{"id":644,"date":"2026-01-14T07:17:41","date_gmt":"2026-01-14T07:17:41","guid":{"rendered":"https:\/\/www.qingfaceramic.com\/?post_type=product&#038;p=644"},"modified":"2026-01-31T02:49:16","modified_gmt":"2026-01-31T02:49:16","slug":"custom-restaurant-dinnerware-vintage-fluid-glazed","status":"publish","type":"product","link":"https:\/\/www.qingfaceramic.com\/pt\/produto\/custom-restaurant-dinnerware-vintage-fluid-glazed\/","title":{"rendered":"Servi\u00e7o de jantar personalizado para restaurantes Servi\u00e7o de mesa em cer\u00e2mica fluida vidrada vintage"},"content":{"rendered":"<h2 class=\"wp-block-heading\">Carater\u00edsticas da loi\u00e7a personalizada para restaurantes<\/h2>\n\n\n\n<div class=\"wp-block-columns is-layout-flex wp-container-core-columns-is-layout-9d6595d7 wp-block-columns-is-layout-flex\">\n<div class=\"wp-block-column is-layout-flow wp-block-column-is-layout-flow\">\n<ol class=\"wp-block-list\">\n<li><strong>Servi\u00e7o de jantar personalizado para restaurantes<\/strong> - Suporta totalmente tamanhos, cores, log\u00f3tipos e padr\u00f5es personalizados, ideal para experi\u00eancias gastron\u00f3micas de marca e encomendas de hospitalidade em massa.<\/li>\n\n\n\n<li><strong>Vintage Fluid Glazed Design<\/strong> - O acabamento art\u00edstico com esmalte fluido confere a cada prato uma textura visual \u00fanica e um toque de qualidade superior, melhorando a apresenta\u00e7\u00e3o na mesa.<\/li>\n\n\n\n<li><strong>Constru\u00e7\u00e3o em cer\u00e2mica de alta qualidade<\/strong> - O material dur\u00e1vel com um esmalte suave e seguro para alimentos garante um desempenho duradouro em ambientes de restaura\u00e7\u00e3o comerciais.<\/li>\n\n\n\n<li><strong>Op\u00e7\u00f5es vers\u00e1teis de utens\u00edlios de mesa<\/strong> - Dispon\u00edvel em v\u00e1rios tamanhos e formas para apoiar refei\u00e7\u00f5es, aperitivos, sobremesas e pratos partilhados para restaurantes e hot\u00e9is.<\/li>\n\n\n\n<li><strong>Fornecimento grossista a granel<\/strong> - Concebida para encomendas em grande escala com qualidade e produtividade consistentes, perfeita para distribuidores e fornecedores de hotelaria.<\/li>\n\n\n\n<li><strong>Manuten\u00e7\u00e3o e cuidados f\u00e1ceis<\/strong> - A superf\u00edcie lisa do esmalte \u00e9 segura para os alimentos, f\u00e1cil de limpar e adequada para utiliza\u00e7\u00e3o di\u00e1ria em cozinhas profissionais.<\/li>\n<\/ol>\n\n\n\n<figure class=\"wp-block-image size-full\"><img decoding=\"async\" width=\"1582\" height=\"734\" src=\"https:\/\/www.qingfaceramic.com\/wp-content\/uploads\/2026\/01\/custom-restaurant-dinnerware7.webp\" alt=\"loi\u00e7a de restaurante personalizada7\" class=\"wp-image-650\" srcset=\"https:\/\/www.qingfaceramic.com\/wp-content\/uploads\/2026\/01\/custom-restaurant-dinnerware7.webp 1582w, https:\/\/www.qingfaceramic.com\/wp-content\/uploads\/2026\/01\/custom-restaurant-dinnerware7-300x139.webp 300w, https:\/\/www.qingfaceramic.com\/wp-content\/uploads\/2026\/01\/custom-restaurant-dinnerware7-768x356.webp 768w, https:\/\/www.qingfaceramic.com\/wp-content\/uploads\/2026\/01\/custom-restaurant-dinnerware7-1200x557.webp 1200w, https:\/\/www.qingfaceramic.com\/wp-content\/uploads\/2026\/01\/custom-restaurant-dinnerware7-600x278.webp 600w\" sizes=\"(max-width: 1582px) 100vw, 1582px\" \/><\/figure>\n<\/div>\n\n\n\n<div class=\"wp-block-column is-layout-flow wp-block-column-is-layout-flow\">\n<figure class=\"wp-block-image size-full\"><img decoding=\"async\" width=\"980\" height=\"980\" src=\"https:\/\/www.qingfaceramic.com\/wp-content\/uploads\/2026\/01\/custom-restaurant-dinnerware2.webp\" alt=\"loi\u00e7a de restaurante personalizada2\" class=\"wp-image-646\" srcset=\"https:\/\/www.qingfaceramic.com\/wp-content\/uploads\/2026\/01\/custom-restaurant-dinnerware2.webp 980w, https:\/\/www.qingfaceramic.com\/wp-content\/uploads\/2026\/01\/custom-restaurant-dinnerware2-300x300.webp 300w, https:\/\/www.qingfaceramic.com\/wp-content\/uploads\/2026\/01\/custom-restaurant-dinnerware2-150x150.webp 150w, https:\/\/www.qingfaceramic.com\/wp-content\/uploads\/2026\/01\/custom-restaurant-dinnerware2-768x768.webp 768w, https:\/\/www.qingfaceramic.com\/wp-content\/uploads\/2026\/01\/custom-restaurant-dinnerware2-600x600.webp 600w, https:\/\/www.qingfaceramic.com\/wp-content\/uploads\/2026\/01\/custom-restaurant-dinnerware2-100x100.webp 100w\" sizes=\"(max-width: 980px) 100vw, 980px\" \/><\/figure>\n\n\n\n<figure class=\"wp-block-image size-full\"><img decoding=\"async\" width=\"750\" height=\"1425\" src=\"https:\/\/www.qingfaceramic.com\/wp-content\/uploads\/2026\/01\/custom-restaurant-dinnerware9.webp\" alt=\"loi\u00e7a de restaurante personalizada9\" class=\"wp-image-651\" srcset=\"https:\/\/www.qingfaceramic.com\/wp-content\/uploads\/2026\/01\/custom-restaurant-dinnerware9.webp 750w, https:\/\/www.qingfaceramic.com\/wp-content\/uploads\/2026\/01\/custom-restaurant-dinnerware9-158x300.webp 158w, https:\/\/www.qingfaceramic.com\/wp-content\/uploads\/2026\/01\/custom-restaurant-dinnerware9-600x1140.webp 600w\" sizes=\"(max-width: 750px) 100vw, 750px\" \/><\/figure>\n<\/div>\n<\/div>\n\n\n\n<div class=\"wp-block-columns is-layout-flex wp-container-core-columns-is-layout-9d6595d7 wp-block-columns-is-layout-flex\">\n<div class=\"wp-block-column is-layout-flow wp-block-column-is-layout-flow\"><\/div>\n\n\n\n<div class=\"wp-block-column is-layout-flow wp-block-column-is-layout-flow\"><\/div>\n<\/div>","protected":false},"excerpt":{"rendered":"<p data-start=\"441\" data-end=\"787\">A nossa loi\u00e7a personalizada para restaurantes inclui pratos de cer\u00e2mica vidrada com fluido vintage em tamanhos personalizados, concebidos para restaurantes, hot\u00e9is e caf\u00e9s. Dur\u00e1veis, seguros para alimentos e totalmente personaliz\u00e1veis para utiliza\u00e7\u00e3o em hotelaria a granel.<\/p>\n<h2>Par\u00e2metro de lou\u00e7a de restaurante personalizada<\/h2>\n<table>\n<thead>\n<tr>\n<th>Fabricante<\/th>\n<th>Cer\u00e2mica Qingfa<\/th>\n<\/tr>\n<\/thead>\n<tbody>\n<tr>\n<td>Nome do produto<\/td>\n<td>Pratos e loi\u00e7a de cer\u00e2mica fluida vintage \/ Servi\u00e7o de jantar personalizado para restaurantes<\/td>\n<\/tr>\n<tr>\n<td>Material<\/td>\n<td>Cer\u00e2mica de alta qualidade \/<\/td>\n<\/tr>\n<tr>\n<td>Esmalte<\/td>\n<td>Acabamento com esmalte reativo fluido<\/td>\n<\/tr>\n<tr>\n<td>Tamanhos<\/td>\n<td>Tamanhos personalizados dispon\u00edveis<\/td>\n<\/tr>\n<tr>\n<td>Forma<\/td>\n<td>Desenhos de pratos redondos e planos<\/td>\n<\/tr>\n<tr>\n<td>Acabamento da superf\u00edcie<\/td>\n<td>Superf\u00edcie vidrada lisa e segura para alimentos<\/td>\n<\/tr>\n<tr>\n<td>Op\u00e7\u00f5es de cores<\/td>\n<td>Op\u00e7\u00f5es de cores de esmalte personalizadas dispon\u00edveis<\/td>\n<\/tr>\n<tr>\n<td>Personaliza\u00e7\u00e3o<\/td>\n<td>Tamanho, log\u00f3tipo, padr\u00e3o, embalagem, OEM\/ODM<\/td>\n<\/tr>\n<tr>\n<td>Utiliza\u00e7\u00e3o<\/td>\n<td>Restaurantes, hot\u00e9is, caf\u00e9s, banquetes, catering a granel<\/td>\n<\/tr>\n<tr>\n<td>Certifica\u00e7\u00f5es<\/td>\n<td>FDA, LFGB, ISO (dependendo da personaliza\u00e7\u00e3o)<\/td>\n<\/tr>\n<\/tbody>\n<\/table>\n<p>&nbsp;<\/p>","protected":false},"featured_media":649,"comment_status":"closed","ping_status":"closed","template":"","meta":{"_acf_changed":false},"market":[43],"product_brand":[],"product_cat":[19,35],"product_tag":[],"class_list":{"0":"post-644","1":"product","2":"type-product","3":"status-publish","4":"has-post-thumbnail","6":"market-uk","7":"product_cat-custom-dinnerware-manufacturer","8":"product_cat-custom-dinnerware-sets","10":"first","11":"instock","12":"shipping-taxable","13":"product-type-simple"},"acf":[],"_links":{"self":[{"href":"https:\/\/www.qingfaceramic.com\/pt\/wp-json\/wp\/v2\/product\/644","targetHints":{"allow":["GET"]}}],"collection":[{"href":"https:\/\/www.qingfaceramic.com\/pt\/wp-json\/wp\/v2\/product"}],"about":[{"href":"https:\/\/www.qingfaceramic.com\/pt\/wp-json\/wp\/v2\/types\/product"}],"replies":[{"embeddable":true,"href":"https:\/\/www.qingfaceramic.com\/pt\/wp-json\/wp\/v2\/comments?post=644"}],"wp:featuredmedia":[{"embeddable":true,"href":"https:\/\/www.qingfaceramic.com\/pt\/wp-json\/wp\/v2\/media\/649"}],"wp:attachment":[{"href":"https:\/\/www.qingfaceramic.com\/pt\/wp-json\/wp\/v2\/media?parent=644"}],"wp:term":[{"taxonomy":"market","embeddable":true,"href":"https:\/\/www.qingfaceramic.com\/pt\/wp-json\/wp\/v2\/market?post=644"},{"taxonomy":"product_brand","embeddable":true,"href":"https:\/\/www.qingfaceramic.com\/pt\/wp-json\/wp\/v2\/product_brand?post=644"},{"taxonomy":"product_cat","embeddable":true,"href":"https:\/\/www.qingfaceramic.com\/pt\/wp-json\/wp\/v2\/product_cat?post=644"},{"taxonomy":"product_tag","embeddable":true,"href":"https:\/\/www.qingfaceramic.com\/pt\/wp-json\/wp\/v2\/product_tag?post=644"}],"curies":[{"name":"wp","href":"https:\/\/api.w.org\/{rel}","templated":true}]}}