{"id":613,"date":"2026-01-14T02:10:35","date_gmt":"2026-01-14T02:10:35","guid":{"rendered":"https:\/\/www.qingfaceramic.com\/?post_type=product&#038;p=613"},"modified":"2026-01-31T02:37:44","modified_gmt":"2026-01-31T02:37:44","slug":"custom-coffee-mug-sets-arabic-handmade-ceramic","status":"publish","type":"product","link":"https:\/\/www.qingfaceramic.com\/pt\/produto\/custom-coffee-mug-sets-arabic-handmade-ceramic\/","title":{"rendered":"Conjuntos de canecas de caf\u00e9 personalizadas Conjunto de ch\u00e1venas de caf\u00e9 expresso em cer\u00e2mica \u00e1rabe feito \u00e0 m\u00e3o"},"content":{"rendered":"<h2 class=\"wp-block-heading\">Carater\u00edsticas dos conjuntos de canecas de caf\u00e9 personalizadas<\/h2>\n\n\n\n<div class=\"wp-block-columns is-layout-flex wp-container-core-columns-is-layout-9d6595d7 wp-block-columns-is-layout-flex\">\n<div class=\"wp-block-column is-layout-flow wp-block-column-is-layout-flow\">\n<ol class=\"wp-block-list\">\n<li><strong>Design \u00e1rabe aut\u00eantico feito \u00e0 m\u00e3o<\/strong> - Cada conjunto de ch\u00e1venas apresenta um design tradicional do M\u00e9dio Oriente com charme artesanal, ideal para mercados culturalmente ricos e colec\u00e7\u00f5es premium.<\/li>\n\n\n\n<li><strong>Conjuntos de canecas de caf\u00e9 personalizadas<\/strong> - O suporte para a impress\u00e3o de log\u00f3tipos personalizados e de padr\u00f5es art\u00edsticos garante oportunidades \u00fanicas de cria\u00e7\u00e3o de marcas para clientes grossistas e empresariais.<\/li>\n\n\n\n<li><strong>Constru\u00e7\u00e3o em cer\u00e2mica de alta qualidade<\/strong> - Fabricado a partir de materiais cer\u00e2micos de qualidade que s\u00e3o seguros para os alimentos e dur\u00e1veis para utiliza\u00e7\u00e3o di\u00e1ria em caf\u00e9s e estabelecimentos de hotelaria.<\/li>\n\n\n\n<li><strong>Utiliza\u00e7\u00e3o vers\u00e1til<\/strong> - Perfeito para servir caf\u00e9 expresso, caf\u00e9 \u00e1rabe, ch\u00e1 ou outras bebidas em hot\u00e9is, restaurantes e eventos culturais.<\/li>\n\n\n\n<li><strong>Capacidade OEM\/ODM<\/strong> - Op\u00e7\u00f5es flex\u00edveis de personaliza\u00e7\u00e3o, incluindo impress\u00e3o, cor e embalagem adaptadas aos requisitos da sua marca.<\/li>\n\n\n\n<li><strong>Ideal para encomendas a granel<\/strong> - Concebido para a distribui\u00e7\u00e3o por grosso e encomendas em grande escala, garantindo uma qualidade e um fornecimento consistentes para retalhistas e importadores.<\/li>\n<\/ol>\n\n\n\n<figure class=\"wp-block-image size-full\"><img decoding=\"async\" width=\"1230\" height=\"842\" src=\"https:\/\/www.qingfaceramic.com\/wp-content\/uploads\/2026\/01\/Custom-Coffee-Mug-Sets8.webp\" alt=\"conjuntos de canecas de caf\u00e9 personalizadas6\" class=\"wp-image-618\" srcset=\"https:\/\/www.qingfaceramic.com\/wp-content\/uploads\/2026\/01\/Custom-Coffee-Mug-Sets8.webp 1230w, https:\/\/www.qingfaceramic.com\/wp-content\/uploads\/2026\/01\/Custom-Coffee-Mug-Sets8-300x205.webp 300w, https:\/\/www.qingfaceramic.com\/wp-content\/uploads\/2026\/01\/Custom-Coffee-Mug-Sets8-768x526.webp 768w, https:\/\/www.qingfaceramic.com\/wp-content\/uploads\/2026\/01\/Custom-Coffee-Mug-Sets8-1200x821.webp 1200w, https:\/\/www.qingfaceramic.com\/wp-content\/uploads\/2026\/01\/Custom-Coffee-Mug-Sets8-600x411.webp 600w\" sizes=\"(max-width: 1230px) 100vw, 1230px\" \/><\/figure>\n<\/div>\n\n\n\n<div class=\"wp-block-column is-layout-flow wp-block-column-is-layout-flow\">\n<figure class=\"wp-block-image size-full\"><img decoding=\"async\" width=\"1358\" height=\"1480\" src=\"https:\/\/www.qingfaceramic.com\/wp-content\/uploads\/2026\/01\/custom-coffee-mug-sets6.webp\" alt=\"conjuntos de canecas de caf\u00e9 personalizadas6\" class=\"wp-image-617\" srcset=\"https:\/\/www.qingfaceramic.com\/wp-content\/uploads\/2026\/01\/custom-coffee-mug-sets6.webp 1358w, https:\/\/www.qingfaceramic.com\/wp-content\/uploads\/2026\/01\/custom-coffee-mug-sets6-275x300.webp 275w, https:\/\/www.qingfaceramic.com\/wp-content\/uploads\/2026\/01\/custom-coffee-mug-sets6-768x837.webp 768w, https:\/\/www.qingfaceramic.com\/wp-content\/uploads\/2026\/01\/custom-coffee-mug-sets6-1200x1308.webp 1200w, https:\/\/www.qingfaceramic.com\/wp-content\/uploads\/2026\/01\/custom-coffee-mug-sets6-600x654.webp 600w\" sizes=\"(max-width: 1358px) 100vw, 1358px\" \/><\/figure>\n\n\n\n<figure class=\"wp-block-image size-full\"><img decoding=\"async\" width=\"750\" height=\"531\" src=\"https:\/\/www.qingfaceramic.com\/wp-content\/uploads\/2026\/01\/custom-ceramic-coffee-mug6.webp\" alt=\"caneca de caf\u00e9 em cer\u00e2mica personalizada6\" class=\"wp-image-609\" srcset=\"https:\/\/www.qingfaceramic.com\/wp-content\/uploads\/2026\/01\/custom-ceramic-coffee-mug6.webp 750w, https:\/\/www.qingfaceramic.com\/wp-content\/uploads\/2026\/01\/custom-ceramic-coffee-mug6-300x212.webp 300w, https:\/\/www.qingfaceramic.com\/wp-content\/uploads\/2026\/01\/custom-ceramic-coffee-mug6-600x425.webp 600w\" sizes=\"(max-width: 750px) 100vw, 750px\" \/><\/figure>\n<\/div>\n<\/div>\n\n\n\n<div class=\"wp-block-columns is-layout-flex wp-container-core-columns-is-layout-9d6595d7 wp-block-columns-is-layout-flex\">\n<div class=\"wp-block-column is-layout-flow wp-block-column-is-layout-flow\">\n<figure class=\"wp-block-image size-full\"><img decoding=\"async\" width=\"750\" height=\"582\" src=\"https:\/\/www.qingfaceramic.com\/wp-content\/uploads\/2026\/01\/custom-ceramic-coffee-mug8.webp\" alt=\"caneca de caf\u00e9 em cer\u00e2mica personalizada8\" class=\"wp-image-611\" srcset=\"https:\/\/www.qingfaceramic.com\/wp-content\/uploads\/2026\/01\/custom-ceramic-coffee-mug8.webp 750w, https:\/\/www.qingfaceramic.com\/wp-content\/uploads\/2026\/01\/custom-ceramic-coffee-mug8-300x233.webp 300w, https:\/\/www.qingfaceramic.com\/wp-content\/uploads\/2026\/01\/custom-ceramic-coffee-mug8-600x466.webp 600w\" sizes=\"(max-width: 750px) 100vw, 750px\" \/><\/figure>\n<\/div>\n\n\n\n<div class=\"wp-block-column is-layout-flow wp-block-column-is-layout-flow\">\n<figure class=\"wp-block-image size-full\"><img decoding=\"async\" width=\"988\" height=\"988\" src=\"https:\/\/www.qingfaceramic.com\/wp-content\/uploads\/2026\/01\/Custom-Ceramic-Coffee-Mug1.webp\" alt=\"Caneca de caf\u00e9 de cer\u00e2mica personalizada1\" class=\"wp-image-608\" srcset=\"https:\/\/www.qingfaceramic.com\/wp-content\/uploads\/2026\/01\/Custom-Ceramic-Coffee-Mug1.webp 988w, https:\/\/www.qingfaceramic.com\/wp-content\/uploads\/2026\/01\/Custom-Ceramic-Coffee-Mug1-300x300.webp 300w, https:\/\/www.qingfaceramic.com\/wp-content\/uploads\/2026\/01\/Custom-Ceramic-Coffee-Mug1-150x150.webp 150w, https:\/\/www.qingfaceramic.com\/wp-content\/uploads\/2026\/01\/Custom-Ceramic-Coffee-Mug1-768x768.webp 768w, https:\/\/www.qingfaceramic.com\/wp-content\/uploads\/2026\/01\/Custom-Ceramic-Coffee-Mug1-600x600.webp 600w, https:\/\/www.qingfaceramic.com\/wp-content\/uploads\/2026\/01\/Custom-Ceramic-Coffee-Mug1-100x100.webp 100w\" sizes=\"(max-width: 988px) 100vw, 988px\" \/><\/figure>\n<\/div>\n<\/div>","protected":false},"excerpt":{"rendered":"<p>Eleve a sua oferta de bebidas com os nossos conjuntos de canecas de caf\u00e9 personalizadas, que incluem ch\u00e1venas de caf\u00e9 expresso em cer\u00e2mica \u00e1rabe feitas \u00e0 m\u00e3o com log\u00f3tipos impressos personaliz\u00e1veis. Fabricados com cer\u00e2mica de qualidade e elementos de design aut\u00eanticos do M\u00e9dio Oriente, estes conjuntos s\u00e3o perfeitos para caf\u00e9s, hot\u00e9is, lojas de recorda\u00e7\u00f5es e distribui\u00e7\u00e3o a retalho com suporte OEM\/ODM.<\/p>\n<h2>Conjuntos de canecas de caf\u00e9 personalizadas Par\u00e2metro<\/h2>\n<table>\n<thead>\n<tr>\n<th>Fabricante<\/th>\n<th>Cer\u00e2mica Qingfa<\/th>\n<\/tr>\n<\/thead>\n<tbody>\n<tr>\n<td>Nome do produto<\/td>\n<td>Conjunto de ch\u00e1venas de caf\u00e9 expresso em cer\u00e2mica \u00e1rabe feita \u00e0 m\u00e3o \/ Conjuntos de ch\u00e1venas de caf\u00e9 personalizadas<\/td>\n<\/tr>\n<tr>\n<td>Material<\/td>\n<td>Cer\u00e2mica de alta qualidade<\/td>\n<\/tr>\n<tr>\n<td>O conjunto inclui<\/td>\n<td>V\u00e1rias ch\u00e1venas de caf\u00e9 expresso (configura\u00e7\u00e3o personalizada)<\/td>\n<\/tr>\n<tr>\n<td>Design \/ Estilo<\/td>\n<td>Copos \u00e1rabes feitos \u00e0 m\u00e3o com impress\u00e3o\/log\u00f3tipo personalizado<\/td>\n<\/tr>\n<tr>\n<td>Acabamento da superf\u00edcie<\/td>\n<td>Cer\u00e2mica lisa vidrada, segura para alimentos<\/td>\n<\/tr>\n<tr>\n<td>Op\u00e7\u00f5es de cores<\/td>\n<td>Esmalte\/impress\u00e3o de cor personalizada dispon\u00edvel<\/td>\n<\/tr>\n<tr>\n<td>Personaliza\u00e7\u00e3o<\/td>\n<td>Impress\u00e3o de log\u00f3tipos, conce\u00e7\u00e3o de trabalhos art\u00edsticos, embalagem, OEM\/ODM<\/td>\n<\/tr>\n<tr>\n<td>Utiliza\u00e7\u00e3o<\/td>\n<td>Caf\u00e9 expresso, caf\u00e9 \u00e1rabe, ch\u00e1, bebidas para caf\u00e9s, hot\u00e9is, lojas de recorda\u00e7\u00f5es, retalho<\/td>\n<\/tr>\n<tr>\n<td>Certifica\u00e7\u00f5es<\/td>\n<td>FDA, LFGB, ISO (dependendo da personaliza\u00e7\u00e3o)<\/td>\n<\/tr>\n<\/tbody>\n<\/table>\n<p>&nbsp;<\/p>","protected":false},"featured_media":614,"comment_status":"closed","ping_status":"closed","template":"","meta":{"_acf_changed":false},"market":[42],"product_brand":[],"product_cat":[17,28],"product_tag":[],"class_list":{"0":"post-613","1":"product","2":"type-product","3":"status-publish","4":"has-post-thumbnail","6":"market-middle-east-market","7":"product_cat-custom-coffee-cups","8":"product_cat-custom-coffee-mugs","10":"first","11":"instock","12":"shipping-taxable","13":"product-type-simple"},"acf":[],"_links":{"self":[{"href":"https:\/\/www.qingfaceramic.com\/pt\/wp-json\/wp\/v2\/product\/613","targetHints":{"allow":["GET"]}}],"collection":[{"href":"https:\/\/www.qingfaceramic.com\/pt\/wp-json\/wp\/v2\/product"}],"about":[{"href":"https:\/\/www.qingfaceramic.com\/pt\/wp-json\/wp\/v2\/types\/product"}],"replies":[{"embeddable":true,"href":"https:\/\/www.qingfaceramic.com\/pt\/wp-json\/wp\/v2\/comments?post=613"}],"wp:featuredmedia":[{"embeddable":true,"href":"https:\/\/www.qingfaceramic.com\/pt\/wp-json\/wp\/v2\/media\/614"}],"wp:attachment":[{"href":"https:\/\/www.qingfaceramic.com\/pt\/wp-json\/wp\/v2\/media?parent=613"}],"wp:term":[{"taxonomy":"market","embeddable":true,"href":"https:\/\/www.qingfaceramic.com\/pt\/wp-json\/wp\/v2\/market?post=613"},{"taxonomy":"product_brand","embeddable":true,"href":"https:\/\/www.qingfaceramic.com\/pt\/wp-json\/wp\/v2\/product_brand?post=613"},{"taxonomy":"product_cat","embeddable":true,"href":"https:\/\/www.qingfaceramic.com\/pt\/wp-json\/wp\/v2\/product_cat?post=613"},{"taxonomy":"product_tag","embeddable":true,"href":"https:\/\/www.qingfaceramic.com\/pt\/wp-json\/wp\/v2\/product_tag?post=613"}],"curies":[{"name":"wp","href":"https:\/\/api.w.org\/{rel}","templated":true}]}}