{"id":594,"date":"2026-01-14T01:07:49","date_gmt":"2026-01-14T01:07:49","guid":{"rendered":"https:\/\/www.qingfaceramic.com\/?post_type=product&#038;p=594"},"modified":"2026-01-31T02:30:20","modified_gmt":"2026-01-31T02:30:20","slug":"customized-ceramic-mugs-in-bulk","status":"publish","type":"product","link":"https:\/\/www.qingfaceramic.com\/pt\/produto\/customized-ceramic-mugs-in-bulk\/","title":{"rendered":"Canecas de cer\u00e2mica personalizadas Caneca de caf\u00e9 europeia em forma de donut com salpicos de tinta a granel"},"content":{"rendered":"<h2 class=\"wp-block-heading\">Carater\u00edsticas das canecas de cer\u00e2mica personalizadas<\/h2>\n\n\n\n<div class=\"wp-block-columns is-layout-flex wp-container-core-columns-is-layout-9d6595d7 wp-block-columns-is-layout-flex\">\n<div class=\"wp-block-column is-layout-flow wp-block-column-is-layout-flow\">\n<ol class=\"wp-block-list\">\n<li><strong>Forma \u00fanica de donut europeu<\/strong> - Design apelativo inspirado na est\u00e9tica europeia que se destaca em ambientes de caf\u00e9s, hot\u00e9is e lojas.<\/li>\n\n\n\n<li><strong>Acabamento Splash Ink<\/strong> - O padr\u00e3o art\u00edstico de salpicos acrescenta um toque criativo a cada caneca, tornando-a perfeita para colec\u00e7\u00f5es de copos de estilo de vida.<\/li>\n\n\n\n<li><strong>Constru\u00e7\u00e3o em cer\u00e2mica de alta qualidade<\/strong> - Fabricado em material cer\u00e2mico de primeira qualidade para uma durabilidade duradoura e desempenho na utiliza\u00e7\u00e3o di\u00e1ria.<\/li>\n\n\n\n<li><strong>Pega confort\u00e1vel<\/strong> - O design ergon\u00f3mico da pega garante uma ader\u00eancia segura e confort\u00e1vel durante a utiliza\u00e7\u00e3o.<\/li>\n\n\n\n<li><strong>Op\u00e7\u00f5es personalizadas dispon\u00edveis<\/strong> - Suporta totalmente <strong>Personaliza\u00e7\u00e3o OEM\/ODM<\/strong>, incluindo log\u00f3tipos, decalques, cores de esmalte e embalagens para a identidade da marca.<\/li>\n\n\n\n<li><strong>Ideal para encomendas a granel<\/strong> - Concebida para fornecimento a granel a caf\u00e9s, empresas de hotelaria e distribuidores retalhistas que procuram artigos para beber distintos.<\/li>\n<\/ol>\n\n\n\n<figure class=\"wp-block-image size-full\"><img decoding=\"async\" width=\"854\" height=\"854\" src=\"https:\/\/www.qingfaceramic.com\/wp-content\/uploads\/2026\/01\/Customized-Ceramic-Mugs-European-Donut-Shape-Splash-Ink-Coffee-Mug-in-Bulk8.webp\" alt=\"Canecas de cer\u00e2mica personalizadas Caneca de caf\u00e9 em forma de donut europeu com salpicos de tinta a granel8\" class=\"wp-image-596\" srcset=\"https:\/\/www.qingfaceramic.com\/wp-content\/uploads\/2026\/01\/Customized-Ceramic-Mugs-European-Donut-Shape-Splash-Ink-Coffee-Mug-in-Bulk8.webp 854w, https:\/\/www.qingfaceramic.com\/wp-content\/uploads\/2026\/01\/Customized-Ceramic-Mugs-European-Donut-Shape-Splash-Ink-Coffee-Mug-in-Bulk8-300x300.webp 300w, https:\/\/www.qingfaceramic.com\/wp-content\/uploads\/2026\/01\/Customized-Ceramic-Mugs-European-Donut-Shape-Splash-Ink-Coffee-Mug-in-Bulk8-150x150.webp 150w, https:\/\/www.qingfaceramic.com\/wp-content\/uploads\/2026\/01\/Customized-Ceramic-Mugs-European-Donut-Shape-Splash-Ink-Coffee-Mug-in-Bulk8-768x768.webp 768w, https:\/\/www.qingfaceramic.com\/wp-content\/uploads\/2026\/01\/Customized-Ceramic-Mugs-European-Donut-Shape-Splash-Ink-Coffee-Mug-in-Bulk8-600x600.webp 600w, https:\/\/www.qingfaceramic.com\/wp-content\/uploads\/2026\/01\/Customized-Ceramic-Mugs-European-Donut-Shape-Splash-Ink-Coffee-Mug-in-Bulk8-100x100.webp 100w\" sizes=\"(max-width: 854px) 100vw, 854px\" \/><\/figure>\n<\/div>\n\n\n\n<div class=\"wp-block-column is-layout-flow wp-block-column-is-layout-flow\">\n<figure class=\"wp-block-image size-full\"><img decoding=\"async\" width=\"750\" height=\"1084\" src=\"https:\/\/www.qingfaceramic.com\/wp-content\/uploads\/2026\/01\/Customized-Ceramic-Mugs3.webp\" alt=\"Canecas de cer\u00e2mica personalizadas3\" class=\"wp-image-597\" srcset=\"https:\/\/www.qingfaceramic.com\/wp-content\/uploads\/2026\/01\/Customized-Ceramic-Mugs3.webp 750w, https:\/\/www.qingfaceramic.com\/wp-content\/uploads\/2026\/01\/Customized-Ceramic-Mugs3-208x300.webp 208w, https:\/\/www.qingfaceramic.com\/wp-content\/uploads\/2026\/01\/Customized-Ceramic-Mugs3-600x867.webp 600w\" sizes=\"(max-width: 750px) 100vw, 750px\" \/><\/figure>\n\n\n\n<figure class=\"wp-block-image size-full\"><img decoding=\"async\" width=\"746\" height=\"382\" src=\"https:\/\/www.qingfaceramic.com\/wp-content\/uploads\/2026\/01\/Customized-Ceramic-Mugs9.webp\" alt=\"Canecas de cer\u00e2mica personalizadas6\" class=\"wp-image-600\" srcset=\"https:\/\/www.qingfaceramic.com\/wp-content\/uploads\/2026\/01\/Customized-Ceramic-Mugs9.webp 746w, https:\/\/www.qingfaceramic.com\/wp-content\/uploads\/2026\/01\/Customized-Ceramic-Mugs9-300x154.webp 300w, https:\/\/www.qingfaceramic.com\/wp-content\/uploads\/2026\/01\/Customized-Ceramic-Mugs9-600x307.webp 600w\" sizes=\"(max-width: 746px) 100vw, 746px\" \/><\/figure>\n<\/div>\n<\/div>\n\n\n\n<div class=\"wp-block-columns is-layout-flex wp-container-core-columns-is-layout-9d6595d7 wp-block-columns-is-layout-flex\">\n<div class=\"wp-block-column is-layout-flow wp-block-column-is-layout-flow\">\n<figure class=\"wp-block-image size-full\"><img decoding=\"async\" width=\"750\" height=\"1694\" src=\"https:\/\/www.qingfaceramic.com\/wp-content\/uploads\/2026\/01\/Custom-Ceramic-Coffee-Mug-in-Bulk4.webp\" alt=\"Caneca de caf\u00e9 em cer\u00e2mica personalizada a granel4\" class=\"wp-image-591\" srcset=\"https:\/\/www.qingfaceramic.com\/wp-content\/uploads\/2026\/01\/Custom-Ceramic-Coffee-Mug-in-Bulk4.webp 750w, https:\/\/www.qingfaceramic.com\/wp-content\/uploads\/2026\/01\/Custom-Ceramic-Coffee-Mug-in-Bulk4-133x300.webp 133w, https:\/\/www.qingfaceramic.com\/wp-content\/uploads\/2026\/01\/Custom-Ceramic-Coffee-Mug-in-Bulk4-600x1355.webp 600w\" sizes=\"(max-width: 750px) 100vw, 750px\" \/><\/figure>\n<\/div>\n\n\n\n<div class=\"wp-block-column is-layout-flow wp-block-column-is-layout-flow\">\n<figure class=\"wp-block-image size-full\"><img decoding=\"async\" width=\"750\" height=\"1166\" src=\"https:\/\/www.qingfaceramic.com\/wp-content\/uploads\/2026\/01\/Custom-Ceramic-Coffee-Mug-in-Bulk5.webp\" alt=\"Caneca de caf\u00e9 em cer\u00e2mica personalizada a granel5\" class=\"wp-image-592\" srcset=\"https:\/\/www.qingfaceramic.com\/wp-content\/uploads\/2026\/01\/Custom-Ceramic-Coffee-Mug-in-Bulk5.webp 750w, https:\/\/www.qingfaceramic.com\/wp-content\/uploads\/2026\/01\/Custom-Ceramic-Coffee-Mug-in-Bulk5-193x300.webp 193w, https:\/\/www.qingfaceramic.com\/wp-content\/uploads\/2026\/01\/Custom-Ceramic-Coffee-Mug-in-Bulk5-600x933.webp 600w\" sizes=\"(max-width: 750px) 100vw, 750px\" \/><\/figure>\n<\/div>\n<\/div>","protected":false},"excerpt":{"rendered":"<p>Descubra as nossas canecas de cer\u00e2mica personalizadas que apresentam uma forma inspirada num donut europeu com detalhes em tinta salpicada. Fabricada em cer\u00e2mica de alta qualidade, esta caneca de caf\u00e9 combina o design art\u00edstico com a funcionalidade quotidiana, ideal para caf\u00e9s, hot\u00e9is, retalhistas e encomendas a granel de marcas com personaliza\u00e7\u00e3o OEM\/ODM.<\/p>\n<h2>Par\u00e2metro de canecas de cer\u00e2mica personalizadas<\/h2>\n<table style=\"border-collapse: collapse; width: 359.02pt;\" border=\"0\" width=\"359\" cellspacing=\"0\" cellpadding=\"0\">\n<tbody>\n<tr style=\"height: 17.75pt;\">\n<td class=\"et2\" style=\"height: 17.75pt; width: 139.95pt;\" width=\"139\" height=\"17\">Fabricante<\/td>\n<td class=\"et2\" style=\"width: 219.15pt;\" width=\"219\">Cer\u00e2mica Qingfa<\/td>\n<\/tr>\n<tr style=\"height: 32.00pt;\">\n<td class=\"et2\" style=\"height: 32.00pt; width: 139.95pt;\" width=\"139\" height=\"32\">Nome do produto<\/td>\n<td class=\"et2\" style=\"width: 219.15pt;\" width=\"219\">Caneca de caf\u00e9 de cer\u00e2mica em forma de donut \/ Caneca de cer\u00e2mica personalizada<\/td>\n<\/tr>\n<tr style=\"height: 32.00pt;\">\n<td class=\"et2\" style=\"height: 32.00pt; width: 139.95pt;\" width=\"139\" height=\"32\">Material<\/td>\n<td class=\"et2\" style=\"width: 219.15pt;\" width=\"219\">Cer\u00e2mica vidrada de alta qualidade<\/td>\n<\/tr>\n<tr style=\"height: 32.00pt;\">\n<td class=\"et2\" style=\"height: 32.00pt; width: 139.95pt;\" width=\"139\" height=\"32\">Capacidade<\/td>\n<td class=\"et2\" style=\"width: 219.15pt;\" width=\"219\">Aprox. 250 ml (personaliz\u00e1vel)<\/td>\n<\/tr>\n<tr style=\"height: 32.00pt;\">\n<td class=\"et2\" style=\"height: 32.00pt; width: 139.95pt;\" width=\"139\" height=\"32\">Desenho \/ Forma<\/td>\n<td class=\"et2\" style=\"width: 219.15pt;\" width=\"219\">Forma inspirada em donuts europeus com acabamento art\u00edstico em tinta salpicada<\/td>\n<\/tr>\n<tr style=\"height: 32.00pt;\">\n<td class=\"et2\" style=\"height: 32.00pt; width: 139.95pt;\" width=\"139\" height=\"32\">Acabamento da superf\u00edcie<\/td>\n<td class=\"et2\" style=\"width: 219.15pt;\" width=\"219\">Esmalte de tinta salpicada aplicado \u00e0 m\u00e3o, suave e seguro para alimentos<\/td>\n<\/tr>\n<tr style=\"height: 32.00pt;\">\n<td class=\"et2\" style=\"height: 32.00pt; width: 139.95pt;\" width=\"139\" height=\"32\">Op\u00e7\u00f5es de cores<\/td>\n<td class=\"et2\" style=\"width: 219.15pt;\" width=\"219\">Base branca com tinta salpicada, cores personalizadas dispon\u00edveis<\/td>\n<\/tr>\n<tr style=\"height: 32.00pt;\">\n<td class=\"et2\" style=\"height: 32.00pt; width: 139.95pt;\" width=\"139\" height=\"32\">Pega<\/td>\n<td class=\"et2\" style=\"width: 219.15pt;\" width=\"219\">Pega ergon\u00f3mica para uma ader\u00eancia confort\u00e1vel<\/td>\n<\/tr>\n<tr style=\"height: 32.00pt;\">\n<td class=\"et2\" style=\"height: 32.00pt; width: 139.95pt;\" width=\"139\" height=\"32\">Personaliza\u00e7\u00e3o<\/td>\n<td class=\"et2\" style=\"width: 219.15pt;\" width=\"219\">Impress\u00e3o do log\u00f3tipo, ajuste do padr\u00e3o, cor do esmalte, embalagem, OEM\/ODM<\/td>\n<\/tr>\n<tr style=\"height: 32.00pt;\">\n<td class=\"et2\" style=\"height: 32.00pt; width: 139.95pt;\" width=\"139\" height=\"32\">Utiliza\u00e7\u00e3o<\/td>\n<td class=\"et2\" style=\"width: 219.15pt;\" width=\"219\">Caf\u00e9, ch\u00e1 e bebidas para caf\u00e9s, hot\u00e9is, retalho e colec\u00e7\u00f5es de marcas<\/td>\n<\/tr>\n<tr style=\"height: 32.00pt;\">\n<td class=\"et2\" style=\"height: 32.00pt; width: 139.95pt;\" width=\"139\" height=\"32\">Certifica\u00e7\u00f5es<\/td>\n<td class=\"et2\" style=\"width: 219.15pt;\" width=\"219\">FDA, LFGB, ISO (dependendo da personaliza\u00e7\u00e3o)<\/td>\n<\/tr>\n<\/tbody>\n<\/table>\n<p>&nbsp;<\/p>","protected":false},"featured_media":598,"comment_status":"closed","ping_status":"closed","template":"","meta":{"_acf_changed":false},"market":[],"product_brand":[],"product_cat":[17,28],"product_tag":[],"class_list":{"0":"post-594","1":"product","2":"type-product","3":"status-publish","4":"has-post-thumbnail","6":"product_cat-custom-coffee-cups","7":"product_cat-custom-coffee-mugs","9":"first","10":"instock","11":"shipping-taxable","12":"product-type-simple"},"acf":[],"_links":{"self":[{"href":"https:\/\/www.qingfaceramic.com\/pt\/wp-json\/wp\/v2\/product\/594","targetHints":{"allow":["GET"]}}],"collection":[{"href":"https:\/\/www.qingfaceramic.com\/pt\/wp-json\/wp\/v2\/product"}],"about":[{"href":"https:\/\/www.qingfaceramic.com\/pt\/wp-json\/wp\/v2\/types\/product"}],"replies":[{"embeddable":true,"href":"https:\/\/www.qingfaceramic.com\/pt\/wp-json\/wp\/v2\/comments?post=594"}],"wp:featuredmedia":[{"embeddable":true,"href":"https:\/\/www.qingfaceramic.com\/pt\/wp-json\/wp\/v2\/media\/598"}],"wp:attachment":[{"href":"https:\/\/www.qingfaceramic.com\/pt\/wp-json\/wp\/v2\/media?parent=594"}],"wp:term":[{"taxonomy":"market","embeddable":true,"href":"https:\/\/www.qingfaceramic.com\/pt\/wp-json\/wp\/v2\/market?post=594"},{"taxonomy":"product_brand","embeddable":true,"href":"https:\/\/www.qingfaceramic.com\/pt\/wp-json\/wp\/v2\/product_brand?post=594"},{"taxonomy":"product_cat","embeddable":true,"href":"https:\/\/www.qingfaceramic.com\/pt\/wp-json\/wp\/v2\/product_cat?post=594"},{"taxonomy":"product_tag","embeddable":true,"href":"https:\/\/www.qingfaceramic.com\/pt\/wp-json\/wp\/v2\/product_tag?post=594"}],"curies":[{"name":"wp","href":"https:\/\/api.w.org\/{rel}","templated":true}]}}