{"id":586,"date":"2026-01-15T02:14:28","date_gmt":"2026-01-15T02:14:28","guid":{"rendered":"https:\/\/www.qingfaceramic.com\/?post_type=product&#038;p=586"},"modified":"2026-01-31T03:17:09","modified_gmt":"2026-01-31T03:17:09","slug":"custom-ceramic-coffee-mug-in-bulk","status":"publish","type":"product","link":"https:\/\/www.qingfaceramic.com\/pt\/produto\/custom-ceramic-coffee-mug-in-bulk\/","title":{"rendered":"Caneca de caf\u00e9 de cer\u00e2mica personalizada a granel da Qingfa Ceramics, OEM\/ODM dispon\u00edvel"},"content":{"rendered":"<h2 class=\"wp-block-heading\">Carater\u00edsticas da caneca de caf\u00e9 de cer\u00e2mica personalizada a granel<\/h2>\n\n\n\n<div class=\"wp-block-columns is-layout-flex wp-container-core-columns-is-layout-9d6595d7 wp-block-columns-is-layout-flex\">\n<div class=\"wp-block-column is-layout-flow wp-block-column-is-layout-flow\">\n<p><strong>Cer\u00e2mica segura para micro-ondas e forno<\/strong> - A constru\u00e7\u00e3o em cer\u00e2mica resistente ao calor permite reaquecer e cozinhar com seguran\u00e7a em ambientes de micro-ondas e forno sem rachar ou danificar.<\/p>\n\n\n\n<p><strong>Acabamento em esmalte dur\u00e1vel<\/strong> - A superf\u00edcie lisa e vidrada de alta qualidade resiste \u00e0s manchas e ao desgaste, sendo ideal para uma utiliza\u00e7\u00e3o di\u00e1ria frequente em ambientes comerciais.<\/p>\n\n\n\n<p><strong>Utiliza\u00e7\u00e3o vers\u00e1til<\/strong> - Adequada para caf\u00e9, ch\u00e1, \u00e1gua e outras bebidas, esta caneca tem um desempenho fi\u00e1vel em casa, hot\u00e9is, caf\u00e9s, escrit\u00f3rios e hotelaria.<\/p>\n\n\n\n<p><strong>Design empilh\u00e1vel<\/strong> - Cuidadosamente concebido para poupar espa\u00e7o em arm\u00e1rios de cozinha, caf\u00e9s e esta\u00e7\u00f5es de servi\u00e7o alimentar.<\/p>\n\n\n\n<p><strong>Marca personalizada dispon\u00edvel<\/strong> - Suporta servi\u00e7os OEM\/ODM e log\u00f3tipo\/decalques personalizados para encomendas em massa, ajudando a elevar a identidade da sua marca.<\/p>\n\n\n\n<p><strong>Amigo do ambiente e seguro para os alimentos<\/strong> - Fabricado em cer\u00e2mica sem chumbo com esmalte seguro, garantindo um servi\u00e7o de bebidas saud\u00e1vel e paz de esp\u00edrito.<\/p>\n\n\n\n<figure class=\"wp-block-image size-full\"><img decoding=\"async\" width=\"1496\" height=\"704\" src=\"https:\/\/www.qingfaceramic.com\/wp-content\/uploads\/2026\/01\/Custom-Ceramic-Coffee-Mug-in-Bulk7.webp\" alt=\"Caneca de caf\u00e9 em cer\u00e2mica personalizada a granel7\" class=\"wp-image-593\" srcset=\"https:\/\/www.qingfaceramic.com\/wp-content\/uploads\/2026\/01\/Custom-Ceramic-Coffee-Mug-in-Bulk7.webp 1496w, https:\/\/www.qingfaceramic.com\/wp-content\/uploads\/2026\/01\/Custom-Ceramic-Coffee-Mug-in-Bulk7-300x141.webp 300w, https:\/\/www.qingfaceramic.com\/wp-content\/uploads\/2026\/01\/Custom-Ceramic-Coffee-Mug-in-Bulk7-768x361.webp 768w, https:\/\/www.qingfaceramic.com\/wp-content\/uploads\/2026\/01\/Custom-Ceramic-Coffee-Mug-in-Bulk7-1200x565.webp 1200w, https:\/\/www.qingfaceramic.com\/wp-content\/uploads\/2026\/01\/Custom-Ceramic-Coffee-Mug-in-Bulk7-600x282.webp 600w\" sizes=\"(max-width: 1496px) 100vw, 1496px\" \/><\/figure>\n<\/div>\n\n\n\n<div class=\"wp-block-column is-layout-flow wp-block-column-is-layout-flow\">\n<figure class=\"wp-block-image size-full\"><img decoding=\"async\" width=\"750\" height=\"1128\" src=\"https:\/\/www.qingfaceramic.com\/wp-content\/uploads\/2026\/01\/Custom-Ceramic-Coffee-Mug-in-Bulk3.webp\" alt=\"Caneca de caf\u00e9 em cer\u00e2mica personalizada a granel3\" class=\"wp-image-590\" srcset=\"https:\/\/www.qingfaceramic.com\/wp-content\/uploads\/2026\/01\/Custom-Ceramic-Coffee-Mug-in-Bulk3.webp 750w, https:\/\/www.qingfaceramic.com\/wp-content\/uploads\/2026\/01\/Custom-Ceramic-Coffee-Mug-in-Bulk3-199x300.webp 199w, https:\/\/www.qingfaceramic.com\/wp-content\/uploads\/2026\/01\/Custom-Ceramic-Coffee-Mug-in-Bulk3-600x902.webp 600w\" sizes=\"(max-width: 750px) 100vw, 750px\" \/><\/figure>\n<\/div>\n<\/div>\n\n\n\n<div class=\"wp-block-columns is-layout-flex wp-container-core-columns-is-layout-9d6595d7 wp-block-columns-is-layout-flex\">\n<div class=\"wp-block-column is-layout-flow wp-block-column-is-layout-flow\">\n<figure class=\"wp-block-image size-full\"><img decoding=\"async\" width=\"750\" height=\"1694\" src=\"https:\/\/www.qingfaceramic.com\/wp-content\/uploads\/2026\/01\/Custom-Ceramic-Coffee-Mug-in-Bulk4.webp\" alt=\"Caneca de caf\u00e9 em cer\u00e2mica personalizada a granel4\" class=\"wp-image-591\" srcset=\"https:\/\/www.qingfaceramic.com\/wp-content\/uploads\/2026\/01\/Custom-Ceramic-Coffee-Mug-in-Bulk4.webp 750w, https:\/\/www.qingfaceramic.com\/wp-content\/uploads\/2026\/01\/Custom-Ceramic-Coffee-Mug-in-Bulk4-133x300.webp 133w, https:\/\/www.qingfaceramic.com\/wp-content\/uploads\/2026\/01\/Custom-Ceramic-Coffee-Mug-in-Bulk4-600x1355.webp 600w\" sizes=\"(max-width: 750px) 100vw, 750px\" \/><\/figure>\n<\/div>\n\n\n\n<div class=\"wp-block-column is-layout-flow wp-block-column-is-layout-flow\">\n<figure class=\"wp-block-image size-full\"><img decoding=\"async\" width=\"750\" height=\"1166\" src=\"https:\/\/www.qingfaceramic.com\/wp-content\/uploads\/2026\/01\/Custom-Ceramic-Coffee-Mug-in-Bulk5.webp\" alt=\"Caneca de caf\u00e9 em cer\u00e2mica personalizada a granel5\" class=\"wp-image-592\" srcset=\"https:\/\/www.qingfaceramic.com\/wp-content\/uploads\/2026\/01\/Custom-Ceramic-Coffee-Mug-in-Bulk5.webp 750w, https:\/\/www.qingfaceramic.com\/wp-content\/uploads\/2026\/01\/Custom-Ceramic-Coffee-Mug-in-Bulk5-193x300.webp 193w, https:\/\/www.qingfaceramic.com\/wp-content\/uploads\/2026\/01\/Custom-Ceramic-Coffee-Mug-in-Bulk5-600x933.webp 600w\" sizes=\"(max-width: 750px) 100vw, 750px\" \/><\/figure>\n\n\n\n<figure class=\"wp-block-image size-full\"><img decoding=\"async\" width=\"1707\" height=\"1280\" src=\"https:\/\/www.qingfaceramic.com\/wp-content\/uploads\/2026\/01\/Integrated-Craftsmanship-Capability-1.webp\" alt=\"Capacidade artesanal integrada\" class=\"wp-image-571\" srcset=\"https:\/\/www.qingfaceramic.com\/wp-content\/uploads\/2026\/01\/Integrated-Craftsmanship-Capability-1.webp 1707w, https:\/\/www.qingfaceramic.com\/wp-content\/uploads\/2026\/01\/Integrated-Craftsmanship-Capability-1-300x225.webp 300w, https:\/\/www.qingfaceramic.com\/wp-content\/uploads\/2026\/01\/Integrated-Craftsmanship-Capability-1-768x576.webp 768w, https:\/\/www.qingfaceramic.com\/wp-content\/uploads\/2026\/01\/Integrated-Craftsmanship-Capability-1-1200x900.webp 1200w, https:\/\/www.qingfaceramic.com\/wp-content\/uploads\/2026\/01\/Integrated-Craftsmanship-Capability-1-600x450.webp 600w\" sizes=\"(max-width: 1707px) 100vw, 1707px\" \/><\/figure>\n<\/div>\n<\/div>","protected":false},"excerpt":{"rendered":"<p>Fabricada em cer\u00e2mica vidrada de alta qualidade, esta caneca de caf\u00e9 personalizada em cer\u00e2mica a granel \u00e9 perfeita para caf\u00e9s, hot\u00e9is, escrit\u00f3rios e retalho. Duradoura, apta para micro-ondas e m\u00e1quina de lavar lou\u00e7a, combina estilo e praticidade, e suporta personaliza\u00e7\u00e3o OEM\/ODM para satisfazer as necessidades da sua marca e de encomendas a granel.<\/p>\n<h2>Caneca de caf\u00e9 em cer\u00e2mica personalizada a granel Par\u00e2metro<\/h2>\n<table>\n<thead>\n<tr>\n<th style=\"text-align: center;\">Fabricante<\/th>\n<th style=\"text-align: center;\">Qingfa<\/th>\n<\/tr>\n<\/thead>\n<tbody>\n<tr>\n<td><strong>Nome do produto<\/strong><\/td>\n<td>Caneca de caf\u00e9 em cer\u00e2mica \/ Caneca de cer\u00e2mica personalizada<\/td>\n<\/tr>\n<tr>\n<td><strong>Material<\/strong><\/td>\n<td>Cer\u00e2mica vidrada de alta qualidade<\/td>\n<\/tr>\n<tr>\n<td><strong>Capacidade \/ Volume<\/strong><\/td>\n<td>350 ml (standard) - personaliz\u00e1vel<\/td>\n<\/tr>\n<tr>\n<td><strong>Dimens\u00f5es<\/strong><\/td>\n<td>Di\u00e2metro: 8,2 cm \u00d7 Altura: 9,5 cm - ajust\u00e1vel por encomenda<\/td>\n<\/tr>\n<tr>\n<td><strong>Peso<\/strong><\/td>\n<td>320 g (aprox.)<\/td>\n<\/tr>\n<tr>\n<td><strong>Op\u00e7\u00f5es de cores<\/strong><\/td>\n<td>Branco, esbranqui\u00e7ado ou cores personalizadas<\/td>\n<\/tr>\n<tr>\n<td><strong>Desenho \/ Forma<\/strong><\/td>\n<td>Cilindro cl\u00e1ssico, empilh\u00e1vel, pega ergon\u00f3mica<\/td>\n<\/tr>\n<tr>\n<td><strong>Personaliza\u00e7\u00e3o<\/strong><\/td>\n<td>Impress\u00e3o de log\u00f3tipo, design de decalque, embalagem, OEM\/ODM dispon\u00edvel<\/td>\n<\/tr>\n<tr>\n<td><strong>Certifica\u00e7\u00f5es<\/strong><\/td>\n<td>FDA, LFGB, ISO (dependendo do lote e da personaliza\u00e7\u00e3o)<\/td>\n<\/tr>\n<\/tbody>\n<\/table>\n<p>&nbsp;<\/p>","protected":false},"featured_media":588,"comment_status":"closed","ping_status":"closed","template":"","meta":{"_acf_changed":false},"market":[],"product_brand":[],"product_cat":[17,28],"product_tag":[],"class_list":{"0":"post-586","1":"product","2":"type-product","3":"status-publish","4":"has-post-thumbnail","6":"product_cat-custom-coffee-cups","7":"product_cat-custom-coffee-mugs","9":"first","10":"instock","11":"shipping-taxable","12":"product-type-simple"},"acf":[],"_links":{"self":[{"href":"https:\/\/www.qingfaceramic.com\/pt\/wp-json\/wp\/v2\/product\/586","targetHints":{"allow":["GET"]}}],"collection":[{"href":"https:\/\/www.qingfaceramic.com\/pt\/wp-json\/wp\/v2\/product"}],"about":[{"href":"https:\/\/www.qingfaceramic.com\/pt\/wp-json\/wp\/v2\/types\/product"}],"replies":[{"embeddable":true,"href":"https:\/\/www.qingfaceramic.com\/pt\/wp-json\/wp\/v2\/comments?post=586"}],"wp:featuredmedia":[{"embeddable":true,"href":"https:\/\/www.qingfaceramic.com\/pt\/wp-json\/wp\/v2\/media\/588"}],"wp:attachment":[{"href":"https:\/\/www.qingfaceramic.com\/pt\/wp-json\/wp\/v2\/media?parent=586"}],"wp:term":[{"taxonomy":"market","embeddable":true,"href":"https:\/\/www.qingfaceramic.com\/pt\/wp-json\/wp\/v2\/market?post=586"},{"taxonomy":"product_brand","embeddable":true,"href":"https:\/\/www.qingfaceramic.com\/pt\/wp-json\/wp\/v2\/product_brand?post=586"},{"taxonomy":"product_cat","embeddable":true,"href":"https:\/\/www.qingfaceramic.com\/pt\/wp-json\/wp\/v2\/product_cat?post=586"},{"taxonomy":"product_tag","embeddable":true,"href":"https:\/\/www.qingfaceramic.com\/pt\/wp-json\/wp\/v2\/product_tag?post=586"}],"curies":[{"name":"wp","href":"https:\/\/api.w.org\/{rel}","templated":true}]}}