{"id":1706,"date":"2026-04-20T08:49:07","date_gmt":"2026-04-20T08:49:07","guid":{"rendered":"https:\/\/www.qingfaceramic.com\/?post_type=product&#038;p=1706"},"modified":"2026-04-20T08:57:17","modified_gmt":"2026-04-20T08:57:17","slug":"custom-halloween-mug-3d-relief-ceramic-coffee-cup","status":"publish","type":"product","link":"https:\/\/www.qingfaceramic.com\/pt\/produto\/custom-halloween-mug-3d-relief-ceramic-coffee-cup\/","title":{"rendered":"Caneca personalizada de Halloween | Ta\u00e7a de caf\u00e9 em cer\u00e2mica com relevo 3D"},"content":{"rendered":"<h2 class=\"wp-block-heading\">Carater\u00edsticas da caneca personalizada de Halloween<\/h2>\n\n\n\n<div class=\"wp-block-columns is-layout-flex wp-container-core-columns-is-layout-9d6595d7 wp-block-columns-is-layout-flex\">\n<div class=\"wp-block-column is-layout-flow wp-block-column-is-layout-flow\">\n<p><strong>\u00cdcones de relevo 3D t\u00e1cteis:<\/strong> Decorado com \u00edcones pintados \u00e0 m\u00e3o e em relevo (Fantasma, Ab\u00f3bora, Morcego, Caveira) para um aspeto e toque tridimensional de primeira qualidade.<\/p>\n\n\n\n<p><strong>Textura martelada artesanal:<\/strong> Apresenta uma superf\u00edcie irregular e martelada que imita a cer\u00e2mica artesanal, acrescentando uma est\u00e9tica moderna ao tema festivo.<\/p>\n\n\n\n<p><strong>Esmalte vibrante resistente ao desvanecimento:<\/strong> Acabamento com esmalte profissional de alto brilho em preto e branco cl\u00e1ssico, garantindo que as cores permanecem vivas ap\u00f3s uma utiliza\u00e7\u00e3o prolongada.<\/p>\n\n\n\n<p><strong>Reten\u00e7\u00e3o t\u00e9rmica superior:<\/strong> Fabricado em cer\u00e2mica refor\u00e7ada com paredes espessas para garantir que as bebidas sazonais se mant\u00eam quentes durante mais tempo.<\/p>\n\n\n\n<p><strong>Personaliza\u00e7\u00e3o profissional B2B:<\/strong> Flexibilidade total OEM\/ODM com op\u00e7\u00f5es para desenhos personalizados em relevo, coloca\u00e7\u00e3o de log\u00f3tipo privado e embalagens de oferta personalizadas.<\/p>\n<\/div>\n\n\n\n<div class=\"wp-block-column is-layout-flow wp-block-column-is-layout-flow\">\n<figure class=\"wp-block-image size-full\"><img decoding=\"async\" width=\"800\" height=\"800\" src=\"https:\/\/www.qingfaceramic.com\/wp-content\/uploads\/2026\/04\/Custom-Halloween-Mug1.webp\" alt=\"Caneca personalizada de Halloween1\" class=\"wp-image-1707\" srcset=\"https:\/\/www.qingfaceramic.com\/wp-content\/uploads\/2026\/04\/Custom-Halloween-Mug1.webp 800w, https:\/\/www.qingfaceramic.com\/wp-content\/uploads\/2026\/04\/Custom-Halloween-Mug1-300x300.webp 300w, https:\/\/www.qingfaceramic.com\/wp-content\/uploads\/2026\/04\/Custom-Halloween-Mug1-150x150.webp 150w, https:\/\/www.qingfaceramic.com\/wp-content\/uploads\/2026\/04\/Custom-Halloween-Mug1-768x768.webp 768w, https:\/\/www.qingfaceramic.com\/wp-content\/uploads\/2026\/04\/Custom-Halloween-Mug1-12x12.webp 12w, https:\/\/www.qingfaceramic.com\/wp-content\/uploads\/2026\/04\/Custom-Halloween-Mug1-600x600.webp 600w, https:\/\/www.qingfaceramic.com\/wp-content\/uploads\/2026\/04\/Custom-Halloween-Mug1-100x100.webp 100w\" sizes=\"(max-width: 800px) 100vw, 800px\" \/><\/figure>\n\n\n\n<figure class=\"wp-block-image size-full\"><img decoding=\"async\" width=\"800\" height=\"800\" src=\"https:\/\/www.qingfaceramic.com\/wp-content\/uploads\/2026\/04\/Custom-Halloween-Mug3.webp\" alt=\"Caneca personalizada de Halloween3\" class=\"wp-image-1709\" srcset=\"https:\/\/www.qingfaceramic.com\/wp-content\/uploads\/2026\/04\/Custom-Halloween-Mug3.webp 800w, https:\/\/www.qingfaceramic.com\/wp-content\/uploads\/2026\/04\/Custom-Halloween-Mug3-300x300.webp 300w, https:\/\/www.qingfaceramic.com\/wp-content\/uploads\/2026\/04\/Custom-Halloween-Mug3-150x150.webp 150w, https:\/\/www.qingfaceramic.com\/wp-content\/uploads\/2026\/04\/Custom-Halloween-Mug3-768x768.webp 768w, https:\/\/www.qingfaceramic.com\/wp-content\/uploads\/2026\/04\/Custom-Halloween-Mug3-12x12.webp 12w, https:\/\/www.qingfaceramic.com\/wp-content\/uploads\/2026\/04\/Custom-Halloween-Mug3-600x600.webp 600w, https:\/\/www.qingfaceramic.com\/wp-content\/uploads\/2026\/04\/Custom-Halloween-Mug3-100x100.webp 100w\" sizes=\"(max-width: 800px) 100vw, 800px\" \/><\/figure>\n<\/div>\n<\/div>\n\n\n\n<div class=\"wp-block-columns is-layout-flex wp-container-core-columns-is-layout-9d6595d7 wp-block-columns-is-layout-flex\">\n<div class=\"wp-block-column is-layout-flow wp-block-column-is-layout-flow\"><\/div>\n\n\n\n<div class=\"wp-block-column is-layout-flow wp-block-column-is-layout-flow\"><\/div>\n<\/div>","protected":false},"excerpt":{"rendered":"<p data-start=\"428\" data-end=\"756\">A nossa caneca personalizada de Dia das Bruxas apresenta texturas marteladas \u00fanicas e motivos em relevo 3D pintados \u00e0 m\u00e3o. Fabricada em cer\u00e2mica refor\u00e7ada de alta qualidade, esta vibrante cole\u00e7\u00e3o festiva oferece uma solu\u00e7\u00e3o sofisticada e personalizada para marcas sazonais e mercados de presentes de Natal.<\/p>\n<h2>Caneca personalizada de Halloween Par\u00e2metro<\/h2>\n<table data-path-to-node=\"11\">\n<thead>\n<tr>\n<td><strong>Artigo<\/strong><\/td>\n<td><strong>Dados t\u00e9cnicos<\/strong><\/td>\n<\/tr>\n<\/thead>\n<tbody>\n<tr>\n<td><span data-path-to-node=\"11,1,0,0\"><b data-path-to-node=\"11,1,0,0\" data-index-in-node=\"0\">Nome do produto<\/b><\/span><\/td>\n<td><span data-path-to-node=\"11,1,1,0\">Caneca personalizada de Halloween<\/span><\/td>\n<\/tr>\n<tr>\n<td><span data-path-to-node=\"11,2,0,0\"><b data-path-to-node=\"11,2,0,0\" data-index-in-node=\"0\">Material<\/b><\/span><\/td>\n<td><span data-path-to-node=\"11,2,1,0\">Cer\u00e2mica refor\u00e7ada de alta qualidade \/ Gr\u00e9s<\/span><\/td>\n<\/tr>\n<tr>\n<td><span data-path-to-node=\"11,3,0,0\"><b data-path-to-node=\"11,3,0,0\" data-index-in-node=\"0\">Motivo em relevo<\/b><\/span><\/td>\n<td><span data-path-to-node=\"11,3,1,0\">Relevo 3D (Ab\u00f3bora, Fantasma, Morcego, Caveira)<\/span><\/td>\n<\/tr>\n<tr>\n<td><span data-path-to-node=\"11,4,0,0\"><b data-path-to-node=\"11,4,0,0\" data-index-in-node=\"0\">Acabamento da superf\u00edcie<\/b><\/span><\/td>\n<td><span data-path-to-node=\"11,4,1,0\">Textura martelada com esmalte de alto brilho<\/span><\/td>\n<\/tr>\n<tr>\n<td><span data-path-to-node=\"11,5,0,0\"><b data-path-to-node=\"11,5,0,0\" data-index-in-node=\"0\">Op\u00e7\u00f5es de cores<\/b><\/span><\/td>\n<td><span data-path-to-node=\"11,5,1,0\">Preto Obsidiana, Branco \u00c1rtico<\/span><\/td>\n<\/tr>\n<tr>\n<td><span data-path-to-node=\"11,6,0,0\"><b data-path-to-node=\"11,6,0,0\" data-index-in-node=\"0\">Design da pega<\/b><\/span><\/td>\n<td><span data-path-to-node=\"11,6,1,0\">Pega em C ergon\u00f3mica de f\u00e1cil manuseamento<\/span><\/td>\n<\/tr>\n<tr>\n<td><span data-path-to-node=\"11,7,0,0\"><b data-path-to-node=\"11,7,0,0\" data-index-in-node=\"0\">Artesanato<\/b><\/span><\/td>\n<td><span data-path-to-node=\"11,7,1,0\">Cozedura a alta temperatura + pormenores pintados \u00e0 m\u00e3o<\/span><\/td>\n<\/tr>\n<tr>\n<td><span data-path-to-node=\"11,8,0,0\"><b data-path-to-node=\"11,8,0,0\" data-index-in-node=\"0\">Carater\u00edsticas principais<\/b><\/span><\/td>\n<td><span data-path-to-node=\"11,8,1,0\"><b data-path-to-node=\"11,8,1,0\" data-index-in-node=\"0\">Resistente a lascas<\/b>, <b data-path-to-node=\"11,8,1,0\" data-index-in-node=\"16\">Reten\u00e7\u00e3o t\u00e9rmica<\/b>, <b data-path-to-node=\"11,8,1,0\" data-index-in-node=\"35\">\u00c0 prova de desbotamento<\/b><\/span><\/td>\n<\/tr>\n<tr>\n<td><span data-path-to-node=\"11,9,0,0\"><b data-path-to-node=\"11,9,0,0\" data-index-in-node=\"0\">Personaliza\u00e7\u00e3o<\/b><\/span><\/td>\n<td><span data-path-to-node=\"11,9,1,0\">Suporta OEM\/ODM a granel, \u00edcones e embalagens \u00e0 medida<\/span><\/td>\n<\/tr>\n<tr>\n<td><span data-path-to-node=\"11,10,0,0\"><b data-path-to-node=\"11,10,0,0\" data-index-in-node=\"0\">Norma de seguran\u00e7a<\/b><\/span><\/td>\n<td><span data-path-to-node=\"11,10,1,0\">Certificado sem chumbo, sem c\u00e1dmio e de qualidade alimentar<\/span><\/td>\n<\/tr>\n<\/tbody>\n<\/table>","protected":false},"featured_media":1710,"comment_status":"closed","ping_status":"closed","template":"","meta":{"_acf_changed":false},"market":[],"product_brand":[],"product_cat":[17,28],"product_tag":[],"class_list":{"0":"post-1706","1":"product","2":"type-product","3":"status-publish","4":"has-post-thumbnail","6":"product_cat-custom-coffee-cups","7":"product_cat-custom-coffee-mugs","9":"first","10":"instock","11":"shipping-taxable","12":"product-type-simple"},"acf":[],"_links":{"self":[{"href":"https:\/\/www.qingfaceramic.com\/pt\/wp-json\/wp\/v2\/product\/1706","targetHints":{"allow":["GET"]}}],"collection":[{"href":"https:\/\/www.qingfaceramic.com\/pt\/wp-json\/wp\/v2\/product"}],"about":[{"href":"https:\/\/www.qingfaceramic.com\/pt\/wp-json\/wp\/v2\/types\/product"}],"replies":[{"embeddable":true,"href":"https:\/\/www.qingfaceramic.com\/pt\/wp-json\/wp\/v2\/comments?post=1706"}],"wp:featuredmedia":[{"embeddable":true,"href":"https:\/\/www.qingfaceramic.com\/pt\/wp-json\/wp\/v2\/media\/1710"}],"wp:attachment":[{"href":"https:\/\/www.qingfaceramic.com\/pt\/wp-json\/wp\/v2\/media?parent=1706"}],"wp:term":[{"taxonomy":"market","embeddable":true,"href":"https:\/\/www.qingfaceramic.com\/pt\/wp-json\/wp\/v2\/market?post=1706"},{"taxonomy":"product_brand","embeddable":true,"href":"https:\/\/www.qingfaceramic.com\/pt\/wp-json\/wp\/v2\/product_brand?post=1706"},{"taxonomy":"product_cat","embeddable":true,"href":"https:\/\/www.qingfaceramic.com\/pt\/wp-json\/wp\/v2\/product_cat?post=1706"},{"taxonomy":"product_tag","embeddable":true,"href":"https:\/\/www.qingfaceramic.com\/pt\/wp-json\/wp\/v2\/product_tag?post=1706"}],"curies":[{"name":"wp","href":"https:\/\/api.w.org\/{rel}","templated":true}]}}