{"id":1673,"date":"2026-04-20T08:23:18","date_gmt":"2026-04-20T08:23:18","guid":{"rendered":"https:\/\/www.qingfaceramic.com\/?post_type=product&#038;p=1673"},"modified":"2026-04-20T08:29:04","modified_gmt":"2026-04-20T08:29:04","slug":"custom-santa-claus-mug","status":"publish","type":"product","link":"https:\/\/www.qingfaceramic.com\/pt\/produto\/custom-santa-claus-mug\/","title":{"rendered":"Caneca personalizada do Pai Natal com tampa | Ta\u00e7a de f\u00e9rias em cer\u00e2mica com figura 3D e caixa de oferta"},"content":{"rendered":"<h2 class=\"wp-block-heading\">Carater\u00edsticas da caneca personalizada do Pai Natal<\/h2>\n\n\n\n<div class=\"wp-block-columns is-layout-flex wp-container-core-columns-is-layout-9d6595d7 wp-block-columns-is-layout-flex\">\n<div class=\"wp-block-column is-layout-flow wp-block-column-is-layout-flow\">\n<p><strong>Desenho caprichoso de figuras em 3D:<\/strong> Esculpido com mestria numa <strong>Pai Natal tridimensional<\/strong> com uma express\u00e3o alegre e um nariz vermelho decorativo, proporcionando uma experi\u00eancia t\u00e1til \u00fanica.<\/p>\n\n\n\n<p><strong>Tampa funcional a condizer:<\/strong> Inclui uma tampa de cer\u00e2mica concebida para se assemelhar ao chap\u00e9u do Pai Natal, que ajuda a manter a temperatura da bebida e d\u00e1 um toque final completo e sofisticado ao design.<\/p>\n\n\n\n<p><strong>Artesanato de primeira qualidade:<\/strong> Fabricado em cer\u00e2mica de alta qualidade e dur\u00e1vel, cozido a temperaturas extremas, garantindo a <strong>esmalte vibrante<\/strong> as cores permanecem vivas e resistentes ao desbotamento para uma utiliza\u00e7\u00e3o a longo prazo.<\/p>\n\n\n\n<p><strong>Embalagem pronta para venda a retalho:<\/strong> Cada caneca \u00e9 acompanhada por uma caixa de oferta de f\u00e9rias axadrezada, concebida profissionalmente, oferecendo uma excelente apresenta\u00e7\u00e3o a retalho ou uma impressionante solu\u00e7\u00e3o de oferta empresarial.<\/p>\n\n\n\n<p><strong>Flexibilidade total de OEM\/ODM:<\/strong> Especializada na personaliza\u00e7\u00e3o B2B, oferece correspond\u00eancia de cores \u00e0 medida, integra\u00e7\u00e3o de log\u00f3tipos personalizados na base e designs de caixas de oferta \u00e0 medida para se adequar a diversas identidades de marca.<\/p>\n<\/div>\n\n\n\n<div class=\"wp-block-column is-layout-flow wp-block-column-is-layout-flow\">\n<figure class=\"wp-block-image size-full\"><img decoding=\"async\" width=\"800\" height=\"800\" src=\"https:\/\/www.qingfaceramic.com\/wp-content\/uploads\/2026\/04\/Custom-Santa-Claus-Mug-with-Lid11.webp\" alt=\"Caneca personalizada do Pai Natal com tampa11\" class=\"wp-image-1684\" srcset=\"https:\/\/www.qingfaceramic.com\/wp-content\/uploads\/2026\/04\/Custom-Santa-Claus-Mug-with-Lid11.webp 800w, https:\/\/www.qingfaceramic.com\/wp-content\/uploads\/2026\/04\/Custom-Santa-Claus-Mug-with-Lid11-300x300.webp 300w, https:\/\/www.qingfaceramic.com\/wp-content\/uploads\/2026\/04\/Custom-Santa-Claus-Mug-with-Lid11-150x150.webp 150w, https:\/\/www.qingfaceramic.com\/wp-content\/uploads\/2026\/04\/Custom-Santa-Claus-Mug-with-Lid11-768x768.webp 768w, https:\/\/www.qingfaceramic.com\/wp-content\/uploads\/2026\/04\/Custom-Santa-Claus-Mug-with-Lid11-12x12.webp 12w, https:\/\/www.qingfaceramic.com\/wp-content\/uploads\/2026\/04\/Custom-Santa-Claus-Mug-with-Lid11-600x600.webp 600w, https:\/\/www.qingfaceramic.com\/wp-content\/uploads\/2026\/04\/Custom-Santa-Claus-Mug-with-Lid11-100x100.webp 100w\" sizes=\"(max-width: 800px) 100vw, 800px\" \/><\/figure>\n<\/div>\n<\/div>\n\n\n\n<div class=\"wp-block-columns is-layout-flex wp-container-core-columns-is-layout-9d6595d7 wp-block-columns-is-layout-flex\">\n<div class=\"wp-block-column is-layout-flow wp-block-column-is-layout-flow\"><\/div>\n\n\n\n<div class=\"wp-block-column is-layout-flow wp-block-column-is-layout-flow\"><\/div>\n<\/div>","protected":false},"excerpt":{"rendered":"<p data-start=\"428\" data-end=\"756\">Celebre a \u00e9poca com esta caneca personalizada do Pai Natal. Com um design figurativo 3D vibrante pintado \u00e0 m\u00e3o e uma pr\u00e1tica tampa em cer\u00e2mica, esta caneca festiva de qualidade superior \u00e9 fornecida com uma caixa de oferta decorativa, o que a torna uma solu\u00e7\u00e3o personalizada perfeita para marcas de boutique e ofertas empresariais sazonais.<\/p>\n<h2>Caneca personalizada do Pai Natal Par\u00e2metro<\/h2>\n<table data-path-to-node=\"13\">\n<thead>\n<tr>\n<td><strong>Artigo<\/strong><\/td>\n<td><strong>Dados t\u00e9cnicos<\/strong><\/td>\n<\/tr>\n<\/thead>\n<tbody>\n<tr>\n<td><span data-path-to-node=\"13,1,0,0\"><b data-path-to-node=\"13,1,0,0\" data-index-in-node=\"0\">Nome do produto<\/b><\/span><\/td>\n<td><span data-path-to-node=\"13,1,1,0\">Caneca personalizada do Pai Natal com tampa<\/span><\/td>\n<\/tr>\n<tr>\n<td><span data-path-to-node=\"13,2,0,0\"><b data-path-to-node=\"13,2,0,0\" data-index-in-node=\"0\">Material<\/b><\/span><\/td>\n<td><span data-path-to-node=\"13,2,1,0\">Cer\u00e2mica de qualidade superior de grau AB \/ Gr\u00e9s dur\u00e1vel<\/span><\/td>\n<\/tr>\n<tr>\n<td><span data-path-to-node=\"13,3,0,0\"><b data-path-to-node=\"13,3,0,0\" data-index-in-node=\"0\">Estilo de design<\/b><\/span><\/td>\n<td><span data-path-to-node=\"13,3,1,0\">Desenho do Pai Natal esculpido em figura 3D<\/span><\/td>\n<\/tr>\n<tr>\n<td><span data-path-to-node=\"13,4,0,0\"><b data-path-to-node=\"13,4,0,0\" data-index-in-node=\"0\">Desenho da tampa<\/b><\/span><\/td>\n<td><span data-path-to-node=\"13,4,1,0\">Tampa do chap\u00e9u de Pai Natal em cer\u00e2mica a condizer<\/span><\/td>\n<\/tr>\n<tr>\n<td><span data-path-to-node=\"13,5,0,0\"><b data-path-to-node=\"13,5,0,0\" data-index-in-node=\"0\">Artesanato de cabos<\/b><\/span><\/td>\n<td><span data-path-to-node=\"13,5,1,0\">Cabo ergon\u00f3mico em forma de C com acabamento vermelho<\/span><\/td>\n<\/tr>\n<tr>\n<td><span data-path-to-node=\"13,6,0,0\"><b data-path-to-node=\"13,6,0,0\" data-index-in-node=\"0\">Acabamento<\/b><\/span><\/td>\n<td><span data-path-to-node=\"13,6,1,0\">Esmalte vitrificado de alto brilho<\/span><\/td>\n<\/tr>\n<tr>\n<td><span data-path-to-node=\"13,7,0,0\"><b data-path-to-node=\"13,7,0,0\" data-index-in-node=\"0\">Paleta de cores<\/b><\/span><\/td>\n<td><span data-path-to-node=\"13,7,1,0\">Vermelho festivo, branco cl\u00e1ssico (pormenores pintados \u00e0 m\u00e3o)<\/span><\/td>\n<\/tr>\n<tr>\n<td><span data-path-to-node=\"13,8,0,0\"><b data-path-to-node=\"13,8,0,0\" data-index-in-node=\"0\">Artesanato<\/b><\/span><\/td>\n<td><span data-path-to-node=\"13,8,1,0\">Cer\u00e2mica cozida a alta temperatura com escultura<\/span><\/td>\n<\/tr>\n<tr>\n<td><span data-path-to-node=\"13,9,0,0\"><b data-path-to-node=\"13,9,0,0\" data-index-in-node=\"0\">Embalagem<\/b><\/span><\/td>\n<td><span data-path-to-node=\"13,9,1,0\">Caixa de oferta individual de Natal axadrezada (inclu\u00edda)<\/span><\/td>\n<\/tr>\n<tr>\n<td><span data-path-to-node=\"13,10,0,0\"><b data-path-to-node=\"13,10,0,0\" data-index-in-node=\"0\">Carater\u00edsticas principais<\/b><\/span><\/td>\n<td><span data-path-to-node=\"13,10,1,0\"><b data-path-to-node=\"13,10,1,0\" data-index-in-node=\"0\">Amigo do ambiente<\/b>, <b data-path-to-node=\"13,10,1,0\" data-index-in-node=\"14\">Design empilh\u00e1vel<\/b>, <b data-path-to-node=\"13,10,1,0\" data-index-in-node=\"32\">Cores resistentes ao desbotamento<\/b>, <b data-path-to-node=\"13,10,1,0\" data-index-in-node=\"55\">Reten\u00e7\u00e3o de calor<\/b><\/span><\/td>\n<\/tr>\n<tr>\n<td><span data-path-to-node=\"13,11,0,0\"><b data-path-to-node=\"13,11,0,0\" data-index-in-node=\"0\">Personaliza\u00e7\u00e3o<\/b><\/span><\/td>\n<td><span data-path-to-node=\"13,11,1,0\">Suporta OEM\/ODM a granel, log\u00f3tipo privado, cores e embalagens \u00e0 medida<\/span><\/td>\n<\/tr>\n<tr>\n<td><span data-path-to-node=\"13,12,0,0\"><b data-path-to-node=\"13,12,0,0\" data-index-in-node=\"0\">Norma de seguran\u00e7a<\/b><\/span><\/td>\n<td><span data-path-to-node=\"13,12,1,0\">Certificado sem chumbo, sem c\u00e1dmio e de qualidade alimentar<\/span><\/td>\n<\/tr>\n<\/tbody>\n<\/table>","protected":false},"featured_media":1674,"comment_status":"closed","ping_status":"closed","template":"","meta":{"_acf_changed":false},"market":[],"product_brand":[],"product_cat":[17,28],"product_tag":[],"class_list":{"0":"post-1673","1":"product","2":"type-product","3":"status-publish","4":"has-post-thumbnail","6":"product_cat-custom-coffee-cups","7":"product_cat-custom-coffee-mugs","9":"first","10":"instock","11":"shipping-taxable","12":"product-type-simple"},"acf":[],"_links":{"self":[{"href":"https:\/\/www.qingfaceramic.com\/pt\/wp-json\/wp\/v2\/product\/1673","targetHints":{"allow":["GET"]}}],"collection":[{"href":"https:\/\/www.qingfaceramic.com\/pt\/wp-json\/wp\/v2\/product"}],"about":[{"href":"https:\/\/www.qingfaceramic.com\/pt\/wp-json\/wp\/v2\/types\/product"}],"replies":[{"embeddable":true,"href":"https:\/\/www.qingfaceramic.com\/pt\/wp-json\/wp\/v2\/comments?post=1673"}],"wp:featuredmedia":[{"embeddable":true,"href":"https:\/\/www.qingfaceramic.com\/pt\/wp-json\/wp\/v2\/media\/1674"}],"wp:attachment":[{"href":"https:\/\/www.qingfaceramic.com\/pt\/wp-json\/wp\/v2\/media?parent=1673"}],"wp:term":[{"taxonomy":"market","embeddable":true,"href":"https:\/\/www.qingfaceramic.com\/pt\/wp-json\/wp\/v2\/market?post=1673"},{"taxonomy":"product_brand","embeddable":true,"href":"https:\/\/www.qingfaceramic.com\/pt\/wp-json\/wp\/v2\/product_brand?post=1673"},{"taxonomy":"product_cat","embeddable":true,"href":"https:\/\/www.qingfaceramic.com\/pt\/wp-json\/wp\/v2\/product_cat?post=1673"},{"taxonomy":"product_tag","embeddable":true,"href":"https:\/\/www.qingfaceramic.com\/pt\/wp-json\/wp\/v2\/product_tag?post=1673"}],"curies":[{"name":"wp","href":"https:\/\/api.w.org\/{rel}","templated":true}]}}