{"id":1665,"date":"2026-04-20T08:12:28","date_gmt":"2026-04-20T08:12:28","guid":{"rendered":"https:\/\/www.qingfaceramic.com\/?post_type=product&#038;p=1665"},"modified":"2026-04-20T08:17:43","modified_gmt":"2026-04-20T08:17:43","slug":"custom-christmas-tableware","status":"publish","type":"product","link":"https:\/\/www.qingfaceramic.com\/pt\/produto\/custom-christmas-tableware\/","title":{"rendered":"Servi\u00e7o de mesa de Natal personalizado com motivo de amor e cora\u00e7\u00e3o em relevo"},"content":{"rendered":"<h2 class=\"wp-block-heading\">Carater\u00edsticas do servi\u00e7o de mesa de Natal personalizado<\/h2>\n\n\n\n<div class=\"wp-block-columns is-layout-flex wp-container-core-columns-is-layout-9d6595d7 wp-block-columns-is-layout-flex\">\n<div class=\"wp-block-column is-layout-flow wp-block-column-is-layout-flow\">\n<ol class=\"wp-block-list\">\n<li><strong>Motivo \u00fanico em duplo relevo:<\/strong> Cada pe\u00e7a apresenta uma sofisticada <strong>grava\u00e7\u00e3o em relevo<\/strong> (texto \u201cLove\u201d e elegantes s\u00edmbolos de cora\u00e7\u00e3o), acrescentando uma camada de textura t\u00e1til e de luxo que se destaca dos desenhos festivos habituais.<\/li>\n\n\n\n<li><strong>Esmalte Vitrificado de Luxo de Alto Brilho:<\/strong> Revestido com um esmalte liso de alto brilho de qualidade profissional que proporciona um reflexo de luz superior e \u00e9 resistente a manchas, riscos e fissuras do esmalte.<\/li>\n\n\n\n<li><strong>Esmalte Artisan Bi-Tonal e Tri-Tonal:<\/strong> Paleta de cores natal\u00edcias cuidadosamente selecionada - Verde floresta, Vermelho festivo e Amarelo cremoso - que cria um contraste rico e moderno, adequado tanto para o Natal como para uma utiliza\u00e7\u00e3o sazonal mais alargada.<\/li>\n\n\n\n<li><strong>Cer\u00e2mica refor\u00e7ada de qualidade comercial:<\/strong> Fabricado em gr\u00e9s refor\u00e7ado de alta densidade, cozido a temperaturas extremas, garantindo que a loi\u00e7a \u00e9 excecionalmente dur\u00e1vel, resistente a lascas e de longa dura\u00e7\u00e3o.<\/li>\n\n\n\n<li><strong>Solu\u00e7\u00f5es completas de branding OEM\/ODM:<\/strong> Especializada na personaliza\u00e7\u00e3o B2B, oferece correspond\u00eancia de cores \u00e0 medida, integra\u00e7\u00e3o de log\u00f3tipo personalizado na base e embalagens de caixa de oferta \u00e0 medida para se adaptar a diversas identidades de marca.<\/li>\n<\/ol>\n<\/div>\n\n\n\n<div class=\"wp-block-column is-layout-flow wp-block-column-is-layout-flow\">\n<figure class=\"wp-block-image size-full\"><img decoding=\"async\" width=\"800\" height=\"800\" src=\"https:\/\/www.qingfaceramic.com\/wp-content\/uploads\/2026\/04\/Custom-Christmas-Tableware-with-Embossed-Heart-Love-Motif7.webp\" alt=\"Servi\u00e7o de mesa de Natal personalizado com motivo de amor e cora\u00e7\u00e3o em relevo7\" class=\"wp-image-1672\" srcset=\"https:\/\/www.qingfaceramic.com\/wp-content\/uploads\/2026\/04\/Custom-Christmas-Tableware-with-Embossed-Heart-Love-Motif7.webp 800w, https:\/\/www.qingfaceramic.com\/wp-content\/uploads\/2026\/04\/Custom-Christmas-Tableware-with-Embossed-Heart-Love-Motif7-300x300.webp 300w, https:\/\/www.qingfaceramic.com\/wp-content\/uploads\/2026\/04\/Custom-Christmas-Tableware-with-Embossed-Heart-Love-Motif7-150x150.webp 150w, https:\/\/www.qingfaceramic.com\/wp-content\/uploads\/2026\/04\/Custom-Christmas-Tableware-with-Embossed-Heart-Love-Motif7-768x768.webp 768w, https:\/\/www.qingfaceramic.com\/wp-content\/uploads\/2026\/04\/Custom-Christmas-Tableware-with-Embossed-Heart-Love-Motif7-12x12.webp 12w, https:\/\/www.qingfaceramic.com\/wp-content\/uploads\/2026\/04\/Custom-Christmas-Tableware-with-Embossed-Heart-Love-Motif7-600x600.webp 600w, https:\/\/www.qingfaceramic.com\/wp-content\/uploads\/2026\/04\/Custom-Christmas-Tableware-with-Embossed-Heart-Love-Motif7-100x100.webp 100w\" sizes=\"(max-width: 800px) 100vw, 800px\" \/><\/figure>\n\n\n\n<figure class=\"wp-block-image size-full\"><img decoding=\"async\" width=\"800\" height=\"800\" src=\"https:\/\/www.qingfaceramic.com\/wp-content\/uploads\/2026\/04\/Custom-Christmas-Tableware-with-Embossed-Heart-Love-Motif6.webp\" alt=\"Servi\u00e7o de mesa de Natal personalizado com motivo de amor e cora\u00e7\u00e3o em relevo6\" class=\"wp-image-1671\" srcset=\"https:\/\/www.qingfaceramic.com\/wp-content\/uploads\/2026\/04\/Custom-Christmas-Tableware-with-Embossed-Heart-Love-Motif6.webp 800w, https:\/\/www.qingfaceramic.com\/wp-content\/uploads\/2026\/04\/Custom-Christmas-Tableware-with-Embossed-Heart-Love-Motif6-300x300.webp 300w, https:\/\/www.qingfaceramic.com\/wp-content\/uploads\/2026\/04\/Custom-Christmas-Tableware-with-Embossed-Heart-Love-Motif6-150x150.webp 150w, https:\/\/www.qingfaceramic.com\/wp-content\/uploads\/2026\/04\/Custom-Christmas-Tableware-with-Embossed-Heart-Love-Motif6-768x768.webp 768w, https:\/\/www.qingfaceramic.com\/wp-content\/uploads\/2026\/04\/Custom-Christmas-Tableware-with-Embossed-Heart-Love-Motif6-12x12.webp 12w, https:\/\/www.qingfaceramic.com\/wp-content\/uploads\/2026\/04\/Custom-Christmas-Tableware-with-Embossed-Heart-Love-Motif6-600x600.webp 600w, https:\/\/www.qingfaceramic.com\/wp-content\/uploads\/2026\/04\/Custom-Christmas-Tableware-with-Embossed-Heart-Love-Motif6-100x100.webp 100w\" sizes=\"(max-width: 800px) 100vw, 800px\" \/><\/figure>\n<\/div>\n<\/div>\n\n\n\n<div class=\"wp-block-columns is-layout-flex wp-container-core-columns-is-layout-9d6595d7 wp-block-columns-is-layout-flex\">\n<div class=\"wp-block-column is-layout-flow wp-block-column-is-layout-flow\"><\/div>\n\n\n\n<div class=\"wp-block-column is-layout-flow wp-block-column-is-layout-flow\"><\/div>\n\n\n\n<div class=\"wp-block-column is-layout-flow wp-block-column-is-layout-flow\"><\/div>\n<\/div>\n\n\n\n<div class=\"wp-block-columns is-layout-flex wp-container-core-columns-is-layout-9d6595d7 wp-block-columns-is-layout-flex\">\n<div class=\"wp-block-column is-layout-flow wp-block-column-is-layout-flow\"><\/div>\n\n\n\n<div class=\"wp-block-column is-layout-flow wp-block-column-is-layout-flow\"><\/div>\n<\/div>","protected":false},"excerpt":{"rendered":"<p data-start=\"441\" data-end=\"787\">Eleve as suas colec\u00e7\u00f5es de f\u00e9rias com este servi\u00e7o de mesa de Natal personalizado. Com um luxuoso esmalte de alto brilho e elegantes motivos em relevo, este conjunto de cer\u00e2mica de primeira qualidade oferece uma solu\u00e7\u00e3o sofisticada e personalizada para marcas e presentes sazonais de alta qualidade.<\/p>\n<h2>Servi\u00e7o de mesa de Natal personalizado<\/h2>\n<table data-path-to-node=\"13\">\n<thead>\n<tr>\n<td><strong>Artigo<\/strong><\/td>\n<td><strong>Dados t\u00e9cnicos<\/strong><\/td>\n<\/tr>\n<\/thead>\n<tbody>\n<tr>\n<td><span data-path-to-node=\"13,1,0,0\"><b data-path-to-node=\"13,1,0,0\" data-index-in-node=\"0\">Nome do produto<\/b><\/span><\/td>\n<td><span data-path-to-node=\"13,1,1,0\">Servi\u00e7o de mesa de Natal personalizado<\/span><\/td>\n<\/tr>\n<tr>\n<td><span data-path-to-node=\"13,2,0,0\"><b data-path-to-node=\"13,2,0,0\" data-index-in-node=\"0\">Material<\/b><\/span><\/td>\n<td><span data-path-to-node=\"13,2,1,0\">Gr\u00e9s refor\u00e7ado Premium \/ Cer\u00e2mica de grau AB<\/span><\/td>\n<\/tr>\n<tr>\n<td><span data-path-to-node=\"13,3,0,0\"><b data-path-to-node=\"13,3,0,0\" data-index-in-node=\"0\">Desenho em relevo<\/b><\/span><\/td>\n<td><span data-path-to-node=\"13,3,1,0\">Grava\u00e7\u00e3o em relevo (texto \u201cLove\u201d e s\u00edmbolo de um cora\u00e7\u00e3o elegante)<\/span><\/td>\n<\/tr>\n<tr>\n<td><span data-path-to-node=\"13,4,0,0\"><b data-path-to-node=\"13,4,0,0\" data-index-in-node=\"0\">Estilo do aro<\/b><\/span><\/td>\n<td><span data-path-to-node=\"13,4,1,0\">Al\u00edvio do anel conc\u00eantrico (em placas)<\/span><\/td>\n<\/tr>\n<tr>\n<td><span data-path-to-node=\"13,5,0,0\"><b data-path-to-node=\"13,5,0,0\" data-index-in-node=\"0\">Acabamento<\/b><\/span><\/td>\n<td><span data-path-to-node=\"13,5,1,0\">Esmalte vitrificado de alto brilho<\/span><\/td>\n<\/tr>\n<tr>\n<td><span data-path-to-node=\"13,6,0,0\"><b data-path-to-node=\"13,6,0,0\" data-index-in-node=\"0\">Op\u00e7\u00f5es de cores<\/b><\/span><\/td>\n<td><span data-path-to-node=\"13,6,1,0\">Verde floresta, Vermelho festivo, Amarelo cremoso<\/span><\/td>\n<\/tr>\n<tr>\n<td><span data-path-to-node=\"13,7,0,0\"><b data-path-to-node=\"13,7,0,0\" data-index-in-node=\"0\">Artesanato<\/b><\/span><\/td>\n<td><span data-path-to-node=\"13,7,1,0\">Cer\u00e2mica cozida a alta temperatura com esmalte artesanal<\/span><\/td>\n<\/tr>\n<tr>\n<td><span data-path-to-node=\"13,8,0,0\"><b data-path-to-node=\"13,8,0,0\" data-index-in-node=\"0\">Componentes do conjunto<\/b><\/span><\/td>\n<td><span data-path-to-node=\"13,8,1,0\">Pratos de jantar, pratos de salada\/sobremesa, canecas de caf\u00e9 (vendidos individualmente ou a granel)<\/span><\/td>\n<\/tr>\n<tr>\n<td><span data-path-to-node=\"13,9,0,0\"><b data-path-to-node=\"13,9,0,0\" data-index-in-node=\"0\">Carater\u00edsticas principais<\/b><\/span><\/td>\n<td><span data-path-to-node=\"13,9,1,0\"><b data-path-to-node=\"13,9,1,0\" data-index-in-node=\"0\">Esmalte resistente ao desbotamento<\/b>, <b data-path-to-node=\"13,9,1,0\" data-index-in-node=\"22\">Design empilh\u00e1vel<\/b>, <b data-path-to-node=\"13,9,1,0\" data-index-in-node=\"40\">Superf\u00edcie resistente a riscos<\/b><\/span><\/td>\n<\/tr>\n<tr>\n<td><span data-path-to-node=\"13,10,0,0\"><b data-path-to-node=\"13,10,0,0\" data-index-in-node=\"0\">Personaliza\u00e7\u00e3o<\/b><\/span><\/td>\n<td><span data-path-to-node=\"13,10,1,0\">Suporta OEM\/ODM a granel, log\u00f3tipo privado, cores de esmalte e embalagens \u00e0 medida<\/span><\/td>\n<\/tr>\n<tr>\n<td><span data-path-to-node=\"13,11,0,0\"><b data-path-to-node=\"13,11,0,0\" data-index-in-node=\"0\">Norma de seguran\u00e7a<\/b><\/span><\/td>\n<td><span data-path-to-node=\"13,11,1,0\">Certificado sem chumbo, sem c\u00e1dmio e de qualidade alimentar<\/span><\/td>\n<\/tr>\n<\/tbody>\n<\/table>","protected":false},"featured_media":1670,"comment_status":"closed","ping_status":"closed","template":"","meta":{"_acf_changed":false},"market":[],"product_brand":[],"product_cat":[19,35],"product_tag":[],"class_list":{"0":"post-1665","1":"product","2":"type-product","3":"status-publish","4":"has-post-thumbnail","6":"product_cat-custom-dinnerware-manufacturer","7":"product_cat-custom-dinnerware-sets","9":"first","10":"instock","11":"shipping-taxable","12":"product-type-simple"},"acf":[],"_links":{"self":[{"href":"https:\/\/www.qingfaceramic.com\/pt\/wp-json\/wp\/v2\/product\/1665","targetHints":{"allow":["GET"]}}],"collection":[{"href":"https:\/\/www.qingfaceramic.com\/pt\/wp-json\/wp\/v2\/product"}],"about":[{"href":"https:\/\/www.qingfaceramic.com\/pt\/wp-json\/wp\/v2\/types\/product"}],"replies":[{"embeddable":true,"href":"https:\/\/www.qingfaceramic.com\/pt\/wp-json\/wp\/v2\/comments?post=1665"}],"wp:featuredmedia":[{"embeddable":true,"href":"https:\/\/www.qingfaceramic.com\/pt\/wp-json\/wp\/v2\/media\/1670"}],"wp:attachment":[{"href":"https:\/\/www.qingfaceramic.com\/pt\/wp-json\/wp\/v2\/media?parent=1665"}],"wp:term":[{"taxonomy":"market","embeddable":true,"href":"https:\/\/www.qingfaceramic.com\/pt\/wp-json\/wp\/v2\/market?post=1665"},{"taxonomy":"product_brand","embeddable":true,"href":"https:\/\/www.qingfaceramic.com\/pt\/wp-json\/wp\/v2\/product_brand?post=1665"},{"taxonomy":"product_cat","embeddable":true,"href":"https:\/\/www.qingfaceramic.com\/pt\/wp-json\/wp\/v2\/product_cat?post=1665"},{"taxonomy":"product_tag","embeddable":true,"href":"https:\/\/www.qingfaceramic.com\/pt\/wp-json\/wp\/v2\/product_tag?post=1665"}],"curies":[{"name":"wp","href":"https:\/\/api.w.org\/{rel}","templated":true}]}}