{"id":1655,"date":"2026-04-20T08:03:04","date_gmt":"2026-04-20T08:03:04","guid":{"rendered":"https:\/\/www.qingfaceramic.com\/?post_type=product&#038;p=1655"},"modified":"2026-04-20T08:08:36","modified_gmt":"2026-04-20T08:08:36","slug":"custom-christmas-tree-cup","status":"publish","type":"product","link":"https:\/\/www.qingfaceramic.com\/pt\/produto\/custom-christmas-tree-cup\/","title":{"rendered":"Caneca personalizada com \u00e1rvore de Natal | Caneca de f\u00e9rias em cer\u00e2mica em forma de \u00e1rvore com pega dourada"},"content":{"rendered":"<h2 class=\"wp-block-heading\">Carater\u00edsticas do copo personalizado para \u00e1rvore de Natal<\/h2>\n\n\n\n<div class=\"wp-block-columns is-layout-flex wp-container-core-columns-is-layout-9d6595d7 wp-block-columns-is-layout-flex\">\n<div class=\"wp-block-column is-layout-flow wp-block-column-is-layout-flow\">\n<p><strong>Silhueta ic\u00f3nica em forma de \u00e1rvore:<\/strong> Apresenta um design \u00fanico em camadas que imita as camadas de uma \u00e1rvore de Natal, proporcionando uma est\u00e9tica criativa e festiva que se destaca em qualquer prateleira.<\/p>\n\n\n\n<p><strong>Pega de luxo banhada a ouro:<\/strong> Equipado com uma pega ergon\u00f3mica com acabamento em ouro galvanizado de alta qualidade, que confere um contraste sofisticado ao vibrante esmalte festivo.<\/p>\n\n\n\n<p><strong>Esmalte Premium Artisan:<\/strong> Decorado com pontos met\u00e1licos de \u201cornamento\u201d dourados e um acabamento de alto brilho, garantindo que as cores permanecem vivas e resistentes ao desbotamento durante anos de utiliza\u00e7\u00e3o nas f\u00e9rias.<\/p>\n\n\n\n<p><strong>Cer\u00e2mica de qualidade comercial:<\/strong> Fabricado em gr\u00e9s refor\u00e7ado para uma durabilidade e reten\u00e7\u00e3o de calor superiores, ideal para servir tudo, desde cacau quente a lattes festivos.<\/p>\n\n\n\n<p><strong>Personaliza\u00e7\u00e3o profissional:<\/strong> Totalmente adapt\u00e1vel \u00e0s necessidades B2B, incluindo cores personalizadas, coloca\u00e7\u00e3o do log\u00f3tipo na base e embalagem profissional em caixa de presente de Natal.<\/p>\n<\/div>\n\n\n\n<div class=\"wp-block-column is-layout-flow wp-block-column-is-layout-flow\">\n<figure class=\"wp-block-image size-full\"><img decoding=\"async\" width=\"800\" height=\"800\" src=\"https:\/\/www.qingfaceramic.com\/wp-content\/uploads\/2026\/04\/Custom-Christmas-Tree-Cup11.webp\" alt=\"Copo para \u00e1rvore de Natal personalizado11\" class=\"wp-image-1663\" srcset=\"https:\/\/www.qingfaceramic.com\/wp-content\/uploads\/2026\/04\/Custom-Christmas-Tree-Cup11.webp 800w, https:\/\/www.qingfaceramic.com\/wp-content\/uploads\/2026\/04\/Custom-Christmas-Tree-Cup11-300x300.webp 300w, https:\/\/www.qingfaceramic.com\/wp-content\/uploads\/2026\/04\/Custom-Christmas-Tree-Cup11-150x150.webp 150w, https:\/\/www.qingfaceramic.com\/wp-content\/uploads\/2026\/04\/Custom-Christmas-Tree-Cup11-768x768.webp 768w, https:\/\/www.qingfaceramic.com\/wp-content\/uploads\/2026\/04\/Custom-Christmas-Tree-Cup11-12x12.webp 12w, https:\/\/www.qingfaceramic.com\/wp-content\/uploads\/2026\/04\/Custom-Christmas-Tree-Cup11-600x600.webp 600w, https:\/\/www.qingfaceramic.com\/wp-content\/uploads\/2026\/04\/Custom-Christmas-Tree-Cup11-100x100.webp 100w\" sizes=\"(max-width: 800px) 100vw, 800px\" \/><\/figure>\n<\/div>\n<\/div>\n\n\n\n<div class=\"wp-block-columns is-layout-flex wp-container-core-columns-is-layout-9d6595d7 wp-block-columns-is-layout-flex\">\n<div class=\"wp-block-column is-layout-flow wp-block-column-is-layout-flow\"><\/div>\n\n\n\n<div class=\"wp-block-column is-layout-flow wp-block-column-is-layout-flow\"><\/div>\n<\/div>","protected":false},"excerpt":{"rendered":"<p data-start=\"428\" data-end=\"756\">Traga a magia das f\u00e9rias para a mesa com esta ch\u00e1vena personalizada em forma de \u00e1rvore de Natal. Concebida com uma silhueta distinta em camadas que imita na perfei\u00e7\u00e3o uma \u00e1rvore festiva, esta caneca de cer\u00e2mica de qualidade superior apresenta uma pega dourada luxuosa e pormenores elegantes, o que a torna uma pe\u00e7a de destaque para marcas sazonais e colec\u00e7\u00f5es de presentes.<\/p>\n<h2>Copo para \u00e1rvore de Natal personalizado Par\u00e2metro<\/h2>\n<table data-path-to-node=\"4\">\n<thead>\n<tr>\n<td><strong>Artigo<\/strong><\/td>\n<td><strong>Dados t\u00e9cnicos<\/strong><\/td>\n<\/tr>\n<\/thead>\n<tbody>\n<tr>\n<td><span data-path-to-node=\"4,1,0,0\"><b data-path-to-node=\"4,1,0,0\" data-index-in-node=\"0\">Nome do produto<\/b><\/span><\/td>\n<td><span data-path-to-node=\"4,1,1,0\">Copo para \u00e1rvore de Natal personalizado<\/span><\/td>\n<\/tr>\n<tr>\n<td><span data-path-to-node=\"4,2,0,0\"><b data-path-to-node=\"4,2,0,0\" data-index-in-node=\"0\">Material<\/b><\/span><\/td>\n<td><span data-path-to-node=\"4,2,1,0\">Cer\u00e2mica refor\u00e7ada de alta qualidade \/ Gr\u00e9s de alta qualidade<\/span><\/td>\n<\/tr>\n<tr>\n<td><span data-path-to-node=\"4,3,0,0\"><b data-path-to-node=\"4,3,0,0\" data-index-in-node=\"0\">Forma do desenho<\/b><\/span><\/td>\n<td><span data-path-to-node=\"4,3,1,0\">Silhueta de \u00e1rvore de Natal estilizada em camadas<\/span><\/td>\n<\/tr>\n<tr>\n<td><span data-path-to-node=\"4,4,0,0\"><b data-path-to-node=\"4,4,0,0\" data-index-in-node=\"0\">Artesanato de cabos<\/b><\/span><\/td>\n<td><span data-path-to-node=\"4,4,1,0\">Pega em C ergon\u00f3mica com acabamento em ouro galvanizado de luxo<\/span><\/td>\n<\/tr>\n<tr>\n<td><span data-path-to-node=\"4,5,0,0\"><b data-path-to-node=\"4,5,0,0\" data-index-in-node=\"0\">Acabamento<\/b><\/span><\/td>\n<td><span data-path-to-node=\"4,5,1,0\">Esmalte vitrificado de alto brilho com detalhes em ouro met\u00e1lico \u201cOrnamento\u201d<\/span><\/td>\n<\/tr>\n<tr>\n<td><span data-path-to-node=\"4,6,0,0\"><b data-path-to-node=\"4,6,0,0\" data-index-in-node=\"0\">Estilo do aro<\/b><\/span><\/td>\n<td><span data-path-to-node=\"4,6,1,0\">Rebordo ondulado recortado (imitando as camadas das copas das \u00e1rvores)<\/span><\/td>\n<\/tr>\n<tr>\n<td><span data-path-to-node=\"4,7,0,0\"><b data-path-to-node=\"4,7,0,0\" data-index-in-node=\"0\">Op\u00e7\u00f5es de cores<\/b><\/span><\/td>\n<td><span data-path-to-node=\"4,7,1,0\">Verde floresta, vermelho festivo (cores de esmalte personalizadas dispon\u00edveis)<\/span><\/td>\n<\/tr>\n<tr>\n<td><span data-path-to-node=\"4,8,0,0\"><b data-path-to-node=\"4,8,0,0\" data-index-in-node=\"0\">Textura do corpo<\/b><\/span><\/td>\n<td><span data-path-to-node=\"4,8,1,0\">Moldura ondulada horizontal de 3 n\u00edveis<\/span><\/td>\n<\/tr>\n<tr>\n<td><span data-path-to-node=\"4,9,0,0\"><b data-path-to-node=\"4,9,0,0\" data-index-in-node=\"0\">Carater\u00edsticas principais<\/b><\/span><\/td>\n<td><span data-path-to-node=\"4,9,1,0\"><b data-path-to-node=\"4,9,1,0\" data-index-in-node=\"0\">Esmalte resistente ao desbotamento<\/b>, <b data-path-to-node=\"4,9,1,0\" data-index-in-node=\"22\">Elevada reten\u00e7\u00e3o t\u00e9rmica<\/b>, <b data-path-to-node=\"4,9,1,0\" data-index-in-node=\"46\">Resistente a lascas<\/b><\/span><\/td>\n<\/tr>\n<tr>\n<td><span data-path-to-node=\"4,10,0,0\"><b data-path-to-node=\"4,10,0,0\" data-index-in-node=\"0\">Artesanato<\/b><\/span><\/td>\n<td><span data-path-to-node=\"4,10,1,0\">Cer\u00e2mica cozida a alta temperatura + revestimento i\u00f3nico sob v\u00e1cuo<\/span><\/td>\n<\/tr>\n<tr>\n<td><span data-path-to-node=\"4,11,0,0\"><b data-path-to-node=\"4,11,0,0\" data-index-in-node=\"0\">Personaliza\u00e7\u00e3o<\/b><\/span><\/td>\n<td><span data-path-to-node=\"4,11,1,0\">Suporta OEM\/ODM a granel, log\u00f3tipo privado e embalagens \u00e0 medida<\/span><\/td>\n<\/tr>\n<tr>\n<td><span data-path-to-node=\"4,12,0,0\"><b data-path-to-node=\"4,12,0,0\" data-index-in-node=\"0\">Norma de seguran\u00e7a<\/b><\/span><\/td>\n<td><span data-path-to-node=\"4,12,1,0\">Certificado sem chumbo, sem c\u00e1dmio e de qualidade alimentar<\/span><\/td>\n<\/tr>\n<\/tbody>\n<\/table>","protected":false},"featured_media":1657,"comment_status":"closed","ping_status":"closed","template":"","meta":{"_acf_changed":false},"market":[],"product_brand":[],"product_cat":[17,28],"product_tag":[],"class_list":{"0":"post-1655","1":"product","2":"type-product","3":"status-publish","4":"has-post-thumbnail","6":"product_cat-custom-coffee-cups","7":"product_cat-custom-coffee-mugs","9":"first","10":"instock","11":"shipping-taxable","12":"product-type-simple"},"acf":[],"_links":{"self":[{"href":"https:\/\/www.qingfaceramic.com\/pt\/wp-json\/wp\/v2\/product\/1655","targetHints":{"allow":["GET"]}}],"collection":[{"href":"https:\/\/www.qingfaceramic.com\/pt\/wp-json\/wp\/v2\/product"}],"about":[{"href":"https:\/\/www.qingfaceramic.com\/pt\/wp-json\/wp\/v2\/types\/product"}],"replies":[{"embeddable":true,"href":"https:\/\/www.qingfaceramic.com\/pt\/wp-json\/wp\/v2\/comments?post=1655"}],"wp:featuredmedia":[{"embeddable":true,"href":"https:\/\/www.qingfaceramic.com\/pt\/wp-json\/wp\/v2\/media\/1657"}],"wp:attachment":[{"href":"https:\/\/www.qingfaceramic.com\/pt\/wp-json\/wp\/v2\/media?parent=1655"}],"wp:term":[{"taxonomy":"market","embeddable":true,"href":"https:\/\/www.qingfaceramic.com\/pt\/wp-json\/wp\/v2\/market?post=1655"},{"taxonomy":"product_brand","embeddable":true,"href":"https:\/\/www.qingfaceramic.com\/pt\/wp-json\/wp\/v2\/product_brand?post=1655"},{"taxonomy":"product_cat","embeddable":true,"href":"https:\/\/www.qingfaceramic.com\/pt\/wp-json\/wp\/v2\/product_cat?post=1655"},{"taxonomy":"product_tag","embeddable":true,"href":"https:\/\/www.qingfaceramic.com\/pt\/wp-json\/wp\/v2\/product_tag?post=1655"}],"curies":[{"name":"wp","href":"https:\/\/api.w.org\/{rel}","templated":true}]}}