{"id":1646,"date":"2026-04-20T07:44:50","date_gmt":"2026-04-20T07:44:50","guid":{"rendered":"https:\/\/www.qingfaceramic.com\/?post_type=product&#038;p=1646"},"modified":"2026-04-20T07:53:58","modified_gmt":"2026-04-20T07:53:58","slug":"custom-christmas-mug-creative-ceramic-holiday-mug","status":"publish","type":"product","link":"https:\/\/www.qingfaceramic.com\/pt\/produto\/custom-christmas-mug-creative-ceramic-holiday-mug\/","title":{"rendered":"Caneca de Natal personalizada Caneca de f\u00e9rias em cer\u00e2mica criativa com base de pedestal"},"content":{"rendered":"<h2 class=\"wp-block-heading\">Carater\u00edsticas da caneca de Natal personalizada<\/h2>\n\n\n\n<div class=\"wp-block-columns is-layout-flex wp-container-core-columns-is-layout-9d6595d7 wp-block-columns-is-layout-flex\">\n<div class=\"wp-block-column is-layout-flow wp-block-column-is-layout-flow\">\n<p><strong>Design criativo para f\u00e9rias<\/strong><br>A base de pedestal elevada \u00fanica e a forma de boca larga criam uma experi\u00eancia festiva distinta e apelativa.<\/p>\n\n\n\n<p><strong>Constru\u00e7\u00e3o em cer\u00e2mica de alta qualidade<\/strong><br>Fabricado em cer\u00e2mica dur\u00e1vel ou porcelana de ossos nova com um acabamento vidrado suave para uma utiliza\u00e7\u00e3o duradoura e um aspeto requintado.<\/p>\n\n\n\n<p><strong>Detalhe oculto interativo<\/strong><br>O elemento interior 3D incorporado acrescenta um toque divertido e surpreendente, melhorando a experi\u00eancia do utilizador e o atrativo da oferta.<\/p>\n\n\n\n<p><strong>Utiliza\u00e7\u00e3o confort\u00e1vel e funcional<\/strong><br>A pega ergon\u00f3mica em forma de C e o design com isolamento t\u00e9rmico garantem uma pega confort\u00e1vel e uma experi\u00eancia de consumo agrad\u00e1vel.<\/p>\n\n\n\n<p><strong>Pronto para personaliza\u00e7\u00e3o OEM\/ODM<\/strong><br>Suporta cores, padr\u00f5es, formas e embalagens de oferta personalizadas, ideais para colec\u00e7\u00f5es sazonais e mercadorias de marca.<\/p>\n<\/div>\n\n\n\n<div class=\"wp-block-column is-layout-flow wp-block-column-is-layout-flow\">\n<figure class=\"wp-block-image size-full\"><img decoding=\"async\" width=\"800\" height=\"800\" src=\"https:\/\/www.qingfaceramic.com\/wp-content\/uploads\/2026\/04\/Custom-Christmas-Mug3.webp\" alt=\"Caneca de Natal personalizada3\" class=\"wp-image-1648\" srcset=\"https:\/\/www.qingfaceramic.com\/wp-content\/uploads\/2026\/04\/Custom-Christmas-Mug3.webp 800w, https:\/\/www.qingfaceramic.com\/wp-content\/uploads\/2026\/04\/Custom-Christmas-Mug3-300x300.webp 300w, https:\/\/www.qingfaceramic.com\/wp-content\/uploads\/2026\/04\/Custom-Christmas-Mug3-150x150.webp 150w, https:\/\/www.qingfaceramic.com\/wp-content\/uploads\/2026\/04\/Custom-Christmas-Mug3-768x768.webp 768w, https:\/\/www.qingfaceramic.com\/wp-content\/uploads\/2026\/04\/Custom-Christmas-Mug3-12x12.webp 12w, https:\/\/www.qingfaceramic.com\/wp-content\/uploads\/2026\/04\/Custom-Christmas-Mug3-600x600.webp 600w, https:\/\/www.qingfaceramic.com\/wp-content\/uploads\/2026\/04\/Custom-Christmas-Mug3-100x100.webp 100w\" sizes=\"(max-width: 800px) 100vw, 800px\" \/><\/figure>\n<\/div>\n<\/div>\n\n\n\n<div class=\"wp-block-columns is-layout-flex wp-container-core-columns-is-layout-9d6595d7 wp-block-columns-is-layout-flex\">\n<div class=\"wp-block-column is-layout-flow wp-block-column-is-layout-flow\"><\/div>\n\n\n\n<div class=\"wp-block-column is-layout-flow wp-block-column-is-layout-flow\"><\/div>\n<\/div>","protected":false},"excerpt":{"rendered":"<p data-start=\"428\" data-end=\"756\">A nossa caneca de Natal personalizada apresenta um design de pedestal criativo com um acabamento em cer\u00e2mica de alto brilho, ideal para bebidas festivas, presentes de Natal e marca personalizada OEM.<\/p>\n<h2>Par\u00e2metro de caneca de Natal personalizada<\/h2>\n<table data-path-to-node=\"1\">\n<thead>\n<tr>\n<td><strong>Artigo<\/strong><\/td>\n<td><strong>Dados t\u00e9cnicos<\/strong><\/td>\n<\/tr>\n<\/thead>\n<tbody>\n<tr>\n<td><span data-path-to-node=\"1,1,0,0\"><b data-path-to-node=\"1,1,0,0\" data-index-in-node=\"0\">Nome do produto<\/b><\/span><\/td>\n<td><span data-path-to-node=\"1,1,1,0\">\u00a0Caneca de Natal<\/span><\/td>\n<\/tr>\n<tr>\n<td><span data-path-to-node=\"1,2,0,0\"><b data-path-to-node=\"1,2,0,0\" data-index-in-node=\"0\">Material<\/b><\/span><\/td>\n<td><span data-path-to-node=\"1,2,1,0\">Cer\u00e2mica dur\u00e1vel de alta qualidade \/ New Bone China<\/span><\/td>\n<\/tr>\n<tr>\n<td><span data-path-to-node=\"1,3,0,0\"><b data-path-to-node=\"1,3,0,0\" data-index-in-node=\"0\">Estilo de design<\/b><\/span><\/td>\n<td><span data-path-to-node=\"1,3,1,0\">Temas festivos de f\u00e9rias (Gingerbread Man, Snowflakes, Polka Dots)<\/span><\/td>\n<\/tr>\n<tr>\n<td><span data-path-to-node=\"1,4,0,0\"><b data-path-to-node=\"1,4,0,0\" data-index-in-node=\"0\">Estrutura do corpo<\/b><\/span><\/td>\n<td><span data-path-to-node=\"1,4,1,0\">Forma de ta\u00e7a de boca larga com base de pedestal elevada e elegante<\/span><\/td>\n<\/tr>\n<tr>\n<td><span data-path-to-node=\"1,5,0,0\"><b data-path-to-node=\"1,5,0,0\" data-index-in-node=\"0\">Tipo de pega<\/b><\/span><\/td>\n<td><span data-path-to-node=\"1,5,1,0\">Pega ergon\u00f3mica em forma de C de f\u00e1cil ader\u00eancia<\/span><\/td>\n<\/tr>\n<tr>\n<td><span data-path-to-node=\"1,6,0,0\"><b data-path-to-node=\"1,6,0,0\" data-index-in-node=\"0\">Acabamento<\/b><\/span><\/td>\n<td><span data-path-to-node=\"1,6,1,0\">Esmalte liso de alto brilho com letras douradas met\u00e1licas<\/span><\/td>\n<\/tr>\n<tr>\n<td><span data-path-to-node=\"1,7,0,0\"><b data-path-to-node=\"1,7,0,0\" data-index-in-node=\"0\">Op\u00e7\u00f5es de cores<\/b><\/span><\/td>\n<td><span data-path-to-node=\"1,7,1,0\">Vermelho festivo, verde floresta, branco cremoso<\/span><\/td>\n<\/tr>\n<tr>\n<td><span data-path-to-node=\"1,8,0,0\"><b data-path-to-node=\"1,8,0,0\" data-index-in-node=\"0\">Pormenores internos<\/b><\/span><\/td>\n<td><span data-path-to-node=\"1,8,1,0\">Miniaturas 3D \u201cSurpresa Escondida\u201d (por exemplo, Gingerbread Man)<\/span><\/td>\n<\/tr>\n<tr>\n<td><span data-path-to-node=\"1,9,0,0\"><b data-path-to-node=\"1,9,0,0\" data-index-in-node=\"0\">Carater\u00edsticas principais<\/b><\/span><\/td>\n<td><span data-path-to-node=\"1,9,1,0\"><b data-path-to-node=\"1,9,1,0\" data-index-in-node=\"0\">Design empilh\u00e1vel<\/b>, <b data-path-to-node=\"1,9,1,0\" data-index-in-node=\"18\">Isolamento t\u00e9rmico<\/b>, <b data-path-to-node=\"1,9,1,0\" data-index-in-node=\"38\">Cores vibrantes e resistentes ao desbotamento<\/b><\/span><\/td>\n<\/tr>\n<tr>\n<td><span data-path-to-node=\"1,10,0,0\"><b data-path-to-node=\"1,10,0,0\" data-index-in-node=\"0\">Personaliza\u00e7\u00e3o<\/b><\/span><\/td>\n<td><span data-path-to-node=\"1,10,1,0\">Suporta OEM\/ODM a granel (padr\u00f5es, formas e embalagens de oferta personalizadas)<\/span><\/td>\n<\/tr>\n<tr>\n<td><span data-path-to-node=\"1,11,0,0\"><b data-path-to-node=\"1,11,0,0\" data-index-in-node=\"0\">Norma de seguran\u00e7a<\/b><\/span><\/td>\n<td><span data-path-to-node=\"1,11,1,0\">Certificado sem chumbo, sem c\u00e1dmio e de qualidade alimentar<\/span><\/td>\n<\/tr>\n<\/tbody>\n<\/table>","protected":false},"featured_media":1649,"comment_status":"closed","ping_status":"closed","template":"","meta":{"_acf_changed":false},"market":[],"product_brand":[],"product_cat":[17,28],"product_tag":[],"class_list":{"0":"post-1646","1":"product","2":"type-product","3":"status-publish","4":"has-post-thumbnail","6":"product_cat-custom-coffee-cups","7":"product_cat-custom-coffee-mugs","9":"first","10":"instock","11":"shipping-taxable","12":"product-type-simple"},"acf":[],"_links":{"self":[{"href":"https:\/\/www.qingfaceramic.com\/pt\/wp-json\/wp\/v2\/product\/1646","targetHints":{"allow":["GET"]}}],"collection":[{"href":"https:\/\/www.qingfaceramic.com\/pt\/wp-json\/wp\/v2\/product"}],"about":[{"href":"https:\/\/www.qingfaceramic.com\/pt\/wp-json\/wp\/v2\/types\/product"}],"replies":[{"embeddable":true,"href":"https:\/\/www.qingfaceramic.com\/pt\/wp-json\/wp\/v2\/comments?post=1646"}],"wp:featuredmedia":[{"embeddable":true,"href":"https:\/\/www.qingfaceramic.com\/pt\/wp-json\/wp\/v2\/media\/1649"}],"wp:attachment":[{"href":"https:\/\/www.qingfaceramic.com\/pt\/wp-json\/wp\/v2\/media?parent=1646"}],"wp:term":[{"taxonomy":"market","embeddable":true,"href":"https:\/\/www.qingfaceramic.com\/pt\/wp-json\/wp\/v2\/market?post=1646"},{"taxonomy":"product_brand","embeddable":true,"href":"https:\/\/www.qingfaceramic.com\/pt\/wp-json\/wp\/v2\/product_brand?post=1646"},{"taxonomy":"product_cat","embeddable":true,"href":"https:\/\/www.qingfaceramic.com\/pt\/wp-json\/wp\/v2\/product_cat?post=1646"},{"taxonomy":"product_tag","embeddable":true,"href":"https:\/\/www.qingfaceramic.com\/pt\/wp-json\/wp\/v2\/product_tag?post=1646"}],"curies":[{"name":"wp","href":"https:\/\/api.w.org\/{rel}","templated":true}]}}