{"id":1625,"date":"2026-04-18T10:13:31","date_gmt":"2026-04-18T10:13:31","guid":{"rendered":"https:\/\/www.qingfaceramic.com\/?post_type=product&#038;p=1625"},"modified":"2026-04-20T07:44:27","modified_gmt":"2026-04-20T07:44:27","slug":"custom-jujube-bowl-coffee-cup-set","status":"publish","type":"product","link":"https:\/\/www.qingfaceramic.com\/pt\/produto\/custom-jujube-bowl-coffee-cup-set\/","title":{"rendered":"Conjunto de ch\u00e1venas de caf\u00e9 com ta\u00e7a de jujuba personalizada"},"content":{"rendered":"<h2 class=\"wp-block-heading\">Carater\u00edsticas do Conjunto personalizado de ch\u00e1venas de caf\u00e9 Jujuba Bowl <\/h2>\n\n\n\n<div class=\"wp-block-columns is-layout-flex wp-container-core-columns-is-layout-9d6595d7 wp-block-columns-is-layout-flex\">\n<div class=\"wp-block-column is-layout-flow wp-block-column-is-layout-flow\">\n<p>1<strong>. Design inovador de servi\u00e7o tudo-em-um<\/strong><br>Uma ta\u00e7a de jujuba com tampa central e 6 ch\u00e1venas de caf\u00e9 integradas, combinando servir, armazenar e apresentar numa \u00fanica estrutura elegante.<\/p>\n\n\n\n<p><strong>2. Constru\u00e7\u00e3o em cer\u00e2mica de alta qualidade<\/strong><br>Fabricado em gr\u00e9s dur\u00e1vel com cozedura a alta temperatura, garantindo for\u00e7a, resist\u00eancia a lascas e utiliza\u00e7\u00e3o comercial a longo prazo.<\/p>\n\n\n\n<p><strong>3. Pormenores culturais da palmeira em relevo<\/strong><br>O artesanato refinado em relevo acrescenta uma est\u00e9tica distinta inspirada no M\u00e9dio Oriente, refor\u00e7ando a riqueza visual e a identidade cultural.<\/p>\n\n\n\n<p><strong>4. Acabamento em esmalte vitrificado de alto brilho<\/strong><br>A superf\u00edcie lisa e brilhante proporciona um aspeto de primeira qualidade, ao mesmo tempo que oferece uma excelente resist\u00eancia \u00e0s manchas e um desempenho de limpeza f\u00e1cil.<\/p>\n\n\n\n<p><strong>5. Suporte \u00e0 personaliza\u00e7\u00e3o OEM\/ODM<\/strong><br>Op\u00e7\u00f5es flex\u00edveis de personaliza\u00e7\u00e3o, incluindo cores de esmalte, impress\u00e3o de log\u00f3tipos e design de embalagens para projectos de marcas e vendas por grosso.<\/p>\n<\/div>\n\n\n\n<div class=\"wp-block-column is-layout-flow wp-block-column-is-layout-flow\">\n<figure class=\"wp-block-image size-full\"><img decoding=\"async\" width=\"800\" height=\"800\" src=\"https:\/\/www.qingfaceramic.com\/wp-content\/uploads\/2026\/04\/Custom-Jujube-Bowl-Coffee-Cup-Set7.webp\" alt=\"Conjunto de ch\u00e1venas de caf\u00e9 com ta\u00e7a de jujuba personalizada7\" class=\"wp-image-1632\" srcset=\"https:\/\/www.qingfaceramic.com\/wp-content\/uploads\/2026\/04\/Custom-Jujube-Bowl-Coffee-Cup-Set7.webp 800w, https:\/\/www.qingfaceramic.com\/wp-content\/uploads\/2026\/04\/Custom-Jujube-Bowl-Coffee-Cup-Set7-300x300.webp 300w, https:\/\/www.qingfaceramic.com\/wp-content\/uploads\/2026\/04\/Custom-Jujube-Bowl-Coffee-Cup-Set7-150x150.webp 150w, https:\/\/www.qingfaceramic.com\/wp-content\/uploads\/2026\/04\/Custom-Jujube-Bowl-Coffee-Cup-Set7-768x768.webp 768w, https:\/\/www.qingfaceramic.com\/wp-content\/uploads\/2026\/04\/Custom-Jujube-Bowl-Coffee-Cup-Set7-12x12.webp 12w, https:\/\/www.qingfaceramic.com\/wp-content\/uploads\/2026\/04\/Custom-Jujube-Bowl-Coffee-Cup-Set7-600x600.webp 600w, https:\/\/www.qingfaceramic.com\/wp-content\/uploads\/2026\/04\/Custom-Jujube-Bowl-Coffee-Cup-Set7-100x100.webp 100w\" sizes=\"(max-width: 800px) 100vw, 800px\" \/><\/figure>\n\n\n\n<figure class=\"wp-block-image size-full\"><img decoding=\"async\" width=\"750\" height=\"531\" src=\"https:\/\/www.qingfaceramic.com\/wp-content\/uploads\/2026\/01\/custom-ceramic-coffee-mug6.webp\" alt=\"caneca de caf\u00e9 em cer\u00e2mica personalizada6\" class=\"wp-image-609\" srcset=\"https:\/\/www.qingfaceramic.com\/wp-content\/uploads\/2026\/01\/custom-ceramic-coffee-mug6.webp 750w, https:\/\/www.qingfaceramic.com\/wp-content\/uploads\/2026\/01\/custom-ceramic-coffee-mug6-300x212.webp 300w, https:\/\/www.qingfaceramic.com\/wp-content\/uploads\/2026\/01\/custom-ceramic-coffee-mug6-600x425.webp 600w\" sizes=\"(max-width: 750px) 100vw, 750px\" \/><\/figure>\n<\/div>\n<\/div>\n\n\n\n<div class=\"wp-block-columns is-layout-flex wp-container-core-columns-is-layout-9d6595d7 wp-block-columns-is-layout-flex\">\n<div class=\"wp-block-column is-layout-flow wp-block-column-is-layout-flow\">\n<figure class=\"wp-block-image size-full\"><img decoding=\"async\" width=\"750\" height=\"582\" src=\"https:\/\/www.qingfaceramic.com\/wp-content\/uploads\/2026\/01\/custom-ceramic-coffee-mug8.webp\" alt=\"caneca de caf\u00e9 em cer\u00e2mica personalizada8\" class=\"wp-image-611\" srcset=\"https:\/\/www.qingfaceramic.com\/wp-content\/uploads\/2026\/01\/custom-ceramic-coffee-mug8.webp 750w, https:\/\/www.qingfaceramic.com\/wp-content\/uploads\/2026\/01\/custom-ceramic-coffee-mug8-300x233.webp 300w, https:\/\/www.qingfaceramic.com\/wp-content\/uploads\/2026\/01\/custom-ceramic-coffee-mug8-600x466.webp 600w\" sizes=\"(max-width: 750px) 100vw, 750px\" \/><\/figure>\n<\/div>\n\n\n\n<div class=\"wp-block-column is-layout-flow wp-block-column-is-layout-flow\">\n<figure class=\"wp-block-image size-full\"><img decoding=\"async\" width=\"988\" height=\"988\" src=\"https:\/\/www.qingfaceramic.com\/wp-content\/uploads\/2026\/01\/Custom-Ceramic-Coffee-Mug1.webp\" alt=\"Caneca de caf\u00e9 de cer\u00e2mica personalizada1\" class=\"wp-image-608\" srcset=\"https:\/\/www.qingfaceramic.com\/wp-content\/uploads\/2026\/01\/Custom-Ceramic-Coffee-Mug1.webp 988w, https:\/\/www.qingfaceramic.com\/wp-content\/uploads\/2026\/01\/Custom-Ceramic-Coffee-Mug1-300x300.webp 300w, https:\/\/www.qingfaceramic.com\/wp-content\/uploads\/2026\/01\/Custom-Ceramic-Coffee-Mug1-150x150.webp 150w, https:\/\/www.qingfaceramic.com\/wp-content\/uploads\/2026\/01\/Custom-Ceramic-Coffee-Mug1-768x768.webp 768w, https:\/\/www.qingfaceramic.com\/wp-content\/uploads\/2026\/01\/Custom-Ceramic-Coffee-Mug1-600x600.webp 600w, https:\/\/www.qingfaceramic.com\/wp-content\/uploads\/2026\/01\/Custom-Ceramic-Coffee-Mug1-100x100.webp 100w\" sizes=\"(max-width: 988px) 100vw, 988px\" \/><\/figure>\n<\/div>\n<\/div>","protected":false},"excerpt":{"rendered":"<p>O nosso conjunto personalizado de ch\u00e1venas de caf\u00e9 com ta\u00e7a de jujuba apresenta um design inovador de servi\u00e7o tudo-em-um inspirado na hospitalidade tradicional do M\u00e9dio Oriente, combinando o artesanato em cer\u00e2mica de palmeira em relevo com uma estrutura integrada moderna, ideal para um servi\u00e7o de ch\u00e1 e caf\u00e9 de luxo, ambientes de hospitalidade de boutique e colec\u00e7\u00f5es de presentes culturais de primeira qualidade.<\/p>\n<h2>Conjunto de ch\u00e1venas de caf\u00e9 com ta\u00e7a de jujuba personalizada Par\u00e2metro<\/h2>\n<table data-path-to-node=\"1\">\n<thead>\n<tr>\n<td><strong>Artigo<\/strong><\/td>\n<td><strong>Dados t\u00e9cnicos<\/strong><\/td>\n<\/tr>\n<\/thead>\n<tbody>\n<tr>\n<td><span data-path-to-node=\"1,1,0,0\"><b data-path-to-node=\"1,1,0,0\" data-index-in-node=\"0\">Nome do produto<\/b><\/span><\/td>\n<td><span data-path-to-node=\"1,1,1,0\">Conjunto de ch\u00e1venas de caf\u00e9 Jujuba Bowl<\/span><\/td>\n<\/tr>\n<tr>\n<td><span data-path-to-node=\"1,2,0,0\"><b data-path-to-node=\"1,2,0,0\" data-index-in-node=\"0\">Material<\/b><\/span><\/td>\n<td><span data-path-to-node=\"1,2,1,0\">Cer\u00e2mica Premium de cozedura alta \/ Gr\u00e9s fino<\/span><\/td>\n<\/tr>\n<tr>\n<td><span data-path-to-node=\"1,3,0,0\"><b data-path-to-node=\"1,3,0,0\" data-index-in-node=\"0\">Componentes do conjunto<\/b><\/span><\/td>\n<td><span data-path-to-node=\"1,3,1,0\">1 ta\u00e7a de jujuba central com tampa + 6 ch\u00e1venas de caf\u00e9 integradas (Fincans)<\/span><\/td>\n<\/tr>\n<tr>\n<td><span data-path-to-node=\"1,4,0,0\"><b data-path-to-node=\"1,4,0,0\" data-index-in-node=\"0\">Motivo de design<\/b><\/span><\/td>\n<td><span data-path-to-node=\"1,4,1,0\">Padr\u00f5es de relevo de palmeiras em relevo<\/span><\/td>\n<\/tr>\n<tr>\n<td><span data-path-to-node=\"1,5,0,0\"><b data-path-to-node=\"1,5,0,0\" data-index-in-node=\"0\">Acabamento<\/b><\/span><\/td>\n<td><span data-path-to-node=\"1,5,1,0\">Esmalte vitrificado de alto brilho<\/span><\/td>\n<\/tr>\n<tr>\n<td><span data-path-to-node=\"1,6,0,0\"><b data-path-to-node=\"1,6,0,0\" data-index-in-node=\"0\">Op\u00e7\u00f5es de cores<\/b><\/span><\/td>\n<td><span data-path-to-node=\"1,6,1,0\">Verde azeitona, Bege areia, Azul ard\u00f3sia, Branco cl\u00e1ssico<\/span><\/td>\n<\/tr>\n<tr>\n<td><span data-path-to-node=\"1,7,0,0\"><b data-path-to-node=\"1,7,0,0\" data-index-in-node=\"0\">Estrutura<\/b><\/span><\/td>\n<td><span data-path-to-node=\"1,7,1,0\">Tabuleiro de servir tudo-em-um com tampa em forma de c\u00fapula para maior frescura<\/span><\/td>\n<\/tr>\n<tr>\n<td><span data-path-to-node=\"1,8,0,0\"><b data-path-to-node=\"1,8,0,0\" data-index-in-node=\"0\">Artesanato<\/b><\/span><\/td>\n<td><span data-path-to-node=\"1,8,1,0\">Durabilidade de n\u00edvel comercial; superf\u00edcie resistente a lascas<\/span><\/td>\n<\/tr>\n<tr>\n<td><span data-path-to-node=\"1,9,0,0\"><b data-path-to-node=\"1,9,0,0\" data-index-in-node=\"0\">Carater\u00edsticas principais<\/b><\/span><\/td>\n<td><span data-path-to-node=\"1,9,1,0\"><b data-path-to-node=\"1,9,1,0\" data-index-in-node=\"0\">Design integrado que poupa espa\u00e7o<\/b>, <b data-path-to-node=\"1,9,1,0\" data-index-in-node=\"32\">Reten\u00e7\u00e3o t\u00e9rmica<\/b>, <b data-path-to-node=\"1,9,1,0\" data-index-in-node=\"51\">Est\u00e9tica cultural<\/b><\/span><\/td>\n<\/tr>\n<tr>\n<td><span data-path-to-node=\"1,10,0,0\"><b data-path-to-node=\"1,10,0,0\" data-index-in-node=\"0\">Personaliza\u00e7\u00e3o<\/b><\/span><\/td>\n<td><span data-path-to-node=\"1,10,1,0\">Suporta OEM\/ODM a granel, cores de esmalte \u00e0 medida e impress\u00e3o de log\u00f3tipo<\/span><\/td>\n<\/tr>\n<tr>\n<td><span data-path-to-node=\"1,11,0,0\"><b data-path-to-node=\"1,11,0,0\" data-index-in-node=\"0\">Norma de seguran\u00e7a<\/b><\/span><\/td>\n<td><span data-path-to-node=\"1,11,1,0\">Certificado sem chumbo, sem c\u00e1dmio e de qualidade alimentar<\/span><\/td>\n<\/tr>\n<\/tbody>\n<\/table>","protected":false},"featured_media":1627,"comment_status":"closed","ping_status":"closed","template":"","meta":{"_acf_changed":false},"market":[42],"product_brand":[],"product_cat":[17,28],"product_tag":[],"class_list":{"0":"post-1625","1":"product","2":"type-product","3":"status-publish","4":"has-post-thumbnail","6":"market-middle-east-market","7":"product_cat-custom-coffee-cups","8":"product_cat-custom-coffee-mugs","10":"first","11":"instock","12":"shipping-taxable","13":"product-type-simple"},"acf":[],"_links":{"self":[{"href":"https:\/\/www.qingfaceramic.com\/pt\/wp-json\/wp\/v2\/product\/1625","targetHints":{"allow":["GET"]}}],"collection":[{"href":"https:\/\/www.qingfaceramic.com\/pt\/wp-json\/wp\/v2\/product"}],"about":[{"href":"https:\/\/www.qingfaceramic.com\/pt\/wp-json\/wp\/v2\/types\/product"}],"replies":[{"embeddable":true,"href":"https:\/\/www.qingfaceramic.com\/pt\/wp-json\/wp\/v2\/comments?post=1625"}],"wp:featuredmedia":[{"embeddable":true,"href":"https:\/\/www.qingfaceramic.com\/pt\/wp-json\/wp\/v2\/media\/1627"}],"wp:attachment":[{"href":"https:\/\/www.qingfaceramic.com\/pt\/wp-json\/wp\/v2\/media?parent=1625"}],"wp:term":[{"taxonomy":"market","embeddable":true,"href":"https:\/\/www.qingfaceramic.com\/pt\/wp-json\/wp\/v2\/market?post=1625"},{"taxonomy":"product_brand","embeddable":true,"href":"https:\/\/www.qingfaceramic.com\/pt\/wp-json\/wp\/v2\/product_brand?post=1625"},{"taxonomy":"product_cat","embeddable":true,"href":"https:\/\/www.qingfaceramic.com\/pt\/wp-json\/wp\/v2\/product_cat?post=1625"},{"taxonomy":"product_tag","embeddable":true,"href":"https:\/\/www.qingfaceramic.com\/pt\/wp-json\/wp\/v2\/product_tag?post=1625"}],"curies":[{"name":"wp","href":"https:\/\/api.w.org\/{rel}","templated":true}]}}