{"id":1601,"date":"2026-04-18T09:35:42","date_gmt":"2026-04-18T09:35:42","guid":{"rendered":"https:\/\/www.qingfaceramic.com\/?post_type=product&#038;p=1601"},"modified":"2026-04-18T09:43:30","modified_gmt":"2026-04-18T09:43:30","slug":"custom-ceramic-middle-eastern-bakhoor-burner-with-metal-tray","status":"publish","type":"product","link":"https:\/\/www.qingfaceramic.com\/pt\/produto\/custom-ceramic-middle-eastern-bakhoor-burner-with-metal-tray\/","title":{"rendered":"Queimador Bakhoor do M\u00e9dio Oriente em cer\u00e2mica personalizada com tabuleiro de metal"},"content":{"rendered":"<h2 class=\"wp-block-heading\">Carater\u00edsticas do queimador de cer\u00e2mica personalizada do M\u00e9dio Oriente Bakhoor <\/h2>\n\n\n\n<div class=\"wp-block-columns is-layout-flex wp-container-core-columns-is-layout-9d6595d7 wp-block-columns-is-layout-flex\">\n<div class=\"wp-block-column is-layout-flow wp-block-column-is-layout-flow\">\n<p><strong>Silhueta arquitet\u00f3nica cl\u00e1ssica<\/strong>: Apresenta a ic\u00f3nica textura canelada de uma coluna romana antiga, trazendo uma sensa\u00e7\u00e3o de heran\u00e7a e eleg\u00e2ncia estruturada aos interiores modernos.<\/p>\n\n\n\n<p><strong>Pormenores pintados \u00e0 m\u00e3o de forma artesanal<\/strong>: Cada pe\u00e7a \u00e9 decorada com riscas e motivos \u00fanicos aplicados \u00e0 m\u00e3o, garantindo um toque personalizado e \u201c\u00fanico\u201d para o retalho de luxo.<\/p>\n\n\n\n<p><strong>Estabilidade estrutural ponderada<\/strong>: Concebida com uma base larga e est\u00e1vel para suportar com seguran\u00e7a velas c\u00f3nicas altas ou velas de pilar sem o risco de tombar.<\/p>\n\n\n\n<p><strong>Funcionalidade de decora\u00e7\u00e3o vers\u00e1til<\/strong>: Funciona como um suporte de vela funcional e como uma pe\u00e7a de arte escultural aut\u00f3noma, perfeita para lareiras, mesas de caf\u00e9 ou lobbies de hot\u00e9is.<\/p>\n\n\n\n<p><strong>Servi\u00e7os de acabamento \u00e0 medida<\/strong>: O suporte completo OEM\/ODM permite ajustes de altura personalizados, cores de esmalte e padr\u00f5es espec\u00edficos da marca para combinar com o tema da sua cole\u00e7\u00e3o.<\/p>\n<\/div>\n\n\n\n<div class=\"wp-block-column is-layout-flow wp-block-column-is-layout-flow\">\n<figure class=\"wp-block-image size-full\"><img decoding=\"async\" width=\"800\" height=\"800\" src=\"https:\/\/www.qingfaceramic.com\/wp-content\/uploads\/2026\/04\/Custom-Ceramic-Middle-Eastern-Bakhoor-Burner-3.webp\" alt=\"Queimador Bakhoor do M\u00e9dio Oriente em cer\u00e2mica personalizada 3\" class=\"wp-image-1604\" srcset=\"https:\/\/www.qingfaceramic.com\/wp-content\/uploads\/2026\/04\/Custom-Ceramic-Middle-Eastern-Bakhoor-Burner-3.webp 800w, https:\/\/www.qingfaceramic.com\/wp-content\/uploads\/2026\/04\/Custom-Ceramic-Middle-Eastern-Bakhoor-Burner-3-300x300.webp 300w, https:\/\/www.qingfaceramic.com\/wp-content\/uploads\/2026\/04\/Custom-Ceramic-Middle-Eastern-Bakhoor-Burner-3-150x150.webp 150w, https:\/\/www.qingfaceramic.com\/wp-content\/uploads\/2026\/04\/Custom-Ceramic-Middle-Eastern-Bakhoor-Burner-3-768x768.webp 768w, https:\/\/www.qingfaceramic.com\/wp-content\/uploads\/2026\/04\/Custom-Ceramic-Middle-Eastern-Bakhoor-Burner-3-12x12.webp 12w, https:\/\/www.qingfaceramic.com\/wp-content\/uploads\/2026\/04\/Custom-Ceramic-Middle-Eastern-Bakhoor-Burner-3-600x600.webp 600w, https:\/\/www.qingfaceramic.com\/wp-content\/uploads\/2026\/04\/Custom-Ceramic-Middle-Eastern-Bakhoor-Burner-3-100x100.webp 100w\" sizes=\"(max-width: 800px) 100vw, 800px\" \/><\/figure>\n<\/div>\n<\/div>\n\n\n\n<div class=\"wp-block-columns is-layout-flex wp-container-core-columns-is-layout-9d6595d7 wp-block-columns-is-layout-flex\">\n<div class=\"wp-block-column is-layout-flow wp-block-column-is-layout-flow\"><\/div>\n\n\n\n<div class=\"wp-block-column is-layout-flow wp-block-column-is-layout-flow\"><\/div>\n<\/div>","protected":false},"excerpt":{"rendered":"<p data-start=\"428\" data-end=\"756\">O nosso queimador bakhoor personalizado em cer\u00e2mica do M\u00e9dio Oriente foi concebido para rituais de incenso tradicionais, combinando motivos \u00e1rabes inspirados no patrim\u00f3nio com artesanato em cer\u00e2mica cozida a alta temperatura, ideal para casas de luxo, hot\u00e9is e mercados de presentes culturais.<\/p>\n<h2>Par\u00e2metro do queimador Bakhoor de cer\u00e2mica do M\u00e9dio Oriente personalizado<\/h2>\n<table data-path-to-node=\"4\">\n<thead>\n<tr>\n<td><strong>Artigo<\/strong><\/td>\n<td><strong>Dados t\u00e9cnicos<\/strong><\/td>\n<\/tr>\n<\/thead>\n<tbody>\n<tr>\n<td><span data-path-to-node=\"4,1,0,0\"><b data-path-to-node=\"4,1,0,0\" data-index-in-node=\"0\">Nome do produto<\/b><\/span><\/td>\n<td><span data-path-to-node=\"4,1,1,0\">Queimador Bakhoor (Mabkhara) de cer\u00e2mica do M\u00e9dio Oriente personalizado<\/span><\/td>\n<\/tr>\n<tr>\n<td><span data-path-to-node=\"4,2,0,0\"><b data-path-to-node=\"4,2,0,0\" data-index-in-node=\"0\">Material<\/b><\/span><\/td>\n<td><span data-path-to-node=\"4,2,1,0\">Cer\u00e2mica de alta densidade Premium \/ Porcelana resistente ao calor<\/span><\/td>\n<\/tr>\n<tr>\n<td><span data-path-to-node=\"4,3,0,0\"><b data-path-to-node=\"4,3,0,0\" data-index-in-node=\"0\">Tabuleiro de inser\u00e7\u00e3o<\/b><\/span><\/td>\n<td><span data-path-to-node=\"4,3,1,0\">Suporte para incenso em metal dourado perfurado amov\u00edvel<\/span><\/td>\n<\/tr>\n<tr>\n<td><span data-path-to-node=\"4,4,0,0\"><b data-path-to-node=\"4,4,0,0\" data-index-in-node=\"0\">Motivo de design<\/b><\/span><\/td>\n<td><span data-path-to-node=\"4,4,1,0\">\u00cdcones tradicionais do patrim\u00f3nio \u00e1rabe (camelo, le\u00e3o, chita)<\/span><\/td>\n<\/tr>\n<tr>\n<td><span data-path-to-node=\"4,5,0,0\"><b data-path-to-node=\"4,5,0,0\" data-index-in-node=\"0\">Acabamento<\/b><\/span><\/td>\n<td><span data-path-to-node=\"4,5,1,0\">Esmalte vitrificado de alto brilho com acentos de padr\u00f5es culturais<\/span><\/td>\n<\/tr>\n<tr>\n<td><span data-path-to-node=\"4,6,0,0\"><b data-path-to-node=\"4,6,0,0\" data-index-in-node=\"0\">Op\u00e7\u00f5es de cores<\/b><\/span><\/td>\n<td><span data-path-to-node=\"4,6,1,0\">Azul real, verde esmeralda, vermelho rubi, roxo profundo<\/span><\/td>\n<\/tr>\n<tr>\n<td><span data-path-to-node=\"4,7,0,0\"><b data-path-to-node=\"4,7,0,0\" data-index-in-node=\"0\">Estrutura<\/b><\/span><\/td>\n<td><span data-path-to-node=\"4,7,1,0\">Sistema de duas pe\u00e7as amov\u00edveis (tampo ventilado + base de pedestal)<\/span><\/td>\n<\/tr>\n<tr>\n<td><span data-path-to-node=\"4,8,0,0\"><b data-path-to-node=\"4,8,0,0\" data-index-in-node=\"0\">Carater\u00edsticas principais<\/b><\/span><\/td>\n<td><span data-path-to-node=\"4,8,1,0\"><b data-path-to-node=\"4,8,1,0\" data-index-in-node=\"0\">Difus\u00e3o uniforme do fumo<\/b>, <b data-path-to-node=\"4,8,1,0\" data-index-in-node=\"22\">Base cer\u00e2mica com isolamento t\u00e9rmico<\/b>, <b data-path-to-node=\"4,8,1,0\" data-index-in-node=\"51\">Superf\u00edcie de limpeza f\u00e1cil<\/b><\/span><\/td>\n<\/tr>\n<tr>\n<td><span data-path-to-node=\"4,9,0,0\"><b data-path-to-node=\"4,9,0,0\" data-index-in-node=\"0\">Artesanato<\/b><\/span><\/td>\n<td><span data-path-to-node=\"4,9,1,0\">Cer\u00e2mica cozida a alta temperatura com decalques aplicados \u00e0 m\u00e3o<\/span><\/td>\n<\/tr>\n<tr>\n<td><span data-path-to-node=\"4,10,0,0\"><b data-path-to-node=\"4,10,0,0\" data-index-in-node=\"0\">Personaliza\u00e7\u00e3o<\/b><\/span><\/td>\n<td><span data-path-to-node=\"4,10,1,0\">Suporta OEM\/ODM em massa, padr\u00f5es personalizados e marca de log\u00f3tipo<\/span><\/td>\n<\/tr>\n<tr>\n<td><span data-path-to-node=\"4,11,0,0\"><b data-path-to-node=\"4,11,0,0\" data-index-in-node=\"0\">Norma de seguran\u00e7a<\/b><\/span><\/td>\n<td><span data-path-to-node=\"4,11,1,0\">Esmalte ecol\u00f3gico sem chumbo e sem c\u00e1dmio<\/span><\/td>\n<\/tr>\n<\/tbody>\n<\/table>\n<p>&nbsp;<\/p>","protected":false},"featured_media":1609,"comment_status":"closed","ping_status":"closed","template":"","meta":{"_acf_changed":false},"market":[42],"product_brand":[],"product_cat":[18,31],"product_tag":[],"class_list":{"0":"post-1601","1":"product","2":"type-product","3":"status-publish","4":"has-post-thumbnail","6":"market-middle-east-market","7":"product_cat-custom-home-decor","8":"product_cat-custom-candle-jars","10":"first","11":"instock","12":"shipping-taxable","13":"product-type-simple"},"acf":[],"_links":{"self":[{"href":"https:\/\/www.qingfaceramic.com\/pt\/wp-json\/wp\/v2\/product\/1601","targetHints":{"allow":["GET"]}}],"collection":[{"href":"https:\/\/www.qingfaceramic.com\/pt\/wp-json\/wp\/v2\/product"}],"about":[{"href":"https:\/\/www.qingfaceramic.com\/pt\/wp-json\/wp\/v2\/types\/product"}],"replies":[{"embeddable":true,"href":"https:\/\/www.qingfaceramic.com\/pt\/wp-json\/wp\/v2\/comments?post=1601"}],"wp:featuredmedia":[{"embeddable":true,"href":"https:\/\/www.qingfaceramic.com\/pt\/wp-json\/wp\/v2\/media\/1609"}],"wp:attachment":[{"href":"https:\/\/www.qingfaceramic.com\/pt\/wp-json\/wp\/v2\/media?parent=1601"}],"wp:term":[{"taxonomy":"market","embeddable":true,"href":"https:\/\/www.qingfaceramic.com\/pt\/wp-json\/wp\/v2\/market?post=1601"},{"taxonomy":"product_brand","embeddable":true,"href":"https:\/\/www.qingfaceramic.com\/pt\/wp-json\/wp\/v2\/product_brand?post=1601"},{"taxonomy":"product_cat","embeddable":true,"href":"https:\/\/www.qingfaceramic.com\/pt\/wp-json\/wp\/v2\/product_cat?post=1601"},{"taxonomy":"product_tag","embeddable":true,"href":"https:\/\/www.qingfaceramic.com\/pt\/wp-json\/wp\/v2\/product_tag?post=1601"}],"curies":[{"name":"wp","href":"https:\/\/api.w.org\/{rel}","templated":true}]}}