{"id":1592,"date":"2026-04-18T09:12:34","date_gmt":"2026-04-18T09:12:34","guid":{"rendered":"https:\/\/www.qingfaceramic.com\/?post_type=product&#038;p=1592"},"modified":"2026-04-18T09:27:25","modified_gmt":"2026-04-18T09:27:25","slug":"custom-middle-east-coffee-set-with-palm-tree-motif","status":"publish","type":"product","link":"https:\/\/www.qingfaceramic.com\/pt\/produto\/custom-middle-east-coffee-set-with-palm-tree-motif\/","title":{"rendered":"Conjunto de caf\u00e9 personalizado do M\u00e9dio Oriente com motivo de palmeira"},"content":{"rendered":"<h2 class=\"wp-block-heading\">Carater\u00edsticas do Conjunto personalizado de caf\u00e9 do M\u00e9dio Oriente<\/h2>\n\n\n\n<div class=\"wp-block-columns is-layout-flex wp-container-core-columns-is-layout-9d6595d7 wp-block-columns-is-layout-flex\">\n<div class=\"wp-block-column is-layout-flow wp-block-column-is-layout-flow\">\n<div style=\"height:0px\" aria-hidden=\"true\" class=\"wp-block-spacer\"><\/div>\n\n\n\n<p><strong>Motivo cultural ic\u00f3nico da palmeira:<\/strong><br>Apresenta um design requintado de palmeira inspirado no simbolismo do M\u00e9dio Oriente, conferindo ao produto uma forte identidade cultural e valor narrativo.<\/p>\n\n\n\n<p><strong>Apresenta\u00e7\u00e3o de caf\u00e9 decorativo Premium:<\/strong><br>Concebida para elevar a est\u00e9tica do servi\u00e7o de caf\u00e9, criando uma experi\u00eancia visualmente requintada para a hotelaria de luxo e para a decora\u00e7\u00e3o de mesas com curadoria.<\/p>\n\n\n\n<p><strong>Fus\u00e3o elegante de tradi\u00e7\u00e3o e modernidade:<\/strong><br>Combina elementos culturais tradicionais do M\u00e9dio Oriente com um design cer\u00e2mico contempor\u00e2neo para um estilo intemporal e vers\u00e1til.<\/p>\n\n\n\n<p><strong>Apelo para presentes e hospitalidade de alto n\u00edvel:<\/strong><br>Perfeitamente adequado para presentes de luxo, hot\u00e9is boutique e caf\u00e9s de luxo que procuram colec\u00e7\u00f5es de loi\u00e7a cultural distintas.<\/p>\n\n\n\n<p><strong>Solu\u00e7\u00e3o OEM\/ODM totalmente personaliz\u00e1vel:<\/strong><br>Suporta uma personaliza\u00e7\u00e3o flex\u00edvel, incluindo a adapta\u00e7\u00e3o de motivos, o desenvolvimento de cores e a cria\u00e7\u00e3o de marcas para projectos por grosso e de marca pr\u00f3pria.<\/p>\n<\/div>\n\n\n\n<div class=\"wp-block-column is-layout-flow wp-block-column-is-layout-flow\">\n<figure class=\"wp-block-image size-full\"><img decoding=\"async\" width=\"800\" height=\"800\" src=\"https:\/\/www.qingfaceramic.com\/wp-content\/uploads\/2026\/04\/Custom-Middle-East-Coffee-Set-with-Palm-Tree-Motif3.webp\" alt=\"Conjunto de caf\u00e9 personalizado do M\u00e9dio Oriente com motivo de palmeira3\" class=\"wp-image-1595\" srcset=\"https:\/\/www.qingfaceramic.com\/wp-content\/uploads\/2026\/04\/Custom-Middle-East-Coffee-Set-with-Palm-Tree-Motif3.webp 800w, https:\/\/www.qingfaceramic.com\/wp-content\/uploads\/2026\/04\/Custom-Middle-East-Coffee-Set-with-Palm-Tree-Motif3-300x300.webp 300w, https:\/\/www.qingfaceramic.com\/wp-content\/uploads\/2026\/04\/Custom-Middle-East-Coffee-Set-with-Palm-Tree-Motif3-150x150.webp 150w, https:\/\/www.qingfaceramic.com\/wp-content\/uploads\/2026\/04\/Custom-Middle-East-Coffee-Set-with-Palm-Tree-Motif3-768x768.webp 768w, https:\/\/www.qingfaceramic.com\/wp-content\/uploads\/2026\/04\/Custom-Middle-East-Coffee-Set-with-Palm-Tree-Motif3-12x12.webp 12w, https:\/\/www.qingfaceramic.com\/wp-content\/uploads\/2026\/04\/Custom-Middle-East-Coffee-Set-with-Palm-Tree-Motif3-600x600.webp 600w, https:\/\/www.qingfaceramic.com\/wp-content\/uploads\/2026\/04\/Custom-Middle-East-Coffee-Set-with-Palm-Tree-Motif3-100x100.webp 100w\" sizes=\"(max-width: 800px) 100vw, 800px\" \/><\/figure>\n<\/div>\n<\/div>\n\n\n\n<div class=\"wp-block-columns is-layout-flex wp-container-core-columns-is-layout-9d6595d7 wp-block-columns-is-layout-flex\">\n<div class=\"wp-block-column is-layout-flow wp-block-column-is-layout-flow\">\n<figure class=\"wp-block-image size-full\"><img decoding=\"async\" width=\"988\" height=\"988\" src=\"https:\/\/www.qingfaceramic.com\/wp-content\/uploads\/2026\/01\/Custom-Ceramic-Coffee-Mug1.webp\" alt=\"Caneca de caf\u00e9 de cer\u00e2mica personalizada1\" class=\"wp-image-608\" srcset=\"https:\/\/www.qingfaceramic.com\/wp-content\/uploads\/2026\/01\/Custom-Ceramic-Coffee-Mug1.webp 988w, https:\/\/www.qingfaceramic.com\/wp-content\/uploads\/2026\/01\/Custom-Ceramic-Coffee-Mug1-300x300.webp 300w, https:\/\/www.qingfaceramic.com\/wp-content\/uploads\/2026\/01\/Custom-Ceramic-Coffee-Mug1-150x150.webp 150w, https:\/\/www.qingfaceramic.com\/wp-content\/uploads\/2026\/01\/Custom-Ceramic-Coffee-Mug1-768x768.webp 768w, https:\/\/www.qingfaceramic.com\/wp-content\/uploads\/2026\/01\/Custom-Ceramic-Coffee-Mug1-600x600.webp 600w, https:\/\/www.qingfaceramic.com\/wp-content\/uploads\/2026\/01\/Custom-Ceramic-Coffee-Mug1-100x100.webp 100w\" sizes=\"(max-width: 988px) 100vw, 988px\" \/><\/figure>\n<\/div>\n\n\n\n<div class=\"wp-block-column is-layout-flow wp-block-column-is-layout-flow\">\n<figure class=\"wp-block-image size-full\"><img decoding=\"async\" width=\"750\" height=\"582\" src=\"https:\/\/www.qingfaceramic.com\/wp-content\/uploads\/2026\/01\/custom-ceramic-coffee-mug8.webp\" alt=\"caneca de caf\u00e9 em cer\u00e2mica personalizada8\" class=\"wp-image-611\" srcset=\"https:\/\/www.qingfaceramic.com\/wp-content\/uploads\/2026\/01\/custom-ceramic-coffee-mug8.webp 750w, https:\/\/www.qingfaceramic.com\/wp-content\/uploads\/2026\/01\/custom-ceramic-coffee-mug8-300x233.webp 300w, https:\/\/www.qingfaceramic.com\/wp-content\/uploads\/2026\/01\/custom-ceramic-coffee-mug8-600x466.webp 600w\" sizes=\"(max-width: 750px) 100vw, 750px\" \/><\/figure>\n<\/div>\n<\/div>\n\n\n\n<p><\/p>","protected":false},"excerpt":{"rendered":"<p data-start=\"503\" data-end=\"756\">O nosso conjunto de caf\u00e9 personalizado do M\u00e9dio Oriente com motivo de palmeira combina o requintado artesanato em cer\u00e2mica com o simbolismo ic\u00f3nico do M\u00e9dio Oriente, proporcionando um design culturalmente inspirado, ideal para a hotelaria de luxo, caf\u00e9s boutique e mercados de presentes de luxo.<\/p>\n<h2>Par\u00e2metro do conjunto de caf\u00e9 personalizado do M\u00e9dio Oriente<\/h2>\n<table data-path-to-node=\"2\">\n<thead>\n<tr>\n<td><strong>Artigo<\/strong><\/td>\n<td><strong>Dados t\u00e9cnicos<\/strong><\/td>\n<\/tr>\n<\/thead>\n<tbody>\n<tr>\n<td><span data-path-to-node=\"2,1,0,0\"><b data-path-to-node=\"2,1,0,0\" data-index-in-node=\"0\">Nome do produto<\/b><\/span><\/td>\n<td>Conjunto de caf\u00e9 personalizado do M\u00e9dio Oriente<\/td>\n<\/tr>\n<tr>\n<td><span data-path-to-node=\"2,2,0,0\"><b data-path-to-node=\"2,2,0,0\" data-index-in-node=\"0\">Material<\/b><\/span><\/td>\n<td><span data-path-to-node=\"2,2,1,0\">Cer\u00e2mica artesanal de alta qualidade \/ gr\u00e9s<\/span><\/td>\n<\/tr>\n<tr>\n<td><span data-path-to-node=\"2,3,0,0\"><b data-path-to-node=\"2,3,0,0\" data-index-in-node=\"0\">Estilo de design<\/b><\/span><\/td>\n<td><span data-path-to-node=\"2,3,1,0\">Cl\u00e1ssico de inspira\u00e7\u00e3o grega \/ Arquitet\u00f3nico \/ Neo-Cl\u00e1ssico<\/span><\/td>\n<\/tr>\n<tr>\n<td><span data-path-to-node=\"2,4,0,0\"><b data-path-to-node=\"2,4,0,0\" data-index-in-node=\"0\">Textura\/acabamento<\/b><\/span><\/td>\n<td><span data-path-to-node=\"2,4,1,0\">Esmalte salpicado mate e acabamentos acetinados lisos<\/span><\/td>\n<\/tr>\n<tr>\n<td><span data-path-to-node=\"2,5,0,0\"><b data-path-to-node=\"2,5,0,0\" data-index-in-node=\"0\">Op\u00e7\u00f5es de cores<\/b><\/span><\/td>\n<td><span data-path-to-node=\"2,5,1,0\">Bege areia, Branco marfim, Creme salpicado, Cinzento suave<\/span><\/td>\n<\/tr>\n<tr>\n<td><span data-path-to-node=\"2,6,0,0\"><b data-path-to-node=\"2,6,0,0\" data-index-in-node=\"0\">Estrutura<\/b><\/span><\/td>\n<td><span data-path-to-node=\"2,6,1,0\">Corpo de pilar canelado com bases arquitect\u00f3nicas em camadas<\/span><\/td>\n<\/tr>\n<tr>\n<td><span data-path-to-node=\"2,7,0,0\"><b data-path-to-node=\"2,7,0,0\" data-index-in-node=\"0\">Carater\u00edsticas principais<\/b><\/span><\/td>\n<td><span data-path-to-node=\"2,7,1,0\"><b data-path-to-node=\"2,7,1,0\" data-index-in-node=\"0\">Resistente ao calor<\/b>, <b data-path-to-node=\"2,7,1,0\" data-index-in-node=\"16\">Base ponderada para estabilidade<\/b>, <b data-path-to-node=\"2,7,1,0\" data-index-in-node=\"45\">Acabamento manual<\/b><\/span><\/td>\n<\/tr>\n<tr>\n<td><span data-path-to-node=\"2,8,0,0\"><b data-path-to-node=\"2,8,0,0\" data-index-in-node=\"0\">Personaliza\u00e7\u00e3o<\/b><\/span><\/td>\n<td><span data-path-to-node=\"2,8,1,0\">Suporta OEM\/ODM a granel (altura, largura e cor \u00e0 medida)<\/span><\/td>\n<\/tr>\n<\/tbody>\n<\/table>","protected":false},"featured_media":1593,"comment_status":"closed","ping_status":"closed","template":"","meta":{"_acf_changed":false},"market":[42],"product_brand":[],"product_cat":[17,28],"product_tag":[],"class_list":{"0":"post-1592","1":"product","2":"type-product","3":"status-publish","4":"has-post-thumbnail","6":"market-middle-east-market","7":"product_cat-custom-coffee-cups","8":"product_cat-custom-coffee-mugs","10":"first","11":"instock","12":"shipping-taxable","13":"product-type-simple"},"acf":[],"_links":{"self":[{"href":"https:\/\/www.qingfaceramic.com\/pt\/wp-json\/wp\/v2\/product\/1592","targetHints":{"allow":["GET"]}}],"collection":[{"href":"https:\/\/www.qingfaceramic.com\/pt\/wp-json\/wp\/v2\/product"}],"about":[{"href":"https:\/\/www.qingfaceramic.com\/pt\/wp-json\/wp\/v2\/types\/product"}],"replies":[{"embeddable":true,"href":"https:\/\/www.qingfaceramic.com\/pt\/wp-json\/wp\/v2\/comments?post=1592"}],"wp:featuredmedia":[{"embeddable":true,"href":"https:\/\/www.qingfaceramic.com\/pt\/wp-json\/wp\/v2\/media\/1593"}],"wp:attachment":[{"href":"https:\/\/www.qingfaceramic.com\/pt\/wp-json\/wp\/v2\/media?parent=1592"}],"wp:term":[{"taxonomy":"market","embeddable":true,"href":"https:\/\/www.qingfaceramic.com\/pt\/wp-json\/wp\/v2\/market?post=1592"},{"taxonomy":"product_brand","embeddable":true,"href":"https:\/\/www.qingfaceramic.com\/pt\/wp-json\/wp\/v2\/product_brand?post=1592"},{"taxonomy":"product_cat","embeddable":true,"href":"https:\/\/www.qingfaceramic.com\/pt\/wp-json\/wp\/v2\/product_cat?post=1592"},{"taxonomy":"product_tag","embeddable":true,"href":"https:\/\/www.qingfaceramic.com\/pt\/wp-json\/wp\/v2\/product_tag?post=1592"}],"curies":[{"name":"wp","href":"https:\/\/api.w.org\/{rel}","templated":true}]}}