{"id":1584,"date":"2026-04-18T09:00:56","date_gmt":"2026-04-18T09:00:56","guid":{"rendered":"https:\/\/www.qingfaceramic.com\/?post_type=product&#038;p=1584"},"modified":"2026-04-18T09:09:36","modified_gmt":"2026-04-18T09:09:36","slug":"custom-retro-middle-eastern-coffee-cup-without-handle","status":"publish","type":"product","link":"https:\/\/www.qingfaceramic.com\/pt\/produto\/custom-retro-middle-eastern-coffee-cup-without-handle\/","title":{"rendered":"Ch\u00e1vena de caf\u00e9 retro do M\u00e9dio Oriente personalizada sem pega"},"content":{"rendered":"<h2 class=\"wp-block-heading\">Carater\u00edsticas da ch\u00e1vena de caf\u00e9 personalizada retro do M\u00e9dio Oriente<\/h2>\n\n\n\n<div class=\"wp-block-columns is-layout-flex wp-container-core-columns-is-layout-9d6595d7 wp-block-columns-is-layout-flex\">\n<div class=\"wp-block-column is-layout-flow wp-block-column-is-layout-flow\">\n<div style=\"height:0px\" aria-hidden=\"true\" class=\"wp-block-spacer\"><\/div>\n\n\n\n<p><strong>Design retro distinto do M\u00e9dio Oriente:<\/strong><br>Inspirado nos motivos tradicionais do M\u00e9dio Oriente com uma interpreta\u00e7\u00e3o industrial moderna, cria uma forte identidade visual e um atrativo cultural de primeira qualidade.<\/p>\n\n\n\n<p><strong>Acabamento com esmalte met\u00e1lico de luxo:<\/strong><br>Os acabamentos em ouro galvanizado e bronze antigo proporcionam uma superf\u00edcie reflectora de alta qualidade com uma profundidade elegante e uma textura luxuosa.<\/p>\n\n\n\n<p><strong>Artesanato art\u00edstico de superf\u00edcie 3D:<\/strong><br>Com facetas geom\u00e9tricas, padr\u00f5es de tijolo em relevo e texturas de relevo tribal para uma maior riqueza t\u00e1til e visual.<\/p>\n\n\n\n<p><strong>Estrutura cer\u00e2mica funcional de qualidade superior:<\/strong><br>Fabricado em gr\u00e9s de alta densidade com uma constru\u00e7\u00e3o de parede espessa, garantindo o isolamento t\u00e9rmico, a durabilidade e a resist\u00eancia aos riscos.<\/p>\n\n\n\n<p><strong>Personaliza\u00e7\u00e3o flex\u00edvel OEM\/ODM:<\/strong><br>Suporta a grava\u00e7\u00e3o de log\u00f3tipos personalizados, texturas de superf\u00edcie \u00e0 medida e desenvolvimento de cores para projectos de branding e de hospitalidade em massa.<\/p>\n<\/div>\n\n\n\n<div class=\"wp-block-column is-layout-flow wp-block-column-is-layout-flow\">\n<figure class=\"wp-block-image size-full\"><img decoding=\"async\" width=\"800\" height=\"800\" src=\"https:\/\/www.qingfaceramic.com\/wp-content\/uploads\/2026\/04\/Custom-Retro-Middle-Eastern-Coffee-Cup5.webp\" alt=\"Ch\u00e1vena de caf\u00e9 retro personalizada do M\u00e9dio Oriente5\" class=\"wp-image-1589\" srcset=\"https:\/\/www.qingfaceramic.com\/wp-content\/uploads\/2026\/04\/Custom-Retro-Middle-Eastern-Coffee-Cup5.webp 800w, https:\/\/www.qingfaceramic.com\/wp-content\/uploads\/2026\/04\/Custom-Retro-Middle-Eastern-Coffee-Cup5-300x300.webp 300w, https:\/\/www.qingfaceramic.com\/wp-content\/uploads\/2026\/04\/Custom-Retro-Middle-Eastern-Coffee-Cup5-150x150.webp 150w, https:\/\/www.qingfaceramic.com\/wp-content\/uploads\/2026\/04\/Custom-Retro-Middle-Eastern-Coffee-Cup5-768x768.webp 768w, https:\/\/www.qingfaceramic.com\/wp-content\/uploads\/2026\/04\/Custom-Retro-Middle-Eastern-Coffee-Cup5-12x12.webp 12w, https:\/\/www.qingfaceramic.com\/wp-content\/uploads\/2026\/04\/Custom-Retro-Middle-Eastern-Coffee-Cup5-600x600.webp 600w, https:\/\/www.qingfaceramic.com\/wp-content\/uploads\/2026\/04\/Custom-Retro-Middle-Eastern-Coffee-Cup5-100x100.webp 100w\" sizes=\"(max-width: 800px) 100vw, 800px\" \/><\/figure>\n<\/div>\n<\/div>\n\n\n\n<div class=\"wp-block-columns is-layout-flex wp-container-core-columns-is-layout-9d6595d7 wp-block-columns-is-layout-flex\">\n<div class=\"wp-block-column is-layout-flow wp-block-column-is-layout-flow\">\n<figure class=\"wp-block-image size-full\"><img decoding=\"async\" width=\"988\" height=\"988\" src=\"https:\/\/www.qingfaceramic.com\/wp-content\/uploads\/2026\/01\/Custom-Ceramic-Coffee-Mug1.webp\" alt=\"Caneca de caf\u00e9 de cer\u00e2mica personalizada1\" class=\"wp-image-608\" srcset=\"https:\/\/www.qingfaceramic.com\/wp-content\/uploads\/2026\/01\/Custom-Ceramic-Coffee-Mug1.webp 988w, https:\/\/www.qingfaceramic.com\/wp-content\/uploads\/2026\/01\/Custom-Ceramic-Coffee-Mug1-300x300.webp 300w, https:\/\/www.qingfaceramic.com\/wp-content\/uploads\/2026\/01\/Custom-Ceramic-Coffee-Mug1-150x150.webp 150w, https:\/\/www.qingfaceramic.com\/wp-content\/uploads\/2026\/01\/Custom-Ceramic-Coffee-Mug1-768x768.webp 768w, https:\/\/www.qingfaceramic.com\/wp-content\/uploads\/2026\/01\/Custom-Ceramic-Coffee-Mug1-600x600.webp 600w, https:\/\/www.qingfaceramic.com\/wp-content\/uploads\/2026\/01\/Custom-Ceramic-Coffee-Mug1-100x100.webp 100w\" sizes=\"(max-width: 988px) 100vw, 988px\" \/><\/figure>\n<\/div>\n\n\n\n<div class=\"wp-block-column is-layout-flow wp-block-column-is-layout-flow\">\n<figure class=\"wp-block-image size-full\"><img decoding=\"async\" width=\"750\" height=\"582\" src=\"https:\/\/www.qingfaceramic.com\/wp-content\/uploads\/2026\/01\/custom-ceramic-coffee-mug8.webp\" alt=\"caneca de caf\u00e9 em cer\u00e2mica personalizada8\" class=\"wp-image-611\" srcset=\"https:\/\/www.qingfaceramic.com\/wp-content\/uploads\/2026\/01\/custom-ceramic-coffee-mug8.webp 750w, https:\/\/www.qingfaceramic.com\/wp-content\/uploads\/2026\/01\/custom-ceramic-coffee-mug8-300x233.webp 300w, https:\/\/www.qingfaceramic.com\/wp-content\/uploads\/2026\/01\/custom-ceramic-coffee-mug8-600x466.webp 600w\" sizes=\"(max-width: 750px) 100vw, 750px\" \/><\/figure>\n<\/div>\n<\/div>\n\n\n\n<p><\/p>","protected":false},"excerpt":{"rendered":"<p data-start=\"503\" data-end=\"756\">A nossa ch\u00e1vena de caf\u00e9 retro do M\u00e9dio Oriente personalizada sem pega apresenta um design de luxo de inspira\u00e7\u00e3o industrial com esmalte met\u00e1lico e texturas geom\u00e9tricas, oferecendo uma est\u00e9tica cultural requintada para hotelaria de alta qualidade, caf\u00e9s boutique e projectos de brindes de luxo.<\/p>\n<h2>Par\u00e2metro de ch\u00e1vena de caf\u00e9 retro do M\u00e9dio Oriente personalizado<\/h2>\n<table data-path-to-node=\"1\">\n<thead>\n<tr>\n<td><strong>Artigo<\/strong><\/td>\n<td><strong>Detalhes<\/strong><\/td>\n<\/tr>\n<\/thead>\n<tbody>\n<tr>\n<td><span data-path-to-node=\"1,1,0,0\"><b data-path-to-node=\"1,1,0,0\" data-index-in-node=\"0\">Nome do produto<\/b><\/span><\/td>\n<td>Ch\u00e1vena de caf\u00e9 retro do M\u00e9dio Oriente personalizada sem pega<\/td>\n<\/tr>\n<tr>\n<td><span data-path-to-node=\"1,2,0,0\"><b data-path-to-node=\"1,2,0,0\" data-index-in-node=\"0\">Material<\/b><\/span><\/td>\n<td><span data-path-to-node=\"1,2,1,0\">Cer\u00e2mica refor\u00e7ada de alta qualidade \/ Gr\u00e9s de alta densidade<\/span><\/td>\n<\/tr>\n<tr>\n<td><span data-path-to-node=\"1,3,0,0\"><b data-path-to-node=\"1,3,0,0\" data-index-in-node=\"0\">Acabamento<\/b><\/span><\/td>\n<td><span data-path-to-node=\"1,3,1,0\">Esmalte met\u00e1lico galvanizado \/ Acabamento em ouro acetinado mate<\/span><\/td>\n<\/tr>\n<tr>\n<td><span data-path-to-node=\"1,4,0,0\"><b data-path-to-node=\"1,4,0,0\" data-index-in-node=\"0\">Texturas de superf\u00edcie<\/b><\/span><\/td>\n<td><span data-path-to-node=\"1,4,1,0\">Padr\u00f5es geom\u00e9tricos 3D facetados, tijolo em relevo, relevo tribal<\/span><\/td>\n<\/tr>\n<tr>\n<td><span data-path-to-node=\"1,5,0,0\"><b data-path-to-node=\"1,5,0,0\" data-index-in-node=\"0\">Paleta de cores<\/b><\/span><\/td>\n<td><span data-path-to-node=\"1,5,1,0\">Bronze antigo, Ouro real, Castanho expresso profundo<\/span><\/td>\n<\/tr>\n<tr>\n<td><span data-path-to-node=\"1,6,0,0\"><b data-path-to-node=\"1,6,0,0\" data-index-in-node=\"0\">Estilo de design<\/b><\/span><\/td>\n<td><span data-path-to-node=\"1,6,1,0\">M\u00e9dio Oriente moderno \/ Est\u00e9tica industrial de luxo<\/span><\/td>\n<\/tr>\n<tr>\n<td><span data-path-to-node=\"1,7,0,0\"><b data-path-to-node=\"1,7,0,0\" data-index-in-node=\"0\">Carater\u00edsticas principais<\/b><\/span><\/td>\n<td><span data-path-to-node=\"1,7,1,0\"><b data-path-to-node=\"1,7,1,0\" data-index-in-node=\"0\">Paredes espessas com isolamento t\u00e9rmico<\/b>, <b data-path-to-node=\"1,7,1,0\" data-index-in-node=\"29\">Punho ergon\u00f3mico t\u00e1til<\/b>, <b data-path-to-node=\"1,7,1,0\" data-index-in-node=\"53\">Esmalte resistente a riscos<\/b><\/span><\/td>\n<\/tr>\n<tr>\n<td><span data-path-to-node=\"1,8,0,0\"><b data-path-to-node=\"1,8,0,0\" data-index-in-node=\"0\">Aplica\u00e7\u00e3o<\/b><\/span><\/td>\n<td><span data-path-to-node=\"1,8,1,0\">Salas de neg\u00f3cios topo de gama, caf\u00e9s boutique, refei\u00e7\u00f5es requintadas, presentes de luxo<\/span><\/td>\n<\/tr>\n<tr>\n<td><span data-path-to-node=\"1,9,0,0\"><b data-path-to-node=\"1,9,0,0\" data-index-in-node=\"0\">Personaliza\u00e7\u00e3o<\/b><\/span><\/td>\n<td><span data-path-to-node=\"1,9,1,0\">Suporta OEM\/ODM a granel, grava\u00e7\u00e3o de log\u00f3tipo personalizado, texturas \u00e0 medida<\/span><\/td>\n<\/tr>\n<tr>\n<td><span data-path-to-node=\"1,10,0,0\"><b data-path-to-node=\"1,10,0,0\" data-index-in-node=\"0\">Normas de seguran\u00e7a<\/b><\/span><\/td>\n<td><span data-path-to-node=\"1,10,1,0\">Sem chumbo, sem c\u00e1dmio, com certifica\u00e7\u00e3o de qualidade alimentar<\/span><\/td>\n<\/tr>\n<\/tbody>\n<\/table>","protected":false},"featured_media":1591,"comment_status":"closed","ping_status":"closed","template":"","meta":{"_acf_changed":false},"market":[42],"product_brand":[],"product_cat":[17,28],"product_tag":[],"class_list":{"0":"post-1584","1":"product","2":"type-product","3":"status-publish","4":"has-post-thumbnail","6":"market-middle-east-market","7":"product_cat-custom-coffee-cups","8":"product_cat-custom-coffee-mugs","10":"first","11":"instock","12":"shipping-taxable","13":"product-type-simple"},"acf":[],"_links":{"self":[{"href":"https:\/\/www.qingfaceramic.com\/pt\/wp-json\/wp\/v2\/product\/1584","targetHints":{"allow":["GET"]}}],"collection":[{"href":"https:\/\/www.qingfaceramic.com\/pt\/wp-json\/wp\/v2\/product"}],"about":[{"href":"https:\/\/www.qingfaceramic.com\/pt\/wp-json\/wp\/v2\/types\/product"}],"replies":[{"embeddable":true,"href":"https:\/\/www.qingfaceramic.com\/pt\/wp-json\/wp\/v2\/comments?post=1584"}],"wp:featuredmedia":[{"embeddable":true,"href":"https:\/\/www.qingfaceramic.com\/pt\/wp-json\/wp\/v2\/media\/1591"}],"wp:attachment":[{"href":"https:\/\/www.qingfaceramic.com\/pt\/wp-json\/wp\/v2\/media?parent=1584"}],"wp:term":[{"taxonomy":"market","embeddable":true,"href":"https:\/\/www.qingfaceramic.com\/pt\/wp-json\/wp\/v2\/market?post=1584"},{"taxonomy":"product_brand","embeddable":true,"href":"https:\/\/www.qingfaceramic.com\/pt\/wp-json\/wp\/v2\/product_brand?post=1584"},{"taxonomy":"product_cat","embeddable":true,"href":"https:\/\/www.qingfaceramic.com\/pt\/wp-json\/wp\/v2\/product_cat?post=1584"},{"taxonomy":"product_tag","embeddable":true,"href":"https:\/\/www.qingfaceramic.com\/pt\/wp-json\/wp\/v2\/product_tag?post=1584"}],"curies":[{"name":"wp","href":"https:\/\/api.w.org\/{rel}","templated":true}]}}