{"id":1567,"date":"2026-04-18T08:23:25","date_gmt":"2026-04-18T08:23:25","guid":{"rendered":"https:\/\/www.qingfaceramic.com\/?post_type=product&#038;p=1567"},"modified":"2026-04-18T09:55:02","modified_gmt":"2026-04-18T09:55:02","slug":"custom-middle-eastern-clay-coffee-cup-saucer-set","status":"publish","type":"product","link":"https:\/\/www.qingfaceramic.com\/pt\/produto\/custom-middle-eastern-clay-coffee-cup-saucer-set\/","title":{"rendered":"Conjunto personalizado de ch\u00e1vena de caf\u00e9 e pires em barro do M\u00e9dio Oriente"},"content":{"rendered":"<h2 class=\"wp-block-heading\">Carater\u00edsticas do conjunto personalizado de ch\u00e1vena e pires de caf\u00e9 em barro do M\u00e9dio Oriente<\/h2>\n\n\n\n<div class=\"wp-block-columns is-layout-flex wp-container-core-columns-is-layout-9d6595d7 wp-block-columns-is-layout-flex\">\n<div class=\"wp-block-column is-layout-flow wp-block-column-is-layout-flow\">\n<ol class=\"wp-block-list\">\n<li><strong>Design cultural aut\u00eantico<\/strong>Apresentando o estilo do M\u00e9dio Oriente com decalques de camelos dourados, estas pe\u00e7as reflectem a identidade regional e aumentam o apelo cultural para os mercados-alvo.<\/li>\n\n\n\n<li><strong>Qualidade artesanal<\/strong>\uff1a Lan\u00e7ados \u00e0 m\u00e3o e queimados a alta temperatura, cada ch\u00e1vena e prato apresenta texturas \u00fanicas e varia\u00e7\u00f5es naturais.<\/li>\n\n\n\n<li><strong>Excelente reten\u00e7\u00e3o de calor<\/strong>\uff1a Feito de argila natural premium, o conjunto ret\u00e9m o calor de forma eficaz, melhorando a experi\u00eancia tradicional de beber caf\u00e9.<\/li>\n\n\n\n<li><strong>Op\u00e7\u00f5es de personaliza\u00e7\u00e3o flex\u00edveis\uff1a<\/strong> Suporta OEM\/ODM, incluindo personaliza\u00e7\u00e3o de log\u00f3tipo, cor e padr\u00e3o para satisfazer as necessidades da marca e do mercado.<\/li>\n\n\n\n<li><strong>Textura e funcionalidade equilibradas<\/strong>\uff1a O corpo com textura mate combinado com um rebordo liso esmaltado garante um apelo est\u00e9tico e uma utiliza\u00e7\u00e3o confort\u00e1vel no dia a dia.<\/li>\n<\/ol>\n\n\n\n<div style=\"height:0px\" aria-hidden=\"true\" class=\"wp-block-spacer\"><\/div>\n<\/div>\n\n\n\n<div class=\"wp-block-column is-layout-flow wp-block-column-is-layout-flow\">\n<figure class=\"wp-block-image size-full\"><img decoding=\"async\" width=\"800\" height=\"800\" src=\"https:\/\/www.qingfaceramic.com\/wp-content\/uploads\/2026\/04\/Custom-Middle-Eastern-Clay-Coffee-Cup-Saucer-Set5.webp\" alt=\"Conjunto personalizado de ch\u00e1vena de caf\u00e9 e pires em barro do M\u00e9dio Oriente5\" class=\"wp-image-1572\" srcset=\"https:\/\/www.qingfaceramic.com\/wp-content\/uploads\/2026\/04\/Custom-Middle-Eastern-Clay-Coffee-Cup-Saucer-Set5.webp 800w, https:\/\/www.qingfaceramic.com\/wp-content\/uploads\/2026\/04\/Custom-Middle-Eastern-Clay-Coffee-Cup-Saucer-Set5-300x300.webp 300w, https:\/\/www.qingfaceramic.com\/wp-content\/uploads\/2026\/04\/Custom-Middle-Eastern-Clay-Coffee-Cup-Saucer-Set5-150x150.webp 150w, https:\/\/www.qingfaceramic.com\/wp-content\/uploads\/2026\/04\/Custom-Middle-Eastern-Clay-Coffee-Cup-Saucer-Set5-768x768.webp 768w, https:\/\/www.qingfaceramic.com\/wp-content\/uploads\/2026\/04\/Custom-Middle-Eastern-Clay-Coffee-Cup-Saucer-Set5-12x12.webp 12w, https:\/\/www.qingfaceramic.com\/wp-content\/uploads\/2026\/04\/Custom-Middle-Eastern-Clay-Coffee-Cup-Saucer-Set5-600x600.webp 600w, https:\/\/www.qingfaceramic.com\/wp-content\/uploads\/2026\/04\/Custom-Middle-Eastern-Clay-Coffee-Cup-Saucer-Set5-100x100.webp 100w\" sizes=\"(max-width: 800px) 100vw, 800px\" \/><\/figure>\n<\/div>\n<\/div>\n\n\n\n<div class=\"wp-block-columns is-layout-flex wp-container-core-columns-is-layout-9d6595d7 wp-block-columns-is-layout-flex\">\n<div class=\"wp-block-column is-layout-flow wp-block-column-is-layout-flow\">\n<figure class=\"wp-block-image size-full\"><img decoding=\"async\" width=\"988\" height=\"988\" src=\"https:\/\/www.qingfaceramic.com\/wp-content\/uploads\/2026\/01\/Custom-Ceramic-Coffee-Mug1.webp\" alt=\"Caneca de caf\u00e9 de cer\u00e2mica personalizada1\" class=\"wp-image-608\" srcset=\"https:\/\/www.qingfaceramic.com\/wp-content\/uploads\/2026\/01\/Custom-Ceramic-Coffee-Mug1.webp 988w, https:\/\/www.qingfaceramic.com\/wp-content\/uploads\/2026\/01\/Custom-Ceramic-Coffee-Mug1-300x300.webp 300w, https:\/\/www.qingfaceramic.com\/wp-content\/uploads\/2026\/01\/Custom-Ceramic-Coffee-Mug1-150x150.webp 150w, https:\/\/www.qingfaceramic.com\/wp-content\/uploads\/2026\/01\/Custom-Ceramic-Coffee-Mug1-768x768.webp 768w, https:\/\/www.qingfaceramic.com\/wp-content\/uploads\/2026\/01\/Custom-Ceramic-Coffee-Mug1-600x600.webp 600w, https:\/\/www.qingfaceramic.com\/wp-content\/uploads\/2026\/01\/Custom-Ceramic-Coffee-Mug1-100x100.webp 100w\" sizes=\"(max-width: 988px) 100vw, 988px\" \/><\/figure>\n<\/div>\n\n\n\n<div class=\"wp-block-column is-layout-flow wp-block-column-is-layout-flow\">\n<figure class=\"wp-block-image size-full\"><img decoding=\"async\" width=\"750\" height=\"582\" src=\"https:\/\/www.qingfaceramic.com\/wp-content\/uploads\/2026\/01\/custom-ceramic-coffee-mug8.webp\" alt=\"caneca de caf\u00e9 em cer\u00e2mica personalizada8\" class=\"wp-image-611\" srcset=\"https:\/\/www.qingfaceramic.com\/wp-content\/uploads\/2026\/01\/custom-ceramic-coffee-mug8.webp 750w, https:\/\/www.qingfaceramic.com\/wp-content\/uploads\/2026\/01\/custom-ceramic-coffee-mug8-300x233.webp 300w, https:\/\/www.qingfaceramic.com\/wp-content\/uploads\/2026\/01\/custom-ceramic-coffee-mug8-600x466.webp 600w\" sizes=\"(max-width: 750px) 100vw, 750px\" \/><\/figure>\n<\/div>\n<\/div>\n\n\n\n<p><\/p>","protected":false},"excerpt":{"rendered":"<p data-start=\"503\" data-end=\"756\">O nosso conjunto personalizado de ch\u00e1venas de caf\u00e9 e pires em barro do M\u00e9dio Oriente \u00e9 fabricado em barro natural de primeira qualidade com um acabamento feito \u00e0 m\u00e3o, apresentando um design cultural aut\u00eantico e uma excelente reten\u00e7\u00e3o de calor, ideal para caf\u00e9s, hotelaria e colec\u00e7\u00f5es de marcas.<\/p>\n<h2>Conjunto personalizado de ch\u00e1vena de caf\u00e9 e pires em barro do M\u00e9dio Oriente Par\u00e2metro<\/h2>\n<table data-path-to-node=\"7\">\n<thead>\n<tr>\n<td><strong>Artigo<\/strong><\/td>\n<td><strong>Detalhes<\/strong><\/td>\n<\/tr>\n<\/thead>\n<tbody>\n<tr>\n<td><span data-path-to-node=\"7,1,0,0\"><b data-path-to-node=\"7,1,0,0\" data-index-in-node=\"0\">Material<\/b><\/span><\/td>\n<td><span data-path-to-node=\"7,1,1,0\">Barro natural Premium \/ Gr\u00e9s<\/span><\/td>\n<\/tr>\n<tr>\n<td><span data-path-to-node=\"7,2,0,0\"><b data-path-to-node=\"7,2,0,0\" data-index-in-node=\"0\">T\u00e9cnica<\/b><\/span><\/td>\n<td><span data-path-to-node=\"7,2,1,0\">Cozido \u00e0 m\u00e3o, cozedura a alta temperatura<\/span><\/td>\n<\/tr>\n<tr>\n<td><span data-path-to-node=\"7,3,0,0\"><b data-path-to-node=\"7,3,0,0\" data-index-in-node=\"0\">Conce\u00e7\u00e3o<\/b><\/span><\/td>\n<td><span data-path-to-node=\"7,3,1,0\">Estilo do M\u00e9dio Oriente com decalques dourados Camel<\/span><\/td>\n<\/tr>\n<tr>\n<td><span data-path-to-node=\"7,4,0,0\"><b data-path-to-node=\"7,4,0,0\" data-index-in-node=\"0\">O conjunto inclui<\/b><\/span><\/td>\n<td><span data-path-to-node=\"7,4,1,0\">1 ch\u00e1vena de caf\u00e9 e 1 prato a condizer (pires)<\/span><\/td>\n<\/tr>\n<tr>\n<td><span data-path-to-node=\"7,5,0,0\"><b data-path-to-node=\"7,5,0,0\" data-index-in-node=\"0\">Acabamento<\/b><\/span><\/td>\n<td><span data-path-to-node=\"7,5,1,0\">Corpo com textura mate e rebordo liso vidrado<\/span><\/td>\n<\/tr>\n<tr>\n<td><span data-path-to-node=\"7,6,0,0\"><b data-path-to-node=\"7,6,0,0\" data-index-in-node=\"0\">Cor<\/b><\/span><\/td>\n<td><span data-path-to-node=\"7,6,1,0\">Areia terrosa, Verde musgo, Branco creme<\/span><\/td>\n<\/tr>\n<tr>\n<td><span data-path-to-node=\"7,7,0,0\"><b data-path-to-node=\"7,7,0,0\" data-index-in-node=\"0\">Personaliza\u00e7\u00e3o<\/b><\/span><\/td>\n<td><span data-path-to-node=\"7,7,1,0\">Personaliza\u00e7\u00e3o de log\u00f3tipo, cor e padr\u00e3o dispon\u00edvel<\/span><\/td>\n<\/tr>\n<tr>\n<td><span data-path-to-node=\"7,8,0,0\"><b data-path-to-node=\"7,8,0,0\" data-index-in-node=\"0\">Carater\u00edstica<\/b><\/span><\/td>\n<td><span data-path-to-node=\"7,8,1,0\">Amigo do ambiente, Reten\u00e7\u00e3o de calor, Textura \u00fanica<\/span><\/td>\n<\/tr>\n<\/tbody>\n<\/table>\n<p>&nbsp;<\/p>","protected":false},"featured_media":1574,"comment_status":"closed","ping_status":"closed","template":"","meta":{"_acf_changed":false},"market":[42],"product_brand":[],"product_cat":[17,29],"product_tag":[],"class_list":{"0":"post-1567","1":"product","2":"type-product","3":"status-publish","4":"has-post-thumbnail","6":"market-middle-east-market","7":"product_cat-custom-coffee-cups","8":"product_cat-wholesale-cup-and-saucer-sets","10":"first","11":"instock","12":"shipping-taxable","13":"product-type-simple"},"acf":[],"_links":{"self":[{"href":"https:\/\/www.qingfaceramic.com\/pt\/wp-json\/wp\/v2\/product\/1567","targetHints":{"allow":["GET"]}}],"collection":[{"href":"https:\/\/www.qingfaceramic.com\/pt\/wp-json\/wp\/v2\/product"}],"about":[{"href":"https:\/\/www.qingfaceramic.com\/pt\/wp-json\/wp\/v2\/types\/product"}],"replies":[{"embeddable":true,"href":"https:\/\/www.qingfaceramic.com\/pt\/wp-json\/wp\/v2\/comments?post=1567"}],"wp:featuredmedia":[{"embeddable":true,"href":"https:\/\/www.qingfaceramic.com\/pt\/wp-json\/wp\/v2\/media\/1574"}],"wp:attachment":[{"href":"https:\/\/www.qingfaceramic.com\/pt\/wp-json\/wp\/v2\/media?parent=1567"}],"wp:term":[{"taxonomy":"market","embeddable":true,"href":"https:\/\/www.qingfaceramic.com\/pt\/wp-json\/wp\/v2\/market?post=1567"},{"taxonomy":"product_brand","embeddable":true,"href":"https:\/\/www.qingfaceramic.com\/pt\/wp-json\/wp\/v2\/product_brand?post=1567"},{"taxonomy":"product_cat","embeddable":true,"href":"https:\/\/www.qingfaceramic.com\/pt\/wp-json\/wp\/v2\/product_cat?post=1567"},{"taxonomy":"product_tag","embeddable":true,"href":"https:\/\/www.qingfaceramic.com\/pt\/wp-json\/wp\/v2\/product_tag?post=1567"}],"curies":[{"name":"wp","href":"https:\/\/api.w.org\/{rel}","templated":true}]}}