{"id":1344,"date":"2026-03-18T01:52:36","date_gmt":"2026-03-18T01:52:36","guid":{"rendered":"https:\/\/www.qingfaceramic.com\/?post_type=product&#038;p=1344"},"modified":"2026-03-18T02:07:28","modified_gmt":"2026-03-18T02:07:28","slug":"custom-vintage-coffee-mugs","status":"publish","type":"product","link":"https:\/\/www.qingfaceramic.com\/pt\/produto\/custom-vintage-coffee-mugs\/","title":{"rendered":"Canecas de caf\u00e9 vintage personalizadas Caneca de cer\u00e2mica n\u00f3rdica com textura de trama cruzada"},"content":{"rendered":"<h2 class=\"wp-block-heading\">Carater\u00edsticas das canecas de caf\u00e9 vintage personalizadas<\/h2>\n\n\n\n<div class=\"wp-block-columns is-layout-flex wp-container-core-columns-is-layout-9d6595d7 wp-block-columns-is-layout-flex\">\n<div class=\"wp-block-column is-layout-flow wp-block-column-is-layout-flow\">\n<p><strong>Acabamento t\u00e1til em tecido de linho:<\/strong> Distinta das superf\u00edcies vidradas lisas, a sua textura \u201ccruzada\u201d \u00fanica proporciona uma ader\u00eancia excecional e antiderrapante e uma profundidade t\u00e1til rica, elevando significativamente a qualidade do design industrial do produto.<\/p>\n\n\n\n<p><strong>Motivos artesanais de trigo: <\/strong>Com padr\u00f5es de orelhas de trigo pintadas \u00e0 m\u00e3o que simbolizam a natureza e a abund\u00e2ncia, este design visa precisamente o mercado de restaurantes de luxo e caf\u00e9s biol\u00f3gicos que adoptam a est\u00e9tica \u201cFarm-to-Table\u201d.<\/p>\n\n\n\n<p><strong>In\u00e9rcia t\u00e9rmica de alta densidade: <\/strong>Em compara\u00e7\u00e3o com as ch\u00e1venas de porcelana normais, o material de gr\u00e9s de alta densidade apresenta uma in\u00e9rcia t\u00e9rmica superior, abrandando efetivamente o ritmo a que o caf\u00e9 arrefece para garantir uma experi\u00eancia de degusta\u00e7\u00e3o profissional mais prolongada e satisfat\u00f3ria.<\/p>\n\n\n\n<p><strong>Pega ergon\u00f3mica \u201cComfort-Arch\u201d: <\/strong>O design da pega em arco alto utiliza o equil\u00edbrio mec\u00e2nico para atenuar a sensa\u00e7\u00e3o de peso quando o copo est\u00e1 cheio de l\u00edquido - uma carater\u00edstica ideal para as exig\u00eancias de utiliza\u00e7\u00e3o frequente em ambientes de restaura\u00e7\u00e3o profissionais.<\/p>\n\n\n\n<p><strong>Potencial de marca org\u00e2nica: <\/strong>A textura r\u00fastica da superf\u00edcie presta-se perfeitamente \u00e0 grava\u00e7\u00e3o a laser ou a log\u00f3tipos em relevo, criando um efeito de marca altamente dimensional e sofisticado que contrasta fortemente com a impress\u00e3o plana de baixo custo.<\/p>\n<\/div>\n\n\n\n<div class=\"wp-block-column is-layout-flow wp-block-column-is-layout-flow\">\n<figure class=\"wp-block-image size-full\"><img decoding=\"async\" width=\"1244\" height=\"984\" src=\"https:\/\/www.qingfaceramic.com\/wp-content\/uploads\/2026\/03\/Custom-Vintage-Coffee-Mugs.webp\" alt=\"Canecas de caf\u00e9 vintage personalizadas\" class=\"wp-image-1345\" srcset=\"https:\/\/www.qingfaceramic.com\/wp-content\/uploads\/2026\/03\/Custom-Vintage-Coffee-Mugs.webp 1244w, https:\/\/www.qingfaceramic.com\/wp-content\/uploads\/2026\/03\/Custom-Vintage-Coffee-Mugs-300x237.webp 300w, https:\/\/www.qingfaceramic.com\/wp-content\/uploads\/2026\/03\/Custom-Vintage-Coffee-Mugs-768x607.webp 768w, https:\/\/www.qingfaceramic.com\/wp-content\/uploads\/2026\/03\/Custom-Vintage-Coffee-Mugs-15x12.webp 15w, https:\/\/www.qingfaceramic.com\/wp-content\/uploads\/2026\/03\/Custom-Vintage-Coffee-Mugs-1200x949.webp 1200w, https:\/\/www.qingfaceramic.com\/wp-content\/uploads\/2026\/03\/Custom-Vintage-Coffee-Mugs-600x475.webp 600w\" sizes=\"(max-width: 1244px) 100vw, 1244px\" \/><\/figure>\n<\/div>\n<\/div>\n\n\n\n<div class=\"wp-block-columns is-layout-flex wp-container-core-columns-is-layout-9d6595d7 wp-block-columns-is-layout-flex\">\n<div class=\"wp-block-column is-layout-flow wp-block-column-is-layout-flow\">\n<figure class=\"wp-block-image size-full\"><img decoding=\"async\" width=\"750\" height=\"1694\" src=\"https:\/\/www.qingfaceramic.com\/wp-content\/uploads\/2026\/01\/Custom-Ceramic-Coffee-Mug-in-Bulk4.webp\" alt=\"Caneca de caf\u00e9 em cer\u00e2mica personalizada a granel4\" class=\"wp-image-591\" srcset=\"https:\/\/www.qingfaceramic.com\/wp-content\/uploads\/2026\/01\/Custom-Ceramic-Coffee-Mug-in-Bulk4.webp 750w, https:\/\/www.qingfaceramic.com\/wp-content\/uploads\/2026\/01\/Custom-Ceramic-Coffee-Mug-in-Bulk4-133x300.webp 133w, https:\/\/www.qingfaceramic.com\/wp-content\/uploads\/2026\/01\/Custom-Ceramic-Coffee-Mug-in-Bulk4-600x1355.webp 600w\" sizes=\"(max-width: 750px) 100vw, 750px\" \/><\/figure>\n<\/div>\n\n\n\n<div class=\"wp-block-column is-layout-flow wp-block-column-is-layout-flow\">\n<figure class=\"wp-block-image size-full\"><img decoding=\"async\" width=\"750\" height=\"1166\" src=\"https:\/\/www.qingfaceramic.com\/wp-content\/uploads\/2026\/01\/Custom-Ceramic-Coffee-Mug-in-Bulk5.webp\" alt=\"Caneca de caf\u00e9 em cer\u00e2mica personalizada a granel5\" class=\"wp-image-592\" srcset=\"https:\/\/www.qingfaceramic.com\/wp-content\/uploads\/2026\/01\/Custom-Ceramic-Coffee-Mug-in-Bulk5.webp 750w, https:\/\/www.qingfaceramic.com\/wp-content\/uploads\/2026\/01\/Custom-Ceramic-Coffee-Mug-in-Bulk5-193x300.webp 193w, https:\/\/www.qingfaceramic.com\/wp-content\/uploads\/2026\/01\/Custom-Ceramic-Coffee-Mug-in-Bulk5-600x933.webp 600w\" sizes=\"(max-width: 750px) 100vw, 750px\" \/><\/figure>\n\n\n\n<figure class=\"wp-block-image size-full\"><img decoding=\"async\" width=\"1707\" height=\"1280\" src=\"https:\/\/www.qingfaceramic.com\/wp-content\/uploads\/2026\/01\/Integrated-Craftsmanship-Capability-1.webp\" alt=\"Capacidade artesanal integrada\" class=\"wp-image-571\" srcset=\"https:\/\/www.qingfaceramic.com\/wp-content\/uploads\/2026\/01\/Integrated-Craftsmanship-Capability-1.webp 1707w, https:\/\/www.qingfaceramic.com\/wp-content\/uploads\/2026\/01\/Integrated-Craftsmanship-Capability-1-300x225.webp 300w, https:\/\/www.qingfaceramic.com\/wp-content\/uploads\/2026\/01\/Integrated-Craftsmanship-Capability-1-768x576.webp 768w, https:\/\/www.qingfaceramic.com\/wp-content\/uploads\/2026\/01\/Integrated-Craftsmanship-Capability-1-1200x900.webp 1200w, https:\/\/www.qingfaceramic.com\/wp-content\/uploads\/2026\/01\/Integrated-Craftsmanship-Capability-1-600x450.webp 600w\" sizes=\"(max-width: 1707px) 100vw, 1707px\" \/><\/figure>\n<\/div>\n<\/div>","protected":false},"excerpt":{"rendered":"<p data-start=\"428\" data-end=\"756\">As nossas canecas de caf\u00e9 Vintage personalizadas apresentam uma textura t\u00e1til cruzada \u00fanica e motivos bot\u00e2nicos pintados \u00e0 m\u00e3o. Fabricadas em gr\u00e9s de alta cozedura, estas canecas de estilo n\u00f3rdico oferecem um encanto r\u00fastico e uma durabilidade superior, sendo perfeitas para cafetarias especializadas e retalho artesanal.<\/p>\n<h2>Canecas de caf\u00e9 vintage personalizadas Par\u00e2metro<\/h2>\n<table data-path-to-node=\"12\">\n<thead>\n<tr>\n<td><strong>Campo<\/strong><\/td>\n<td><strong>Detalhes<\/strong><\/td>\n<\/tr>\n<\/thead>\n<tbody>\n<tr>\n<td><span data-path-to-node=\"12,1,0,0\"><b data-path-to-node=\"12,1,0,0\" data-index-in-node=\"0\">Fabricante<\/b><\/span><\/td>\n<td><span data-path-to-node=\"12,1,1,0\">Cer\u00e2mica Qingfa<\/span><\/td>\n<\/tr>\n<tr>\n<td><span data-path-to-node=\"12,2,0,0\"><b data-path-to-node=\"12,2,0,0\" data-index-in-node=\"0\">Nome do produto<\/b><\/span><\/td>\n<td><span data-path-to-node=\"12,2,1,0\">Canecas de caf\u00e9 vintage personalizadas \/ Caneca de tecido cruzado n\u00f3rdico<\/span><\/td>\n<\/tr>\n<tr>\n<td><span data-path-to-node=\"12,3,0,0\"><b data-path-to-node=\"12,3,0,0\" data-index-in-node=\"0\">Material<\/b><\/span><\/td>\n<td><span data-path-to-node=\"12,3,1,0\">Gr\u00e9s \/ Porcelana de alta qualidade<\/span><\/td>\n<\/tr>\n<tr>\n<td><span data-path-to-node=\"12,4,0,0\"><b data-path-to-node=\"12,4,0,0\" data-index-in-node=\"0\">Capacidade<\/b><\/span><\/td>\n<td><span data-path-to-node=\"12,4,1,0\">\u00a0400ml<\/span><\/td>\n<\/tr>\n<tr>\n<td><span data-path-to-node=\"12,5,0,0\"><b data-path-to-node=\"12,5,0,0\" data-index-in-node=\"0\">Design \/ Estilo<\/b><\/span><\/td>\n<td><span data-path-to-node=\"12,5,1,0\">Vintage n\u00f3rdico; textura de trama cruzada com motivos de trigo<\/span><\/td>\n<\/tr>\n<tr>\n<td><span data-path-to-node=\"12,6,0,0\"><b data-path-to-node=\"12,6,0,0\" data-index-in-node=\"0\">Acabamento da superf\u00edcie<\/b><\/span><\/td>\n<td><span data-path-to-node=\"12,6,1,0\">Esmalte de textura mate com pormenores pintados \u00e0 m\u00e3o<\/span><\/td>\n<\/tr>\n<tr>\n<td><span data-path-to-node=\"12,7,0,0\"><b data-path-to-node=\"12,7,0,0\" data-index-in-node=\"0\">Op\u00e7\u00f5es de cores<\/b><\/span><\/td>\n<td><span data-path-to-node=\"12,7,1,0\">Bege aveia, cinzento pedra, verde azeitona (personaliz\u00e1vel)<\/span><\/td>\n<\/tr>\n<tr>\n<td><span data-path-to-node=\"12,8,0,0\"><b data-path-to-node=\"12,8,0,0\" data-index-in-node=\"0\">Pega<\/b><\/span><\/td>\n<td><span data-path-to-node=\"12,8,1,0\">Pega ergon\u00f3mica integrada de arco elevado<\/span><\/td>\n<\/tr>\n<tr>\n<td><span data-path-to-node=\"12,9,0,0\"><b data-path-to-node=\"12,9,0,0\" data-index-in-node=\"0\">Personaliza\u00e7\u00e3o<\/b><\/span><\/td>\n<td><span data-path-to-node=\"12,9,1,0\">Log\u00f3tipo, desenho do padr\u00e3o, cor do esmalte, embalagem (OEM\/ODM)<\/span><\/td>\n<\/tr>\n<tr>\n<td><span data-path-to-node=\"12,10,0,0\"><b data-path-to-node=\"12,10,0,0\" data-index-in-node=\"0\">Utiliza\u00e7\u00e3o<\/b><\/span><\/td>\n<td><span data-path-to-node=\"12,10,1,0\">Caf\u00e9s especializados, hot\u00e9is boutique e lojas de estilo de vida r\u00fastico<\/span><\/td>\n<\/tr>\n<tr>\n<td><span data-path-to-node=\"12,11,0,0\"><b data-path-to-node=\"12,11,0,0\" data-index-in-node=\"0\">Certifica\u00e7\u00f5es<\/b><\/span><\/td>\n<td><span data-path-to-node=\"12,11,1,0\">FDA, LFGB, CE \/ EU, CIQ<\/span><\/td>\n<\/tr>\n<\/tbody>\n<\/table>\n<p>&nbsp;<\/p>","protected":false},"featured_media":1346,"comment_status":"closed","ping_status":"closed","template":"","meta":{"_acf_changed":false},"market":[],"product_brand":[],"product_cat":[17,28],"product_tag":[],"class_list":{"0":"post-1344","1":"product","2":"type-product","3":"status-publish","4":"has-post-thumbnail","6":"product_cat-custom-coffee-cups","7":"product_cat-custom-coffee-mugs","9":"first","10":"instock","11":"shipping-taxable","12":"product-type-simple"},"acf":[],"_links":{"self":[{"href":"https:\/\/www.qingfaceramic.com\/pt\/wp-json\/wp\/v2\/product\/1344","targetHints":{"allow":["GET"]}}],"collection":[{"href":"https:\/\/www.qingfaceramic.com\/pt\/wp-json\/wp\/v2\/product"}],"about":[{"href":"https:\/\/www.qingfaceramic.com\/pt\/wp-json\/wp\/v2\/types\/product"}],"replies":[{"embeddable":true,"href":"https:\/\/www.qingfaceramic.com\/pt\/wp-json\/wp\/v2\/comments?post=1344"}],"wp:featuredmedia":[{"embeddable":true,"href":"https:\/\/www.qingfaceramic.com\/pt\/wp-json\/wp\/v2\/media\/1346"}],"wp:attachment":[{"href":"https:\/\/www.qingfaceramic.com\/pt\/wp-json\/wp\/v2\/media?parent=1344"}],"wp:term":[{"taxonomy":"market","embeddable":true,"href":"https:\/\/www.qingfaceramic.com\/pt\/wp-json\/wp\/v2\/market?post=1344"},{"taxonomy":"product_brand","embeddable":true,"href":"https:\/\/www.qingfaceramic.com\/pt\/wp-json\/wp\/v2\/product_brand?post=1344"},{"taxonomy":"product_cat","embeddable":true,"href":"https:\/\/www.qingfaceramic.com\/pt\/wp-json\/wp\/v2\/product_cat?post=1344"},{"taxonomy":"product_tag","embeddable":true,"href":"https:\/\/www.qingfaceramic.com\/pt\/wp-json\/wp\/v2\/product_tag?post=1344"}],"curies":[{"name":"wp","href":"https:\/\/api.w.org\/{rel}","templated":true}]}}