{"id":1318,"date":"2026-03-17T09:25:34","date_gmt":"2026-03-17T09:25:34","guid":{"rendered":"https:\/\/www.qingfaceramic.com\/?post_type=product&#038;p=1318"},"modified":"2026-03-17T09:43:27","modified_gmt":"2026-03-17T09:43:27","slug":"custom-artisanal-coffee-mugs","status":"publish","type":"product","link":"https:\/\/www.qingfaceramic.com\/pt\/produto\/custom-artisanal-coffee-mugs\/","title":{"rendered":"Canecas de caf\u00e9 artesanais personalizadas Empilh\u00e1veis em gr\u00e9s n\u00f3rdico"},"content":{"rendered":"<h2 class=\"wp-block-heading\">Carater\u00edsticas das canecas de caf\u00e9 artesanais personalizadas<\/h2>\n\n\n\n<div class=\"wp-block-columns is-layout-flex wp-container-core-columns-is-layout-9d6595d7 wp-block-columns-is-layout-flex\">\n<div class=\"wp-block-column is-layout-flow wp-block-column-is-layout-flow\">\n<p><strong>Forma arquitet\u00f3nica empilh\u00e1vel<\/strong>: A base rebaixada, concebida com precis\u00e3o, permite um encaixe vertical seguro, reduzindo drasticamente o espa\u00e7o de armazenamento em ambientes de cafetaria de grande volume.<\/p>\n\n\n\n<p><strong>Contraste t\u00e1til de textura dupla<\/strong>: Combina uma base \u201carenosa\u201d crua e n\u00e3o vidrada com uma parte superior lisa e mate, proporcionando uma experi\u00eancia sensorial \u00fanica que refor\u00e7a a qualidade artesanal.<\/p>\n\n\n\n<p><strong>Motivos de inspira\u00e7\u00e3o Wabi-Sabi<\/strong>: Apresenta \u00edcones bot\u00e2nicos e de casas de campo gravados \u00e0 m\u00e3o que abra\u00e7am a beleza imperfeita, apelando aos clientes que procuram uma \u201cvida lenta\u201d e uma est\u00e9tica org\u00e2nica.<\/p>\n\n\n\n<p><strong>In\u00e9rcia t\u00e9rmica de n\u00edvel comercial<\/strong>: As paredes densas de gr\u00e9s minimizam as flutua\u00e7\u00f5es de temperatura, assegurando que as notas complexas do caf\u00e9 expresso de especialidade s\u00e3o preservadas do primeiro ao \u00faltimo gole.<\/p>\n\n\n\n<p><strong>Apelo ecol\u00f3gico de pequenos lotes<\/strong>: Posicionada como uma alternativa sustent\u00e1vel \u00e0 cer\u00e2mica do mercado de massas, com suporte OEM completo para que as marcas contem a sua pr\u00f3pria hist\u00f3ria atrav\u00e9s de \u00edcones personalizados.<\/p>\n<\/div>\n\n\n\n<div class=\"wp-block-column is-layout-flow wp-block-column-is-layout-flow\">\n<figure class=\"wp-block-image size-full\"><img decoding=\"async\" width=\"1330\" height=\"1502\" src=\"https:\/\/www.qingfaceramic.com\/wp-content\/uploads\/2026\/03\/Custom-Artisanal-Coffee-Mugs.webp\" alt=\"Canecas de caf\u00e9 artesanais personalizadas\" class=\"wp-image-1319\" srcset=\"https:\/\/www.qingfaceramic.com\/wp-content\/uploads\/2026\/03\/Custom-Artisanal-Coffee-Mugs.webp 1330w, https:\/\/www.qingfaceramic.com\/wp-content\/uploads\/2026\/03\/Custom-Artisanal-Coffee-Mugs-266x300.webp 266w, https:\/\/www.qingfaceramic.com\/wp-content\/uploads\/2026\/03\/Custom-Artisanal-Coffee-Mugs-768x867.webp 768w, https:\/\/www.qingfaceramic.com\/wp-content\/uploads\/2026\/03\/Custom-Artisanal-Coffee-Mugs-11x12.webp 11w, https:\/\/www.qingfaceramic.com\/wp-content\/uploads\/2026\/03\/Custom-Artisanal-Coffee-Mugs-1200x1355.webp 1200w, https:\/\/www.qingfaceramic.com\/wp-content\/uploads\/2026\/03\/Custom-Artisanal-Coffee-Mugs-600x678.webp 600w\" sizes=\"(max-width: 1330px) 100vw, 1330px\" \/><\/figure>\n<\/div>\n<\/div>\n\n\n\n<div class=\"wp-block-columns is-layout-flex wp-container-core-columns-is-layout-9d6595d7 wp-block-columns-is-layout-flex\">\n<div class=\"wp-block-column is-layout-flow wp-block-column-is-layout-flow\">\n<figure class=\"wp-block-image size-full\"><img decoding=\"async\" width=\"750\" height=\"1694\" src=\"https:\/\/www.qingfaceramic.com\/wp-content\/uploads\/2026\/01\/Custom-Ceramic-Coffee-Mug-in-Bulk4.webp\" alt=\"Caneca de caf\u00e9 em cer\u00e2mica personalizada a granel4\" class=\"wp-image-591\" srcset=\"https:\/\/www.qingfaceramic.com\/wp-content\/uploads\/2026\/01\/Custom-Ceramic-Coffee-Mug-in-Bulk4.webp 750w, https:\/\/www.qingfaceramic.com\/wp-content\/uploads\/2026\/01\/Custom-Ceramic-Coffee-Mug-in-Bulk4-133x300.webp 133w, https:\/\/www.qingfaceramic.com\/wp-content\/uploads\/2026\/01\/Custom-Ceramic-Coffee-Mug-in-Bulk4-600x1355.webp 600w\" sizes=\"(max-width: 750px) 100vw, 750px\" \/><\/figure>\n<\/div>\n\n\n\n<div class=\"wp-block-column is-layout-flow wp-block-column-is-layout-flow\">\n<figure class=\"wp-block-image size-full\"><img decoding=\"async\" width=\"750\" height=\"1166\" src=\"https:\/\/www.qingfaceramic.com\/wp-content\/uploads\/2026\/01\/Custom-Ceramic-Coffee-Mug-in-Bulk5.webp\" alt=\"Caneca de caf\u00e9 em cer\u00e2mica personalizada a granel5\" class=\"wp-image-592\" srcset=\"https:\/\/www.qingfaceramic.com\/wp-content\/uploads\/2026\/01\/Custom-Ceramic-Coffee-Mug-in-Bulk5.webp 750w, https:\/\/www.qingfaceramic.com\/wp-content\/uploads\/2026\/01\/Custom-Ceramic-Coffee-Mug-in-Bulk5-193x300.webp 193w, https:\/\/www.qingfaceramic.com\/wp-content\/uploads\/2026\/01\/Custom-Ceramic-Coffee-Mug-in-Bulk5-600x933.webp 600w\" sizes=\"(max-width: 750px) 100vw, 750px\" \/><\/figure>\n\n\n\n<figure class=\"wp-block-image size-full\"><img decoding=\"async\" width=\"1707\" height=\"1280\" src=\"https:\/\/www.qingfaceramic.com\/wp-content\/uploads\/2026\/01\/Integrated-Craftsmanship-Capability-1.webp\" alt=\"Capacidade artesanal integrada\" class=\"wp-image-571\" srcset=\"https:\/\/www.qingfaceramic.com\/wp-content\/uploads\/2026\/01\/Integrated-Craftsmanship-Capability-1.webp 1707w, https:\/\/www.qingfaceramic.com\/wp-content\/uploads\/2026\/01\/Integrated-Craftsmanship-Capability-1-300x225.webp 300w, https:\/\/www.qingfaceramic.com\/wp-content\/uploads\/2026\/01\/Integrated-Craftsmanship-Capability-1-768x576.webp 768w, https:\/\/www.qingfaceramic.com\/wp-content\/uploads\/2026\/01\/Integrated-Craftsmanship-Capability-1-1200x900.webp 1200w, https:\/\/www.qingfaceramic.com\/wp-content\/uploads\/2026\/01\/Integrated-Craftsmanship-Capability-1-600x450.webp 600w\" sizes=\"(max-width: 1707px) 100vw, 1707px\" \/><\/figure>\n<\/div>\n<\/div>","protected":false},"excerpt":{"rendered":"<p data-start=\"428\" data-end=\"756\">As nossas canecas de caf\u00e9 Artisanal personalizadas apresentam um design n\u00f3rdico empilh\u00e1vel e \u00edcones gravados \u00e0 m\u00e3o. Fabricadas em gr\u00e9s resistente, estas canecas economizam espa\u00e7o e s\u00e3o perfeitas para caf\u00e9s especializados e lojas de presentes.<\/p>\n<h2>Canecas de caf\u00e9 artesanais personalizadas Par\u00e2metro<\/h2>\n<table data-path-to-node=\"12\">\n<thead>\n<tr>\n<td><strong>Campo<\/strong><\/td>\n<td><strong>Detalhes<\/strong><\/td>\n<\/tr>\n<\/thead>\n<tbody>\n<tr>\n<td><span data-path-to-node=\"12,1,0,0\"><b data-path-to-node=\"12,1,0,0\" data-index-in-node=\"0\">Fabricante<\/b><\/span><\/td>\n<td><span data-path-to-node=\"12,1,1,0\">Cer\u00e2mica Qingfa<\/span><\/td>\n<\/tr>\n<tr>\n<td><span data-path-to-node=\"12,2,0,0\"><b data-path-to-node=\"12,2,0,0\" data-index-in-node=\"0\">Nome do produto<\/b><\/span><\/td>\n<td><span data-path-to-node=\"12,2,1,0\">Canecas de caf\u00e9 artesanais personalizadas \/ Caneca empilh\u00e1vel com \u00edcones retro<\/span><\/td>\n<\/tr>\n<tr>\n<td><span data-path-to-node=\"12,3,0,0\"><b data-path-to-node=\"12,3,0,0\" data-index-in-node=\"0\">Material<\/b><\/span><\/td>\n<td><span data-path-to-node=\"12,3,1,0\">Gr\u00e9s resistente \/ Barro de terra natural<\/span><\/td>\n<\/tr>\n<tr>\n<td><span data-path-to-node=\"12,4,0,0\"><b data-path-to-node=\"12,4,0,0\" data-index-in-node=\"0\">Capacidade<\/b><\/span><\/td>\n<td><span data-path-to-node=\"12,4,1,0\">375ml (Ideal para Lattes e Flat Whites)<\/span><\/td>\n<\/tr>\n<tr>\n<td><span data-path-to-node=\"12,5,0,0\"><b data-path-to-node=\"12,5,0,0\" data-index-in-node=\"0\">Design \/ Estilo<\/b><\/span><\/td>\n<td><span data-path-to-node=\"12,5,1,0\">N\u00f3rdico empilh\u00e1vel; est\u00e9tica primitiva gravada \u00e0 m\u00e3o<\/span><\/td>\n<\/tr>\n<tr>\n<td><span data-path-to-node=\"12,6,0,0\"><b data-path-to-node=\"12,6,0,0\" data-index-in-node=\"0\">Acabamento da superf\u00edcie<\/b><\/span><\/td>\n<td><span data-path-to-node=\"12,6,1,0\">Dois tons (base arenosa n\u00e3o vidrada + topo vidrado mate)<\/span><\/td>\n<\/tr>\n<tr>\n<td><span data-path-to-node=\"12,7,0,0\"><b data-path-to-node=\"12,7,0,0\" data-index-in-node=\"0\">Op\u00e7\u00f5es de cores<\/b><\/span><\/td>\n<td><span data-path-to-node=\"12,7,1,0\">Branco giz, Verde musgo, Amarelo colheita (personaliz\u00e1vel)<\/span><\/td>\n<\/tr>\n<tr>\n<td><span data-path-to-node=\"12,8,0,0\"><b data-path-to-node=\"12,8,0,0\" data-index-in-node=\"0\">Pega<\/b><\/span><\/td>\n<td><span data-path-to-node=\"12,8,1,0\">Pega \u201cComfort-Curve\u201d integrada para um equil\u00edbrio ergon\u00f3mico<\/span><\/td>\n<\/tr>\n<tr>\n<td><span data-path-to-node=\"12,9,0,0\"><b data-path-to-node=\"12,9,0,0\" data-index-in-node=\"0\">Personaliza\u00e7\u00e3o<\/b><\/span><\/td>\n<td><span data-path-to-node=\"12,9,1,0\">Log\u00f3tipos gravados, \u00edcones personalizados, esmaltes Pantone personalizados<\/span><\/td>\n<\/tr>\n<tr>\n<td><span data-path-to-node=\"12,10,0,0\"><b data-path-to-node=\"12,10,0,0\" data-index-in-node=\"0\">Utiliza\u00e7\u00e3o<\/b><\/span><\/td>\n<td><span data-path-to-node=\"12,10,1,0\">Torrefac\u00e7\u00f5es de caf\u00e9s especiais, hot\u00e9is de charme, lojas de conceito<\/span><\/td>\n<\/tr>\n<tr>\n<td><span data-path-to-node=\"12,11,0,0\"><b data-path-to-node=\"12,11,0,0\" data-index-in-node=\"0\">Certifica\u00e7\u00f5es<\/b><\/span><\/td>\n<td><span data-path-to-node=\"12,11,1,0\">Conformidade com FDA, LFGB, Prop 65<\/span><\/td>\n<\/tr>\n<\/tbody>\n<\/table>\n<p>&nbsp;<\/p>","protected":false},"featured_media":1324,"comment_status":"closed","ping_status":"closed","template":"","meta":{"_acf_changed":false},"market":[],"product_brand":[],"product_cat":[17,28],"product_tag":[],"class_list":{"0":"post-1318","1":"product","2":"type-product","3":"status-publish","4":"has-post-thumbnail","6":"product_cat-custom-coffee-cups","7":"product_cat-custom-coffee-mugs","9":"first","10":"instock","11":"shipping-taxable","12":"product-type-simple"},"acf":[],"_links":{"self":[{"href":"https:\/\/www.qingfaceramic.com\/pt\/wp-json\/wp\/v2\/product\/1318","targetHints":{"allow":["GET"]}}],"collection":[{"href":"https:\/\/www.qingfaceramic.com\/pt\/wp-json\/wp\/v2\/product"}],"about":[{"href":"https:\/\/www.qingfaceramic.com\/pt\/wp-json\/wp\/v2\/types\/product"}],"replies":[{"embeddable":true,"href":"https:\/\/www.qingfaceramic.com\/pt\/wp-json\/wp\/v2\/comments?post=1318"}],"wp:featuredmedia":[{"embeddable":true,"href":"https:\/\/www.qingfaceramic.com\/pt\/wp-json\/wp\/v2\/media\/1324"}],"wp:attachment":[{"href":"https:\/\/www.qingfaceramic.com\/pt\/wp-json\/wp\/v2\/media?parent=1318"}],"wp:term":[{"taxonomy":"market","embeddable":true,"href":"https:\/\/www.qingfaceramic.com\/pt\/wp-json\/wp\/v2\/market?post=1318"},{"taxonomy":"product_brand","embeddable":true,"href":"https:\/\/www.qingfaceramic.com\/pt\/wp-json\/wp\/v2\/product_brand?post=1318"},{"taxonomy":"product_cat","embeddable":true,"href":"https:\/\/www.qingfaceramic.com\/pt\/wp-json\/wp\/v2\/product_cat?post=1318"},{"taxonomy":"product_tag","embeddable":true,"href":"https:\/\/www.qingfaceramic.com\/pt\/wp-json\/wp\/v2\/product_tag?post=1318"}],"curies":[{"name":"wp","href":"https:\/\/api.w.org\/{rel}","templated":true}]}}