{"id":1285,"date":"2026-03-17T08:14:20","date_gmt":"2026-03-17T08:14:20","guid":{"rendered":"https:\/\/www.qingfaceramic.com\/?post_type=product&#038;p=1285"},"modified":"2026-03-17T08:31:32","modified_gmt":"2026-03-17T08:31:32","slug":"custom-stoneware-coffee-mugs","status":"publish","type":"product","link":"https:\/\/www.qingfaceramic.com\/pt\/produto\/custom-stoneware-coffee-mugs\/","title":{"rendered":"Canecas de caf\u00e9 em gr\u00e9s personalizadas Caneca de barro redonda n\u00f3rdica pintada \u00e0 m\u00e3o"},"content":{"rendered":"<h2 class=\"wp-block-heading\">Carater\u00edsticas das canecas de caf\u00e9 personalizadas em gr\u00e9s<\/h2>\n\n\n\n<div class=\"wp-block-columns is-layout-flex wp-container-core-columns-is-layout-9d6595d7 wp-block-columns-is-layout-flex\">\n<div class=\"wp-block-column is-layout-flow wp-block-column-is-layout-flow\">\n<p><strong>Arte \u00fanica<\/strong>: Cada caneca apresenta motivos bot\u00e2nicos individuais pintados \u00e0 m\u00e3o, garantindo que n\u00e3o existem duas pe\u00e7as id\u00eanticas - um ponto de venda de elevado valor para colec\u00e7\u00f5es de boutique.<\/p>\n\n\n\n<p><strong>Textura t\u00e1til de argila crua<\/strong>: O exterior em barro mate, n\u00e3o vidrado, proporciona uma experi\u00eancia sensorial org\u00e2nica e fundamentada que se enquadra nas tend\u00eancias modernas \u201cWabi-Sabi\u201d e de decora\u00e7\u00e3o minimalista.<\/p>\n\n\n\n<p><strong>Densidade do gr\u00e9s de alta temperatura<\/strong>: Ao contr\u00e1rio da cer\u00e2mica normal, o nosso gr\u00e9s de alta densidade ret\u00e9m o calor da bebida durante mais tempo, melhorando o perfil de sabor do caf\u00e9 de especialidade.<\/p>\n\n\n\n<p><strong>Silhueta \u201cPinch-Pot\u201d artesanal<\/strong>: A forma arredondada e ligeiramente irregular imita a cer\u00e2mica tradicional feita \u00e0 m\u00e3o, oferecendo um toque caloroso e humano aos ambientes profissionais de hospitalidade.<\/p>\n\n\n\n<p><strong>Fornecimento sustent\u00e1vel de argila<\/strong>: Fabricado em gr\u00e9s natural e ecol\u00f3gico, \u00e9 cozido a alta temperatura para uma vida \u00fatil m\u00e1xima, reduzindo a necessidade de substitui\u00e7\u00f5es frequentes em caf\u00e9s com muito tr\u00e1fego.<\/p>\n<\/div>\n\n\n\n<div class=\"wp-block-column is-layout-flow wp-block-column-is-layout-flow\">\n<figure class=\"wp-block-image size-full\"><img decoding=\"async\" width=\"1260\" height=\"1516\" src=\"https:\/\/www.qingfaceramic.com\/wp-content\/uploads\/2026\/03\/Custom-Stoneware-Coffee-Mugs.webp\" alt=\"Canecas de caf\u00e9 em gr\u00e9s personalizadas\" class=\"wp-image-1286\" srcset=\"https:\/\/www.qingfaceramic.com\/wp-content\/uploads\/2026\/03\/Custom-Stoneware-Coffee-Mugs.webp 1260w, https:\/\/www.qingfaceramic.com\/wp-content\/uploads\/2026\/03\/Custom-Stoneware-Coffee-Mugs-249x300.webp 249w, https:\/\/www.qingfaceramic.com\/wp-content\/uploads\/2026\/03\/Custom-Stoneware-Coffee-Mugs-768x924.webp 768w, https:\/\/www.qingfaceramic.com\/wp-content\/uploads\/2026\/03\/Custom-Stoneware-Coffee-Mugs-10x12.webp 10w, https:\/\/www.qingfaceramic.com\/wp-content\/uploads\/2026\/03\/Custom-Stoneware-Coffee-Mugs-1200x1444.webp 1200w, https:\/\/www.qingfaceramic.com\/wp-content\/uploads\/2026\/03\/Custom-Stoneware-Coffee-Mugs-600x722.webp 600w\" sizes=\"(max-width: 1260px) 100vw, 1260px\" \/><\/figure>\n<\/div>\n<\/div>\n\n\n\n<div class=\"wp-block-columns is-layout-flex wp-container-core-columns-is-layout-9d6595d7 wp-block-columns-is-layout-flex\">\n<div class=\"wp-block-column is-layout-flow wp-block-column-is-layout-flow\">\n<figure class=\"wp-block-image size-full\"><img decoding=\"async\" width=\"750\" height=\"1694\" src=\"https:\/\/www.qingfaceramic.com\/wp-content\/uploads\/2026\/01\/Custom-Ceramic-Coffee-Mug-in-Bulk4.webp\" alt=\"Caneca de caf\u00e9 em cer\u00e2mica personalizada a granel4\" class=\"wp-image-591\" srcset=\"https:\/\/www.qingfaceramic.com\/wp-content\/uploads\/2026\/01\/Custom-Ceramic-Coffee-Mug-in-Bulk4.webp 750w, https:\/\/www.qingfaceramic.com\/wp-content\/uploads\/2026\/01\/Custom-Ceramic-Coffee-Mug-in-Bulk4-133x300.webp 133w, https:\/\/www.qingfaceramic.com\/wp-content\/uploads\/2026\/01\/Custom-Ceramic-Coffee-Mug-in-Bulk4-600x1355.webp 600w\" sizes=\"(max-width: 750px) 100vw, 750px\" \/><\/figure>\n<\/div>\n\n\n\n<div class=\"wp-block-column is-layout-flow wp-block-column-is-layout-flow\">\n<figure class=\"wp-block-image size-full\"><img decoding=\"async\" width=\"750\" height=\"1166\" src=\"https:\/\/www.qingfaceramic.com\/wp-content\/uploads\/2026\/01\/Custom-Ceramic-Coffee-Mug-in-Bulk5.webp\" alt=\"Caneca de caf\u00e9 em cer\u00e2mica personalizada a granel5\" class=\"wp-image-592\" srcset=\"https:\/\/www.qingfaceramic.com\/wp-content\/uploads\/2026\/01\/Custom-Ceramic-Coffee-Mug-in-Bulk5.webp 750w, https:\/\/www.qingfaceramic.com\/wp-content\/uploads\/2026\/01\/Custom-Ceramic-Coffee-Mug-in-Bulk5-193x300.webp 193w, https:\/\/www.qingfaceramic.com\/wp-content\/uploads\/2026\/01\/Custom-Ceramic-Coffee-Mug-in-Bulk5-600x933.webp 600w\" sizes=\"(max-width: 750px) 100vw, 750px\" \/><\/figure>\n\n\n\n<figure class=\"wp-block-image size-full\"><img decoding=\"async\" width=\"1707\" height=\"1280\" src=\"https:\/\/www.qingfaceramic.com\/wp-content\/uploads\/2026\/01\/Integrated-Craftsmanship-Capability-1.webp\" alt=\"Capacidade artesanal integrada\" class=\"wp-image-571\" srcset=\"https:\/\/www.qingfaceramic.com\/wp-content\/uploads\/2026\/01\/Integrated-Craftsmanship-Capability-1.webp 1707w, https:\/\/www.qingfaceramic.com\/wp-content\/uploads\/2026\/01\/Integrated-Craftsmanship-Capability-1-300x225.webp 300w, https:\/\/www.qingfaceramic.com\/wp-content\/uploads\/2026\/01\/Integrated-Craftsmanship-Capability-1-768x576.webp 768w, https:\/\/www.qingfaceramic.com\/wp-content\/uploads\/2026\/01\/Integrated-Craftsmanship-Capability-1-1200x900.webp 1200w, https:\/\/www.qingfaceramic.com\/wp-content\/uploads\/2026\/01\/Integrated-Craftsmanship-Capability-1-600x450.webp 600w\" sizes=\"(max-width: 1707px) 100vw, 1707px\" \/><\/figure>\n<\/div>\n<\/div>","protected":false},"excerpt":{"rendered":"<p data-start=\"428\" data-end=\"756\">As nossas canecas de caf\u00e9 em gr\u00e9s personalizadas apresentam motivos vegetais n\u00f3rdicos vintage pintados \u00e0 m\u00e3o. Fabricadas em gr\u00e9s de alta qualidade para uma durabilidade e reten\u00e7\u00e3o de calor superiores, estas canecas art\u00edsticas s\u00e3o perfeitas para caf\u00e9s, hot\u00e9is e colec\u00e7\u00f5es de presentes de marca.<\/p>\n<h2>Canecas de caf\u00e9 em gr\u00e9s personalizadas Par\u00e2metro<\/h2>\n<table data-path-to-node=\"11\">\n<thead>\n<tr>\n<td><strong>Campo<\/strong><\/td>\n<td><strong>Detalhes<\/strong><\/td>\n<\/tr>\n<\/thead>\n<tbody>\n<tr>\n<td><span data-path-to-node=\"11,1,0,0\"><b data-path-to-node=\"11,1,0,0\" data-index-in-node=\"0\">Fabricante<\/b><\/span><\/td>\n<td><span data-path-to-node=\"11,1,1,0\">Cer\u00e2mica Qingfa<\/span><\/td>\n<\/tr>\n<tr>\n<td><span data-path-to-node=\"11,2,0,0\"><b data-path-to-node=\"11,2,0,0\" data-index-in-node=\"0\">Nome do produto<\/b><\/span><\/td>\n<td><span data-path-to-node=\"11,2,1,0\">Canecas de caf\u00e9 em gr\u00e9s personalizadas \/ Caneca n\u00f3rdica pintada \u00e0 m\u00e3o<\/span><\/td>\n<\/tr>\n<tr>\n<td><span data-path-to-node=\"11,3,0,0\"><b data-path-to-node=\"11,3,0,0\" data-index-in-node=\"0\">Material<\/b><\/span><\/td>\n<td><span data-path-to-node=\"11,3,1,0\">Gr\u00e9s \/ Barro de alta qualidade<\/span><\/td>\n<\/tr>\n<tr>\n<td><span data-path-to-node=\"11,4,0,0\"><b data-path-to-node=\"11,4,0,0\" data-index-in-node=\"0\">Capacidade<\/b><\/span><\/td>\n<td><span data-path-to-node=\"11,4,1,0\">Aprox. 275ml<\/span><\/td>\n<\/tr>\n<tr>\n<td><span data-path-to-node=\"11,5,0,0\"><b data-path-to-node=\"11,5,0,0\" data-index-in-node=\"0\">Design \/ Estilo<\/b><\/span><\/td>\n<td><span data-path-to-node=\"11,5,1,0\">Vintage n\u00f3rdico com motivos vegetais pintados \u00e0 m\u00e3o<\/span><\/td>\n<\/tr>\n<tr>\n<td><span data-path-to-node=\"11,6,0,0\"><b data-path-to-node=\"11,6,0,0\" data-index-in-node=\"0\">Acabamento da superf\u00edcie<\/b><\/span><\/td>\n<td><span data-path-to-node=\"11,6,1,0\">Textura de barro mate com pormenores pintados \u00e0 m\u00e3o<\/span><\/td>\n<\/tr>\n<tr>\n<td><span data-path-to-node=\"11,7,0,0\"><b data-path-to-node=\"11,7,0,0\" data-index-in-node=\"0\">Op\u00e7\u00f5es de cores<\/b><\/span><\/td>\n<td><span data-path-to-node=\"11,7,1,0\">Bege terra, Azul suave, Verde s\u00e1lvia (personaliz\u00e1vel)<\/span><\/td>\n<\/tr>\n<tr>\n<td><span data-path-to-node=\"11,8,0,0\"><b data-path-to-node=\"11,8,0,0\" data-index-in-node=\"0\">Pega<\/b><\/span><\/td>\n<td><span data-path-to-node=\"11,8,1,0\">Pega ergon\u00f3mica em forma de C integrada<\/span><\/td>\n<\/tr>\n<tr>\n<td><span data-path-to-node=\"11,9,0,0\"><b data-path-to-node=\"11,9,0,0\" data-index-in-node=\"0\">Personaliza\u00e7\u00e3o<\/b><\/span><\/td>\n<td><span data-path-to-node=\"11,9,1,0\">Log\u00f3tipo, cor, desenho de padr\u00f5es, embalagem (OEM\/ODM)<\/span><\/td>\n<\/tr>\n<tr>\n<td><span data-path-to-node=\"11,10,0,0\"><b data-path-to-node=\"11,10,0,0\" data-index-in-node=\"0\">Utiliza\u00e7\u00e3o<\/b><\/span><\/td>\n<td><span data-path-to-node=\"11,10,1,0\">Caf\u00e9s, hot\u00e9is, restaurantes e com\u00e9rcio de prendas<\/span><\/td>\n<\/tr>\n<tr>\n<td><span data-path-to-node=\"11,11,0,0\"><b data-path-to-node=\"11,11,0,0\" data-index-in-node=\"0\">Certifica\u00e7\u00f5es<\/b><\/span><\/td>\n<td><span data-path-to-node=\"11,11,1,0\">Conformidade com FDA, LFGB, CE\/UE<\/span><\/td>\n<\/tr>\n<\/tbody>\n<\/table>\n<p>&nbsp;<\/p>","protected":false},"featured_media":1288,"comment_status":"closed","ping_status":"closed","template":"","meta":{"_acf_changed":false},"market":[],"product_brand":[],"product_cat":[17,28],"product_tag":[],"class_list":{"0":"post-1285","1":"product","2":"type-product","3":"status-publish","4":"has-post-thumbnail","6":"product_cat-custom-coffee-cups","7":"product_cat-custom-coffee-mugs","9":"first","10":"instock","11":"shipping-taxable","12":"product-type-simple"},"acf":[],"_links":{"self":[{"href":"https:\/\/www.qingfaceramic.com\/pt\/wp-json\/wp\/v2\/product\/1285","targetHints":{"allow":["GET"]}}],"collection":[{"href":"https:\/\/www.qingfaceramic.com\/pt\/wp-json\/wp\/v2\/product"}],"about":[{"href":"https:\/\/www.qingfaceramic.com\/pt\/wp-json\/wp\/v2\/types\/product"}],"replies":[{"embeddable":true,"href":"https:\/\/www.qingfaceramic.com\/pt\/wp-json\/wp\/v2\/comments?post=1285"}],"wp:featuredmedia":[{"embeddable":true,"href":"https:\/\/www.qingfaceramic.com\/pt\/wp-json\/wp\/v2\/media\/1288"}],"wp:attachment":[{"href":"https:\/\/www.qingfaceramic.com\/pt\/wp-json\/wp\/v2\/media?parent=1285"}],"wp:term":[{"taxonomy":"market","embeddable":true,"href":"https:\/\/www.qingfaceramic.com\/pt\/wp-json\/wp\/v2\/market?post=1285"},{"taxonomy":"product_brand","embeddable":true,"href":"https:\/\/www.qingfaceramic.com\/pt\/wp-json\/wp\/v2\/product_brand?post=1285"},{"taxonomy":"product_cat","embeddable":true,"href":"https:\/\/www.qingfaceramic.com\/pt\/wp-json\/wp\/v2\/product_cat?post=1285"},{"taxonomy":"product_tag","embeddable":true,"href":"https:\/\/www.qingfaceramic.com\/pt\/wp-json\/wp\/v2\/product_tag?post=1285"}],"curies":[{"name":"wp","href":"https:\/\/api.w.org\/{rel}","templated":true}]}}