{"id":1275,"date":"2026-03-17T07:09:47","date_gmt":"2026-03-17T07:09:47","guid":{"rendered":"https:\/\/www.qingfaceramic.com\/?post_type=product&#038;p=1275"},"modified":"2026-03-17T08:07:44","modified_gmt":"2026-03-17T08:07:44","slug":"custom-ceramic-tea-mug","status":"publish","type":"product","link":"https:\/\/www.qingfaceramic.com\/pt\/produto\/custom-ceramic-tea-mug\/","title":{"rendered":"Caneca de ch\u00e1 de cer\u00e2mica personalizada Design retro exclusivo feito \u00e0 m\u00e3o"},"content":{"rendered":"<h2 class=\"wp-block-heading\">Carater\u00edsticas da caneca de ch\u00e1 em cer\u00e2mica personalizada<\/h2>\n\n\n\n<div class=\"wp-block-columns is-layout-flex wp-container-core-columns-is-layout-9d6595d7 wp-block-columns-is-layout-flex\">\n<div class=\"wp-block-column is-layout-flow wp-block-column-is-layout-flow\">\n<p><strong>Aut\u00eantica est\u00e9tica n\u00f3rdica feita \u00e0 m\u00e3o<\/strong>: Cada caneca apresenta uma textura \u00fanica e artesanal com pormenores intrincados de gr\u00e3os verticais, conferindo um sofisticado encanto n\u00f3rdico retro a qualquer servi\u00e7o de caf\u00e9 moderno.<\/p>\n\n\n\n<p><strong>Acabamento com esmalte reativo de primeira qualidade<\/strong>: Com um acabamento em esmalte reativo de alta qualidade, estas canecas apresentam uma bela profundidade de cor e uma sensa\u00e7\u00e3o suave e t\u00e1til que \u00e9 simultaneamente dur\u00e1vel e visualmente impressionante.<\/p>\n\n\n\n<p><strong>Punho ergon\u00f3mico e confort\u00e1vel<\/strong>: Concebida com uma pega espa\u00e7osa e f\u00e1cil de segurar, proporciona uma experi\u00eancia de consumo equilibrada e confort\u00e1vel para caf\u00e9s profissionais ou para uso dom\u00e9stico.<\/p>\n\n\n\n<p><strong>Cer\u00e2mica dur\u00e1vel de alta cozedura<\/strong>: Fabricada em cer\u00e2mica de qualidade superior, segura para alimentos, cozida a altas temperaturas, garantindo uma resist\u00eancia excecional a lascas e uma reten\u00e7\u00e3o t\u00e9rmica a longo prazo para bebidas quentes.<\/p>\n\n\n\n<p><strong>Personaliza\u00e7\u00e3o B2B vers\u00e1til<\/strong>: Oferecemos servi\u00e7os flex\u00edveis de OEM\/ODM, permitindo-lhe personalizar as cores do esmalte e adicionar log\u00f3tipos de marca para se alinhar perfeitamente com a marca do seu restaurante ou boutique de retalho.<\/p>\n<\/div>\n\n\n\n<div class=\"wp-block-column is-layout-flow wp-block-column-is-layout-flow\">\n<figure class=\"wp-block-image size-full\"><img decoding=\"async\" width=\"1214\" height=\"1222\" src=\"https:\/\/www.qingfaceramic.com\/wp-content\/uploads\/2026\/03\/Custom-Ceramic-Tea-Mug.webp\" alt=\"Caneca de ch\u00e1 em cer\u00e2mica personalizada\" class=\"wp-image-1276\" srcset=\"https:\/\/www.qingfaceramic.com\/wp-content\/uploads\/2026\/03\/Custom-Ceramic-Tea-Mug.webp 1214w, https:\/\/www.qingfaceramic.com\/wp-content\/uploads\/2026\/03\/Custom-Ceramic-Tea-Mug-298x300.webp 298w, https:\/\/www.qingfaceramic.com\/wp-content\/uploads\/2026\/03\/Custom-Ceramic-Tea-Mug-150x150.webp 150w, https:\/\/www.qingfaceramic.com\/wp-content\/uploads\/2026\/03\/Custom-Ceramic-Tea-Mug-768x773.webp 768w, https:\/\/www.qingfaceramic.com\/wp-content\/uploads\/2026\/03\/Custom-Ceramic-Tea-Mug-12x12.webp 12w, https:\/\/www.qingfaceramic.com\/wp-content\/uploads\/2026\/03\/Custom-Ceramic-Tea-Mug-1200x1208.webp 1200w, https:\/\/www.qingfaceramic.com\/wp-content\/uploads\/2026\/03\/Custom-Ceramic-Tea-Mug-600x604.webp 600w, https:\/\/www.qingfaceramic.com\/wp-content\/uploads\/2026\/03\/Custom-Ceramic-Tea-Mug-100x100.webp 100w\" sizes=\"(max-width: 1214px) 100vw, 1214px\" \/><\/figure>\n<\/div>\n<\/div>\n\n\n\n<div class=\"wp-block-columns is-layout-flex wp-container-core-columns-is-layout-9d6595d7 wp-block-columns-is-layout-flex\">\n<div class=\"wp-block-column is-layout-flow wp-block-column-is-layout-flow\">\n<figure class=\"wp-block-image size-full\"><img decoding=\"async\" width=\"750\" height=\"1694\" src=\"https:\/\/www.qingfaceramic.com\/wp-content\/uploads\/2026\/01\/Custom-Ceramic-Coffee-Mug-in-Bulk4.webp\" alt=\"Caneca de caf\u00e9 em cer\u00e2mica personalizada a granel4\" class=\"wp-image-591\" srcset=\"https:\/\/www.qingfaceramic.com\/wp-content\/uploads\/2026\/01\/Custom-Ceramic-Coffee-Mug-in-Bulk4.webp 750w, https:\/\/www.qingfaceramic.com\/wp-content\/uploads\/2026\/01\/Custom-Ceramic-Coffee-Mug-in-Bulk4-133x300.webp 133w, https:\/\/www.qingfaceramic.com\/wp-content\/uploads\/2026\/01\/Custom-Ceramic-Coffee-Mug-in-Bulk4-600x1355.webp 600w\" sizes=\"(max-width: 750px) 100vw, 750px\" \/><\/figure>\n<\/div>\n\n\n\n<div class=\"wp-block-column is-layout-flow wp-block-column-is-layout-flow\">\n<figure class=\"wp-block-image size-full\"><img decoding=\"async\" width=\"750\" height=\"1166\" src=\"https:\/\/www.qingfaceramic.com\/wp-content\/uploads\/2026\/01\/Custom-Ceramic-Coffee-Mug-in-Bulk5.webp\" alt=\"Caneca de caf\u00e9 em cer\u00e2mica personalizada a granel5\" class=\"wp-image-592\" srcset=\"https:\/\/www.qingfaceramic.com\/wp-content\/uploads\/2026\/01\/Custom-Ceramic-Coffee-Mug-in-Bulk5.webp 750w, https:\/\/www.qingfaceramic.com\/wp-content\/uploads\/2026\/01\/Custom-Ceramic-Coffee-Mug-in-Bulk5-193x300.webp 193w, https:\/\/www.qingfaceramic.com\/wp-content\/uploads\/2026\/01\/Custom-Ceramic-Coffee-Mug-in-Bulk5-600x933.webp 600w\" sizes=\"(max-width: 750px) 100vw, 750px\" \/><\/figure>\n\n\n\n<figure class=\"wp-block-image size-full\"><img decoding=\"async\" width=\"1707\" height=\"1280\" src=\"https:\/\/www.qingfaceramic.com\/wp-content\/uploads\/2026\/01\/Integrated-Craftsmanship-Capability-1.webp\" alt=\"Capacidade artesanal integrada\" class=\"wp-image-571\" srcset=\"https:\/\/www.qingfaceramic.com\/wp-content\/uploads\/2026\/01\/Integrated-Craftsmanship-Capability-1.webp 1707w, https:\/\/www.qingfaceramic.com\/wp-content\/uploads\/2026\/01\/Integrated-Craftsmanship-Capability-1-300x225.webp 300w, https:\/\/www.qingfaceramic.com\/wp-content\/uploads\/2026\/01\/Integrated-Craftsmanship-Capability-1-768x576.webp 768w, https:\/\/www.qingfaceramic.com\/wp-content\/uploads\/2026\/01\/Integrated-Craftsmanship-Capability-1-1200x900.webp 1200w, https:\/\/www.qingfaceramic.com\/wp-content\/uploads\/2026\/01\/Integrated-Craftsmanship-Capability-1-600x450.webp 600w\" sizes=\"(max-width: 1707px) 100vw, 1707px\" \/><\/figure>\n<\/div>\n<\/div>","protected":false},"excerpt":{"rendered":"<p data-start=\"428\" data-end=\"756\">A nossa caneca de ch\u00e1 em cer\u00e2mica personalizada apresenta uma est\u00e9tica n\u00f3rdica retro exclusiva, feita \u00e0 m\u00e3o. Esta caneca de cer\u00e2mica de alta qualidade \u00e9 fabricada com um intrincado gr\u00e3o texturado e um esmalte reativo de primeira qualidade, tornando-a perfeita para caf\u00e9s, hot\u00e9is ou colec\u00e7\u00f5es de presentes de marca.<\/p>\n<h2>Par\u00e2metro de caneca de ch\u00e1 em cer\u00e2mica personalizada<\/h2>\n<table data-path-to-node=\"3\">\n<thead>\n<tr>\n<td><strong>(Campo)<\/strong><\/td>\n<td><strong>(Detalhes)<\/strong><\/td>\n<\/tr>\n<\/thead>\n<tbody>\n<tr>\n<td><span data-path-to-node=\"3,1,0,0\"><b data-path-to-node=\"3,1,0,0\" data-index-in-node=\"0\">Fabricante<\/b><\/span><\/td>\n<td><span data-path-to-node=\"3,1,1,0\">Cer\u00e2mica Qingfa<\/span><\/td>\n<\/tr>\n<tr>\n<td><span data-path-to-node=\"3,2,0,0\"><b data-path-to-node=\"3,2,0,0\" data-index-in-node=\"0\">Nome do produto<\/b><\/span><\/td>\n<td><span data-path-to-node=\"3,2,1,0\">Caneca de cer\u00e2mica para caf\u00e9 e ch\u00e1 de estilo n\u00f3rdico com design retro, feita \u00e0 m\u00e3o e \u00fanica<\/span><\/td>\n<\/tr>\n<tr>\n<td><span data-path-to-node=\"3,3,0,0\"><b data-path-to-node=\"3,3,0,0\" data-index-in-node=\"0\">Material<\/b><\/span><\/td>\n<td><span data-path-to-node=\"3,3,1,0\">Porcelana \/ Cer\u00e2mica de alta qualidade<\/span><\/td>\n<\/tr>\n<tr>\n<td><span data-path-to-node=\"3,4,0,0\"><b data-path-to-node=\"3,4,0,0\" data-index-in-node=\"0\">Capacidade<\/b><\/span><\/td>\n<td><span data-path-to-node=\"3,4,1,0\">350ml\u00a0<\/span><\/td>\n<\/tr>\n<tr>\n<td><span data-path-to-node=\"3,5,0,0\"><b data-path-to-node=\"3,5,0,0\" data-index-in-node=\"0\">Design \/ Estilo<\/b><\/span><\/td>\n<td><span data-path-to-node=\"3,5,1,0\">Estilo n\u00f3rdico retro com textura de orelha de trigo esculpida \u00e0 m\u00e3o<\/span><\/td>\n<\/tr>\n<tr>\n<td><span data-path-to-node=\"3,6,0,0\"><b data-path-to-node=\"3,6,0,0\" data-index-in-node=\"0\">Acabamento da superf\u00edcie<\/b><\/span><\/td>\n<td><span data-path-to-node=\"3,6,1,0\">Esmalte reativo a alta temperatura (liso e brilhante)<\/span><\/td>\n<\/tr>\n<tr>\n<td><span data-path-to-node=\"3,7,0,0\"><b data-path-to-node=\"3,7,0,0\" data-index-in-node=\"0\">Op\u00e7\u00f5es de cores<\/b><\/span><\/td>\n<td><span data-path-to-node=\"3,7,1,0\">Castanho retro, Branco cremoso (cores personalizadas dispon\u00edveis)<\/span><\/td>\n<\/tr>\n<tr>\n<td><span data-path-to-node=\"3,8,0,0\"><b data-path-to-node=\"3,8,0,0\" data-index-in-node=\"0\">Pega<\/b><\/span><\/td>\n<td><span data-path-to-node=\"3,8,1,0\">Pega ergon\u00f3mica grande em forma de C para uma ader\u00eancia est\u00e1vel<\/span><\/td>\n<\/tr>\n<tr>\n<td><span data-path-to-node=\"3,9,0,0\"><b data-path-to-node=\"3,9,0,0\" data-index-in-node=\"0\">Personaliza\u00e7\u00e3o<\/b><\/span><\/td>\n<td><span data-path-to-node=\"3,9,1,0\">OEM\/ODM, log\u00f3tipo personalizado, esmalte personalizado, embalagem especializada<\/span><\/td>\n<\/tr>\n<tr>\n<td><span data-path-to-node=\"3,10,0,0\"><b data-path-to-node=\"3,10,0,0\" data-index-in-node=\"0\">Utiliza\u00e7\u00e3o<\/b><\/span><\/td>\n<td><span data-path-to-node=\"3,10,1,0\">Casa, Escrit\u00f3rio, Caf\u00e9, Restaurante, Hotel, Conjunto de oferta<\/span><\/td>\n<\/tr>\n<tr>\n<td><span data-path-to-node=\"3,11,0,0\"><b data-path-to-node=\"3,11,0,0\" data-index-in-node=\"0\">Certifica\u00e7\u00f5es<\/b><\/span><\/td>\n<td><span data-path-to-node=\"3,11,1,0\">CE \/ EU, CIQ, EEC, LFGB, FDA<\/span><\/td>\n<\/tr>\n<\/tbody>\n<\/table>\n<p>&nbsp;<\/p>","protected":false},"featured_media":1280,"comment_status":"closed","ping_status":"closed","template":"","meta":{"_acf_changed":false},"market":[],"product_brand":[],"product_cat":[17,28],"product_tag":[],"class_list":{"0":"post-1275","1":"product","2":"type-product","3":"status-publish","4":"has-post-thumbnail","6":"product_cat-custom-coffee-cups","7":"product_cat-custom-coffee-mugs","9":"first","10":"instock","11":"shipping-taxable","12":"product-type-simple"},"acf":[],"_links":{"self":[{"href":"https:\/\/www.qingfaceramic.com\/pt\/wp-json\/wp\/v2\/product\/1275","targetHints":{"allow":["GET"]}}],"collection":[{"href":"https:\/\/www.qingfaceramic.com\/pt\/wp-json\/wp\/v2\/product"}],"about":[{"href":"https:\/\/www.qingfaceramic.com\/pt\/wp-json\/wp\/v2\/types\/product"}],"replies":[{"embeddable":true,"href":"https:\/\/www.qingfaceramic.com\/pt\/wp-json\/wp\/v2\/comments?post=1275"}],"wp:featuredmedia":[{"embeddable":true,"href":"https:\/\/www.qingfaceramic.com\/pt\/wp-json\/wp\/v2\/media\/1280"}],"wp:attachment":[{"href":"https:\/\/www.qingfaceramic.com\/pt\/wp-json\/wp\/v2\/media?parent=1275"}],"wp:term":[{"taxonomy":"market","embeddable":true,"href":"https:\/\/www.qingfaceramic.com\/pt\/wp-json\/wp\/v2\/market?post=1275"},{"taxonomy":"product_brand","embeddable":true,"href":"https:\/\/www.qingfaceramic.com\/pt\/wp-json\/wp\/v2\/product_brand?post=1275"},{"taxonomy":"product_cat","embeddable":true,"href":"https:\/\/www.qingfaceramic.com\/pt\/wp-json\/wp\/v2\/product_cat?post=1275"},{"taxonomy":"product_tag","embeddable":true,"href":"https:\/\/www.qingfaceramic.com\/pt\/wp-json\/wp\/v2\/product_tag?post=1275"}],"curies":[{"name":"wp","href":"https:\/\/api.w.org\/{rel}","templated":true}]}}