{"id":1248,"date":"2026-03-10T06:56:39","date_gmt":"2026-03-10T06:56:39","guid":{"rendered":"https:\/\/www.qingfaceramic.com\/?post_type=product&#038;p=1248"},"modified":"2026-03-10T07:38:07","modified_gmt":"2026-03-10T07:38:07","slug":"custom-vintage-red-clay-coffee-drippers","status":"publish","type":"product","link":"https:\/\/www.qingfaceramic.com\/pt\/produto\/custom-vintage-red-clay-coffee-drippers\/","title":{"rendered":"Pingadores de caf\u00e9 de barro vermelho vintage personalizados"},"content":{"rendered":"<h2 class=\"wp-block-heading\">Carater\u00edsticas dos gotejadores de caf\u00e9 Custom Vintage Red Clay<\/h2>\n\n\n\n<div class=\"wp-block-columns is-layout-flex wp-container-core-columns-is-layout-9d6595d7 wp-block-columns-is-layout-flex\">\n<div class=\"wp-block-column is-layout-flow wp-block-column-is-layout-flow\">\n<ol class=\"wp-block-list\">\n<li><strong>Artesanato de barro vermelho de qualidade superior<\/strong>: Cada pe\u00e7a \u00e9 fabricada em barro vermelho (terracota) de alta qualidade, n\u00e3o vidrado, conhecido pela sua excelente reten\u00e7\u00e3o t\u00e9rmica e pela sua textura \u00fanica e terrosa.<\/li>\n\n\n\n<li><strong>Design artesanal em dois tons<\/strong>: Apresenta um contraste impressionante entre a base de terracota arenosa natural e um acabamento vidrado azul-celeste suave, perfeito para uma est\u00e9tica minimalista e r\u00fastica.<\/li>\n\n\n\n<li><strong>Sistema profissional de despejo<\/strong>: Inclui um gotejador de cer\u00e2mica em forma de V concebido com precis\u00e3o que assegura um fluxo de \u00e1gua e uma extra\u00e7\u00e3o ideais para um sabor de caf\u00e9 superior.<\/li>\n\n\n\n<li><strong>Solu\u00e7\u00e3o completa de fabrico de cerveja<\/strong>: O conjunto inclui um bule, um suporte de gotejamento e canecas a condizer, oferecendo uma configura\u00e7\u00e3o de mesa coesa e elegante para suites de hotel ou caf\u00e9s especializados.<\/li>\n\n\n\n<li><strong>Amigo do ambiente e dur\u00e1vel<\/strong>: Fabricado a partir de materiais naturais 100%, este conjunto \u00e9 seguro para alimentos, n\u00e3o cont\u00e9m chumbo e foi concebido para suportar temperaturas elevadas para uma utiliza\u00e7\u00e3o comercial a longo prazo.<\/li>\n\n\n\n<li><strong>Pronto para personaliza\u00e7\u00e3o B2B<\/strong>: Apoiamos servi\u00e7os OBM\/ODM completos, permitindo-lhe adicionar log\u00f3tipos de marca personalizados ou modificar as cores dos vidros para se adaptarem \u00e0 identidade \u00fanica da sua marca.<\/li>\n<\/ol>\n\n\n\n<div style=\"height:0px\" aria-hidden=\"true\" class=\"wp-block-spacer\"><\/div>\n<\/div>\n\n\n\n<div class=\"wp-block-column is-layout-flow wp-block-column-is-layout-flow\">\n<figure class=\"wp-block-image size-full\"><img decoding=\"async\" width=\"800\" height=\"800\" src=\"https:\/\/www.qingfaceramic.com\/wp-content\/uploads\/2026\/03\/Custom-Vintage-Red-Clay-Coffee-Set1.webp\" alt=\"Pingos de caf\u00e9 de barro vermelho vintage personalizados1\" class=\"wp-image-1249\" srcset=\"https:\/\/www.qingfaceramic.com\/wp-content\/uploads\/2026\/03\/Custom-Vintage-Red-Clay-Coffee-Set1.webp 800w, https:\/\/www.qingfaceramic.com\/wp-content\/uploads\/2026\/03\/Custom-Vintage-Red-Clay-Coffee-Set1-300x300.webp 300w, https:\/\/www.qingfaceramic.com\/wp-content\/uploads\/2026\/03\/Custom-Vintage-Red-Clay-Coffee-Set1-150x150.webp 150w, https:\/\/www.qingfaceramic.com\/wp-content\/uploads\/2026\/03\/Custom-Vintage-Red-Clay-Coffee-Set1-768x768.webp 768w, https:\/\/www.qingfaceramic.com\/wp-content\/uploads\/2026\/03\/Custom-Vintage-Red-Clay-Coffee-Set1-12x12.webp 12w, https:\/\/www.qingfaceramic.com\/wp-content\/uploads\/2026\/03\/Custom-Vintage-Red-Clay-Coffee-Set1-600x600.webp 600w, https:\/\/www.qingfaceramic.com\/wp-content\/uploads\/2026\/03\/Custom-Vintage-Red-Clay-Coffee-Set1-100x100.webp 100w\" sizes=\"(max-width: 800px) 100vw, 800px\" \/><\/figure>\n<\/div>\n<\/div>\n\n\n\n<div class=\"wp-block-columns is-layout-flex wp-container-core-columns-is-layout-9d6595d7 wp-block-columns-is-layout-flex\">\n<div class=\"wp-block-column is-layout-flow wp-block-column-is-layout-flow\"><\/div>\n\n\n\n<div class=\"wp-block-column is-layout-flow wp-block-column-is-layout-flow\"><\/div>\n<\/div>\n\n\n\n<p><\/p>","protected":false},"excerpt":{"rendered":"<p data-start=\"503\" data-end=\"756\">Melhore a sua experi\u00eancia de fabrico de cerveja com a nossa <b data-path-to-node=\"5\" data-index-in-node=\"41\">gotejadores de caf\u00e9 de barro vermelho vintage personalizados <\/b>. Com um gotejador de terracota feito \u00e0 m\u00e3o e um bule a condizer, este conjunto ecol\u00f3gico combina o charme r\u00fastico com a funcionalidade profissional para caf\u00e9s e boutiques<\/p>\n<p>&nbsp;<\/p>\n<p>&nbsp;<\/p>","protected":false},"featured_media":1250,"comment_status":"closed","ping_status":"closed","template":"","meta":{"_acf_changed":false},"market":[],"product_brand":[],"product_cat":[16,27],"product_tag":[],"class_list":{"0":"post-1248","1":"product","2":"type-product","3":"status-publish","4":"has-post-thumbnail","6":"product_cat-tea-and-coffee-sets-factory","7":"product_cat-custom-coffee-drippers","9":"first","10":"instock","11":"shipping-taxable","12":"product-type-simple"},"acf":[],"_links":{"self":[{"href":"https:\/\/www.qingfaceramic.com\/pt\/wp-json\/wp\/v2\/product\/1248","targetHints":{"allow":["GET"]}}],"collection":[{"href":"https:\/\/www.qingfaceramic.com\/pt\/wp-json\/wp\/v2\/product"}],"about":[{"href":"https:\/\/www.qingfaceramic.com\/pt\/wp-json\/wp\/v2\/types\/product"}],"replies":[{"embeddable":true,"href":"https:\/\/www.qingfaceramic.com\/pt\/wp-json\/wp\/v2\/comments?post=1248"}],"wp:featuredmedia":[{"embeddable":true,"href":"https:\/\/www.qingfaceramic.com\/pt\/wp-json\/wp\/v2\/media\/1250"}],"wp:attachment":[{"href":"https:\/\/www.qingfaceramic.com\/pt\/wp-json\/wp\/v2\/media?parent=1248"}],"wp:term":[{"taxonomy":"market","embeddable":true,"href":"https:\/\/www.qingfaceramic.com\/pt\/wp-json\/wp\/v2\/market?post=1248"},{"taxonomy":"product_brand","embeddable":true,"href":"https:\/\/www.qingfaceramic.com\/pt\/wp-json\/wp\/v2\/product_brand?post=1248"},{"taxonomy":"product_cat","embeddable":true,"href":"https:\/\/www.qingfaceramic.com\/pt\/wp-json\/wp\/v2\/product_cat?post=1248"},{"taxonomy":"product_tag","embeddable":true,"href":"https:\/\/www.qingfaceramic.com\/pt\/wp-json\/wp\/v2\/product_tag?post=1248"}],"curies":[{"name":"wp","href":"https:\/\/api.w.org\/{rel}","templated":true}]}}