{"id":1189,"date":"2026-02-11T03:19:51","date_gmt":"2026-02-11T03:19:51","guid":{"rendered":"https:\/\/www.qingfaceramic.com\/?post_type=product&#038;p=1189"},"modified":"2026-02-11T03:28:31","modified_gmt":"2026-02-11T03:28:31","slug":"custom-coffee-cup-in-arabic","status":"publish","type":"product","link":"https:\/\/www.qingfaceramic.com\/pt\/produto\/custom-coffee-cup-in-arabic\/","title":{"rendered":"Ch\u00e1vena de caf\u00e9 personalizada com padr\u00e3o \u00e1rabe feito \u00e0 m\u00e3o em cer\u00e2mica 75 ml"},"content":{"rendered":"<h2 class=\"wp-block-heading\">Carater\u00edsticas da ch\u00e1vena de caf\u00e9 personalizada em \u00e1rabe<\/h2>\n\n\n\n<div class=\"wp-block-columns is-layout-flex wp-container-core-columns-is-layout-9d6595d7 wp-block-columns-is-layout-flex\">\n<div class=\"wp-block-column is-layout-flow wp-block-column-is-layout-flow\">\n<ol class=\"wp-block-list\">\n<li><strong>Elementos de design \u00e1rabe aut\u00eantico<\/strong> - Inspirada na arte \u00e1rabe tradicional e nos motivos culturais, esta ch\u00e1vena de caf\u00e9 reflecte a est\u00e9tica e o patrim\u00f3nio locais.<\/li>\n\n\n\n<li><strong>Acabamento com padr\u00e3o feito \u00e0 m\u00e3o<\/strong> - Cada ch\u00e1vena \u00e9 trabalhada com um padr\u00e3o detalhado que oferece um aspeto artesanal \u00fanico e uma sensa\u00e7\u00e3o t\u00e1til.<\/li>\n\n\n\n<li><strong>Ch\u00e1vena de caf\u00e9 personalizada em \u00e1rabe<\/strong> - Suporte completo OEM\/ODM para impress\u00e3o do log\u00f3tipo, padr\u00f5es de superf\u00edcie, cor do esmalte e embalagem para corresponder \u00e0s necessidades da marca.<\/li>\n\n\n\n<li><strong>Constru\u00e7\u00e3o em cer\u00e2mica de alta qualidade<\/strong> - Fabricado em cer\u00e2mica dur\u00e1vel e segura para alimentos, garantindo um desempenho consistente em ambientes comerciais e dom\u00e9sticos.<\/li>\n\n\n\n<li><strong>Ideal para caf\u00e9 \u00e1rabe tradicional<\/strong> - Com um tamanho perfeito (\u224875 ml) para servir caf\u00e9 \u00e1rabe ou expresso, de acordo com os rituais culturais da bebida.<\/li>\n<\/ol>\n\n\n\n<div style=\"height:0px\" aria-hidden=\"true\" class=\"wp-block-spacer\"><\/div>\n<\/div>\n\n\n\n<div class=\"wp-block-column is-layout-flow wp-block-column-is-layout-flow\">\n<figure class=\"wp-block-image size-full\"><img decoding=\"async\" width=\"1048\" height=\"1048\" src=\"https:\/\/www.qingfaceramic.com\/wp-content\/uploads\/2026\/02\/Custom-Coffee-Cup-in-Arabic.webp\" alt=\"Ch\u00e1vena de caf\u00e9 personalizada em \u00e1rabe\" class=\"wp-image-1196\" srcset=\"https:\/\/www.qingfaceramic.com\/wp-content\/uploads\/2026\/02\/Custom-Coffee-Cup-in-Arabic.webp 1048w, https:\/\/www.qingfaceramic.com\/wp-content\/uploads\/2026\/02\/Custom-Coffee-Cup-in-Arabic-300x300.webp 300w, https:\/\/www.qingfaceramic.com\/wp-content\/uploads\/2026\/02\/Custom-Coffee-Cup-in-Arabic-150x150.webp 150w, https:\/\/www.qingfaceramic.com\/wp-content\/uploads\/2026\/02\/Custom-Coffee-Cup-in-Arabic-768x768.webp 768w, https:\/\/www.qingfaceramic.com\/wp-content\/uploads\/2026\/02\/Custom-Coffee-Cup-in-Arabic-12x12.webp 12w, https:\/\/www.qingfaceramic.com\/wp-content\/uploads\/2026\/02\/Custom-Coffee-Cup-in-Arabic-600x600.webp 600w, https:\/\/www.qingfaceramic.com\/wp-content\/uploads\/2026\/02\/Custom-Coffee-Cup-in-Arabic-100x100.webp 100w\" sizes=\"(max-width: 1048px) 100vw, 1048px\" \/><\/figure>\n<\/div>\n<\/div>\n\n\n\n<div class=\"wp-block-columns is-layout-flex wp-container-core-columns-is-layout-9d6595d7 wp-block-columns-is-layout-flex\">\n<div class=\"wp-block-column is-layout-flow wp-block-column-is-layout-flow\">\n<figure class=\"wp-block-image size-full\"><img decoding=\"async\" width=\"988\" height=\"988\" src=\"https:\/\/www.qingfaceramic.com\/wp-content\/uploads\/2026\/01\/Custom-Ceramic-Coffee-Mug1.webp\" alt=\"Caneca de caf\u00e9 de cer\u00e2mica personalizada1\" class=\"wp-image-608\" srcset=\"https:\/\/www.qingfaceramic.com\/wp-content\/uploads\/2026\/01\/Custom-Ceramic-Coffee-Mug1.webp 988w, https:\/\/www.qingfaceramic.com\/wp-content\/uploads\/2026\/01\/Custom-Ceramic-Coffee-Mug1-300x300.webp 300w, https:\/\/www.qingfaceramic.com\/wp-content\/uploads\/2026\/01\/Custom-Ceramic-Coffee-Mug1-150x150.webp 150w, https:\/\/www.qingfaceramic.com\/wp-content\/uploads\/2026\/01\/Custom-Ceramic-Coffee-Mug1-768x768.webp 768w, https:\/\/www.qingfaceramic.com\/wp-content\/uploads\/2026\/01\/Custom-Ceramic-Coffee-Mug1-600x600.webp 600w, https:\/\/www.qingfaceramic.com\/wp-content\/uploads\/2026\/01\/Custom-Ceramic-Coffee-Mug1-100x100.webp 100w\" sizes=\"(max-width: 988px) 100vw, 988px\" \/><\/figure>\n<\/div>\n\n\n\n<div class=\"wp-block-column is-layout-flow wp-block-column-is-layout-flow\">\n<figure class=\"wp-block-image size-full\"><img decoding=\"async\" width=\"750\" height=\"582\" src=\"https:\/\/www.qingfaceramic.com\/wp-content\/uploads\/2026\/01\/custom-ceramic-coffee-mug8.webp\" alt=\"caneca de caf\u00e9 em cer\u00e2mica personalizada8\" class=\"wp-image-611\" srcset=\"https:\/\/www.qingfaceramic.com\/wp-content\/uploads\/2026\/01\/custom-ceramic-coffee-mug8.webp 750w, https:\/\/www.qingfaceramic.com\/wp-content\/uploads\/2026\/01\/custom-ceramic-coffee-mug8-300x233.webp 300w, https:\/\/www.qingfaceramic.com\/wp-content\/uploads\/2026\/01\/custom-ceramic-coffee-mug8-600x466.webp 600w\" sizes=\"(max-width: 750px) 100vw, 750px\" \/><\/figure>\n<\/div>\n<\/div>\n\n\n\n<p><\/p>","protected":false},"excerpt":{"rendered":"<p data-start=\"503\" data-end=\"756\">A nossa ch\u00e1vena de caf\u00e9 personalizada em \u00e1rabe apresenta um design de padr\u00e3o feito \u00e0 m\u00e3o em cer\u00e2mica de alta qualidade com uma est\u00e9tica \u00e1rabe aut\u00eantica, ideal para servir caf\u00e9 \u00e1rabe tradicional, caf\u00e9s, hot\u00e9is, brindes culturais e personaliza\u00e7\u00e3o OEM a granel.<\/p>\n<h2>Ch\u00e1vena de caf\u00e9 personalizada com par\u00e2metro \u00e1rabe<\/h2>\n<table>\n<thead>\n<tr>\n<th>Fabricante<\/th>\n<th>Cer\u00e2mica Qingfa<\/th>\n<\/tr>\n<\/thead>\n<tbody>\n<tr>\n<td>Nome do produto<\/td>\n<td>Caneca de caf\u00e9 em cer\u00e2mica com padr\u00e3o feito \u00e0 m\u00e3o \/ Ch\u00e1vena de caf\u00e9 personalizada em \u00e1rabe<\/td>\n<\/tr>\n<tr>\n<td>Material<\/td>\n<td>Cer\u00e2mica vidrada de alta qualidade<\/td>\n<\/tr>\n<tr>\n<td>Capacidade<\/td>\n<td>Aprox. 75 ml (personaliz\u00e1vel)<\/td>\n<\/tr>\n<tr>\n<td>Design \/ Estilo<\/td>\n<td>Padr\u00e3o feito \u00e0 m\u00e3o com est\u00e9tica cultural \u00e1rabe<\/td>\n<\/tr>\n<tr>\n<td>Acabamento da superf\u00edcie<\/td>\n<td>Cer\u00e2mica lisa vidrada com padr\u00e3o artesanal<\/td>\n<\/tr>\n<tr>\n<td>Op\u00e7\u00f5es de cores<\/td>\n<td>Esmalte e padr\u00e3o personalizados dispon\u00edveis<\/td>\n<\/tr>\n<tr>\n<td>Pega<\/td>\n<td>Op\u00e7\u00f5es dispon\u00edveis com ou sem pega<\/td>\n<\/tr>\n<tr>\n<td>Personaliza\u00e7\u00e3o<\/td>\n<td>Impress\u00e3o de log\u00f3tipo, design de padr\u00e3o de superf\u00edcie, esmalte colorido, embalagem, OEM\/ODM<\/td>\n<\/tr>\n<tr>\n<td>Utiliza\u00e7\u00e3o<\/td>\n<td>Caf\u00e9 \u00e1rabe, expresso, bebidas especiais para caf\u00e9s, hot\u00e9is e ofertas culturais<\/td>\n<\/tr>\n<tr>\n<td>Certifica\u00e7\u00f5es<\/td>\n<td>FDA, LFGB, ISO (dependendo da personaliza\u00e7\u00e3o)<\/td>\n<\/tr>\n<\/tbody>\n<\/table>\n<p>&nbsp;<\/p>","protected":false},"featured_media":1190,"comment_status":"closed","ping_status":"closed","template":"","meta":{"_acf_changed":false},"market":[42],"product_brand":[],"product_cat":[17,28],"product_tag":[],"class_list":{"0":"post-1189","1":"product","2":"type-product","3":"status-publish","4":"has-post-thumbnail","6":"market-middle-east-market","7":"product_cat-custom-coffee-cups","8":"product_cat-custom-coffee-mugs","10":"first","11":"instock","12":"shipping-taxable","13":"product-type-simple"},"acf":[],"_links":{"self":[{"href":"https:\/\/www.qingfaceramic.com\/pt\/wp-json\/wp\/v2\/product\/1189","targetHints":{"allow":["GET"]}}],"collection":[{"href":"https:\/\/www.qingfaceramic.com\/pt\/wp-json\/wp\/v2\/product"}],"about":[{"href":"https:\/\/www.qingfaceramic.com\/pt\/wp-json\/wp\/v2\/types\/product"}],"replies":[{"embeddable":true,"href":"https:\/\/www.qingfaceramic.com\/pt\/wp-json\/wp\/v2\/comments?post=1189"}],"wp:featuredmedia":[{"embeddable":true,"href":"https:\/\/www.qingfaceramic.com\/pt\/wp-json\/wp\/v2\/media\/1190"}],"wp:attachment":[{"href":"https:\/\/www.qingfaceramic.com\/pt\/wp-json\/wp\/v2\/media?parent=1189"}],"wp:term":[{"taxonomy":"market","embeddable":true,"href":"https:\/\/www.qingfaceramic.com\/pt\/wp-json\/wp\/v2\/market?post=1189"},{"taxonomy":"product_brand","embeddable":true,"href":"https:\/\/www.qingfaceramic.com\/pt\/wp-json\/wp\/v2\/product_brand?post=1189"},{"taxonomy":"product_cat","embeddable":true,"href":"https:\/\/www.qingfaceramic.com\/pt\/wp-json\/wp\/v2\/product_cat?post=1189"},{"taxonomy":"product_tag","embeddable":true,"href":"https:\/\/www.qingfaceramic.com\/pt\/wp-json\/wp\/v2\/product_tag?post=1189"}],"curies":[{"name":"wp","href":"https:\/\/api.w.org\/{rel}","templated":true}]}}