{"id":1088,"date":"2026-01-31T02:59:34","date_gmt":"2026-01-31T02:59:34","guid":{"rendered":"https:\/\/www.qingfaceramic.com\/?post_type=product&#038;p=1088"},"modified":"2026-01-31T03:04:00","modified_gmt":"2026-01-31T03:04:00","slug":"custom-ceramic-storage-holders","status":"publish","type":"product","link":"https:\/\/www.qingfaceramic.com\/pt\/produto\/custom-ceramic-storage-holders\/","title":{"rendered":"Porta-guardanapos de cer\u00e2mica personalizados, organizadores de talheres em argila \u00e0s riscas"},"content":{"rendered":"<h2 class=\"wp-block-heading\">Carater\u00edsticas dos suportes de armazenamento personalizados em cer\u00e2mica<\/h2>\n\n\n\n<div class=\"wp-block-columns is-layout-flex wp-container-core-columns-is-layout-9d6595d7 wp-block-columns-is-layout-flex\">\n<div class=\"wp-block-column is-layout-flow wp-block-column-is-layout-flow\">\n<ol class=\"wp-block-list\">\n<li><strong>Suportes de armazenamento em cer\u00e2mica personalizados<\/strong> - Suporte \u00e0 personaliza\u00e7\u00e3o OEM\/ODM, incluindo log\u00f3tipo, padr\u00e3o, cor do esmalte e embalagem para requisitos espec\u00edficos da marca.<\/li>\n\n\n\n<li><strong>Design exclusivo com riscas<\/strong> - A est\u00e9tica art\u00edstica do barro \u00e0s riscas acrescenta car\u00e1cter e apelo visual aos balc\u00f5es de cozinha e \u00e0s \u00e1reas de refei\u00e7\u00f5es.<\/li>\n\n\n\n<li><strong>Material cer\u00e2mico de alta qualidade<\/strong> - Constru\u00e7\u00e3o dur\u00e1vel em cer\u00e2mica vidrada para um desempenho duradouro e uma limpeza f\u00e1cil.<\/li>\n\n\n\n<li><strong>Utiliza\u00e7\u00e3o vers\u00e1til para armazenamento<\/strong> - Ideal para organizar talheres, utens\u00edlios, ferramentas de cozinha, canetas, escovas e pequenos objectos dom\u00e9sticos.<\/li>\n\n\n\n<li><strong>Perfeito para venda a granel e por grosso<\/strong> - Concebido para encomendas em grandes quantidades com um controlo de qualidade de produ\u00e7\u00e3o fi\u00e1vel, adequado para distribuidores e retalhistas.<\/li>\n\n\n\n<li><strong>Elegante e funcional<\/strong> - Combina o car\u00e1cter pr\u00e1tico com uma decora\u00e7\u00e3o de cozinha contempor\u00e2nea, melhorando a funcionalidade e a est\u00e9tica.<\/li>\n<\/ol>\n\n\n\n<figure class=\"wp-block-image size-full\"><img decoding=\"async\" width=\"1000\" height=\"1000\" src=\"https:\/\/www.qingfaceramic.com\/wp-content\/uploads\/2026\/01\/custom-ceramic-storage-holders1.webp\" alt=\"\" class=\"wp-image-675\" srcset=\"https:\/\/www.qingfaceramic.com\/wp-content\/uploads\/2026\/01\/custom-ceramic-storage-holders1.webp 1000w, https:\/\/www.qingfaceramic.com\/wp-content\/uploads\/2026\/01\/custom-ceramic-storage-holders1-300x300.webp 300w, https:\/\/www.qingfaceramic.com\/wp-content\/uploads\/2026\/01\/custom-ceramic-storage-holders1-150x150.webp 150w, https:\/\/www.qingfaceramic.com\/wp-content\/uploads\/2026\/01\/custom-ceramic-storage-holders1-768x768.webp 768w, https:\/\/www.qingfaceramic.com\/wp-content\/uploads\/2026\/01\/custom-ceramic-storage-holders1-600x600.webp 600w, https:\/\/www.qingfaceramic.com\/wp-content\/uploads\/2026\/01\/custom-ceramic-storage-holders1-100x100.webp 100w\" sizes=\"(max-width: 1000px) 100vw, 1000px\" \/><\/figure>\n<\/div>\n\n\n\n<div class=\"wp-block-column is-layout-flow wp-block-column-is-layout-flow\">\n<figure class=\"wp-block-image size-full\"><img decoding=\"async\" width=\"790\" height=\"1493\" src=\"https:\/\/www.qingfaceramic.com\/wp-content\/uploads\/2026\/01\/custom-ceramic-storage-holders5.webp\" alt=\"suportes de armazenamento em cer\u00e2mica personalizados5\" class=\"wp-image-677\" srcset=\"https:\/\/www.qingfaceramic.com\/wp-content\/uploads\/2026\/01\/custom-ceramic-storage-holders5.webp 790w, https:\/\/www.qingfaceramic.com\/wp-content\/uploads\/2026\/01\/custom-ceramic-storage-holders5-159x300.webp 159w, https:\/\/www.qingfaceramic.com\/wp-content\/uploads\/2026\/01\/custom-ceramic-storage-holders5-768x1451.webp 768w, https:\/\/www.qingfaceramic.com\/wp-content\/uploads\/2026\/01\/custom-ceramic-storage-holders5-600x1134.webp 600w\" sizes=\"(max-width: 790px) 100vw, 790px\" \/><\/figure>\n<\/div>\n<\/div>\n\n\n\n<div class=\"wp-block-columns is-layout-flex wp-container-core-columns-is-layout-9d6595d7 wp-block-columns-is-layout-flex\">\n<div class=\"wp-block-column is-layout-flow wp-block-column-is-layout-flow\"><\/div>\n\n\n\n<div class=\"wp-block-column is-layout-flow wp-block-column-is-layout-flow\"><\/div>\n\n\n\n<div class=\"wp-block-column is-layout-flow wp-block-column-is-layout-flow\"><\/div>\n<\/div>\n\n\n\n<div class=\"wp-block-columns is-layout-flex wp-container-core-columns-is-layout-9d6595d7 wp-block-columns-is-layout-flex\">\n<div class=\"wp-block-column is-layout-flow wp-block-column-is-layout-flow\"><\/div>\n\n\n\n<div class=\"wp-block-column is-layout-flow wp-block-column-is-layout-flow\"><\/div>\n<\/div>","protected":false},"excerpt":{"rendered":"<p data-start=\"441\" data-end=\"787\">Os nossos suportes de armazenamento em cer\u00e2mica personalizados apresentam um design \u00fanico de barro \u00e0s riscas, perfeito para organizar talheres, ferramentas de cozinha e utens\u00edlios. Fabricados em cer\u00e2mica de alta qualidade com um acabamento elegante e suporte para personaliza\u00e7\u00e3o OEM\/ODM, s\u00e3o ideais para solu\u00e7\u00f5es de arruma\u00e7\u00e3o de cozinha e organiza\u00e7\u00e3o dom\u00e9stica por atacado.<\/p>\n<h2>Suportes de armazenamento em cer\u00e2mica personalizados Par\u00e2metro<\/h2>\n<table>\n<thead>\n<tr>\n<th>Fabricante<\/th>\n<th>Cer\u00e2mica Qingfa<\/th>\n<\/tr>\n<\/thead>\n<tbody>\n<tr>\n<td>Nome do produto<\/td>\n<td>Porta-talheres e utens\u00edlios de cer\u00e2mica de barro \u00e0s riscas exclusivo \/ Suportes de armazenamento em cer\u00e2mica personalizados<\/td>\n<\/tr>\n<tr>\n<td>Material<\/td>\n<td>Cer\u00e2mica vidrada de alta qualidade<\/td>\n<\/tr>\n<tr>\n<td>Desenho \/ Forma<\/td>\n<td>Padr\u00e3o \u00fanico de argila \u00e0s riscas, design de arruma\u00e7\u00e3o de topo aberto<\/td>\n<\/tr>\n<tr>\n<td>Acabamento da superf\u00edcie<\/td>\n<td>Superf\u00edcie cer\u00e2mica lisa e vidrada<\/td>\n<\/tr>\n<tr>\n<td>Op\u00e7\u00f5es de cores<\/td>\n<td>Op\u00e7\u00f5es de cores de esmalte e desenhos de riscas personalizados dispon\u00edveis<\/td>\n<\/tr>\n<tr>\n<td>Personaliza\u00e7\u00e3o<\/td>\n<td>Impress\u00e3o do log\u00f3tipo, esmalte colorido, padr\u00e3o de superf\u00edcie, embalagem, OEM\/ODM<\/td>\n<\/tr>\n<tr>\n<td>Utiliza\u00e7\u00e3o<\/td>\n<td>Talheres de cozinha, organiza\u00e7\u00e3o de utens\u00edlios, arruma\u00e7\u00e3o de canetas\/ferramentas, balc\u00f5es de casa e de caf\u00e9<\/td>\n<\/tr>\n<tr>\n<td>Fun\u00e7\u00e3o<\/td>\n<td>Arruma\u00e7\u00e3o e organiza\u00e7\u00e3o para pequenos artigos de cozinha e dom\u00e9sticos<\/td>\n<\/tr>\n<tr>\n<td>Certifica\u00e7\u00f5es<\/td>\n<td>FDA, LFGB, ISO (dependendo da personaliza\u00e7\u00e3o)<\/td>\n<\/tr>\n<\/tbody>\n<\/table>\n<p>&nbsp;<\/p>\n<p>&nbsp;<\/p>","protected":false},"featured_media":675,"comment_status":"closed","ping_status":"closed","template":"","meta":{"_acf_changed":false},"market":[],"product_brand":[],"product_cat":[20,37],"product_tag":[],"class_list":{"0":"post-1088","1":"product","2":"type-product","3":"status-publish","4":"has-post-thumbnail","6":"product_cat-ceramic-kitchenware-wholesale","7":"product_cat-custom-kitchen-tools","9":"first","10":"instock","11":"shipping-taxable","12":"product-type-simple"},"acf":[],"_links":{"self":[{"href":"https:\/\/www.qingfaceramic.com\/pt\/wp-json\/wp\/v2\/product\/1088","targetHints":{"allow":["GET"]}}],"collection":[{"href":"https:\/\/www.qingfaceramic.com\/pt\/wp-json\/wp\/v2\/product"}],"about":[{"href":"https:\/\/www.qingfaceramic.com\/pt\/wp-json\/wp\/v2\/types\/product"}],"replies":[{"embeddable":true,"href":"https:\/\/www.qingfaceramic.com\/pt\/wp-json\/wp\/v2\/comments?post=1088"}],"wp:featuredmedia":[{"embeddable":true,"href":"https:\/\/www.qingfaceramic.com\/pt\/wp-json\/wp\/v2\/media\/675"}],"wp:attachment":[{"href":"https:\/\/www.qingfaceramic.com\/pt\/wp-json\/wp\/v2\/media?parent=1088"}],"wp:term":[{"taxonomy":"market","embeddable":true,"href":"https:\/\/www.qingfaceramic.com\/pt\/wp-json\/wp\/v2\/market?post=1088"},{"taxonomy":"product_brand","embeddable":true,"href":"https:\/\/www.qingfaceramic.com\/pt\/wp-json\/wp\/v2\/product_brand?post=1088"},{"taxonomy":"product_cat","embeddable":true,"href":"https:\/\/www.qingfaceramic.com\/pt\/wp-json\/wp\/v2\/product_cat?post=1088"},{"taxonomy":"product_tag","embeddable":true,"href":"https:\/\/www.qingfaceramic.com\/pt\/wp-json\/wp\/v2\/product_tag?post=1088"}],"curies":[{"name":"wp","href":"https:\/\/api.w.org\/{rel}","templated":true}]}}