{"id":1072,"date":"2026-01-29T09:39:00","date_gmt":"2026-01-29T09:39:00","guid":{"rendered":"https:\/\/www.qingfaceramic.com\/?post_type=product&#038;p=1072"},"modified":"2026-01-31T03:30:10","modified_gmt":"2026-01-31T03:30:10","slug":"custom-vintage-ceramic-vases","status":"publish","type":"product","link":"https:\/\/www.qingfaceramic.com\/pt\/produto\/custom-vintage-ceramic-vases\/","title":{"rendered":"Vasos de cer\u00e2mica vintage personalizados | Vasos de flores de estilo chin\u00eas retro por atacado"},"content":{"rendered":"<h2 class=\"wp-block-heading\">Carater\u00edsticas dos vasos de flores em terracota mate personalizados<\/h2>\n\n\n\n<div class=\"wp-block-columns is-layout-flex wp-container-core-columns-is-layout-9d6595d7 wp-block-columns-is-layout-flex\">\n<div class=\"wp-block-column is-layout-flow wp-block-column-is-layout-flow\">\n<p><strong>Est\u00e9tica oriental retro aut\u00eantica:<\/strong> Inspirados nas formas cl\u00e1ssicas chinesas, estes vasos apresentam uma textura \u00fanica com \u201cnervuras\u201d e um esmalte envelhecido que exala uma eleg\u00e2ncia antiga.<\/p>\n\n\n\n<p><strong>Acabamento artesanal com vidrado \u00e0 m\u00e3o:<\/strong> Cada pe\u00e7a \u00e9 acabada com um sofisticado esmalte reativo, criando varia\u00e7\u00f5es subtis de cor que d\u00e3o a cada vaso um toque artesanal e \u00fanico.<\/p>\n\n\n\n<p><strong>Tamanho e silhuetas vers\u00e1teis:<\/strong> A cole\u00e7\u00e3o inclui uma grande variedade de formas - desde frascos de boca larga a garrafas finas - oferecendo possibilidades infinitas para arranjos florais criativos.<\/p>\n\n\n\n<p><strong>Artesanato duradouro e de alta qualidade:<\/strong> Cozidas a altas temperaturas para uma resist\u00eancia excecional, garantindo que estas pe\u00e7as decorativas sejam t\u00e3o dur\u00e1veis quanto bonitas para uso comercial ou residencial.<\/p>\n\n\n\n<p><strong>Versatilidade de decora\u00e7\u00e3o elegante:<\/strong> O seu design discreto, mas colorido, torna-os perfeitos para lobbies de hot\u00e9is, restaurantes requintados ou como pe\u00e7as centrais em casas modernas.<\/p>\n\n\n\n<p><strong>Personaliza\u00e7\u00e3o B2B escal\u00e1vel:<\/strong> Fornecemos servi\u00e7os profissionais de OEM\/ODM, permitindo esmaltes de cores personalizadas, marcas e embalagens \u00e0 medida para satisfazer os requisitos espec\u00edficos do projeto.<\/p>\n<\/div>\n\n\n\n<div class=\"wp-block-column is-layout-flow wp-block-column-is-layout-flow\">\n<figure class=\"wp-block-image size-full\"><img decoding=\"async\" width=\"4160\" height=\"4160\" src=\"https:\/\/www.qingfaceramic.com\/wp-content\/uploads\/2026\/01\/Custom-Vintage-Ceramic-Vases1.webp\" alt=\"Vasos de cer\u00e2mica vintage personalizados1\" class=\"wp-image-1073\" srcset=\"https:\/\/www.qingfaceramic.com\/wp-content\/uploads\/2026\/01\/Custom-Vintage-Ceramic-Vases1.webp 4160w, https:\/\/www.qingfaceramic.com\/wp-content\/uploads\/2026\/01\/Custom-Vintage-Ceramic-Vases1-300x300.webp 300w, https:\/\/www.qingfaceramic.com\/wp-content\/uploads\/2026\/01\/Custom-Vintage-Ceramic-Vases1-150x150.webp 150w, https:\/\/www.qingfaceramic.com\/wp-content\/uploads\/2026\/01\/Custom-Vintage-Ceramic-Vases1-768x768.webp 768w, https:\/\/www.qingfaceramic.com\/wp-content\/uploads\/2026\/01\/Custom-Vintage-Ceramic-Vases1-12x12.webp 12w, https:\/\/www.qingfaceramic.com\/wp-content\/uploads\/2026\/01\/Custom-Vintage-Ceramic-Vases1-1200x1200.webp 1200w, https:\/\/www.qingfaceramic.com\/wp-content\/uploads\/2026\/01\/Custom-Vintage-Ceramic-Vases1-600x600.webp 600w, https:\/\/www.qingfaceramic.com\/wp-content\/uploads\/2026\/01\/Custom-Vintage-Ceramic-Vases1-100x100.webp 100w\" sizes=\"(max-width: 4160px) 100vw, 4160px\" \/><\/figure>\n<\/div>\n<\/div>\n\n\n\n<div class=\"wp-block-columns is-layout-flex wp-container-core-columns-is-layout-9d6595d7 wp-block-columns-is-layout-flex\">\n<div class=\"wp-block-column is-layout-flow wp-block-column-is-layout-flow\"><\/div>\n\n\n\n<div class=\"wp-block-column is-layout-flow wp-block-column-is-layout-flow\"><\/div>\n<\/div>","protected":false},"excerpt":{"rendered":"<p data-start=\"428\" data-end=\"756\">Melhore a sua cole\u00e7\u00e3o com os nossos vasos de cer\u00e2mica vintage personalizados, que combinam a arte tradicional chinesa com um acabamento retro moderno. Estes vasos esmaltados \u00e0 m\u00e3o apresentam texturas elegantes e nervuradas e uma paleta de cores diversificada, o que os torna perfeitos para uma decora\u00e7\u00e3o de hotelaria de alta qualidade ou para retalhistas de boutiques florais que procuram um encanto oriental intemporal.<\/p>\n<h2 data-start=\"428\" data-end=\"756\">Vasos de cer\u00e2mica vintage personalizados Par\u00e2metro<\/h2>\n<table data-path-to-node=\"11\">\n<thead>\n<tr>\n<td><strong>Artigo<\/strong><\/td>\n<td><strong>Especifica\u00e7\u00f5es<\/strong><\/td>\n<\/tr>\n<\/thead>\n<tbody>\n<tr>\n<td><span data-path-to-node=\"11,1,0,0\"><b data-path-to-node=\"11,1,0,0\" data-index-in-node=\"0\">Fabricante<\/b><\/span><\/td>\n<td><span data-path-to-node=\"11,1,1,0\">Cer\u00e2mica Qingfa<\/span><\/td>\n<\/tr>\n<tr>\n<td><span data-path-to-node=\"11,2,0,0\"><b data-path-to-node=\"11,2,0,0\" data-index-in-node=\"0\">Nome do produto<\/b><\/span><\/td>\n<td><span data-path-to-node=\"11,2,1,0\">S\u00e9rie de vasos de estilo chin\u00eas retro esmaltados \u00e0 m\u00e3o<\/span><\/td>\n<\/tr>\n<tr>\n<td><span data-path-to-node=\"11,3,0,0\"><b data-path-to-node=\"11,3,0,0\" data-index-in-node=\"0\">Material<\/b><\/span><\/td>\n<td><span data-path-to-node=\"11,3,1,0\">Cer\u00e2mica de alta qualidade cozida a alta temperatura<\/span><\/td>\n<\/tr>\n<tr>\n<td><span data-path-to-node=\"11,4,0,0\"><b data-path-to-node=\"11,4,0,0\" data-index-in-node=\"0\">Acabamento da superf\u00edcie<\/b><\/span><\/td>\n<td><span data-path-to-node=\"11,4,1,0\">Esmalte reativo com pormenor estriado\/texturizado<\/span><\/td>\n<\/tr>\n<tr>\n<td><span data-path-to-node=\"11,5,0,0\"><b data-path-to-node=\"11,5,0,0\" data-index-in-node=\"0\">Estilo de design<\/b><\/span><\/td>\n<td><span data-path-to-node=\"11,5,1,0\">Chin\u00eas vintage \/ Oriental retro \/ Zen cl\u00e1ssico<\/span><\/td>\n<\/tr>\n<tr>\n<td><span data-path-to-node=\"11,6,0,0\"><b data-path-to-node=\"11,6,0,0\" data-index-in-node=\"0\">Op\u00e7\u00f5es de cores<\/b><\/span><\/td>\n<td><span data-path-to-node=\"11,6,1,0\">Verde musgo, amarelo mostarda, rosa suave, bege terra (cores personalizadas dispon\u00edveis)<\/span><\/td>\n<\/tr>\n<tr>\n<td><span data-path-to-node=\"11,7,0,0\"><b data-path-to-node=\"11,7,0,0\" data-index-in-node=\"0\">Utiliza\u00e7\u00e3o<\/b><\/span><\/td>\n<td><span data-path-to-node=\"11,7,1,0\">Arranjos florais, decora\u00e7\u00e3o de luxo para casa, decora\u00e7\u00e3o de interiores de hot\u00e9is e escrit\u00f3rios<\/span><\/td>\n<\/tr>\n<tr>\n<td><span data-path-to-node=\"11,8,0,0\"><b data-path-to-node=\"11,8,0,0\" data-index-in-node=\"0\">Personaliza\u00e7\u00e3o<\/b><\/span><\/td>\n<td><span data-path-to-node=\"11,8,1,0\">\u00a0OEM\/ODM, cores personalizadas, coloca\u00e7\u00e3o de log\u00f3tipo<\/span><\/td>\n<\/tr>\n<tr>\n<td><span data-path-to-node=\"11,9,0,0\"><b data-path-to-node=\"11,9,0,0\" data-index-in-node=\"0\">Carater\u00edsticas<\/b><\/span><\/td>\n<td><span data-path-to-node=\"11,9,1,0\">Toque artesanal, esmalte resistente ao desbotamento, estrutura dur\u00e1vel<\/span><\/td>\n<\/tr>\n<tr>\n<td><span data-path-to-node=\"11,10,0,0\"><b data-path-to-node=\"11,10,0,0\" data-index-in-node=\"0\">Certifica\u00e7\u00f5es<\/b><\/span><\/td>\n<td><span data-path-to-node=\"11,10,1,0\">Esmaltes seguros para alimentos, em conformidade com as normas ISO e BSCI, dispon\u00edveis mediante pedido<\/span><\/td>\n<\/tr>\n<\/tbody>\n<\/table>\n<p>&nbsp;<\/p>","protected":false},"featured_media":1073,"comment_status":"closed","ping_status":"closed","template":"","meta":{"_acf_changed":false},"market":[],"product_brand":[],"product_cat":[18,32],"product_tag":[],"class_list":{"0":"post-1072","1":"product","2":"type-product","3":"status-publish","4":"has-post-thumbnail","6":"product_cat-custom-home-decor","7":"product_cat-custom-vases","9":"first","10":"instock","11":"shipping-taxable","12":"product-type-simple"},"acf":[],"_links":{"self":[{"href":"https:\/\/www.qingfaceramic.com\/pt\/wp-json\/wp\/v2\/product\/1072","targetHints":{"allow":["GET"]}}],"collection":[{"href":"https:\/\/www.qingfaceramic.com\/pt\/wp-json\/wp\/v2\/product"}],"about":[{"href":"https:\/\/www.qingfaceramic.com\/pt\/wp-json\/wp\/v2\/types\/product"}],"replies":[{"embeddable":true,"href":"https:\/\/www.qingfaceramic.com\/pt\/wp-json\/wp\/v2\/comments?post=1072"}],"wp:featuredmedia":[{"embeddable":true,"href":"https:\/\/www.qingfaceramic.com\/pt\/wp-json\/wp\/v2\/media\/1073"}],"wp:attachment":[{"href":"https:\/\/www.qingfaceramic.com\/pt\/wp-json\/wp\/v2\/media?parent=1072"}],"wp:term":[{"taxonomy":"market","embeddable":true,"href":"https:\/\/www.qingfaceramic.com\/pt\/wp-json\/wp\/v2\/market?post=1072"},{"taxonomy":"product_brand","embeddable":true,"href":"https:\/\/www.qingfaceramic.com\/pt\/wp-json\/wp\/v2\/product_brand?post=1072"},{"taxonomy":"product_cat","embeddable":true,"href":"https:\/\/www.qingfaceramic.com\/pt\/wp-json\/wp\/v2\/product_cat?post=1072"},{"taxonomy":"product_tag","embeddable":true,"href":"https:\/\/www.qingfaceramic.com\/pt\/wp-json\/wp\/v2\/product_tag?post=1072"}],"curies":[{"name":"wp","href":"https:\/\/api.w.org\/{rel}","templated":true}]}}