{"id":1056,"date":"2026-01-29T08:52:33","date_gmt":"2026-01-29T08:52:33","guid":{"rendered":"https:\/\/www.qingfaceramic.com\/?post_type=product&#038;p=1056"},"modified":"2026-01-31T03:26:57","modified_gmt":"2026-01-31T03:26:57","slug":"custom-colored-matte-ceramic-candle-holders","status":"publish","type":"product","link":"https:\/\/www.qingfaceramic.com\/pt\/produto\/custom-colored-matte-ceramic-candle-holders\/","title":{"rendered":"Casti\u00e7ais de cer\u00e2mica mate personalizados para marcas de velas perfumadas de luxo"},"content":{"rendered":"<h2 class=\"wp-block-heading\">Carater\u00edsticas dos casti\u00e7ais de cer\u00e2mica mate de cor personalizada<\/h2>\n\n\n\n<div class=\"wp-block-columns is-layout-flex wp-container-core-columns-is-layout-9d6595d7 wp-block-columns-is-layout-flex\">\n<div class=\"wp-block-column is-layout-flow wp-block-column-is-layout-flow\">\n<p><strong>Silhueta geom\u00e9trica \u00fanica:<\/strong> A forma carater\u00edstica de \u201campulheta\u201d ou de \u201ccamada dupla\u201d rompe com os designs tradicionais, tornando-a uma pe\u00e7a aut\u00f3noma de decora\u00e7\u00e3o moderna.<\/p>\n\n\n\n<p><strong>Acabamento mate de qualidade superior:<\/strong> O esmalte mate suave e n\u00e3o refletor proporciona uma sensa\u00e7\u00e3o t\u00e1til e sofisticada que resiste \u00e0s impress\u00f5es digitais e complementa a marca de luxo.<\/p>\n\n\n\n<p><strong>Durabilidade resistente ao calor:<\/strong> Fabricados em cer\u00e2mica cozida de alta qualidade, estes frascos foram concebidos para resistir a temperaturas elevadas para uma queima de velas segura e consistente.<\/p>\n\n\n\n<p><strong>Paleta de cores vibrantes:<\/strong> Dispon\u00edvel em cores modernas, como terracota, verde s\u00e1lvia e castanho chocolate, para combinar com diversos estilos de interiores ou colec\u00e7\u00f5es sazonais.<\/p>\n\n\n\n<p><strong>Vers\u00e1til para al\u00e9m das velas:<\/strong> O design art\u00edstico permite aos clientes reutilizarem os frascos como vasos minimalistas, suportes de artigos de papelaria ou objectos de decora\u00e7\u00e3o elegantes quando a cera acabar.<\/p>\n\n\n\n<p><strong>Pronto para personaliza\u00e7\u00e3o B2B:<\/strong> Suporte para encomendas em massa com esmaltes de cores personalizadas e coloca\u00e7\u00e3o de log\u00f3tipos para garantir que os seus produtos se destacam num mercado concorrido.<\/p>\n<\/div>\n\n\n\n<div class=\"wp-block-column is-layout-flow wp-block-column-is-layout-flow\">\n<figure class=\"wp-block-image size-full\"><img decoding=\"async\" width=\"800\" height=\"800\" src=\"https:\/\/www.qingfaceramic.com\/wp-content\/uploads\/2026\/01\/Custom-Colored-Matte-Ceramic-Candle-Holders-5.webp\" alt=\"Casti\u00e7ais de cer\u00e2mica mate personalizados 5\" class=\"wp-image-1061\" srcset=\"https:\/\/www.qingfaceramic.com\/wp-content\/uploads\/2026\/01\/Custom-Colored-Matte-Ceramic-Candle-Holders-5.webp 800w, https:\/\/www.qingfaceramic.com\/wp-content\/uploads\/2026\/01\/Custom-Colored-Matte-Ceramic-Candle-Holders-5-300x300.webp 300w, https:\/\/www.qingfaceramic.com\/wp-content\/uploads\/2026\/01\/Custom-Colored-Matte-Ceramic-Candle-Holders-5-150x150.webp 150w, https:\/\/www.qingfaceramic.com\/wp-content\/uploads\/2026\/01\/Custom-Colored-Matte-Ceramic-Candle-Holders-5-768x768.webp 768w, https:\/\/www.qingfaceramic.com\/wp-content\/uploads\/2026\/01\/Custom-Colored-Matte-Ceramic-Candle-Holders-5-12x12.webp 12w, https:\/\/www.qingfaceramic.com\/wp-content\/uploads\/2026\/01\/Custom-Colored-Matte-Ceramic-Candle-Holders-5-600x600.webp 600w, https:\/\/www.qingfaceramic.com\/wp-content\/uploads\/2026\/01\/Custom-Colored-Matte-Ceramic-Candle-Holders-5-100x100.webp 100w\" sizes=\"(max-width: 800px) 100vw, 800px\" \/><\/figure>\n<\/div>\n<\/div>\n\n\n\n<div class=\"wp-block-columns is-layout-flex wp-container-core-columns-is-layout-9d6595d7 wp-block-columns-is-layout-flex\">\n<div class=\"wp-block-column is-layout-flow wp-block-column-is-layout-flow\"><\/div>\n\n\n\n<div class=\"wp-block-column is-layout-flow wp-block-column-is-layout-flow\"><\/div>\n<\/div>","protected":false},"excerpt":{"rendered":"<p data-start=\"428\" data-end=\"756\">Melhore a sua marca com os nossos casti\u00e7ais de cer\u00e2mica mate personalizados. Estes frascos geom\u00e9tricos criativos apresentam um acabamento mate de primeira qualidade e uma silhueta arrojada, perfeitos para linhas de velas de luxo que procuram um toque moderno e art\u00edstico. Dur\u00e1veis, resistentes ao calor e dispon\u00edveis para personaliza\u00e7\u00e3o a granel.<\/p>\n<h2>Casti\u00e7ais de cer\u00e2mica mate personalizados Par\u00e2metro<\/h2>\n<table data-path-to-node=\"11\">\n<thead>\n<tr>\n<td><strong>Artigo<\/strong><\/td>\n<td><strong>Especifica\u00e7\u00f5es<\/strong><\/td>\n<\/tr>\n<\/thead>\n<tbody>\n<tr>\n<td><span data-path-to-node=\"11,1,0,0\"><b data-path-to-node=\"11,1,0,0\" data-index-in-node=\"0\">Fabricante<\/b><\/span><\/td>\n<td><span data-path-to-node=\"11,1,1,0\">Cer\u00e2mica Qingfa<\/span><\/td>\n<\/tr>\n<tr>\n<td><span data-path-to-node=\"11,2,0,0\"><b data-path-to-node=\"11,2,0,0\" data-index-in-node=\"0\">Nome do produto<\/b><\/span><\/td>\n<td><span data-path-to-node=\"11,2,1,0\">Frasco de vela em cer\u00e2mica geom\u00e9trica mate criativa<\/span><\/td>\n<\/tr>\n<tr>\n<td><span data-path-to-node=\"11,3,0,0\"><b data-path-to-node=\"11,3,0,0\" data-index-in-node=\"0\">Material<\/b><\/span><\/td>\n<td><span data-path-to-node=\"11,3,1,0\">Cer\u00e2mica vidrada resistente ao calor de alta qualidade<\/span><\/td>\n<\/tr>\n<tr>\n<td><span data-path-to-node=\"11,4,0,0\"><b data-path-to-node=\"11,4,0,0\" data-index-in-node=\"0\">Acabamento da superf\u00edcie<\/b><\/span><\/td>\n<td><span data-path-to-node=\"11,4,1,0\">Esmalte mate \/ fosco de qualidade superior<\/span><\/td>\n<\/tr>\n<tr>\n<td><span data-path-to-node=\"11,5,0,0\"><b data-path-to-node=\"11,5,0,0\" data-index-in-node=\"0\">Estilo de design<\/b><\/span><\/td>\n<td><span data-path-to-node=\"11,5,1,0\">Geom\u00e9trico moderno e criativo \/ Silhueta em forma de ampulheta<\/span><\/td>\n<\/tr>\n<tr>\n<td><span data-path-to-node=\"11,6,0,0\"><b data-path-to-node=\"11,6,0,0\" data-index-in-node=\"0\">Op\u00e7\u00f5es de cores<\/b><\/span><\/td>\n<td><span data-path-to-node=\"11,6,1,0\"><b data-path-to-node=\"11,6,1,0\" data-index-in-node=\"0\">Casti\u00e7ais de cer\u00e2mica mate personalizados<\/b> (V\u00e1rios tons dispon\u00edveis)<\/span><\/td>\n<\/tr>\n<tr>\n<td><span data-path-to-node=\"11,7,0,0\"><b data-path-to-node=\"11,7,0,0\" data-index-in-node=\"0\">Utiliza\u00e7\u00e3o<\/b><\/span><\/td>\n<td><span data-path-to-node=\"11,7,1,0\">Fabrico de velas perfumadas, embalagens de fragr\u00e2ncias de luxo, decora\u00e7\u00e3o de interiores<\/span><\/td>\n<\/tr>\n<tr>\n<td><span data-path-to-node=\"11,8,0,0\"><b data-path-to-node=\"11,8,0,0\" data-index-in-node=\"0\">Personaliza\u00e7\u00e3o<\/b><\/span><\/td>\n<td><span data-path-to-node=\"11,8,1,0\">OEM\/ODM, esmalte de cor personalizada, impress\u00e3o do log\u00f3tipo (decalque\/laser)<\/span><\/td>\n<\/tr>\n<tr>\n<td><span data-path-to-node=\"11,9,0,0\"><b data-path-to-node=\"11,9,0,0\" data-index-in-node=\"0\">Carater\u00edsticas<\/b><\/span><\/td>\n<td><span data-path-to-node=\"11,9,1,0\">Resistente ao calor, amigo do ambiente e reutiliz\u00e1vel<\/span><\/td>\n<\/tr>\n<tr>\n<td><span data-path-to-node=\"11,10,0,0\"><b data-path-to-node=\"11,10,0,0\" data-index-in-node=\"0\">Certifica\u00e7\u00f5es<\/b><\/span><\/td>\n<td><span data-path-to-node=\"11,10,1,0\">Conformidade com a FDA, LFGB, ISO para exporta\u00e7\u00e3o global<\/span><\/td>\n<\/tr>\n<\/tbody>\n<\/table>\n<p>&nbsp;<\/p>","protected":false},"featured_media":1058,"comment_status":"closed","ping_status":"closed","template":"","meta":{"_acf_changed":false},"market":[],"product_brand":[],"product_cat":[18,31],"product_tag":[],"class_list":{"0":"post-1056","1":"product","2":"type-product","3":"status-publish","4":"has-post-thumbnail","6":"product_cat-custom-home-decor","7":"product_cat-custom-candle-jars","9":"first","10":"instock","11":"shipping-taxable","12":"product-type-simple"},"acf":[],"_links":{"self":[{"href":"https:\/\/www.qingfaceramic.com\/pt\/wp-json\/wp\/v2\/product\/1056","targetHints":{"allow":["GET"]}}],"collection":[{"href":"https:\/\/www.qingfaceramic.com\/pt\/wp-json\/wp\/v2\/product"}],"about":[{"href":"https:\/\/www.qingfaceramic.com\/pt\/wp-json\/wp\/v2\/types\/product"}],"replies":[{"embeddable":true,"href":"https:\/\/www.qingfaceramic.com\/pt\/wp-json\/wp\/v2\/comments?post=1056"}],"wp:featuredmedia":[{"embeddable":true,"href":"https:\/\/www.qingfaceramic.com\/pt\/wp-json\/wp\/v2\/media\/1058"}],"wp:attachment":[{"href":"https:\/\/www.qingfaceramic.com\/pt\/wp-json\/wp\/v2\/media?parent=1056"}],"wp:term":[{"taxonomy":"market","embeddable":true,"href":"https:\/\/www.qingfaceramic.com\/pt\/wp-json\/wp\/v2\/market?post=1056"},{"taxonomy":"product_brand","embeddable":true,"href":"https:\/\/www.qingfaceramic.com\/pt\/wp-json\/wp\/v2\/product_brand?post=1056"},{"taxonomy":"product_cat","embeddable":true,"href":"https:\/\/www.qingfaceramic.com\/pt\/wp-json\/wp\/v2\/product_cat?post=1056"},{"taxonomy":"product_tag","embeddable":true,"href":"https:\/\/www.qingfaceramic.com\/pt\/wp-json\/wp\/v2\/product_tag?post=1056"}],"curies":[{"name":"wp","href":"https:\/\/api.w.org\/{rel}","templated":true}]}}