{"id":1048,"date":"2026-01-29T07:55:49","date_gmt":"2026-01-29T07:55:49","guid":{"rendered":"https:\/\/www.qingfaceramic.com\/?post_type=product&#038;p=1048"},"modified":"2026-01-31T03:25:55","modified_gmt":"2026-01-31T03:25:55","slug":"custom-ceramic-jars-fragrance-container","status":"publish","type":"product","link":"https:\/\/www.qingfaceramic.com\/pt\/produto\/custom-ceramic-jars-fragrance-container\/","title":{"rendered":"Frascos de cer\u00e2mica personalizados a granel, recipientes para perfumes personalizados por atacado"},"content":{"rendered":"<h2 class=\"wp-block-heading\">Carater\u00edsticas dos frascos de cer\u00e2mica personalizados a granel<\/h2>\n\n\n\n<div class=\"wp-block-columns is-layout-flex wp-container-core-columns-is-layout-9d6595d7 wp-block-columns-is-layout-flex\">\n<div class=\"wp-block-column is-layout-flow wp-block-column-is-layout-flow\">\n<p><strong>Apelo est\u00e9tico:<\/strong> Apresenta um estilo Wabi-sabi moderno com um esmalte salpicado \u00fanico que acrescenta um toque artesanal e de alta qualidade \u00e0 sua marca de velas.<\/p>\n\n\n\n<p><strong>Tampa funcional:<\/strong> Inclui uma tampa de cer\u00e2mica a condizer para preservar a fragr\u00e2ncia, evitar o p\u00f3 e extinguir as chamas sem fumo em seguran\u00e7a.<\/p>\n\n\n\n<p><strong>Seguran\u00e7a em primeiro lugar:<\/strong> Fabricado em cer\u00e2mica de alta temperatura de primeira qualidade para garantir uma excelente resist\u00eancia ao calor e durabilidade durante longos per\u00edodos de combust\u00e3o.<\/p>\n\n\n\n<p><strong>Tamanho perfeito:<\/strong> As dimens\u00f5es de 9,4 cm x 7,4 cm s\u00e3o optimizadas para velas padr\u00e3o de 8-10 oz, adequando-se \u00e0 maioria dos requisitos do mercado de luxo.<\/p>\n\n\n\n<p><strong>Amigo do ambiente e reutiliz\u00e1vel:<\/strong> Concebido para a sustentabilidade; uma vez terminada a vela, o frasco pode ser reutilizado como um elegante recipiente de armazenamento ou uma caneca.<\/p>\n\n\n\n<p><strong>Personaliza\u00e7\u00e3o B2B:<\/strong> Totalmente personaliz\u00e1vel com o seu log\u00f3tipo (laser ou decalque) e cores Pantone espec\u00edficas para corresponder \u00e0 identidade da sua marca.<\/p>\n<\/div>\n\n\n\n<div class=\"wp-block-column is-layout-flow wp-block-column-is-layout-flow\">\n<figure class=\"wp-block-image size-full\"><img decoding=\"async\" width=\"800\" height=\"800\" src=\"https:\/\/www.qingfaceramic.com\/wp-content\/uploads\/2026\/01\/Custom-Ceramic-Jars-in-Bulk-Wholesale-Custom-Fragrance-Containers3.webp\" alt=\"Frascos de cer\u00e2mica personalizados a granel, recipientes para perfumes personalizados por atacado3\" class=\"wp-image-1051\" srcset=\"https:\/\/www.qingfaceramic.com\/wp-content\/uploads\/2026\/01\/Custom-Ceramic-Jars-in-Bulk-Wholesale-Custom-Fragrance-Containers3.webp 800w, https:\/\/www.qingfaceramic.com\/wp-content\/uploads\/2026\/01\/Custom-Ceramic-Jars-in-Bulk-Wholesale-Custom-Fragrance-Containers3-300x300.webp 300w, https:\/\/www.qingfaceramic.com\/wp-content\/uploads\/2026\/01\/Custom-Ceramic-Jars-in-Bulk-Wholesale-Custom-Fragrance-Containers3-150x150.webp 150w, https:\/\/www.qingfaceramic.com\/wp-content\/uploads\/2026\/01\/Custom-Ceramic-Jars-in-Bulk-Wholesale-Custom-Fragrance-Containers3-768x768.webp 768w, https:\/\/www.qingfaceramic.com\/wp-content\/uploads\/2026\/01\/Custom-Ceramic-Jars-in-Bulk-Wholesale-Custom-Fragrance-Containers3-12x12.webp 12w, https:\/\/www.qingfaceramic.com\/wp-content\/uploads\/2026\/01\/Custom-Ceramic-Jars-in-Bulk-Wholesale-Custom-Fragrance-Containers3-600x600.webp 600w, https:\/\/www.qingfaceramic.com\/wp-content\/uploads\/2026\/01\/Custom-Ceramic-Jars-in-Bulk-Wholesale-Custom-Fragrance-Containers3-100x100.webp 100w\" sizes=\"(max-width: 800px) 100vw, 800px\" \/><\/figure>\n<\/div>\n<\/div>\n\n\n\n<div class=\"wp-block-columns is-layout-flex wp-container-core-columns-is-layout-9d6595d7 wp-block-columns-is-layout-flex\">\n<div class=\"wp-block-column is-layout-flow wp-block-column-is-layout-flow\"><\/div>\n\n\n\n<div class=\"wp-block-column is-layout-flow wp-block-column-is-layout-flow\"><\/div>\n<\/div>","protected":false},"excerpt":{"rendered":"<p data-start=\"428\" data-end=\"756\">Eleve a sua marca com os nossos frascos de cer\u00e2mica personalizados a granel. Como fabricante l\u00edder, fornecemos recipientes de fragr\u00e2ncia personalizados por atacado com esmaltes salpicados exclusivos e impress\u00e3o de log\u00f3tipo personalizado. Certifica\u00e7\u00e3o FDA\/LFGB.<\/p>\n<h2>Frascos de cer\u00e2mica personalizados a granel Par\u00e2metro<\/h2>\n<table data-path-to-node=\"3\">\n<thead>\n<tr>\n<td><strong>Artigo<\/strong><\/td>\n<td><strong>Especifica\u00e7\u00f5es<\/strong><\/td>\n<\/tr>\n<\/thead>\n<tbody>\n<tr>\n<td><span data-path-to-node=\"3,1,0,0\"><b data-path-to-node=\"3,1,0,0\" data-index-in-node=\"0\">Fabricante<\/b><\/span><\/td>\n<td><span data-path-to-node=\"3,1,1,0\">Cer\u00e2mica Qingfa<\/span><\/td>\n<\/tr>\n<tr>\n<td><span data-path-to-node=\"3,2,0,0\"><b data-path-to-node=\"3,2,0,0\" data-index-in-node=\"0\">Nome do produto<\/b><\/span><\/td>\n<td><span data-path-to-node=\"3,2,1,0\">Frasco de vela em cer\u00e2mica salpicada retro com tampa \/ Recipiente para perfume personalizado<\/span><\/td>\n<\/tr>\n<tr>\n<td><span data-path-to-node=\"3,3,0,0\"><b data-path-to-node=\"3,3,0,0\" data-index-in-node=\"0\">Material<\/b><\/span><\/td>\n<td><span data-path-to-node=\"3,3,1,0\">Cer\u00e2mica vidrada resistente ao calor de alta qualidade<\/span><\/td>\n<\/tr>\n<tr>\n<td><span data-path-to-node=\"3,4,0,0\"><b data-path-to-node=\"3,4,0,0\" data-index-in-node=\"0\">Dimens\u00f5es<\/b><\/span><\/td>\n<td><span data-path-to-node=\"3,4,1,0\">Parte superior: 9,4 cm<\/span><\/td>\n<\/tr>\n<tr>\n<td><span data-path-to-node=\"3,5,0,0\"><b data-path-to-node=\"3,5,0,0\" data-index-in-node=\"0\">Design \/ Estilo<\/b><\/span><\/td>\n<td><span data-path-to-node=\"3,5,1,0\">Estilo japon\u00eas minimalista Wabi-sabi \/ Retro com acabamento salpicado<\/span><\/td>\n<\/tr>\n<tr>\n<td><span data-path-to-node=\"3,6,0,0\"><b data-path-to-node=\"3,6,0,0\" data-index-in-node=\"0\">Acabamento da superf\u00edcie<\/b><\/span><\/td>\n<td><span data-path-to-node=\"3,6,1,0\">Esmalte reativo liso, resistente ao calor e dur\u00e1vel<\/span><\/td>\n<\/tr>\n<tr>\n<td><span data-path-to-node=\"3,7,0,0\"><b data-path-to-node=\"3,7,0,0\" data-index-in-node=\"0\">Tipo de tampa<\/b><\/span><\/td>\n<td><span data-path-to-node=\"3,7,1,0\">Tampa cer\u00e2mica \u00e0 prova de p\u00f3 a condizer (compat\u00edvel com a extin\u00e7\u00e3o de fumos)<\/span><\/td>\n<\/tr>\n<tr>\n<td><span data-path-to-node=\"3,8,0,0\"><b data-path-to-node=\"3,8,0,0\" data-index-in-node=\"0\">Op\u00e7\u00f5es de cores<\/b><\/span><\/td>\n<td><span data-path-to-node=\"3,8,1,0\">Esmaltes bege natural, branco salpicado ou cor Pantone personalizada<\/span><\/td>\n<\/tr>\n<tr>\n<td><span data-path-to-node=\"3,9,0,0\"><b data-path-to-node=\"3,9,0,0\" data-index-in-node=\"0\">Personaliza\u00e7\u00e3o<\/b><\/span><\/td>\n<td><span data-path-to-node=\"3,9,1,0\">Log\u00f3tipo (laser\/decalque), cores de esmalte personalizadas, desenho de padr\u00f5es, embalagens \u00e0 medida<\/span><\/td>\n<\/tr>\n<tr>\n<td><span data-path-to-node=\"3,10,0,0\"><b data-path-to-node=\"3,10,0,0\" data-index-in-node=\"0\">Utiliza\u00e7\u00e3o<\/b><\/span><\/td>\n<td><span data-path-to-node=\"3,10,1,0\">Fabrico de velas perfumadas, aromaterapia, arruma\u00e7\u00e3o para decora\u00e7\u00e3o da casa e presentes de qualidade<\/span><\/td>\n<\/tr>\n<tr>\n<td><span data-path-to-node=\"3,11,0,0\"><b data-path-to-node=\"3,11,0,0\" data-index-in-node=\"0\">OEM \/ ODM<\/b><\/span><\/td>\n<td><span data-path-to-node=\"3,11,1,0\">Apoio total (mais de 30 especialistas em I&amp;D dispon\u00edveis para o desenvolvimento de novos moldes)<\/span><\/td>\n<\/tr>\n<tr>\n<td><span data-path-to-node=\"3,12,0,0\"><b data-path-to-node=\"3,12,0,0\" data-index-in-node=\"0\">Certifica\u00e7\u00f5es<\/b><\/span><\/td>\n<td><span data-path-to-node=\"3,12,1,0\">FDA, LFGB, ISO (com base nos requisitos de personaliza\u00e7\u00e3o)<\/span><\/td>\n<\/tr>\n<\/tbody>\n<\/table>\n<p>&nbsp;<\/p>","protected":false},"featured_media":1049,"comment_status":"closed","ping_status":"closed","template":"","meta":{"_acf_changed":false},"market":[],"product_brand":[],"product_cat":[18,31],"product_tag":[],"class_list":{"0":"post-1048","1":"product","2":"type-product","3":"status-publish","4":"has-post-thumbnail","6":"product_cat-custom-home-decor","7":"product_cat-custom-candle-jars","9":"first","10":"instock","11":"shipping-taxable","12":"product-type-simple"},"acf":[],"_links":{"self":[{"href":"https:\/\/www.qingfaceramic.com\/pt\/wp-json\/wp\/v2\/product\/1048","targetHints":{"allow":["GET"]}}],"collection":[{"href":"https:\/\/www.qingfaceramic.com\/pt\/wp-json\/wp\/v2\/product"}],"about":[{"href":"https:\/\/www.qingfaceramic.com\/pt\/wp-json\/wp\/v2\/types\/product"}],"replies":[{"embeddable":true,"href":"https:\/\/www.qingfaceramic.com\/pt\/wp-json\/wp\/v2\/comments?post=1048"}],"wp:featuredmedia":[{"embeddable":true,"href":"https:\/\/www.qingfaceramic.com\/pt\/wp-json\/wp\/v2\/media\/1049"}],"wp:attachment":[{"href":"https:\/\/www.qingfaceramic.com\/pt\/wp-json\/wp\/v2\/media?parent=1048"}],"wp:term":[{"taxonomy":"market","embeddable":true,"href":"https:\/\/www.qingfaceramic.com\/pt\/wp-json\/wp\/v2\/market?post=1048"},{"taxonomy":"product_brand","embeddable":true,"href":"https:\/\/www.qingfaceramic.com\/pt\/wp-json\/wp\/v2\/product_brand?post=1048"},{"taxonomy":"product_cat","embeddable":true,"href":"https:\/\/www.qingfaceramic.com\/pt\/wp-json\/wp\/v2\/product_cat?post=1048"},{"taxonomy":"product_tag","embeddable":true,"href":"https:\/\/www.qingfaceramic.com\/pt\/wp-json\/wp\/v2\/product_tag?post=1048"}],"curies":[{"name":"wp","href":"https:\/\/api.w.org\/{rel}","templated":true}]}}