{"id":694,"date":"2026-01-14T08:36:59","date_gmt":"2026-01-14T08:36:59","guid":{"rendered":"https:\/\/www.qingfaceramic.com\/?post_type=product&#038;p=694"},"modified":"2026-01-31T03:13:14","modified_gmt":"2026-01-31T03:13:14","slug":"custom-ceramic-tea-pot-set-in-bulk-retro","status":"publish","type":"product","link":"https:\/\/www.qingfaceramic.com\/fr\/produit\/custom-ceramic-tea-pot-set-in-bulk-retro\/","title":{"rendered":"Set de th\u00e9i\u00e8res en c\u00e9ramique personnalis\u00e9 en vrac Set de tasses \u00e0 caf\u00e9 et \u00e0 th\u00e9 r\u00e9tro de haute qualit\u00e9 faites \u00e0 la main"},"content":{"rendered":"<h2 class=\"wp-block-heading\">Caract\u00e9ristiques de l'ensemble de th\u00e9i\u00e8res en c\u00e9ramique en vrac<\/h2>\n\n\n\n<div class=\"wp-block-columns is-layout-flex wp-container-core-columns-is-layout-9d6595d7 wp-block-columns-is-layout-flex\">\n<div class=\"wp-block-column is-layout-flow wp-block-column-is-layout-flow\">\n<ol class=\"wp-block-list\">\n<li><strong>Th\u00e9i\u00e8re en c\u00e9ramique personnalis\u00e9e en vrac<\/strong> - Con\u00e7us pour les commandes en gros, ils b\u00e9n\u00e9ficient d'un support OEM\/ODM complet pour la personnalisation des logos, des illustrations et de l'emballage.<\/li>\n\n\n\n<li><strong>Fait \u00e0 la main, style r\u00e9tro<\/strong> - Les tasses artisanales \u00e0 l'esth\u00e9tique r\u00e9tro unique ajoutent du caract\u00e8re et du charme \u00e0 tout service de th\u00e9 ou de caf\u00e9.<\/li>\n\n\n\n<li><strong>C\u00e9ramique \u00e9maill\u00e9e de haute qualit\u00e9<\/strong> - Le mat\u00e9riau c\u00e9ramique durable, avec une finition glac\u00e9e lisse et sans danger pour les aliments, garantit des performances durables.<\/li>\n\n\n\n<li><strong>Utilisation polyvalente<\/strong> - Parfait pour servir du caf\u00e9, du th\u00e9 et des boissons chaudes dans les caf\u00e9s, les h\u00f4tels, les restaurants et les lieux d'accueil.<\/li>\n\n\n\n<li><strong>Pr\u00eat pour la vente en gros et en vrac<\/strong> - La capacit\u00e9 de production stable et le contr\u00f4le de la qualit\u00e9 font de cet ensemble une solution id\u00e9ale pour les grossistes, les distributeurs et les entreprises.<\/li>\n\n\n\n<li><strong>Maniement confortable<\/strong> - La conception ergonomique et le poids \u00e9quilibr\u00e9 assurent une exp\u00e9rience de consommation confortable pour une utilisation quotidienne.<\/li>\n<\/ol>\n\n\n\n<figure class=\"wp-block-image size-full\"><img decoding=\"async\" width=\"1570\" height=\"756\" src=\"https:\/\/www.qingfaceramic.com\/wp-content\/uploads\/2026\/01\/custom-ceramic-tea-pot-set-in-bulk11.webp\" alt=\"th\u00e9i\u00e8re en c\u00e9ramique personnalis\u00e9e en vrac11\" class=\"wp-image-674\" srcset=\"https:\/\/www.qingfaceramic.com\/wp-content\/uploads\/2026\/01\/custom-ceramic-tea-pot-set-in-bulk11.webp 1570w, https:\/\/www.qingfaceramic.com\/wp-content\/uploads\/2026\/01\/custom-ceramic-tea-pot-set-in-bulk11-300x144.webp 300w, https:\/\/www.qingfaceramic.com\/wp-content\/uploads\/2026\/01\/custom-ceramic-tea-pot-set-in-bulk11-768x370.webp 768w, https:\/\/www.qingfaceramic.com\/wp-content\/uploads\/2026\/01\/custom-ceramic-tea-pot-set-in-bulk11-1200x578.webp 1200w, https:\/\/www.qingfaceramic.com\/wp-content\/uploads\/2026\/01\/custom-ceramic-tea-pot-set-in-bulk11-600x289.webp 600w\" sizes=\"(max-width: 1570px) 100vw, 1570px\" \/><\/figure>\n<\/div>\n\n\n\n<div class=\"wp-block-column is-layout-flow wp-block-column-is-layout-flow\">\n<figure class=\"wp-block-image size-full\"><img decoding=\"async\" width=\"750\" height=\"1146\" src=\"https:\/\/www.qingfaceramic.com\/wp-content\/uploads\/2026\/01\/custom-ceramic-tea-pot-set-in-bulk8.webp\" alt=\"th\u00e9i\u00e8re en c\u00e9ramique personnalis\u00e9e en vrac8\" class=\"wp-image-673\" srcset=\"https:\/\/www.qingfaceramic.com\/wp-content\/uploads\/2026\/01\/custom-ceramic-tea-pot-set-in-bulk8.webp 750w, https:\/\/www.qingfaceramic.com\/wp-content\/uploads\/2026\/01\/custom-ceramic-tea-pot-set-in-bulk8-196x300.webp 196w, https:\/\/www.qingfaceramic.com\/wp-content\/uploads\/2026\/01\/custom-ceramic-tea-pot-set-in-bulk8-600x917.webp 600w\" sizes=\"(max-width: 750px) 100vw, 750px\" \/><\/figure>\n<\/div>\n<\/div>\n\n\n\n<div class=\"wp-block-columns is-layout-flex wp-container-core-columns-is-layout-9d6595d7 wp-block-columns-is-layout-flex\">\n<div class=\"wp-block-column is-layout-flow wp-block-column-is-layout-flow\"><\/div>\n\n\n\n<div class=\"wp-block-column is-layout-flow wp-block-column-is-layout-flow\"><\/div>\n\n\n\n<div class=\"wp-block-column is-layout-flow wp-block-column-is-layout-flow\"><\/div>\n<\/div>\n\n\n\n<div class=\"wp-block-columns is-layout-flex wp-container-core-columns-is-layout-9d6595d7 wp-block-columns-is-layout-flex\">\n<div class=\"wp-block-column is-layout-flow wp-block-column-is-layout-flow\"><\/div>\n\n\n\n<div class=\"wp-block-column is-layout-flow wp-block-column-is-layout-flow\"><\/div>\n<\/div>","protected":false},"excerpt":{"rendered":"<p data-start=\"441\" data-end=\"787\">Notre set de th\u00e9i\u00e8res en c\u00e9ramique en vrac est un set de tasses \u00e0 caf\u00e9 et \u00e0 th\u00e9 de haute qualit\u00e9 au design r\u00e9tro, fabriqu\u00e9 \u00e0 la main en c\u00e9ramique \u00e9maill\u00e9e durable et id\u00e9al pour les caf\u00e9s, les h\u00f4tels et le commerce de d\u00e9tail. Avec la possibilit\u00e9 de personnaliser le logo et l'\u00e9mail (OEM\/ODM), ce set est parfait pour les commandes de boissons en vrac.<\/p>\n<h2>Set de th\u00e9i\u00e8res en c\u00e9ramique personnalis\u00e9 en vrac Param\u00e8tre<\/h2>\n<table>\n<thead>\n<tr>\n<th>Fabricant<\/th>\n<th>Qingfa Ceramics<\/th>\n<\/tr>\n<\/thead>\n<tbody>\n<tr>\n<td>Nom du produit<\/td>\n<td>Set de tasses \u00e0 caf\u00e9 et \u00e0 th\u00e9 r\u00e9tro fait main de haute qualit\u00e9 \/ Set de th\u00e9i\u00e8res en c\u00e9ramique personnalis\u00e9 en vrac<\/td>\n<\/tr>\n<tr>\n<td>Mat\u00e9riau<\/td>\n<td>C\u00e9ramique \u00e9maill\u00e9e de haute qualit\u00e9<\/td>\n<\/tr>\n<tr>\n<td>Capacit\u00e9<\/td>\n<td>Environ 250-350 ml par tasse (personnalisable)<\/td>\n<\/tr>\n<tr>\n<td>Design \/ Style<\/td>\n<td>Fabriqu\u00e9 \u00e0 la main, esth\u00e9tique r\u00e9tro vintage<\/td>\n<\/tr>\n<tr>\n<td>Finition de la surface<\/td>\n<td>C\u00e9ramique \u00e9maill\u00e9e lisse, compatible avec les aliments<\/td>\n<\/tr>\n<tr>\n<td>Options de couleur<\/td>\n<td>Couleurs et motifs de gla\u00e7age personnalis\u00e9s disponibles<\/td>\n<\/tr>\n<tr>\n<td>Poign\u00e9e<\/td>\n<td>Poign\u00e9e ergonomique pour le confort<\/td>\n<\/tr>\n<tr>\n<td>Personnalisation<\/td>\n<td>Impression de logos, dessins de d\u00e9calcomanies, motifs de gla\u00e7age, emballage, OEM\/ODM<\/td>\n<\/tr>\n<tr>\n<td>Utilisation<\/td>\n<td>Caf\u00e9, th\u00e9 et boissons chaudes pour les caf\u00e9s, les h\u00f4tels, les restaurants et le commerce de d\u00e9tail<\/td>\n<\/tr>\n<tr>\n<td>Certifications<\/td>\n<td>FDA, LFGB, ISO (en fonction de la personnalisation)<\/td>\n<\/tr>\n<\/tbody>\n<\/table>\n<p>&nbsp;<\/p>\n<p>&nbsp;<\/p>","protected":false},"featured_media":670,"comment_status":"closed","ping_status":"closed","template":"","meta":{"_acf_changed":false},"market":[],"product_brand":[],"product_cat":[16,26],"product_tag":[],"class_list":{"0":"post-694","1":"product","2":"type-product","3":"status-publish","4":"has-post-thumbnail","6":"product_cat-tea-and-coffee-sets-factory","7":"product_cat-custom-teapot-sets","9":"first","10":"instock","11":"shipping-taxable","12":"product-type-simple"},"acf":[],"_links":{"self":[{"href":"https:\/\/www.qingfaceramic.com\/fr\/wp-json\/wp\/v2\/product\/694","targetHints":{"allow":["GET"]}}],"collection":[{"href":"https:\/\/www.qingfaceramic.com\/fr\/wp-json\/wp\/v2\/product"}],"about":[{"href":"https:\/\/www.qingfaceramic.com\/fr\/wp-json\/wp\/v2\/types\/product"}],"replies":[{"embeddable":true,"href":"https:\/\/www.qingfaceramic.com\/fr\/wp-json\/wp\/v2\/comments?post=694"}],"wp:featuredmedia":[{"embeddable":true,"href":"https:\/\/www.qingfaceramic.com\/fr\/wp-json\/wp\/v2\/media\/670"}],"wp:attachment":[{"href":"https:\/\/www.qingfaceramic.com\/fr\/wp-json\/wp\/v2\/media?parent=694"}],"wp:term":[{"taxonomy":"market","embeddable":true,"href":"https:\/\/www.qingfaceramic.com\/fr\/wp-json\/wp\/v2\/market?post=694"},{"taxonomy":"product_brand","embeddable":true,"href":"https:\/\/www.qingfaceramic.com\/fr\/wp-json\/wp\/v2\/product_brand?post=694"},{"taxonomy":"product_cat","embeddable":true,"href":"https:\/\/www.qingfaceramic.com\/fr\/wp-json\/wp\/v2\/product_cat?post=694"},{"taxonomy":"product_tag","embeddable":true,"href":"https:\/\/www.qingfaceramic.com\/fr\/wp-json\/wp\/v2\/product_tag?post=694"}],"curies":[{"name":"wp","href":"https:\/\/api.w.org\/{rel}","templated":true}]}}