{"id":661,"date":"2026-01-14T07:40:46","date_gmt":"2026-01-14T07:40:46","guid":{"rendered":"https:\/\/www.qingfaceramic.com\/?post_type=product&#038;p=661"},"modified":"2026-01-31T02:52:48","modified_gmt":"2026-01-31T02:52:48","slug":"custom-white-ceramic-tea-pot-set","status":"publish","type":"product","link":"https:\/\/www.qingfaceramic.com\/fr\/produit\/custom-white-ceramic-tea-pot-set\/","title":{"rendered":"Set de th\u00e9i\u00e8res en c\u00e9ramique blanche Set de th\u00e9 et de tasses en porcelaine blanche Wholesale"},"content":{"rendered":"<h2 class=\"wp-block-heading\">Caract\u00e9ristiques de l'ensemble de th\u00e9i\u00e8res en c\u00e9ramique blanche<\/h2>\n\n\n\n<div class=\"wp-block-columns is-layout-flex wp-container-core-columns-is-layout-9d6595d7 wp-block-columns-is-layout-flex\">\n<div class=\"wp-block-column is-layout-flow wp-block-column-is-layout-flow\">\n<ol class=\"wp-block-list\">\n<li><strong>Set de th\u00e9i\u00e8res en c\u00e9ramique blanche personnalis\u00e9<\/strong> - Permet une personnalisation compl\u00e8te OEM\/ODM, y compris le logo, les accents de couleur et l'emballage pour r\u00e9pondre aux besoins de votre marque.<\/li>\n\n\n\n<li><strong>Design \u00e9l\u00e9gant en porcelaine blanche<\/strong> - Le style classique et minimaliste de la porcelaine blanche convient aux services \u00e0 th\u00e9 modernes et traditionnels.<\/li>\n\n\n\n<li><strong>Ensemble complet de boissons<\/strong> - Comprend une th\u00e9i\u00e8re et des tasses et soucoupes compl\u00e9mentaires pour un service de th\u00e9 coh\u00e9rent.<\/li>\n\n\n\n<li><strong>Construction en c\u00e9ramique de haute qualit\u00e9<\/strong> - Fabriqu\u00e9 en porcelaine durable et s\u00fbre pour les aliments, avec une gla\u00e7ure lisse pour une utilisation quotidienne dans des environnements commerciaux.<\/li>\n\n\n\n<li><strong>Sc\u00e9narios d'utilisation polyvalents<\/strong> - Parfait pour les h\u00f4tels, les caf\u00e9s, les restaurants et les magasins de d\u00e9tail, ainsi que pour les collections promotionnelles et les cadeaux.<\/li>\n\n\n\n<li><strong>Disponibilit\u00e9 en gros et en masse<\/strong> - Con\u00e7us pour les commandes en gros, avec un contr\u00f4le de qualit\u00e9 coh\u00e9rent et des processus de production efficaces.<\/li>\n<\/ol>\n<\/div>\n\n\n\n<div class=\"wp-block-column is-layout-flow wp-block-column-is-layout-flow\">\n<figure class=\"wp-block-image size-full\"><img decoding=\"async\" width=\"1600\" height=\"770\" src=\"https:\/\/www.qingfaceramic.com\/wp-content\/uploads\/2026\/01\/custom-white-ceramic-tea-pot-set6.webp\" alt=\"th\u00e9i\u00e8re en c\u00e9ramique blanche personnalis\u00e9e 2\" class=\"wp-image-665\" srcset=\"https:\/\/www.qingfaceramic.com\/wp-content\/uploads\/2026\/01\/custom-white-ceramic-tea-pot-set6.webp 1600w, https:\/\/www.qingfaceramic.com\/wp-content\/uploads\/2026\/01\/custom-white-ceramic-tea-pot-set6-300x144.webp 300w, https:\/\/www.qingfaceramic.com\/wp-content\/uploads\/2026\/01\/custom-white-ceramic-tea-pot-set6-768x370.webp 768w, https:\/\/www.qingfaceramic.com\/wp-content\/uploads\/2026\/01\/custom-white-ceramic-tea-pot-set6-1200x578.webp 1200w, https:\/\/www.qingfaceramic.com\/wp-content\/uploads\/2026\/01\/custom-white-ceramic-tea-pot-set6-600x289.webp 600w\" sizes=\"(max-width: 1600px) 100vw, 1600px\" \/><\/figure>\n<\/div>\n<\/div>\n\n\n\n<div class=\"wp-block-columns is-layout-flex wp-container-core-columns-is-layout-9d6595d7 wp-block-columns-is-layout-flex\">\n<div class=\"wp-block-column is-layout-flow wp-block-column-is-layout-flow\">\n<figure class=\"wp-block-image size-full\"><img decoding=\"async\" width=\"750\" height=\"624\" src=\"https:\/\/www.qingfaceramic.com\/wp-content\/uploads\/2026\/01\/custom-white-ceramic-tea-pot-set9.webp\" alt=\"th\u00e9i\u00e8re en c\u00e9ramique blanche personnalis\u00e9e9\" class=\"wp-image-666\" srcset=\"https:\/\/www.qingfaceramic.com\/wp-content\/uploads\/2026\/01\/custom-white-ceramic-tea-pot-set9.webp 750w, https:\/\/www.qingfaceramic.com\/wp-content\/uploads\/2026\/01\/custom-white-ceramic-tea-pot-set9-300x250.webp 300w, https:\/\/www.qingfaceramic.com\/wp-content\/uploads\/2026\/01\/custom-white-ceramic-tea-pot-set9-600x499.webp 600w\" sizes=\"(max-width: 750px) 100vw, 750px\" \/><\/figure>\n<\/div>\n\n\n\n<div class=\"wp-block-column is-layout-flow wp-block-column-is-layout-flow\">\n<figure class=\"wp-block-image size-full\"><img decoding=\"async\" width=\"750\" height=\"828\" src=\"https:\/\/www.qingfaceramic.com\/wp-content\/uploads\/2026\/01\/custom-white-ceramic-tea-pot-set11.webp\" alt=\"Set de th\u00e9i\u00e8res en c\u00e9ramique blanche personnalis\u00e911\" class=\"wp-image-668\" srcset=\"https:\/\/www.qingfaceramic.com\/wp-content\/uploads\/2026\/01\/custom-white-ceramic-tea-pot-set11.webp 750w, https:\/\/www.qingfaceramic.com\/wp-content\/uploads\/2026\/01\/custom-white-ceramic-tea-pot-set11-272x300.webp 272w, https:\/\/www.qingfaceramic.com\/wp-content\/uploads\/2026\/01\/custom-white-ceramic-tea-pot-set11-600x662.webp 600w\" sizes=\"(max-width: 750px) 100vw, 750px\" \/><\/figure>\n<\/div>\n\n\n\n<div class=\"wp-block-column is-layout-flow wp-block-column-is-layout-flow\">\n<figure class=\"wp-block-image size-full\"><img decoding=\"async\" width=\"750\" height=\"708\" src=\"https:\/\/www.qingfaceramic.com\/wp-content\/uploads\/2026\/01\/custom-white-ceramic-tea-pot-set10.webp\" alt=\"th\u00e9i\u00e8re en c\u00e9ramique blanche personnalis\u00e9e9\" class=\"wp-image-667\" srcset=\"https:\/\/www.qingfaceramic.com\/wp-content\/uploads\/2026\/01\/custom-white-ceramic-tea-pot-set10.webp 750w, https:\/\/www.qingfaceramic.com\/wp-content\/uploads\/2026\/01\/custom-white-ceramic-tea-pot-set10-300x283.webp 300w, https:\/\/www.qingfaceramic.com\/wp-content\/uploads\/2026\/01\/custom-white-ceramic-tea-pot-set10-600x566.webp 600w\" sizes=\"(max-width: 750px) 100vw, 750px\" \/><\/figure>\n<\/div>\n<\/div>\n\n\n\n<div class=\"wp-block-columns is-layout-flex wp-container-core-columns-is-layout-9d6595d7 wp-block-columns-is-layout-flex\">\n<div class=\"wp-block-column is-layout-flow wp-block-column-is-layout-flow\"><\/div>\n\n\n\n<div class=\"wp-block-column is-layout-flow wp-block-column-is-layout-flow\"><\/div>\n<\/div>","protected":false},"excerpt":{"rendered":"<p data-start=\"441\" data-end=\"787\">Notre ensemble de th\u00e9i\u00e8res en c\u00e9ramique blanche personnalis\u00e9 allie l'\u00e9l\u00e9gance de la porcelaine blanche \u00e0 un design pratique. Id\u00e9al pour les caf\u00e9s, les h\u00f4tels, les restaurants et le commerce de d\u00e9tail, cet ensemble peut \u00eatre personnalis\u00e9 par OEM\/ODM pour les logos et l'emballage, ce qui le rend parfait pour le service de th\u00e9 en vrac et les collections d'articles de boisson de marque.<\/p>\n<h2>Set de th\u00e9i\u00e8res en c\u00e9ramique blanche personnalis\u00e9 Param\u00e8tre<\/h2>\n<table>\n<thead>\n<tr>\n<th>Fabricant<\/th>\n<th>Qingfa Ceramics<\/th>\n<\/tr>\n<\/thead>\n<tbody>\n<tr>\n<td>Nom du produit<\/td>\n<td>Service \u00e0 th\u00e9 \u00e9l\u00e9gant en porcelaine blanche \/ Service \u00e0 th\u00e9 personnalis\u00e9 en c\u00e9ramique blanche<\/td>\n<\/tr>\n<tr>\n<td>Mat\u00e9riau<\/td>\n<td>C\u00e9ramique de haute qualit\u00e9 \/ porcelaine blanche<\/td>\n<\/tr>\n<tr>\n<td>Composants<\/td>\n<td>Th\u00e9i\u00e8re + tasses et soucoupes assorties (configuration du set)<\/td>\n<\/tr>\n<tr>\n<td>Design \/ Style<\/td>\n<td>Service \u00e0 th\u00e9 classique en porcelaine blanche avec finition \u00e9l\u00e9gante<\/td>\n<\/tr>\n<tr>\n<td>Finition de la surface<\/td>\n<td>C\u00e9ramique \u00e9maill\u00e9e lisse, compatible avec les aliments<\/td>\n<\/tr>\n<tr>\n<td>Couleur<\/td>\n<td>Blanc pur (options d'accentuation personnalis\u00e9es disponibles)<\/td>\n<\/tr>\n<tr>\n<td>Capacit\u00e9<\/td>\n<td>Capacit\u00e9s de th\u00e9i\u00e8res et de tasses personnalis\u00e9es disponibles<\/td>\n<\/tr>\n<tr>\n<td>Personnalisation<\/td>\n<td>Impression de logos, conception de d\u00e9calcomanies, emballage, OEM\/ODM<\/td>\n<\/tr>\n<tr>\n<td>Utilisation<\/td>\n<td>Service de th\u00e9 et de boissons pour les caf\u00e9s, les restaurants, les h\u00f4tels et le commerce de d\u00e9tail<\/td>\n<\/tr>\n<tr>\n<td>Certifications<\/td>\n<td>FDA, LFGB, ISO (en fonction de la personnalisation)<\/td>\n<\/tr>\n<\/tbody>\n<\/table>\n<p>&nbsp;<\/p>\n<p>&nbsp;<\/p>","protected":false},"featured_media":662,"comment_status":"closed","ping_status":"closed","template":"","meta":{"_acf_changed":false},"market":[],"product_brand":[],"product_cat":[16,26],"product_tag":[],"class_list":{"0":"post-661","1":"product","2":"type-product","3":"status-publish","4":"has-post-thumbnail","6":"product_cat-tea-and-coffee-sets-factory","7":"product_cat-custom-teapot-sets","9":"first","10":"instock","11":"shipping-taxable","12":"product-type-simple"},"acf":[],"_links":{"self":[{"href":"https:\/\/www.qingfaceramic.com\/fr\/wp-json\/wp\/v2\/product\/661","targetHints":{"allow":["GET"]}}],"collection":[{"href":"https:\/\/www.qingfaceramic.com\/fr\/wp-json\/wp\/v2\/product"}],"about":[{"href":"https:\/\/www.qingfaceramic.com\/fr\/wp-json\/wp\/v2\/types\/product"}],"replies":[{"embeddable":true,"href":"https:\/\/www.qingfaceramic.com\/fr\/wp-json\/wp\/v2\/comments?post=661"}],"wp:featuredmedia":[{"embeddable":true,"href":"https:\/\/www.qingfaceramic.com\/fr\/wp-json\/wp\/v2\/media\/662"}],"wp:attachment":[{"href":"https:\/\/www.qingfaceramic.com\/fr\/wp-json\/wp\/v2\/media?parent=661"}],"wp:term":[{"taxonomy":"market","embeddable":true,"href":"https:\/\/www.qingfaceramic.com\/fr\/wp-json\/wp\/v2\/market?post=661"},{"taxonomy":"product_brand","embeddable":true,"href":"https:\/\/www.qingfaceramic.com\/fr\/wp-json\/wp\/v2\/product_brand?post=661"},{"taxonomy":"product_cat","embeddable":true,"href":"https:\/\/www.qingfaceramic.com\/fr\/wp-json\/wp\/v2\/product_cat?post=661"},{"taxonomy":"product_tag","embeddable":true,"href":"https:\/\/www.qingfaceramic.com\/fr\/wp-json\/wp\/v2\/product_tag?post=661"}],"curies":[{"name":"wp","href":"https:\/\/api.w.org\/{rel}","templated":true}]}}