{"id":652,"date":"2026-01-14T07:28:22","date_gmt":"2026-01-14T07:28:22","guid":{"rendered":"https:\/\/www.qingfaceramic.com\/?post_type=product&#038;p=652"},"modified":"2026-01-31T02:50:58","modified_gmt":"2026-01-31T02:50:58","slug":"customized-dinnerware-modern-middle-eastern","status":"publish","type":"product","link":"https:\/\/www.qingfaceramic.com\/fr\/produit\/customized-dinnerware-modern-middle-eastern\/","title":{"rendered":"Service de vaisselle personnalis\u00e9 Service de vaisselle moderne en c\u00e9ramique minimaliste du Moyen-Orient"},"content":{"rendered":"<h2 class=\"wp-block-heading\">Caract\u00e9ristiques de la vaisselle personnalis\u00e9e<\/h2>\n\n\n\n<div class=\"wp-block-columns is-layout-flex wp-container-core-columns-is-layout-9d6595d7 wp-block-columns-is-layout-flex\">\n<div class=\"wp-block-column is-layout-flow wp-block-column-is-layout-flow\">\n<ol class=\"wp-block-list\">\n<li><strong>Service de vaisselle personnalisable<\/strong> - Prise en charge compl\u00e8te de l'impression et de la conception OEM\/ODM, y compris les logos, les couleurs et les motifs pour correspondre \u00e0 votre marque ou au th\u00e8me de votre restaurant.<\/li>\n\n\n\n<li><strong>Design moderne minimaliste du Moyen-Orient<\/strong> - Esth\u00e9tique minimaliste \u00e9l\u00e9gante avec des couleurs subtiles et des styles glac\u00e9s qui s'int\u00e8grent dans les salles \u00e0 manger contemporaines.<\/li>\n\n\n\n<li><strong>Construction en c\u00e9ramique de haute qualit\u00e9<\/strong> - Fabriqu\u00e9 \u00e0 partir de mat\u00e9riaux c\u00e9ramiques durables qui r\u00e9sistent \u00e0 une utilisation quotidienne dans des environnements commerciaux tr\u00e8s fr\u00e9quent\u00e9s.<\/li>\n\n\n\n<li><strong>Pi\u00e8ces de vaisselle polyvalentes<\/strong> - Comprend des assiettes et des bols adapt\u00e9s aux entr\u00e9es, aux plats principaux, aux desserts et aux plats \u00e0 partager.<\/li>\n\n\n\n<li><strong>Approvisionnement en gros et en masse<\/strong> - Con\u00e7ue pour les commandes importantes avec une qualit\u00e9 constante et une production efficace, elle est parfaite pour les distributeurs et les clients du secteur de l'h\u00f4tellerie.<\/li>\n\n\n\n<li><strong>S\u00e9curit\u00e9 alimentaire et entretien facile<\/strong> - Surface glac\u00e9e lisse, s\u00fbre pour les aliments, facile \u00e0 nettoyer et adapt\u00e9e aux services quotidiens des restaurants, des h\u00f4tels et des caf\u00e9s.<\/li>\n<\/ol>\n<\/div>\n\n\n\n<div class=\"wp-block-column is-layout-flow wp-block-column-is-layout-flow\">\n<figure class=\"wp-block-image size-full\"><img decoding=\"async\" width=\"1538\" height=\"1080\" src=\"https:\/\/www.qingfaceramic.com\/wp-content\/uploads\/2026\/01\/customized-dinnerware11.webp\" alt=\"vaisselle personnalis\u00e9e11\" class=\"wp-image-657\" srcset=\"https:\/\/www.qingfaceramic.com\/wp-content\/uploads\/2026\/01\/customized-dinnerware11.webp 1538w, https:\/\/www.qingfaceramic.com\/wp-content\/uploads\/2026\/01\/customized-dinnerware11-300x211.webp 300w, https:\/\/www.qingfaceramic.com\/wp-content\/uploads\/2026\/01\/customized-dinnerware11-768x539.webp 768w, https:\/\/www.qingfaceramic.com\/wp-content\/uploads\/2026\/01\/customized-dinnerware11-1200x843.webp 1200w, https:\/\/www.qingfaceramic.com\/wp-content\/uploads\/2026\/01\/customized-dinnerware11-600x421.webp 600w\" sizes=\"(max-width: 1538px) 100vw, 1538px\" \/><\/figure>\n<\/div>\n<\/div>\n\n\n\n<div class=\"wp-block-columns is-layout-flex wp-container-core-columns-is-layout-9d6595d7 wp-block-columns-is-layout-flex\">\n<div class=\"wp-block-column is-layout-flow wp-block-column-is-layout-flow\">\n<figure class=\"wp-block-image size-full\"><img decoding=\"async\" width=\"750\" height=\"899\" src=\"https:\/\/www.qingfaceramic.com\/wp-content\/uploads\/2026\/01\/customized-dinnerware13.webp\" alt=\"vaisselle personnalis\u00e9e13\" class=\"wp-image-659\" srcset=\"https:\/\/www.qingfaceramic.com\/wp-content\/uploads\/2026\/01\/customized-dinnerware13.webp 750w, https:\/\/www.qingfaceramic.com\/wp-content\/uploads\/2026\/01\/customized-dinnerware13-250x300.webp 250w, https:\/\/www.qingfaceramic.com\/wp-content\/uploads\/2026\/01\/customized-dinnerware13-600x719.webp 600w\" sizes=\"(max-width: 750px) 100vw, 750px\" \/><\/figure>\n<\/div>\n\n\n\n<div class=\"wp-block-column is-layout-flow wp-block-column-is-layout-flow\">\n<figure class=\"wp-block-image size-full\"><img decoding=\"async\" width=\"750\" height=\"862\" src=\"https:\/\/www.qingfaceramic.com\/wp-content\/uploads\/2026\/01\/customized-dinnerware14.webp\" alt=\"vaisselle personnalis\u00e9e14\" class=\"wp-image-660\" srcset=\"https:\/\/www.qingfaceramic.com\/wp-content\/uploads\/2026\/01\/customized-dinnerware14.webp 750w, https:\/\/www.qingfaceramic.com\/wp-content\/uploads\/2026\/01\/customized-dinnerware14-261x300.webp 261w, https:\/\/www.qingfaceramic.com\/wp-content\/uploads\/2026\/01\/customized-dinnerware14-600x690.webp 600w\" sizes=\"(max-width: 750px) 100vw, 750px\" \/><\/figure>\n<\/div>\n\n\n\n<div class=\"wp-block-column is-layout-flow wp-block-column-is-layout-flow\">\n<figure class=\"wp-block-image size-full\"><img decoding=\"async\" width=\"750\" height=\"1430\" src=\"https:\/\/www.qingfaceramic.com\/wp-content\/uploads\/2026\/01\/customized-dinnerware12.webp\" alt=\"vaisselle personnalis\u00e9e12\" class=\"wp-image-658\" srcset=\"https:\/\/www.qingfaceramic.com\/wp-content\/uploads\/2026\/01\/customized-dinnerware12.webp 750w, https:\/\/www.qingfaceramic.com\/wp-content\/uploads\/2026\/01\/customized-dinnerware12-157x300.webp 157w, https:\/\/www.qingfaceramic.com\/wp-content\/uploads\/2026\/01\/customized-dinnerware12-600x1144.webp 600w\" sizes=\"(max-width: 750px) 100vw, 750px\" \/><\/figure>\n<\/div>\n<\/div>\n\n\n\n<div class=\"wp-block-columns is-layout-flex wp-container-core-columns-is-layout-9d6595d7 wp-block-columns-is-layout-flex\">\n<div class=\"wp-block-column is-layout-flow wp-block-column-is-layout-flow\"><\/div>\n\n\n\n<div class=\"wp-block-column is-layout-flow wp-block-column-is-layout-flow\"><\/div>\n<\/div>","protected":false},"excerpt":{"rendered":"<p data-start=\"441\" data-end=\"787\">Notre vaisselle personnalis\u00e9e comprend des ensembles de vaisselle en c\u00e9ramique moderne et minimaliste du Moyen-Orient, fabriqu\u00e9s \u00e0 partir de c\u00e9ramique de haute qualit\u00e9 avec des finitions glac\u00e9es \u00e9l\u00e9gantes. Con\u00e7us pour les restaurants et les h\u00f4tels, ces services peuvent \u00eatre personnalis\u00e9s (OEM\/ODM) pour les motifs, les logos et les tailles, ce qui est id\u00e9al pour les commandes en vrac de l'h\u00f4tellerie.<\/p>\n<h2>Param\u00e8tres de la vaisselle personnalis\u00e9e<\/h2>\n<table>\n<thead>\n<tr>\n<th>Fabricant<\/th>\n<th>Qingfa Ceramics<\/th>\n<\/tr>\n<\/thead>\n<tbody>\n<tr>\n<td>Nom du produit<\/td>\n<td>Service de table moderne en c\u00e9ramique du Moyen-Orient \/ Service de table personnalis\u00e9<\/td>\n<\/tr>\n<tr>\n<td>Mat\u00e9riau<\/td>\n<td>C\u00e9ramique de haute qualit\u00e9<\/td>\n<\/tr>\n<tr>\n<td>L'ensemble comprend<\/td>\n<td>Assiettes et bols (configurables)<\/td>\n<\/tr>\n<tr>\n<td>Design \/ Style<\/td>\n<td>Modernit\u00e9 minimaliste avec influence du Moyen-Orient<\/td>\n<\/tr>\n<tr>\n<td>Finition de la surface<\/td>\n<td>C\u00e9ramique \u00e9maill\u00e9e lisse, compatible avec les aliments<\/td>\n<\/tr>\n<tr>\n<td>Options de couleur<\/td>\n<td>Couleurs et motifs de gla\u00e7age personnalis\u00e9s disponibles<\/td>\n<\/tr>\n<tr>\n<td>Personnalisation<\/td>\n<td>Impression de logos, dessins, tailles, emballages, OEM\/ODM<\/td>\n<\/tr>\n<tr>\n<td>Utilisation<\/td>\n<td>Restaurants, h\u00f4tels, caf\u00e9s, restauration collective et h\u00f4tellerie<\/td>\n<\/tr>\n<tr>\n<td>Certifications<\/td>\n<td>FDA, LFGB, ISO (en fonction de la personnalisation)<\/td>\n<\/tr>\n<\/tbody>\n<\/table>\n<p>&nbsp;<\/p>","protected":false},"featured_media":654,"comment_status":"closed","ping_status":"closed","template":"","meta":{"_acf_changed":false},"market":[42],"product_brand":[],"product_cat":[19,35],"product_tag":[],"class_list":{"0":"post-652","1":"product","2":"type-product","3":"status-publish","4":"has-post-thumbnail","6":"market-middle-east-market","7":"product_cat-custom-dinnerware-manufacturer","8":"product_cat-custom-dinnerware-sets","10":"first","11":"instock","12":"shipping-taxable","13":"product-type-simple"},"acf":[],"_links":{"self":[{"href":"https:\/\/www.qingfaceramic.com\/fr\/wp-json\/wp\/v2\/product\/652","targetHints":{"allow":["GET"]}}],"collection":[{"href":"https:\/\/www.qingfaceramic.com\/fr\/wp-json\/wp\/v2\/product"}],"about":[{"href":"https:\/\/www.qingfaceramic.com\/fr\/wp-json\/wp\/v2\/types\/product"}],"replies":[{"embeddable":true,"href":"https:\/\/www.qingfaceramic.com\/fr\/wp-json\/wp\/v2\/comments?post=652"}],"wp:featuredmedia":[{"embeddable":true,"href":"https:\/\/www.qingfaceramic.com\/fr\/wp-json\/wp\/v2\/media\/654"}],"wp:attachment":[{"href":"https:\/\/www.qingfaceramic.com\/fr\/wp-json\/wp\/v2\/media?parent=652"}],"wp:term":[{"taxonomy":"market","embeddable":true,"href":"https:\/\/www.qingfaceramic.com\/fr\/wp-json\/wp\/v2\/market?post=652"},{"taxonomy":"product_brand","embeddable":true,"href":"https:\/\/www.qingfaceramic.com\/fr\/wp-json\/wp\/v2\/product_brand?post=652"},{"taxonomy":"product_cat","embeddable":true,"href":"https:\/\/www.qingfaceramic.com\/fr\/wp-json\/wp\/v2\/product_cat?post=652"},{"taxonomy":"product_tag","embeddable":true,"href":"https:\/\/www.qingfaceramic.com\/fr\/wp-json\/wp\/v2\/product_tag?post=652"}],"curies":[{"name":"wp","href":"https:\/\/api.w.org\/{rel}","templated":true}]}}