{"id":644,"date":"2026-01-14T07:17:41","date_gmt":"2026-01-14T07:17:41","guid":{"rendered":"https:\/\/www.qingfaceramic.com\/?post_type=product&#038;p=644"},"modified":"2026-01-31T02:49:16","modified_gmt":"2026-01-31T02:49:16","slug":"custom-restaurant-dinnerware-vintage-fluid-glazed","status":"publish","type":"product","link":"https:\/\/www.qingfaceramic.com\/fr\/produit\/custom-restaurant-dinnerware-vintage-fluid-glazed\/","title":{"rendered":"Vaisselle de restaurant personnalis\u00e9e Vaisselle en c\u00e9ramique fluide vintage"},"content":{"rendered":"<h2 class=\"wp-block-heading\">Caract\u00e9ristiques de la vaisselle de restaurant personnalis\u00e9e<\/h2>\n\n\n\n<div class=\"wp-block-columns is-layout-flex wp-container-core-columns-is-layout-9d6595d7 wp-block-columns-is-layout-flex\">\n<div class=\"wp-block-column is-layout-flow wp-block-column-is-layout-flow\">\n<ol class=\"wp-block-list\">\n<li><strong>Vaisselle de restaurant personnalis\u00e9e<\/strong> - La prise en charge compl\u00e8te des tailles, couleurs, logos et motifs personnalis\u00e9s est id\u00e9ale pour les exp\u00e9riences gastronomiques de marque et les commandes d'hospitalit\u00e9 en vrac.<\/li>\n\n\n\n<li><strong>Vintage Fluid Glazed Design<\/strong> - Le gla\u00e7age fluide artistique conf\u00e8re \u00e0 chaque assiette une texture visuelle unique et un toucher de qualit\u00e9 sup\u00e9rieure, am\u00e9liorant ainsi la pr\u00e9sentation de la table.<\/li>\n\n\n\n<li><strong>Construction en c\u00e9ramique de haute qualit\u00e9<\/strong> - Le mat\u00e9riau durable dot\u00e9 d'un gla\u00e7age lisse et sans danger pour les aliments garantit des performances durables dans les environnements de restauration commerciale.<\/li>\n\n\n\n<li><strong>Options de vaisselle polyvalente<\/strong> - Disponibles en plusieurs tailles et formes pour les repas, les entr\u00e9es, les desserts et les plats partag\u00e9s dans les restaurants et les h\u00f4tels.<\/li>\n\n\n\n<li><strong>Approvisionnement en gros<\/strong> - Con\u00e7ue pour les commandes \u00e0 grande \u00e9chelle avec une qualit\u00e9 et une productivit\u00e9 constantes, elle est id\u00e9ale pour les distributeurs et les fournisseurs du secteur de l'h\u00f4tellerie et de la restauration.<\/li>\n\n\n\n<li><strong>Entretien facile<\/strong> - La surface glac\u00e9e lisse est s\u00fbre pour les aliments, facile \u00e0 nettoyer et convient \u00e0 un usage quotidien dans les cuisines professionnelles.<\/li>\n<\/ol>\n\n\n\n<figure class=\"wp-block-image size-full\"><img decoding=\"async\" width=\"1582\" height=\"734\" src=\"https:\/\/www.qingfaceramic.com\/wp-content\/uploads\/2026\/01\/custom-restaurant-dinnerware7.webp\" alt=\"vaisselle de restaurant personnalis\u00e9e7\" class=\"wp-image-650\" srcset=\"https:\/\/www.qingfaceramic.com\/wp-content\/uploads\/2026\/01\/custom-restaurant-dinnerware7.webp 1582w, https:\/\/www.qingfaceramic.com\/wp-content\/uploads\/2026\/01\/custom-restaurant-dinnerware7-300x139.webp 300w, https:\/\/www.qingfaceramic.com\/wp-content\/uploads\/2026\/01\/custom-restaurant-dinnerware7-768x356.webp 768w, https:\/\/www.qingfaceramic.com\/wp-content\/uploads\/2026\/01\/custom-restaurant-dinnerware7-1200x557.webp 1200w, https:\/\/www.qingfaceramic.com\/wp-content\/uploads\/2026\/01\/custom-restaurant-dinnerware7-600x278.webp 600w\" sizes=\"(max-width: 1582px) 100vw, 1582px\" \/><\/figure>\n<\/div>\n\n\n\n<div class=\"wp-block-column is-layout-flow wp-block-column-is-layout-flow\">\n<figure class=\"wp-block-image size-full\"><img decoding=\"async\" width=\"980\" height=\"980\" src=\"https:\/\/www.qingfaceramic.com\/wp-content\/uploads\/2026\/01\/custom-restaurant-dinnerware2.webp\" alt=\"vaisselle de restaurant personnalis\u00e9e2\" class=\"wp-image-646\" srcset=\"https:\/\/www.qingfaceramic.com\/wp-content\/uploads\/2026\/01\/custom-restaurant-dinnerware2.webp 980w, https:\/\/www.qingfaceramic.com\/wp-content\/uploads\/2026\/01\/custom-restaurant-dinnerware2-300x300.webp 300w, https:\/\/www.qingfaceramic.com\/wp-content\/uploads\/2026\/01\/custom-restaurant-dinnerware2-150x150.webp 150w, https:\/\/www.qingfaceramic.com\/wp-content\/uploads\/2026\/01\/custom-restaurant-dinnerware2-768x768.webp 768w, https:\/\/www.qingfaceramic.com\/wp-content\/uploads\/2026\/01\/custom-restaurant-dinnerware2-600x600.webp 600w, https:\/\/www.qingfaceramic.com\/wp-content\/uploads\/2026\/01\/custom-restaurant-dinnerware2-100x100.webp 100w\" sizes=\"(max-width: 980px) 100vw, 980px\" \/><\/figure>\n\n\n\n<figure class=\"wp-block-image size-full\"><img decoding=\"async\" width=\"750\" height=\"1425\" src=\"https:\/\/www.qingfaceramic.com\/wp-content\/uploads\/2026\/01\/custom-restaurant-dinnerware9.webp\" alt=\"vaisselle de restaurant personnalis\u00e9e9\" class=\"wp-image-651\" srcset=\"https:\/\/www.qingfaceramic.com\/wp-content\/uploads\/2026\/01\/custom-restaurant-dinnerware9.webp 750w, https:\/\/www.qingfaceramic.com\/wp-content\/uploads\/2026\/01\/custom-restaurant-dinnerware9-158x300.webp 158w, https:\/\/www.qingfaceramic.com\/wp-content\/uploads\/2026\/01\/custom-restaurant-dinnerware9-600x1140.webp 600w\" sizes=\"(max-width: 750px) 100vw, 750px\" \/><\/figure>\n<\/div>\n<\/div>\n\n\n\n<div class=\"wp-block-columns is-layout-flex wp-container-core-columns-is-layout-9d6595d7 wp-block-columns-is-layout-flex\">\n<div class=\"wp-block-column is-layout-flow wp-block-column-is-layout-flow\"><\/div>\n\n\n\n<div class=\"wp-block-column is-layout-flow wp-block-column-is-layout-flow\"><\/div>\n<\/div>","protected":false},"excerpt":{"rendered":"<p data-start=\"441\" data-end=\"787\">Notre vaisselle de restaurant personnalis\u00e9e comprend des assiettes en c\u00e9ramique \u00e9maill\u00e9e vintage et fluide dans des tailles personnalis\u00e9es, con\u00e7ues pour les restaurants, les h\u00f4tels et les caf\u00e9s. Durables, s\u00fbres pour les aliments et enti\u00e8rement personnalisables pour une utilisation en masse dans le secteur de l'h\u00f4tellerie et de la restauration.<\/p>\n<h2>Param\u00e8tres de la vaisselle de restaurant personnalis\u00e9e<\/h2>\n<table>\n<thead>\n<tr>\n<th>Fabricant<\/th>\n<th>Qingfa Ceramics<\/th>\n<\/tr>\n<\/thead>\n<tbody>\n<tr>\n<td>Nom du produit<\/td>\n<td>Assiettes \u00e0 d\u00eener et vaisselle en c\u00e9ramique \u00e9maill\u00e9e fluide \/ Vaisselle de restaurant personnalis\u00e9e<\/td>\n<\/tr>\n<tr>\n<td>Mat\u00e9riau<\/td>\n<td>C\u00e9ramique de haute qualit\u00e9 \/<\/td>\n<\/tr>\n<tr>\n<td>Glacis<\/td>\n<td>Finition gla\u00e7ure r\u00e9active fluide<\/td>\n<\/tr>\n<tr>\n<td>Tailles<\/td>\n<td>Dimensions personnalis\u00e9es disponibles<\/td>\n<\/tr>\n<tr>\n<td>Forme<\/td>\n<td>Assiettes plates et rondes<\/td>\n<\/tr>\n<tr>\n<td>Finition de la surface<\/td>\n<td>Surface \u00e9maill\u00e9e lisse et s\u00fbre pour les aliments<\/td>\n<\/tr>\n<tr>\n<td>Options de couleur<\/td>\n<td>Options de couleurs de gla\u00e7age personnalis\u00e9es disponibles<\/td>\n<\/tr>\n<tr>\n<td>Personnalisation<\/td>\n<td>Taille, logo, motif, emballage, OEM\/ODM<\/td>\n<\/tr>\n<tr>\n<td>Utilisation<\/td>\n<td>Restaurants, h\u00f4tels, caf\u00e9s, banquets, restauration collective<\/td>\n<\/tr>\n<tr>\n<td>Certifications<\/td>\n<td>FDA, LFGB, ISO (en fonction de la personnalisation)<\/td>\n<\/tr>\n<\/tbody>\n<\/table>\n<p>&nbsp;<\/p>","protected":false},"featured_media":649,"comment_status":"closed","ping_status":"closed","template":"","meta":{"_acf_changed":false},"market":[43],"product_brand":[],"product_cat":[19,35],"product_tag":[],"class_list":{"0":"post-644","1":"product","2":"type-product","3":"status-publish","4":"has-post-thumbnail","6":"market-uk","7":"product_cat-custom-dinnerware-manufacturer","8":"product_cat-custom-dinnerware-sets","10":"first","11":"instock","12":"shipping-taxable","13":"product-type-simple"},"acf":[],"_links":{"self":[{"href":"https:\/\/www.qingfaceramic.com\/fr\/wp-json\/wp\/v2\/product\/644","targetHints":{"allow":["GET"]}}],"collection":[{"href":"https:\/\/www.qingfaceramic.com\/fr\/wp-json\/wp\/v2\/product"}],"about":[{"href":"https:\/\/www.qingfaceramic.com\/fr\/wp-json\/wp\/v2\/types\/product"}],"replies":[{"embeddable":true,"href":"https:\/\/www.qingfaceramic.com\/fr\/wp-json\/wp\/v2\/comments?post=644"}],"wp:featuredmedia":[{"embeddable":true,"href":"https:\/\/www.qingfaceramic.com\/fr\/wp-json\/wp\/v2\/media\/649"}],"wp:attachment":[{"href":"https:\/\/www.qingfaceramic.com\/fr\/wp-json\/wp\/v2\/media?parent=644"}],"wp:term":[{"taxonomy":"market","embeddable":true,"href":"https:\/\/www.qingfaceramic.com\/fr\/wp-json\/wp\/v2\/market?post=644"},{"taxonomy":"product_brand","embeddable":true,"href":"https:\/\/www.qingfaceramic.com\/fr\/wp-json\/wp\/v2\/product_brand?post=644"},{"taxonomy":"product_cat","embeddable":true,"href":"https:\/\/www.qingfaceramic.com\/fr\/wp-json\/wp\/v2\/product_cat?post=644"},{"taxonomy":"product_tag","embeddable":true,"href":"https:\/\/www.qingfaceramic.com\/fr\/wp-json\/wp\/v2\/product_tag?post=644"}],"curies":[{"name":"wp","href":"https:\/\/api.w.org\/{rel}","templated":true}]}}