{"id":613,"date":"2026-01-14T02:10:35","date_gmt":"2026-01-14T02:10:35","guid":{"rendered":"https:\/\/www.qingfaceramic.com\/?post_type=product&#038;p=613"},"modified":"2026-01-31T02:37:44","modified_gmt":"2026-01-31T02:37:44","slug":"custom-coffee-mug-sets-arabic-handmade-ceramic","status":"publish","type":"product","link":"https:\/\/www.qingfaceramic.com\/fr\/produit\/custom-coffee-mug-sets-arabic-handmade-ceramic\/","title":{"rendered":"Set de tasses \u00e0 caf\u00e9 personnalis\u00e9es Set de tasses \u00e0 expresso en c\u00e9ramique arabe fait \u00e0 la main"},"content":{"rendered":"<h2 class=\"wp-block-heading\">Caract\u00e9ristiques des sets de tasses \u00e0 caf\u00e9 personnalis\u00e9es<\/h2>\n\n\n\n<div class=\"wp-block-columns is-layout-flex wp-container-core-columns-is-layout-9d6595d7 wp-block-columns-is-layout-flex\">\n<div class=\"wp-block-column is-layout-flow wp-block-column-is-layout-flow\">\n<ol class=\"wp-block-list\">\n<li><strong>Authentique design arabe fait \u00e0 la main<\/strong> - Chaque set de tasses met en valeur le design traditionnel du Moyen-Orient avec un charme artisanal, id\u00e9al pour les march\u00e9s riches en culture et les collections haut de gamme.<\/li>\n\n\n\n<li><strong>Tasses \u00e0 caf\u00e9 personnalis\u00e9es<\/strong> - La prise en charge de l'impression de logos et de motifs personnalis\u00e9s garantit des possibilit\u00e9s de marquage uniques pour les grossistes et les entreprises clientes.<\/li>\n\n\n\n<li><strong>Construction en c\u00e9ramique de haute qualit\u00e9<\/strong> - Fabriqu\u00e9 \u00e0 partir de mat\u00e9riaux c\u00e9ramiques de qualit\u00e9, s\u00fbrs pour les aliments et durables pour une utilisation quotidienne dans les caf\u00e9s et les lieux d'accueil.<\/li>\n\n\n\n<li><strong>Utilisation polyvalente<\/strong> - Parfait pour servir de l'espresso, du caf\u00e9 arabe, du th\u00e9 ou d'autres boissons dans les h\u00f4tels, les restaurants et les \u00e9v\u00e9nements culturels.<\/li>\n\n\n\n<li><strong>Capacit\u00e9 OEM\/ODM<\/strong> - Options de personnalisation flexibles, y compris l'impression, la couleur et l'emballage, adapt\u00e9es aux exigences de votre marque.<\/li>\n\n\n\n<li><strong>Id\u00e9al pour les commandes en gros<\/strong> - Con\u00e7ue pour la distribution en gros et les commandes \u00e0 grande \u00e9chelle, elle garantit une qualit\u00e9 et un approvisionnement constants aux d\u00e9taillants et aux importateurs.<\/li>\n<\/ol>\n\n\n\n<figure class=\"wp-block-image size-full\"><img decoding=\"async\" width=\"1230\" height=\"842\" src=\"https:\/\/www.qingfaceramic.com\/wp-content\/uploads\/2026\/01\/Custom-Coffee-Mug-Sets8.webp\" alt=\"Set de tasses \u00e0 caf\u00e9 personnalis\u00e9es6\" class=\"wp-image-618\" srcset=\"https:\/\/www.qingfaceramic.com\/wp-content\/uploads\/2026\/01\/Custom-Coffee-Mug-Sets8.webp 1230w, https:\/\/www.qingfaceramic.com\/wp-content\/uploads\/2026\/01\/Custom-Coffee-Mug-Sets8-300x205.webp 300w, https:\/\/www.qingfaceramic.com\/wp-content\/uploads\/2026\/01\/Custom-Coffee-Mug-Sets8-768x526.webp 768w, https:\/\/www.qingfaceramic.com\/wp-content\/uploads\/2026\/01\/Custom-Coffee-Mug-Sets8-1200x821.webp 1200w, https:\/\/www.qingfaceramic.com\/wp-content\/uploads\/2026\/01\/Custom-Coffee-Mug-Sets8-600x411.webp 600w\" sizes=\"(max-width: 1230px) 100vw, 1230px\" \/><\/figure>\n<\/div>\n\n\n\n<div class=\"wp-block-column is-layout-flow wp-block-column-is-layout-flow\">\n<figure class=\"wp-block-image size-full\"><img decoding=\"async\" width=\"1358\" height=\"1480\" src=\"https:\/\/www.qingfaceramic.com\/wp-content\/uploads\/2026\/01\/custom-coffee-mug-sets6.webp\" alt=\"Set de tasses \u00e0 caf\u00e9 personnalis\u00e9es6\" class=\"wp-image-617\" srcset=\"https:\/\/www.qingfaceramic.com\/wp-content\/uploads\/2026\/01\/custom-coffee-mug-sets6.webp 1358w, https:\/\/www.qingfaceramic.com\/wp-content\/uploads\/2026\/01\/custom-coffee-mug-sets6-275x300.webp 275w, https:\/\/www.qingfaceramic.com\/wp-content\/uploads\/2026\/01\/custom-coffee-mug-sets6-768x837.webp 768w, https:\/\/www.qingfaceramic.com\/wp-content\/uploads\/2026\/01\/custom-coffee-mug-sets6-1200x1308.webp 1200w, https:\/\/www.qingfaceramic.com\/wp-content\/uploads\/2026\/01\/custom-coffee-mug-sets6-600x654.webp 600w\" sizes=\"(max-width: 1358px) 100vw, 1358px\" \/><\/figure>\n\n\n\n<figure class=\"wp-block-image size-full\"><img decoding=\"async\" width=\"750\" height=\"531\" src=\"https:\/\/www.qingfaceramic.com\/wp-content\/uploads\/2026\/01\/custom-ceramic-coffee-mug6.webp\" alt=\"Tasse \u00e0 caf\u00e9 en c\u00e9ramique personnalis\u00e9e6\" class=\"wp-image-609\" srcset=\"https:\/\/www.qingfaceramic.com\/wp-content\/uploads\/2026\/01\/custom-ceramic-coffee-mug6.webp 750w, https:\/\/www.qingfaceramic.com\/wp-content\/uploads\/2026\/01\/custom-ceramic-coffee-mug6-300x212.webp 300w, https:\/\/www.qingfaceramic.com\/wp-content\/uploads\/2026\/01\/custom-ceramic-coffee-mug6-600x425.webp 600w\" sizes=\"(max-width: 750px) 100vw, 750px\" \/><\/figure>\n<\/div>\n<\/div>\n\n\n\n<div class=\"wp-block-columns is-layout-flex wp-container-core-columns-is-layout-9d6595d7 wp-block-columns-is-layout-flex\">\n<div class=\"wp-block-column is-layout-flow wp-block-column-is-layout-flow\">\n<figure class=\"wp-block-image size-full\"><img decoding=\"async\" width=\"750\" height=\"582\" src=\"https:\/\/www.qingfaceramic.com\/wp-content\/uploads\/2026\/01\/custom-ceramic-coffee-mug8.webp\" alt=\"Tasse \u00e0 caf\u00e9 en c\u00e9ramique personnalis\u00e9e8\" class=\"wp-image-611\" srcset=\"https:\/\/www.qingfaceramic.com\/wp-content\/uploads\/2026\/01\/custom-ceramic-coffee-mug8.webp 750w, https:\/\/www.qingfaceramic.com\/wp-content\/uploads\/2026\/01\/custom-ceramic-coffee-mug8-300x233.webp 300w, https:\/\/www.qingfaceramic.com\/wp-content\/uploads\/2026\/01\/custom-ceramic-coffee-mug8-600x466.webp 600w\" sizes=\"(max-width: 750px) 100vw, 750px\" \/><\/figure>\n<\/div>\n\n\n\n<div class=\"wp-block-column is-layout-flow wp-block-column-is-layout-flow\">\n<figure class=\"wp-block-image size-full\"><img decoding=\"async\" width=\"988\" height=\"988\" src=\"https:\/\/www.qingfaceramic.com\/wp-content\/uploads\/2026\/01\/Custom-Ceramic-Coffee-Mug1.webp\" alt=\"Tasse \u00e0 caf\u00e9 en c\u00e9ramique personnalis\u00e9e1\" class=\"wp-image-608\" srcset=\"https:\/\/www.qingfaceramic.com\/wp-content\/uploads\/2026\/01\/Custom-Ceramic-Coffee-Mug1.webp 988w, https:\/\/www.qingfaceramic.com\/wp-content\/uploads\/2026\/01\/Custom-Ceramic-Coffee-Mug1-300x300.webp 300w, https:\/\/www.qingfaceramic.com\/wp-content\/uploads\/2026\/01\/Custom-Ceramic-Coffee-Mug1-150x150.webp 150w, https:\/\/www.qingfaceramic.com\/wp-content\/uploads\/2026\/01\/Custom-Ceramic-Coffee-Mug1-768x768.webp 768w, https:\/\/www.qingfaceramic.com\/wp-content\/uploads\/2026\/01\/Custom-Ceramic-Coffee-Mug1-600x600.webp 600w, https:\/\/www.qingfaceramic.com\/wp-content\/uploads\/2026\/01\/Custom-Ceramic-Coffee-Mug1-100x100.webp 100w\" sizes=\"(max-width: 988px) 100vw, 988px\" \/><\/figure>\n<\/div>\n<\/div>","protected":false},"excerpt":{"rendered":"<p>Am\u00e9liorez votre offre de boissons avec nos ensembles de tasses \u00e0 caf\u00e9 personnalis\u00e9es, comprenant des tasses \u00e0 expresso en c\u00e9ramique arabe faites \u00e0 la main avec des logos imprim\u00e9s personnalisables. Fabriqu\u00e9s avec de la c\u00e9ramique de qualit\u00e9 et des \u00e9l\u00e9ments de design authentiques du Moyen-Orient, ces ensembles sont parfaits pour les caf\u00e9s, les h\u00f4tels, les boutiques de souvenirs et la distribution au d\u00e9tail avec un support OEM\/ODM.<\/p>\n<h2>Param\u00e8tres des ensembles de tasses \u00e0 caf\u00e9 personnalis\u00e9es<\/h2>\n<table>\n<thead>\n<tr>\n<th>Fabricant<\/th>\n<th>Qingfa Ceramics<\/th>\n<\/tr>\n<\/thead>\n<tbody>\n<tr>\n<td>Nom du produit<\/td>\n<td>Set de tasses \u00e0 expresso en c\u00e9ramique arabe fait \u00e0 la main \/ Set de tasses \u00e0 caf\u00e9 personnalis\u00e9es<\/td>\n<\/tr>\n<tr>\n<td>Mat\u00e9riau<\/td>\n<td>C\u00e9ramique de haute qualit\u00e9<\/td>\n<\/tr>\n<tr>\n<td>L'ensemble comprend<\/td>\n<td>Plusieurs tasses \u00e0 espresso (configuration personnalis\u00e9e)<\/td>\n<\/tr>\n<tr>\n<td>Design \/ Style<\/td>\n<td>Verres \u00e0 boire arabes faits \u00e0 la main avec impression\/logo personnalis\u00e9<\/td>\n<\/tr>\n<tr>\n<td>Finition de la surface<\/td>\n<td>C\u00e9ramique \u00e9maill\u00e9e lisse, compatible avec les aliments<\/td>\n<\/tr>\n<tr>\n<td>Options de couleur<\/td>\n<td>Couleurs de gla\u00e7age\/impression personnalis\u00e9es disponibles<\/td>\n<\/tr>\n<tr>\n<td>Personnalisation<\/td>\n<td>Impression de logos, conception de maquettes, emballage, OEM\/ODM<\/td>\n<\/tr>\n<tr>\n<td>Utilisation<\/td>\n<td>Espresso, caf\u00e9 arabe, th\u00e9, boissons pour les caf\u00e9s, les h\u00f4tels, les boutiques de souvenirs, le commerce de d\u00e9tail<\/td>\n<\/tr>\n<tr>\n<td>Certifications<\/td>\n<td>FDA, LFGB, ISO (en fonction de la personnalisation)<\/td>\n<\/tr>\n<\/tbody>\n<\/table>\n<p>&nbsp;<\/p>","protected":false},"featured_media":614,"comment_status":"closed","ping_status":"closed","template":"","meta":{"_acf_changed":false},"market":[42],"product_brand":[],"product_cat":[17,28],"product_tag":[],"class_list":{"0":"post-613","1":"product","2":"type-product","3":"status-publish","4":"has-post-thumbnail","6":"market-middle-east-market","7":"product_cat-custom-coffee-cups","8":"product_cat-custom-coffee-mugs","10":"first","11":"instock","12":"shipping-taxable","13":"product-type-simple"},"acf":[],"_links":{"self":[{"href":"https:\/\/www.qingfaceramic.com\/fr\/wp-json\/wp\/v2\/product\/613","targetHints":{"allow":["GET"]}}],"collection":[{"href":"https:\/\/www.qingfaceramic.com\/fr\/wp-json\/wp\/v2\/product"}],"about":[{"href":"https:\/\/www.qingfaceramic.com\/fr\/wp-json\/wp\/v2\/types\/product"}],"replies":[{"embeddable":true,"href":"https:\/\/www.qingfaceramic.com\/fr\/wp-json\/wp\/v2\/comments?post=613"}],"wp:featuredmedia":[{"embeddable":true,"href":"https:\/\/www.qingfaceramic.com\/fr\/wp-json\/wp\/v2\/media\/614"}],"wp:attachment":[{"href":"https:\/\/www.qingfaceramic.com\/fr\/wp-json\/wp\/v2\/media?parent=613"}],"wp:term":[{"taxonomy":"market","embeddable":true,"href":"https:\/\/www.qingfaceramic.com\/fr\/wp-json\/wp\/v2\/market?post=613"},{"taxonomy":"product_brand","embeddable":true,"href":"https:\/\/www.qingfaceramic.com\/fr\/wp-json\/wp\/v2\/product_brand?post=613"},{"taxonomy":"product_cat","embeddable":true,"href":"https:\/\/www.qingfaceramic.com\/fr\/wp-json\/wp\/v2\/product_cat?post=613"},{"taxonomy":"product_tag","embeddable":true,"href":"https:\/\/www.qingfaceramic.com\/fr\/wp-json\/wp\/v2\/product_tag?post=613"}],"curies":[{"name":"wp","href":"https:\/\/api.w.org\/{rel}","templated":true}]}}