{"id":601,"date":"2026-01-14T01:32:34","date_gmt":"2026-01-14T01:32:34","guid":{"rendered":"https:\/\/www.qingfaceramic.com\/?post_type=product&#038;p=601"},"modified":"2026-01-31T02:35:22","modified_gmt":"2026-01-31T02:35:22","slug":"custom-ceramic-coffee-mug-color-glaze-arabic-style","status":"publish","type":"product","link":"https:\/\/www.qingfaceramic.com\/fr\/produit\/custom-ceramic-coffee-mug-color-glaze-arabic-style\/","title":{"rendered":"Tasse \u00e0 caf\u00e9 personnalis\u00e9e en c\u00e9ramique Color Glaze Tasse en c\u00e9ramique de style arabe en vrac"},"content":{"rendered":"<h2 class=\"wp-block-heading\">Caract\u00e9ristiques de la tasse \u00e0 caf\u00e9 en c\u00e9ramique personnalis\u00e9e<\/h2>\n\n\n\n<div class=\"wp-block-columns is-layout-flex wp-container-core-columns-is-layout-9d6595d7 wp-block-columns-is-layout-flex\">\n<div class=\"wp-block-column is-layout-flow wp-block-column-is-layout-flow\">\n<p><strong>Motif de gla\u00e7ure color\u00e9e de style arabe<\/strong> - Vitrage multicolore accrocheur inspir\u00e9 de l'esth\u00e9tique saoudienne et moyen-orientale, parfait pour des boissons uniques destin\u00e9es au commerce de d\u00e9tail ou \u00e0 l'h\u00f4tellerie.<\/p>\n\n\n\n<p><strong>Tasse \u00e0 caf\u00e9 en c\u00e9ramique personnalis\u00e9e<\/strong> - Permet la personnalisation OEM\/ODM, y compris l'impression de logos, de d\u00e9calcomanies, de couleurs de gla\u00e7age et d'emballages pour correspondre \u00e0 la vision de votre marque.<\/p>\n\n\n\n<p><strong>Construction en c\u00e9ramique durable<\/strong> - Fabriqu\u00e9 \u00e0 partir de mat\u00e9riaux c\u00e9ramiques de haute qualit\u00e9 pour garantir une utilisation durable, id\u00e9al pour le service quotidien de boissons.<\/p>\n\n\n\n<p><strong>Sc\u00e9narios d'utilisation polyvalents<\/strong> - Convient pour le caf\u00e9, le th\u00e9 et d'autres boissons dans les caf\u00e9s, les h\u00f4tels, les bureaux et les magasins de d\u00e9tail.<\/p>\n\n\n\n<p><strong>Capacit\u00e9 d'approvisionnement en vrac<\/strong> - Con\u00e7u pour les commandes en gros avec une production rationalis\u00e9e et une qualit\u00e9 constante pour les grossistes et les distributeurs.<\/p>\n\n\n\n<p><strong>S\u00e9curit\u00e9 alimentaire et entretien facile<\/strong> - Les mugs en c\u00e9ramique peuvent entrer en contact avec les aliments et sont compatibles avec les manipulations habituelles dans les services de restauration.<\/p>\n\n\n\n<figure class=\"wp-block-image size-full\"><img decoding=\"async\" width=\"750\" height=\"809\" src=\"https:\/\/www.qingfaceramic.com\/wp-content\/uploads\/2026\/01\/custom-ceramic-coffee-mug7.webp\" alt=\"Tasse \u00e0 caf\u00e9 en c\u00e9ramique personnalis\u00e9e7\" class=\"wp-image-610\" srcset=\"https:\/\/www.qingfaceramic.com\/wp-content\/uploads\/2026\/01\/custom-ceramic-coffee-mug7.webp 750w, https:\/\/www.qingfaceramic.com\/wp-content\/uploads\/2026\/01\/custom-ceramic-coffee-mug7-278x300.webp 278w, https:\/\/www.qingfaceramic.com\/wp-content\/uploads\/2026\/01\/custom-ceramic-coffee-mug7-600x647.webp 600w\" sizes=\"(max-width: 750px) 100vw, 750px\" \/><\/figure>\n<\/div>\n\n\n\n<div class=\"wp-block-column is-layout-flow wp-block-column-is-layout-flow\">\n<figure class=\"wp-block-image size-full\"><img decoding=\"async\" width=\"1252\" height=\"1334\" src=\"https:\/\/www.qingfaceramic.com\/wp-content\/uploads\/2026\/01\/custom-ceramic-coffee-mug11.webp\" alt=\"Tasse \u00e0 caf\u00e9 en c\u00e9ramique personnalis\u00e9e11\" class=\"wp-image-612\" srcset=\"https:\/\/www.qingfaceramic.com\/wp-content\/uploads\/2026\/01\/custom-ceramic-coffee-mug11.webp 1252w, https:\/\/www.qingfaceramic.com\/wp-content\/uploads\/2026\/01\/custom-ceramic-coffee-mug11-282x300.webp 282w, https:\/\/www.qingfaceramic.com\/wp-content\/uploads\/2026\/01\/custom-ceramic-coffee-mug11-768x818.webp 768w, https:\/\/www.qingfaceramic.com\/wp-content\/uploads\/2026\/01\/custom-ceramic-coffee-mug11-1200x1279.webp 1200w, https:\/\/www.qingfaceramic.com\/wp-content\/uploads\/2026\/01\/custom-ceramic-coffee-mug11-600x639.webp 600w\" sizes=\"(max-width: 1252px) 100vw, 1252px\" \/><\/figure>\n\n\n\n<figure class=\"wp-block-image size-full\"><img decoding=\"async\" width=\"750\" height=\"531\" src=\"https:\/\/www.qingfaceramic.com\/wp-content\/uploads\/2026\/01\/custom-ceramic-coffee-mug6.webp\" alt=\"Tasse \u00e0 caf\u00e9 en c\u00e9ramique personnalis\u00e9e6\" class=\"wp-image-609\" srcset=\"https:\/\/www.qingfaceramic.com\/wp-content\/uploads\/2026\/01\/custom-ceramic-coffee-mug6.webp 750w, https:\/\/www.qingfaceramic.com\/wp-content\/uploads\/2026\/01\/custom-ceramic-coffee-mug6-300x212.webp 300w, https:\/\/www.qingfaceramic.com\/wp-content\/uploads\/2026\/01\/custom-ceramic-coffee-mug6-600x425.webp 600w\" sizes=\"(max-width: 750px) 100vw, 750px\" \/><\/figure>\n<\/div>\n<\/div>\n\n\n\n<div class=\"wp-block-columns is-layout-flex wp-container-core-columns-is-layout-9d6595d7 wp-block-columns-is-layout-flex\">\n<div class=\"wp-block-column is-layout-flow wp-block-column-is-layout-flow\">\n<figure class=\"wp-block-image size-full\"><img decoding=\"async\" width=\"750\" height=\"582\" src=\"https:\/\/www.qingfaceramic.com\/wp-content\/uploads\/2026\/01\/custom-ceramic-coffee-mug8.webp\" alt=\"Tasse \u00e0 caf\u00e9 en c\u00e9ramique personnalis\u00e9e8\" class=\"wp-image-611\" srcset=\"https:\/\/www.qingfaceramic.com\/wp-content\/uploads\/2026\/01\/custom-ceramic-coffee-mug8.webp 750w, https:\/\/www.qingfaceramic.com\/wp-content\/uploads\/2026\/01\/custom-ceramic-coffee-mug8-300x233.webp 300w, https:\/\/www.qingfaceramic.com\/wp-content\/uploads\/2026\/01\/custom-ceramic-coffee-mug8-600x466.webp 600w\" sizes=\"(max-width: 750px) 100vw, 750px\" \/><\/figure>\n<\/div>\n\n\n\n<div class=\"wp-block-column is-layout-flow wp-block-column-is-layout-flow\">\n<figure class=\"wp-block-image size-full\"><img decoding=\"async\" width=\"988\" height=\"988\" src=\"https:\/\/www.qingfaceramic.com\/wp-content\/uploads\/2026\/01\/Custom-Ceramic-Coffee-Mug1.webp\" alt=\"Tasse \u00e0 caf\u00e9 en c\u00e9ramique personnalis\u00e9e1\" class=\"wp-image-608\" srcset=\"https:\/\/www.qingfaceramic.com\/wp-content\/uploads\/2026\/01\/Custom-Ceramic-Coffee-Mug1.webp 988w, https:\/\/www.qingfaceramic.com\/wp-content\/uploads\/2026\/01\/Custom-Ceramic-Coffee-Mug1-300x300.webp 300w, https:\/\/www.qingfaceramic.com\/wp-content\/uploads\/2026\/01\/Custom-Ceramic-Coffee-Mug1-150x150.webp 150w, https:\/\/www.qingfaceramic.com\/wp-content\/uploads\/2026\/01\/Custom-Ceramic-Coffee-Mug1-768x768.webp 768w, https:\/\/www.qingfaceramic.com\/wp-content\/uploads\/2026\/01\/Custom-Ceramic-Coffee-Mug1-600x600.webp 600w, https:\/\/www.qingfaceramic.com\/wp-content\/uploads\/2026\/01\/Custom-Ceramic-Coffee-Mug1-100x100.webp 100w\" sizes=\"(max-width: 988px) 100vw, 988px\" \/><\/figure>\n<\/div>\n<\/div>","protected":false},"excerpt":{"rendered":"<p>Tasse \u00e0 caf\u00e9 personnalis\u00e9e en c\u00e9ramique de haute qualit\u00e9, aux couleurs vives et au design d'inspiration arabe, id\u00e9ale pour les caf\u00e9s, les h\u00f4tels, les d\u00e9taillants et les collections de souvenirs. Fabriqu\u00e9es en c\u00e9ramique alimentaire, elles b\u00e9n\u00e9ficient d'un approvisionnement stable en vrac et d'un support de personnalisation OEM\/ODM pour les logos, les motifs et l'emballage.<\/p>\n<h2>Tasse \u00e0 caf\u00e9 en c\u00e9ramique personnalis\u00e9e Param\u00e8tre<\/h2>\n<table>\n<thead>\n<tr>\n<th>Fabricant<\/th>\n<th>Qingfa Ceramics<\/th>\n<\/tr>\n<\/thead>\n<tbody>\n<tr>\n<td>Nom du produit<\/td>\n<td>Tasse \u00e0 caf\u00e9 en c\u00e9ramique avec gla\u00e7age color\u00e9 \/ Tasse \u00e0 caf\u00e9 en c\u00e9ramique personnalis\u00e9e<\/td>\n<\/tr>\n<tr>\n<td>Mat\u00e9riau<\/td>\n<td>C\u00e9ramique \u00e9maill\u00e9e de haute qualit\u00e9<\/td>\n<\/tr>\n<tr>\n<td>Capacit\u00e9<\/td>\n<td>Environ 125-225 ml (personnalisable)<\/td>\n<\/tr>\n<tr>\n<td>Design \/ Forme<\/td>\n<td>Conception sans poign\u00e9e avec surface glac\u00e9e en couleur<\/td>\n<\/tr>\n<tr>\n<td>Finition de la surface<\/td>\n<td>Gla\u00e7age lisse aux couleurs \u00e9clatantes, sans danger pour les aliments<\/td>\n<\/tr>\n<tr>\n<td>Options de couleur<\/td>\n<td>Options de gla\u00e7age de couleurs personnalis\u00e9es disponibles<\/td>\n<\/tr>\n<tr>\n<td>Personnalisation<\/td>\n<td>Impression de logos, dessins de d\u00e9calcomanies, motifs de gla\u00e7age, emballage, OEM\/ODM<\/td>\n<\/tr>\n<tr>\n<td>Utilisation<\/td>\n<td>Caf\u00e9, th\u00e9 et boissons pour les caf\u00e9s, les h\u00f4tels, les boutiques de souvenirs et le commerce de d\u00e9tail<\/td>\n<\/tr>\n<tr>\n<td>Certifications<\/td>\n<td>FDA, LFGB, ISO (en fonction de la personnalisation)<\/td>\n<\/tr>\n<\/tbody>\n<\/table>\n<p>&nbsp;<\/p>","protected":false},"featured_media":607,"comment_status":"closed","ping_status":"closed","template":"","meta":{"_acf_changed":false},"market":[42],"product_brand":[],"product_cat":[17,28],"product_tag":[],"class_list":{"0":"post-601","1":"product","2":"type-product","3":"status-publish","4":"has-post-thumbnail","6":"market-middle-east-market","7":"product_cat-custom-coffee-cups","8":"product_cat-custom-coffee-mugs","10":"first","11":"instock","12":"shipping-taxable","13":"product-type-simple"},"acf":[],"_links":{"self":[{"href":"https:\/\/www.qingfaceramic.com\/fr\/wp-json\/wp\/v2\/product\/601","targetHints":{"allow":["GET"]}}],"collection":[{"href":"https:\/\/www.qingfaceramic.com\/fr\/wp-json\/wp\/v2\/product"}],"about":[{"href":"https:\/\/www.qingfaceramic.com\/fr\/wp-json\/wp\/v2\/types\/product"}],"replies":[{"embeddable":true,"href":"https:\/\/www.qingfaceramic.com\/fr\/wp-json\/wp\/v2\/comments?post=601"}],"wp:featuredmedia":[{"embeddable":true,"href":"https:\/\/www.qingfaceramic.com\/fr\/wp-json\/wp\/v2\/media\/607"}],"wp:attachment":[{"href":"https:\/\/www.qingfaceramic.com\/fr\/wp-json\/wp\/v2\/media?parent=601"}],"wp:term":[{"taxonomy":"market","embeddable":true,"href":"https:\/\/www.qingfaceramic.com\/fr\/wp-json\/wp\/v2\/market?post=601"},{"taxonomy":"product_brand","embeddable":true,"href":"https:\/\/www.qingfaceramic.com\/fr\/wp-json\/wp\/v2\/product_brand?post=601"},{"taxonomy":"product_cat","embeddable":true,"href":"https:\/\/www.qingfaceramic.com\/fr\/wp-json\/wp\/v2\/product_cat?post=601"},{"taxonomy":"product_tag","embeddable":true,"href":"https:\/\/www.qingfaceramic.com\/fr\/wp-json\/wp\/v2\/product_tag?post=601"}],"curies":[{"name":"wp","href":"https:\/\/api.w.org\/{rel}","templated":true}]}}