{"id":594,"date":"2026-01-14T01:07:49","date_gmt":"2026-01-14T01:07:49","guid":{"rendered":"https:\/\/www.qingfaceramic.com\/?post_type=product&#038;p=594"},"modified":"2026-01-31T02:30:20","modified_gmt":"2026-01-31T02:30:20","slug":"customized-ceramic-mugs-in-bulk","status":"publish","type":"product","link":"https:\/\/www.qingfaceramic.com\/fr\/produit\/customized-ceramic-mugs-in-bulk\/","title":{"rendered":"Tasses en c\u00e9ramique personnalis\u00e9es Tasse \u00e0 caf\u00e9 en forme de beignet europ\u00e9en avec encre en vrac"},"content":{"rendered":"<h2 class=\"wp-block-heading\">Caract\u00e9ristiques des tasses en c\u00e9ramique personnalis\u00e9es<\/h2>\n\n\n\n<div class=\"wp-block-columns is-layout-flex wp-container-core-columns-is-layout-9d6595d7 wp-block-columns-is-layout-flex\">\n<div class=\"wp-block-column is-layout-flow wp-block-column-is-layout-flow\">\n<ol class=\"wp-block-list\">\n<li><strong>Forme unique de beignet europ\u00e9en<\/strong> - Un design accrocheur inspir\u00e9 de l'esth\u00e9tique europ\u00e9enne qui se d\u00e9marque dans les caf\u00e9s, les h\u00f4tels et les magasins.<\/li>\n\n\n\n<li><strong>Encre Splash Finish<\/strong> - Le motif artistique des \u00e9claboussures ajoute une touche cr\u00e9ative \u00e0 chaque tasse, ce qui la rend parfaite pour les collections d'articles \u00e0 boire.<\/li>\n\n\n\n<li><strong>Construction en c\u00e9ramique de haute qualit\u00e9<\/strong> - Fabriqu\u00e9 \u00e0 partir d'un mat\u00e9riau c\u00e9ramique de premi\u00e8re qualit\u00e9 pour une durabilit\u00e9 \u00e0 long terme et une utilisation quotidienne.<\/li>\n\n\n\n<li><strong>Poign\u00e9e confortable<\/strong> - La conception ergonomique de la poign\u00e9e garantit une prise en main s\u00fbre et confortable pendant l'utilisation.<\/li>\n\n\n\n<li><strong>Options personnalis\u00e9es disponibles<\/strong> - Prise en charge de l'int\u00e9gralit\u00e9 des <strong>Personnalisation OEM\/ODM<\/strong>, L'identit\u00e9 de la marque est assur\u00e9e par des logos, des d\u00e9calcomanies, des couleurs de gla\u00e7age et des emballages.<\/li>\n\n\n\n<li><strong>Id\u00e9al pour les commandes en gros<\/strong> - Con\u00e7us pour \u00eatre livr\u00e9s en vrac aux caf\u00e9s, aux entreprises d'h\u00f4tellerie et aux distributeurs de d\u00e9tail \u00e0 la recherche d'articles \u00e0 boire distinctifs.<\/li>\n<\/ol>\n\n\n\n<figure class=\"wp-block-image size-full\"><img decoding=\"async\" width=\"854\" height=\"854\" src=\"https:\/\/www.qingfaceramic.com\/wp-content\/uploads\/2026\/01\/Customized-Ceramic-Mugs-European-Donut-Shape-Splash-Ink-Coffee-Mug-in-Bulk8.webp\" alt=\"Tasses en c\u00e9ramique personnalis\u00e9es Tasse \u00e0 caf\u00e9 en forme de beignet europ\u00e9en avec encre en vrac8\" class=\"wp-image-596\" srcset=\"https:\/\/www.qingfaceramic.com\/wp-content\/uploads\/2026\/01\/Customized-Ceramic-Mugs-European-Donut-Shape-Splash-Ink-Coffee-Mug-in-Bulk8.webp 854w, https:\/\/www.qingfaceramic.com\/wp-content\/uploads\/2026\/01\/Customized-Ceramic-Mugs-European-Donut-Shape-Splash-Ink-Coffee-Mug-in-Bulk8-300x300.webp 300w, https:\/\/www.qingfaceramic.com\/wp-content\/uploads\/2026\/01\/Customized-Ceramic-Mugs-European-Donut-Shape-Splash-Ink-Coffee-Mug-in-Bulk8-150x150.webp 150w, https:\/\/www.qingfaceramic.com\/wp-content\/uploads\/2026\/01\/Customized-Ceramic-Mugs-European-Donut-Shape-Splash-Ink-Coffee-Mug-in-Bulk8-768x768.webp 768w, https:\/\/www.qingfaceramic.com\/wp-content\/uploads\/2026\/01\/Customized-Ceramic-Mugs-European-Donut-Shape-Splash-Ink-Coffee-Mug-in-Bulk8-600x600.webp 600w, https:\/\/www.qingfaceramic.com\/wp-content\/uploads\/2026\/01\/Customized-Ceramic-Mugs-European-Donut-Shape-Splash-Ink-Coffee-Mug-in-Bulk8-100x100.webp 100w\" sizes=\"(max-width: 854px) 100vw, 854px\" \/><\/figure>\n<\/div>\n\n\n\n<div class=\"wp-block-column is-layout-flow wp-block-column-is-layout-flow\">\n<figure class=\"wp-block-image size-full\"><img decoding=\"async\" width=\"750\" height=\"1084\" src=\"https:\/\/www.qingfaceramic.com\/wp-content\/uploads\/2026\/01\/Customized-Ceramic-Mugs3.webp\" alt=\"Tasses en c\u00e9ramique personnalis\u00e9es3\" class=\"wp-image-597\" srcset=\"https:\/\/www.qingfaceramic.com\/wp-content\/uploads\/2026\/01\/Customized-Ceramic-Mugs3.webp 750w, https:\/\/www.qingfaceramic.com\/wp-content\/uploads\/2026\/01\/Customized-Ceramic-Mugs3-208x300.webp 208w, https:\/\/www.qingfaceramic.com\/wp-content\/uploads\/2026\/01\/Customized-Ceramic-Mugs3-600x867.webp 600w\" sizes=\"(max-width: 750px) 100vw, 750px\" \/><\/figure>\n\n\n\n<figure class=\"wp-block-image size-full\"><img decoding=\"async\" width=\"746\" height=\"382\" src=\"https:\/\/www.qingfaceramic.com\/wp-content\/uploads\/2026\/01\/Customized-Ceramic-Mugs9.webp\" alt=\"Tasses en c\u00e9ramique personnalis\u00e9es6\" class=\"wp-image-600\" srcset=\"https:\/\/www.qingfaceramic.com\/wp-content\/uploads\/2026\/01\/Customized-Ceramic-Mugs9.webp 746w, https:\/\/www.qingfaceramic.com\/wp-content\/uploads\/2026\/01\/Customized-Ceramic-Mugs9-300x154.webp 300w, https:\/\/www.qingfaceramic.com\/wp-content\/uploads\/2026\/01\/Customized-Ceramic-Mugs9-600x307.webp 600w\" sizes=\"(max-width: 746px) 100vw, 746px\" \/><\/figure>\n<\/div>\n<\/div>\n\n\n\n<div class=\"wp-block-columns is-layout-flex wp-container-core-columns-is-layout-9d6595d7 wp-block-columns-is-layout-flex\">\n<div class=\"wp-block-column is-layout-flow wp-block-column-is-layout-flow\">\n<figure class=\"wp-block-image size-full\"><img decoding=\"async\" width=\"750\" height=\"1694\" src=\"https:\/\/www.qingfaceramic.com\/wp-content\/uploads\/2026\/01\/Custom-Ceramic-Coffee-Mug-in-Bulk4.webp\" alt=\"Tasse \u00e0 caf\u00e9 en c\u00e9ramique personnalis\u00e9e en vrac4\" class=\"wp-image-591\" srcset=\"https:\/\/www.qingfaceramic.com\/wp-content\/uploads\/2026\/01\/Custom-Ceramic-Coffee-Mug-in-Bulk4.webp 750w, https:\/\/www.qingfaceramic.com\/wp-content\/uploads\/2026\/01\/Custom-Ceramic-Coffee-Mug-in-Bulk4-133x300.webp 133w, https:\/\/www.qingfaceramic.com\/wp-content\/uploads\/2026\/01\/Custom-Ceramic-Coffee-Mug-in-Bulk4-600x1355.webp 600w\" sizes=\"(max-width: 750px) 100vw, 750px\" \/><\/figure>\n<\/div>\n\n\n\n<div class=\"wp-block-column is-layout-flow wp-block-column-is-layout-flow\">\n<figure class=\"wp-block-image size-full\"><img decoding=\"async\" width=\"750\" height=\"1166\" src=\"https:\/\/www.qingfaceramic.com\/wp-content\/uploads\/2026\/01\/Custom-Ceramic-Coffee-Mug-in-Bulk5.webp\" alt=\"Tasse \u00e0 caf\u00e9 en c\u00e9ramique personnalis\u00e9e en vrac5\" class=\"wp-image-592\" srcset=\"https:\/\/www.qingfaceramic.com\/wp-content\/uploads\/2026\/01\/Custom-Ceramic-Coffee-Mug-in-Bulk5.webp 750w, https:\/\/www.qingfaceramic.com\/wp-content\/uploads\/2026\/01\/Custom-Ceramic-Coffee-Mug-in-Bulk5-193x300.webp 193w, https:\/\/www.qingfaceramic.com\/wp-content\/uploads\/2026\/01\/Custom-Ceramic-Coffee-Mug-in-Bulk5-600x933.webp 600w\" sizes=\"(max-width: 750px) 100vw, 750px\" \/><\/figure>\n<\/div>\n<\/div>","protected":false},"excerpt":{"rendered":"<p>D\u00e9couvrez nos tasses en c\u00e9ramique personnalis\u00e9es avec une forme inspir\u00e9e des beignets europ\u00e9ens et des touches d'encre. Fabriqu\u00e9e en c\u00e9ramique de haute qualit\u00e9, cette tasse \u00e0 caf\u00e9 allie un design artistique \u00e0 une fonctionnalit\u00e9 quotidienne. Elle est id\u00e9ale pour les caf\u00e9s, les h\u00f4tels, les d\u00e9taillants et les commandes en vrac avec personnalisation OEM\/ODM.<\/p>\n<h2>Param\u00e8tres des tasses en c\u00e9ramique personnalis\u00e9es<\/h2>\n<table style=\"border-collapse: collapse; width: 359.02pt;\" border=\"0\" width=\"359\" cellspacing=\"0\" cellpadding=\"0\">\n<tbody>\n<tr style=\"height: 17.75pt;\">\n<td class=\"et2\" style=\"height: 17.75pt; width: 139.95pt;\" width=\"139\" height=\"17\">Fabricant<\/td>\n<td class=\"et2\" style=\"width: 219.15pt;\" width=\"219\">Qingfa Ceramics<\/td>\n<\/tr>\n<tr style=\"height: 32.00pt;\">\n<td class=\"et2\" style=\"height: 32.00pt; width: 139.95pt;\" width=\"139\" height=\"32\">Nom du produit<\/td>\n<td class=\"et2\" style=\"width: 219.15pt;\" width=\"219\">Tasse \u00e0 caf\u00e9 en c\u00e9ramique en forme de beignet \/ Tasse en c\u00e9ramique personnalis\u00e9e<\/td>\n<\/tr>\n<tr style=\"height: 32.00pt;\">\n<td class=\"et2\" style=\"height: 32.00pt; width: 139.95pt;\" width=\"139\" height=\"32\">Mat\u00e9riau<\/td>\n<td class=\"et2\" style=\"width: 219.15pt;\" width=\"219\">C\u00e9ramique \u00e9maill\u00e9e de haute qualit\u00e9<\/td>\n<\/tr>\n<tr style=\"height: 32.00pt;\">\n<td class=\"et2\" style=\"height: 32.00pt; width: 139.95pt;\" width=\"139\" height=\"32\">Capacit\u00e9<\/td>\n<td class=\"et2\" style=\"width: 219.15pt;\" width=\"219\">Environ 250 ml (personnalisable)<\/td>\n<\/tr>\n<tr style=\"height: 32.00pt;\">\n<td class=\"et2\" style=\"height: 32.00pt; width: 139.95pt;\" width=\"139\" height=\"32\">Design \/ Forme<\/td>\n<td class=\"et2\" style=\"width: 219.15pt;\" width=\"219\">Forme europ\u00e9enne inspir\u00e9e des beignets avec finition artistique \u00e0 l'encre de Chine<\/td>\n<\/tr>\n<tr style=\"height: 32.00pt;\">\n<td class=\"et2\" style=\"height: 32.00pt; width: 139.95pt;\" width=\"139\" height=\"32\">Finition de la surface<\/td>\n<td class=\"et2\" style=\"width: 219.15pt;\" width=\"219\">Gla\u00e7age \u00e0 l'encre \u00e0 \u00e9claboussures appliqu\u00e9 \u00e0 la main, lisse et sans danger pour les aliments<\/td>\n<\/tr>\n<tr style=\"height: 32.00pt;\">\n<td class=\"et2\" style=\"height: 32.00pt; width: 139.95pt;\" width=\"139\" height=\"32\">Options de couleur<\/td>\n<td class=\"et2\" style=\"width: 219.15pt;\" width=\"219\">Base blanche avec encre splash, couleurs personnalis\u00e9es disponibles<\/td>\n<\/tr>\n<tr style=\"height: 32.00pt;\">\n<td class=\"et2\" style=\"height: 32.00pt; width: 139.95pt;\" width=\"139\" height=\"32\">Poign\u00e9e<\/td>\n<td class=\"et2\" style=\"width: 219.15pt;\" width=\"219\">Poign\u00e9e ergonomique pour une prise en main confortable<\/td>\n<\/tr>\n<tr style=\"height: 32.00pt;\">\n<td class=\"et2\" style=\"height: 32.00pt; width: 139.95pt;\" width=\"139\" height=\"32\">Personnalisation<\/td>\n<td class=\"et2\" style=\"width: 219.15pt;\" width=\"219\">Impression de logos, ajustement de motifs, couleur de l'\u00e9mail, emballage, OEM\/ODM<\/td>\n<\/tr>\n<tr style=\"height: 32.00pt;\">\n<td class=\"et2\" style=\"height: 32.00pt; width: 139.95pt;\" width=\"139\" height=\"32\">Utilisation<\/td>\n<td class=\"et2\" style=\"width: 219.15pt;\" width=\"219\">Caf\u00e9, th\u00e9 et boissons pour les caf\u00e9s, les h\u00f4tels, le commerce de d\u00e9tail et les collections de marque<\/td>\n<\/tr>\n<tr style=\"height: 32.00pt;\">\n<td class=\"et2\" style=\"height: 32.00pt; width: 139.95pt;\" width=\"139\" height=\"32\">Certifications<\/td>\n<td class=\"et2\" style=\"width: 219.15pt;\" width=\"219\">FDA, LFGB, ISO (en fonction de la personnalisation)<\/td>\n<\/tr>\n<\/tbody>\n<\/table>\n<p>&nbsp;<\/p>","protected":false},"featured_media":598,"comment_status":"closed","ping_status":"closed","template":"","meta":{"_acf_changed":false},"market":[],"product_brand":[],"product_cat":[17,28],"product_tag":[],"class_list":{"0":"post-594","1":"product","2":"type-product","3":"status-publish","4":"has-post-thumbnail","6":"product_cat-custom-coffee-cups","7":"product_cat-custom-coffee-mugs","9":"first","10":"instock","11":"shipping-taxable","12":"product-type-simple"},"acf":[],"_links":{"self":[{"href":"https:\/\/www.qingfaceramic.com\/fr\/wp-json\/wp\/v2\/product\/594","targetHints":{"allow":["GET"]}}],"collection":[{"href":"https:\/\/www.qingfaceramic.com\/fr\/wp-json\/wp\/v2\/product"}],"about":[{"href":"https:\/\/www.qingfaceramic.com\/fr\/wp-json\/wp\/v2\/types\/product"}],"replies":[{"embeddable":true,"href":"https:\/\/www.qingfaceramic.com\/fr\/wp-json\/wp\/v2\/comments?post=594"}],"wp:featuredmedia":[{"embeddable":true,"href":"https:\/\/www.qingfaceramic.com\/fr\/wp-json\/wp\/v2\/media\/598"}],"wp:attachment":[{"href":"https:\/\/www.qingfaceramic.com\/fr\/wp-json\/wp\/v2\/media?parent=594"}],"wp:term":[{"taxonomy":"market","embeddable":true,"href":"https:\/\/www.qingfaceramic.com\/fr\/wp-json\/wp\/v2\/market?post=594"},{"taxonomy":"product_brand","embeddable":true,"href":"https:\/\/www.qingfaceramic.com\/fr\/wp-json\/wp\/v2\/product_brand?post=594"},{"taxonomy":"product_cat","embeddable":true,"href":"https:\/\/www.qingfaceramic.com\/fr\/wp-json\/wp\/v2\/product_cat?post=594"},{"taxonomy":"product_tag","embeddable":true,"href":"https:\/\/www.qingfaceramic.com\/fr\/wp-json\/wp\/v2\/product_tag?post=594"}],"curies":[{"name":"wp","href":"https:\/\/api.w.org\/{rel}","templated":true}]}}