{"id":1769,"date":"2026-05-07T03:04:07","date_gmt":"2026-05-07T03:04:07","guid":{"rendered":"https:\/\/www.qingfaceramic.com\/?post_type=product&#038;p=1769"},"modified":"2026-05-07T03:08:59","modified_gmt":"2026-05-07T03:08:59","slug":"custom-marble-ceramic-candle-jar","status":"publish","type":"product","link":"https:\/\/www.qingfaceramic.com\/fr\/produit\/custom-marble-ceramic-candle-jar\/","title":{"rendered":"Custom Marble Ceramic Candle Jar Luxury Decorative Candle Vessel"},"content":{"rendered":"<h2 class=\"wp-block-heading\">Features of Custom Marble Ceramic Candle Jar <\/h2>\n\n\n\n<div class=\"wp-block-columns is-layout-flex wp-container-core-columns-is-layout-9d6595d7 wp-block-columns-is-layout-flex\">\n<div class=\"wp-block-column is-layout-flow wp-block-column-is-layout-flow\">\n<p><strong>Elegant Marble-Inspired Finish<\/strong><br>Sophisticated marble texture creates a luxurious and modern appearance for premium candle collections.<\/p>\n\n\n\n<p><strong>Construction en c\u00e9ramique de premi\u00e8re qualit\u00e9<\/strong><br>Crafted from high-quality ceramic with durable glazing for long-lasting beauty and reliable candle use.<\/p>\n\n\n\n<p><strong>Luxury Home D\u00e9cor Appeal<\/strong><br>Combines decorative aesthetics with functional candle packaging, perfect for modern interior styling.<\/p>\n\n\n\n<p><strong>Reusable Multi-Function Design<\/strong><br>Can be repurposed as a decorative container or storage jar after candle use, enhancing product value.<\/p>\n\n\n\n<p><strong>OEM\/ODM Customization Available<\/strong><br>Supports custom colors, marble patterns, logos, sizes, and packaging for branded candle collections.<\/p>\n<\/div>\n\n\n\n<div class=\"wp-block-column is-layout-flow wp-block-column-is-layout-flow\">\n<figure class=\"wp-block-image size-full\"><img decoding=\"async\" width=\"1200\" height=\"1200\" src=\"https:\/\/www.qingfaceramic.com\/wp-content\/uploads\/2026\/05\/Custom-Marble-Ceramic-Candle-Jar6.webp\" alt=\"Custom Marble Ceramic Candle Jar6\" class=\"wp-image-1775\" srcset=\"https:\/\/www.qingfaceramic.com\/wp-content\/uploads\/2026\/05\/Custom-Marble-Ceramic-Candle-Jar6.webp 1200w, https:\/\/www.qingfaceramic.com\/wp-content\/uploads\/2026\/05\/Custom-Marble-Ceramic-Candle-Jar6-300x300.webp 300w, https:\/\/www.qingfaceramic.com\/wp-content\/uploads\/2026\/05\/Custom-Marble-Ceramic-Candle-Jar6-150x150.webp 150w, https:\/\/www.qingfaceramic.com\/wp-content\/uploads\/2026\/05\/Custom-Marble-Ceramic-Candle-Jar6-768x768.webp 768w, https:\/\/www.qingfaceramic.com\/wp-content\/uploads\/2026\/05\/Custom-Marble-Ceramic-Candle-Jar6-12x12.webp 12w, https:\/\/www.qingfaceramic.com\/wp-content\/uploads\/2026\/05\/Custom-Marble-Ceramic-Candle-Jar6-600x600.webp 600w, https:\/\/www.qingfaceramic.com\/wp-content\/uploads\/2026\/05\/Custom-Marble-Ceramic-Candle-Jar6-100x100.webp 100w\" sizes=\"(max-width: 1200px) 100vw, 1200px\" \/><\/figure>\n<\/div>\n<\/div>\n\n\n\n<div class=\"wp-block-columns is-layout-flex wp-container-core-columns-is-layout-9d6595d7 wp-block-columns-is-layout-flex\">\n<div class=\"wp-block-column is-layout-flow wp-block-column-is-layout-flow\"><\/div>\n\n\n\n<div class=\"wp-block-column is-layout-flow wp-block-column-is-layout-flow\"><\/div>\n<\/div>","protected":false},"excerpt":{"rendered":"<p data-start=\"134\" data-end=\"308\">Our custom marble ceramic candle jar features elegant marble-inspired ceramic craftsmanship, ideal for scented candles, luxury home d\u00e9cor, and premium OEM branding collections.<\/p>\n<h2>Custom Marble Ceramic Candle Jar Parameter<\/h2>\n<table data-path-to-node=\"4\">\n<thead>\n<tr>\n<td><strong>Objet\u00a0<\/strong><\/td>\n<td><strong>D\u00e9tails techniques\u00a0<\/strong><\/td>\n<\/tr>\n<\/thead>\n<tbody>\n<tr>\n<td><span data-path-to-node=\"4,1,0,0\"><b data-path-to-node=\"4,1,0,0\" data-index-in-node=\"0\">Nom du produit<\/b><\/span><\/td>\n<td><span data-path-to-node=\"4,1,1,0\">Water Transfer Printing Candle Jar Series<\/span><\/td>\n<\/tr>\n<tr>\n<td><span data-path-to-node=\"4,2,0,0\"><b data-path-to-node=\"4,2,0,0\" data-index-in-node=\"0\">Mat\u00e9riau<\/b><\/span><\/td>\n<td><span data-path-to-node=\"4,2,1,0\">C\u00e9ramique renforc\u00e9e de qualit\u00e9 sup\u00e9rieure \/ Gr\u00e8s de qualit\u00e9 sup\u00e9rieure<\/span><\/td>\n<\/tr>\n<tr>\n<td><span data-path-to-node=\"4,3,0,0\"><b data-path-to-node=\"4,3,0,0\" data-index-in-node=\"0\">Decoration Process<\/b><\/span><\/td>\n<td><span data-path-to-node=\"4,3,1,0\"><b data-path-to-node=\"4,3,1,0\" data-index-in-node=\"0\">Advanced Water Transfer Printing (Hydro-Dipping)<\/b><\/span><\/td>\n<\/tr>\n<tr>\n<td><span data-path-to-node=\"4,4,0,0\"><b data-path-to-node=\"4,4,0,0\" data-index-in-node=\"0\">Finition de la surface<\/b><\/span><\/td>\n<td><span data-path-to-node=\"4,4,1,0\"><b data-path-to-node=\"4,4,1,0\" data-index-in-node=\"0\">Seamless Full-Wrap Pattern<\/b> with Protective Glossy Finish<\/span><\/td>\n<\/tr>\n<tr>\n<td><span data-path-to-node=\"4,5,0,0\"><b data-path-to-node=\"4,5,0,0\" data-index-in-node=\"0\">Effet visuel<\/b><\/span><\/td>\n<td><span data-path-to-node=\"4,5,1,0\">High-Definition Marble \/ Abstract Fluid Swirls<\/span><\/td>\n<\/tr>\n<tr>\n<td><span data-path-to-node=\"4,6,0,0\"><b data-path-to-node=\"4,6,0,0\" data-index-in-node=\"0\">Style de conception<\/b><\/span><\/td>\n<td><span data-path-to-node=\"4,6,1,0\">Modern Artistic \/ Contemporary Organic Silhouette<\/span><\/td>\n<\/tr>\n<tr>\n<td><span data-path-to-node=\"4,7,0,0\"><b data-path-to-node=\"4,7,0,0\" data-index-in-node=\"0\">Heat Performance<\/b><\/span><\/td>\n<td><span data-path-to-node=\"4,7,1,0\">Engineered for High Thermal Stability (Wax Pouring Safe)<\/span><\/td>\n<\/tr>\n<tr>\n<td><span data-path-to-node=\"4,8,0,0\"><b data-path-to-node=\"4,8,0,0\" data-index-in-node=\"0\">Body Options<\/b><\/span><\/td>\n<td><span data-path-to-node=\"4,8,1,0\">Cylindrical, Rounded Votives, Mugs, and Wide-mouth Vessels<\/span><\/td>\n<\/tr>\n<tr>\n<td><span data-path-to-node=\"4,9,0,0\"><b data-path-to-node=\"4,9,0,0\" data-index-in-node=\"0\">Caract\u00e9ristiques principales<\/b><\/span><\/td>\n<td><span data-path-to-node=\"4,9,1,0\"><b data-path-to-node=\"4,9,1,0\" data-index-in-node=\"0\">Edge-to-Edge Pattern<\/b>, <b data-path-to-node=\"4,9,1,0\" data-index-in-node=\"22\">Soot-Resistant<\/b>, <b data-path-to-node=\"4,9,1,0\" data-index-in-node=\"38\">Smooth Vitrified Surface<\/b><\/span><\/td>\n<\/tr>\n<tr>\n<td><span data-path-to-node=\"4,10,0,0\"><b data-path-to-node=\"4,10,0,0\" data-index-in-node=\"0\">Personnalisation<\/b><\/span><\/td>\n<td><span data-path-to-node=\"4,10,1,0\">Supports Bulk OEM\/ODM, Bespoke Graphics &amp; Private Labeling<\/span><\/td>\n<\/tr>\n<tr>\n<td><span data-path-to-node=\"4,11,0,0\"><b data-path-to-node=\"4,11,0,0\" data-index-in-node=\"0\">Versatility<\/b><\/span><\/td>\n<td><span data-path-to-node=\"4,11,1,0\">Ideal for Luxury Scented Candles, Succulent Planters, or Desk Decor<\/span><\/td>\n<\/tr>\n<tr>\n<td><span data-path-to-node=\"4,12,0,0\"><b data-path-to-node=\"4,12,0,0\" data-index-in-node=\"0\">Norme de s\u00e9curit\u00e9<\/b><\/span><\/td>\n<td><span data-path-to-node=\"4,12,1,0\">Lead-free, Cadmium-free, and REACH Compliant<\/span><\/td>\n<\/tr>\n<\/tbody>\n<\/table>","protected":false},"featured_media":1774,"comment_status":"closed","ping_status":"closed","template":"","meta":{"_acf_changed":false},"market":[],"product_brand":[],"product_cat":[18,31],"product_tag":[],"class_list":{"0":"post-1769","1":"product","2":"type-product","3":"status-publish","4":"has-post-thumbnail","6":"product_cat-custom-home-decor","7":"product_cat-custom-candle-jars","9":"first","10":"instock","11":"shipping-taxable","12":"product-type-simple"},"acf":[],"_links":{"self":[{"href":"https:\/\/www.qingfaceramic.com\/fr\/wp-json\/wp\/v2\/product\/1769","targetHints":{"allow":["GET"]}}],"collection":[{"href":"https:\/\/www.qingfaceramic.com\/fr\/wp-json\/wp\/v2\/product"}],"about":[{"href":"https:\/\/www.qingfaceramic.com\/fr\/wp-json\/wp\/v2\/types\/product"}],"replies":[{"embeddable":true,"href":"https:\/\/www.qingfaceramic.com\/fr\/wp-json\/wp\/v2\/comments?post=1769"}],"wp:featuredmedia":[{"embeddable":true,"href":"https:\/\/www.qingfaceramic.com\/fr\/wp-json\/wp\/v2\/media\/1774"}],"wp:attachment":[{"href":"https:\/\/www.qingfaceramic.com\/fr\/wp-json\/wp\/v2\/media?parent=1769"}],"wp:term":[{"taxonomy":"market","embeddable":true,"href":"https:\/\/www.qingfaceramic.com\/fr\/wp-json\/wp\/v2\/market?post=1769"},{"taxonomy":"product_brand","embeddable":true,"href":"https:\/\/www.qingfaceramic.com\/fr\/wp-json\/wp\/v2\/product_brand?post=1769"},{"taxonomy":"product_cat","embeddable":true,"href":"https:\/\/www.qingfaceramic.com\/fr\/wp-json\/wp\/v2\/product_cat?post=1769"},{"taxonomy":"product_tag","embeddable":true,"href":"https:\/\/www.qingfaceramic.com\/fr\/wp-json\/wp\/v2\/product_tag?post=1769"}],"curies":[{"name":"wp","href":"https:\/\/api.w.org\/{rel}","templated":true}]}}