{"id":1706,"date":"2026-04-20T08:49:07","date_gmt":"2026-04-20T08:49:07","guid":{"rendered":"https:\/\/www.qingfaceramic.com\/?post_type=product&#038;p=1706"},"modified":"2026-04-20T08:57:17","modified_gmt":"2026-04-20T08:57:17","slug":"custom-halloween-mug-3d-relief-ceramic-coffee-cup","status":"publish","type":"product","link":"https:\/\/www.qingfaceramic.com\/fr\/produit\/custom-halloween-mug-3d-relief-ceramic-coffee-cup\/","title":{"rendered":"Tasse d'Halloween personnalis\u00e9e - Tasse \u00e0 caf\u00e9 en c\u00e9ramique \u00e0 relief 3D"},"content":{"rendered":"<h2 class=\"wp-block-heading\">Caract\u00e9ristiques du mug Halloween personnalis\u00e9<\/h2>\n\n\n\n<div class=\"wp-block-columns is-layout-flex wp-container-core-columns-is-layout-9d6595d7 wp-block-columns-is-layout-flex\">\n<div class=\"wp-block-column is-layout-flow wp-block-column-is-layout-flow\">\n<p><strong>Ic\u00f4nes 3D tactiles en relief :<\/strong> D\u00e9cor\u00e9 d'ic\u00f4nes peintes \u00e0 la main et en relief (fant\u00f4me, citrouille, chauve-souris, cr\u00e2ne) pour un aspect et une sensation tridimensionnels de premi\u00e8re qualit\u00e9.<\/p>\n\n\n\n<p><strong>Texture artisanale martel\u00e9e :<\/strong> La surface martel\u00e9e irr\u00e9guli\u00e8re imite la poterie artisanale et ajoute une esth\u00e9tique moderne au th\u00e8me de la f\u00eate.<\/p>\n\n\n\n<p><strong>Glacis vibrant r\u00e9sistant \u00e0 la d\u00e9coloration :<\/strong> Fini avec un gla\u00e7age professionnel tr\u00e8s brillant en noir et blanc classique, garantissant que les couleurs restent vives apr\u00e8s une utilisation \u00e0 long terme.<\/p>\n\n\n\n<p><strong>R\u00e9tention thermique sup\u00e9rieure :<\/strong> Fabriqu\u00e9 en c\u00e9ramique renforc\u00e9e \u00e0 parois \u00e9paisses pour garantir que les boissons saisonni\u00e8res restent chaudes plus longtemps.<\/p>\n\n\n\n<p><strong>Personnalisation professionnelle B2B :<\/strong> Flexibilit\u00e9 totale OEM\/ODM avec des options de conception de reliefs personnalis\u00e9s, de placement de logo priv\u00e9 et d'emballage cadeau sur mesure.<\/p>\n<\/div>\n\n\n\n<div class=\"wp-block-column is-layout-flow wp-block-column-is-layout-flow\">\n<figure class=\"wp-block-image size-full\"><img decoding=\"async\" width=\"800\" height=\"800\" src=\"https:\/\/www.qingfaceramic.com\/wp-content\/uploads\/2026\/04\/Custom-Halloween-Mug1.webp\" alt=\"Tasse personnalis\u00e9e pour Halloween1\" class=\"wp-image-1707\" srcset=\"https:\/\/www.qingfaceramic.com\/wp-content\/uploads\/2026\/04\/Custom-Halloween-Mug1.webp 800w, https:\/\/www.qingfaceramic.com\/wp-content\/uploads\/2026\/04\/Custom-Halloween-Mug1-300x300.webp 300w, https:\/\/www.qingfaceramic.com\/wp-content\/uploads\/2026\/04\/Custom-Halloween-Mug1-150x150.webp 150w, https:\/\/www.qingfaceramic.com\/wp-content\/uploads\/2026\/04\/Custom-Halloween-Mug1-768x768.webp 768w, https:\/\/www.qingfaceramic.com\/wp-content\/uploads\/2026\/04\/Custom-Halloween-Mug1-12x12.webp 12w, https:\/\/www.qingfaceramic.com\/wp-content\/uploads\/2026\/04\/Custom-Halloween-Mug1-600x600.webp 600w, https:\/\/www.qingfaceramic.com\/wp-content\/uploads\/2026\/04\/Custom-Halloween-Mug1-100x100.webp 100w\" sizes=\"(max-width: 800px) 100vw, 800px\" \/><\/figure>\n\n\n\n<figure class=\"wp-block-image size-full\"><img decoding=\"async\" width=\"800\" height=\"800\" src=\"https:\/\/www.qingfaceramic.com\/wp-content\/uploads\/2026\/04\/Custom-Halloween-Mug3.webp\" alt=\"Tasse personnalis\u00e9e pour Halloween3\" class=\"wp-image-1709\" srcset=\"https:\/\/www.qingfaceramic.com\/wp-content\/uploads\/2026\/04\/Custom-Halloween-Mug3.webp 800w, https:\/\/www.qingfaceramic.com\/wp-content\/uploads\/2026\/04\/Custom-Halloween-Mug3-300x300.webp 300w, https:\/\/www.qingfaceramic.com\/wp-content\/uploads\/2026\/04\/Custom-Halloween-Mug3-150x150.webp 150w, https:\/\/www.qingfaceramic.com\/wp-content\/uploads\/2026\/04\/Custom-Halloween-Mug3-768x768.webp 768w, https:\/\/www.qingfaceramic.com\/wp-content\/uploads\/2026\/04\/Custom-Halloween-Mug3-12x12.webp 12w, https:\/\/www.qingfaceramic.com\/wp-content\/uploads\/2026\/04\/Custom-Halloween-Mug3-600x600.webp 600w, https:\/\/www.qingfaceramic.com\/wp-content\/uploads\/2026\/04\/Custom-Halloween-Mug3-100x100.webp 100w\" sizes=\"(max-width: 800px) 100vw, 800px\" \/><\/figure>\n<\/div>\n<\/div>\n\n\n\n<div class=\"wp-block-columns is-layout-flex wp-container-core-columns-is-layout-9d6595d7 wp-block-columns-is-layout-flex\">\n<div class=\"wp-block-column is-layout-flow wp-block-column-is-layout-flow\"><\/div>\n\n\n\n<div class=\"wp-block-column is-layout-flow wp-block-column-is-layout-flow\"><\/div>\n<\/div>","protected":false},"excerpt":{"rendered":"<p data-start=\"428\" data-end=\"756\">Notre mug Halloween personnalis\u00e9 pr\u00e9sente des textures martel\u00e9es uniques et des motifs en relief 3D peints \u00e0 la main. Fabriqu\u00e9e en c\u00e9ramique renforc\u00e9e de premi\u00e8re qualit\u00e9, cette collection festive vibrante offre une solution sophistiqu\u00e9e et sur mesure pour les march\u00e9s des marques saisonni\u00e8res et des cadeaux de vacances.<\/p>\n<h2>Mugs d'Halloween personnalis\u00e9s Param\u00e8tre<\/h2>\n<table data-path-to-node=\"11\">\n<thead>\n<tr>\n<td><strong>Objet<\/strong><\/td>\n<td><strong>D\u00e9tails techniques<\/strong><\/td>\n<\/tr>\n<\/thead>\n<tbody>\n<tr>\n<td><span data-path-to-node=\"11,1,0,0\"><b data-path-to-node=\"11,1,0,0\" data-index-in-node=\"0\">Nom du produit<\/b><\/span><\/td>\n<td><span data-path-to-node=\"11,1,1,0\">Tasse d'Halloween personnalis\u00e9e<\/span><\/td>\n<\/tr>\n<tr>\n<td><span data-path-to-node=\"11,2,0,0\"><b data-path-to-node=\"11,2,0,0\" data-index-in-node=\"0\">Mat\u00e9riau<\/b><\/span><\/td>\n<td><span data-path-to-node=\"11,2,1,0\">C\u00e9ramique renforc\u00e9e \/ gr\u00e8s de haute qualit\u00e9<\/span><\/td>\n<\/tr>\n<tr>\n<td><span data-path-to-node=\"11,3,0,0\"><b data-path-to-node=\"11,3,0,0\" data-index-in-node=\"0\">Motif gaufr\u00e9<\/b><\/span><\/td>\n<td><span data-path-to-node=\"11,3,1,0\">Relief 3D (citrouille, fant\u00f4me, chauve-souris, cr\u00e2ne)<\/span><\/td>\n<\/tr>\n<tr>\n<td><span data-path-to-node=\"11,4,0,0\"><b data-path-to-node=\"11,4,0,0\" data-index-in-node=\"0\">Finition de la surface<\/b><\/span><\/td>\n<td><span data-path-to-node=\"11,4,1,0\">Texture martel\u00e9e avec gla\u00e7ure brillante<\/span><\/td>\n<\/tr>\n<tr>\n<td><span data-path-to-node=\"11,5,0,0\"><b data-path-to-node=\"11,5,0,0\" data-index-in-node=\"0\">Options de couleur<\/b><\/span><\/td>\n<td><span data-path-to-node=\"11,5,1,0\">Noir obsidien, Blanc arctique<\/span><\/td>\n<\/tr>\n<tr>\n<td><span data-path-to-node=\"11,6,0,0\"><b data-path-to-node=\"11,6,0,0\" data-index-in-node=\"0\">Conception de la poign\u00e9e<\/b><\/span><\/td>\n<td><span data-path-to-node=\"11,6,1,0\">Poign\u00e9e ergonomique en C \u00e0 prise facile<\/span><\/td>\n<\/tr>\n<tr>\n<td><span data-path-to-node=\"11,7,0,0\"><b data-path-to-node=\"11,7,0,0\" data-index-in-node=\"0\">Artisanat<\/b><\/span><\/td>\n<td><span data-path-to-node=\"11,7,1,0\">Cuisson \u00e0 haute temp\u00e9rature + d\u00e9tails peints \u00e0 la main<\/span><\/td>\n<\/tr>\n<tr>\n<td><span data-path-to-node=\"11,8,0,0\"><b data-path-to-node=\"11,8,0,0\" data-index-in-node=\"0\">Caract\u00e9ristiques principales<\/b><\/span><\/td>\n<td><span data-path-to-node=\"11,8,1,0\"><b data-path-to-node=\"11,8,1,0\" data-index-in-node=\"0\">R\u00e9sistant aux \u00e9clats<\/b>, <b data-path-to-node=\"11,8,1,0\" data-index-in-node=\"16\">R\u00e9tention thermique<\/b>, <b data-path-to-node=\"11,8,1,0\" data-index-in-node=\"35\">R\u00e9sistant \u00e0 la d\u00e9coloration<\/b><\/span><\/td>\n<\/tr>\n<tr>\n<td><span data-path-to-node=\"11,9,0,0\"><b data-path-to-node=\"11,9,0,0\" data-index-in-node=\"0\">Personnalisation<\/b><\/span><\/td>\n<td><span data-path-to-node=\"11,9,1,0\">Prise en charge des OEM\/ODM en vrac, des ic\u00f4nes et de l'emballage sur mesure<\/span><\/td>\n<\/tr>\n<tr>\n<td><span data-path-to-node=\"11,10,0,0\"><b data-path-to-node=\"11,10,0,0\" data-index-in-node=\"0\">Norme de s\u00e9curit\u00e9<\/b><\/span><\/td>\n<td><span data-path-to-node=\"11,10,1,0\">Certifi\u00e9 sans plomb, sans cadmium et de qualit\u00e9 alimentaire<\/span><\/td>\n<\/tr>\n<\/tbody>\n<\/table>","protected":false},"featured_media":1710,"comment_status":"closed","ping_status":"closed","template":"","meta":{"_acf_changed":false},"market":[],"product_brand":[],"product_cat":[17,28],"product_tag":[],"class_list":{"0":"post-1706","1":"product","2":"type-product","3":"status-publish","4":"has-post-thumbnail","6":"product_cat-custom-coffee-cups","7":"product_cat-custom-coffee-mugs","9":"first","10":"instock","11":"shipping-taxable","12":"product-type-simple"},"acf":[],"_links":{"self":[{"href":"https:\/\/www.qingfaceramic.com\/fr\/wp-json\/wp\/v2\/product\/1706","targetHints":{"allow":["GET"]}}],"collection":[{"href":"https:\/\/www.qingfaceramic.com\/fr\/wp-json\/wp\/v2\/product"}],"about":[{"href":"https:\/\/www.qingfaceramic.com\/fr\/wp-json\/wp\/v2\/types\/product"}],"replies":[{"embeddable":true,"href":"https:\/\/www.qingfaceramic.com\/fr\/wp-json\/wp\/v2\/comments?post=1706"}],"wp:featuredmedia":[{"embeddable":true,"href":"https:\/\/www.qingfaceramic.com\/fr\/wp-json\/wp\/v2\/media\/1710"}],"wp:attachment":[{"href":"https:\/\/www.qingfaceramic.com\/fr\/wp-json\/wp\/v2\/media?parent=1706"}],"wp:term":[{"taxonomy":"market","embeddable":true,"href":"https:\/\/www.qingfaceramic.com\/fr\/wp-json\/wp\/v2\/market?post=1706"},{"taxonomy":"product_brand","embeddable":true,"href":"https:\/\/www.qingfaceramic.com\/fr\/wp-json\/wp\/v2\/product_brand?post=1706"},{"taxonomy":"product_cat","embeddable":true,"href":"https:\/\/www.qingfaceramic.com\/fr\/wp-json\/wp\/v2\/product_cat?post=1706"},{"taxonomy":"product_tag","embeddable":true,"href":"https:\/\/www.qingfaceramic.com\/fr\/wp-json\/wp\/v2\/product_tag?post=1706"}],"curies":[{"name":"wp","href":"https:\/\/api.w.org\/{rel}","templated":true}]}}