{"id":1694,"date":"2026-04-20T08:42:36","date_gmt":"2026-04-20T08:42:36","guid":{"rendered":"https:\/\/www.qingfaceramic.com\/?post_type=product&#038;p=1694"},"modified":"2026-04-20T08:48:26","modified_gmt":"2026-04-20T08:48:26","slug":"custom-christmas-tree-tableware","status":"publish","type":"product","link":"https:\/\/www.qingfaceramic.com\/fr\/produit\/custom-christmas-tree-tableware\/","title":{"rendered":"Vaisselle de No\u00ebl personnalis\u00e9e - Service de table en c\u00e9ramique rustique"},"content":{"rendered":"<h2 class=\"wp-block-heading\">Caract\u00e9ristiques de la vaisselle de No\u00ebl personnalis\u00e9e<\/h2>\n\n\n\n<div class=\"wp-block-columns is-layout-flex wp-container-core-columns-is-layout-9d6595d7 wp-block-columns-is-layout-flex\">\n<div class=\"wp-block-column is-layout-flow wp-block-column-is-layout-flow\">\n<ol class=\"wp-block-list\">\n<li><strong>Artisan Rustique Esth\u00e9tique :<\/strong> Elle pr\u00e9sente un bord vintage en terre cuite et des textures de neige appliqu\u00e9es \u00e0 la main pour un look intemporel de vacances \u00e0 la ferme.<\/li>\n\n\n\n<li><strong>Design gaufr\u00e9 tactile :<\/strong> Chaque pi\u00e8ce pr\u00e9sente un arbre de No\u00ebl en relief, ce qui lui conf\u00e8re une profondeur artistique et une sensation tactile de qualit\u00e9.<\/li>\n\n\n\n<li><strong>R\u00e9sistance sup\u00e9rieure de la c\u00e9ramique :<\/strong> Fabriqu\u00e9 en gr\u00e8s renforc\u00e9 et cuit \u00e0 haute temp\u00e9rature, il offre une excellente r\u00e9sistance aux \u00e9clats et une grande durabilit\u00e9 pour un usage saisonnier fr\u00e9quent.<\/li>\n\n\n\n<li><strong>Finition mouchet\u00e9e unique :<\/strong> Le gla\u00e7age int\u00e9rieur mouchet\u00e9 imite la neige qui tombe, offrant une toile de fond \u00e9tonnante pour les repas de f\u00eate.<\/li>\n\n\n\n<li><strong>Soutien professionnel B2B :<\/strong> Flexibilit\u00e9 totale OEM\/ODM avec des options de placement de logo personnalis\u00e9, de couleurs sur mesure et d'emballage pour les f\u00eates de fin d'ann\u00e9e.<\/li>\n<\/ol>\n\n\n\n<figure class=\"wp-block-image size-full\"><img decoding=\"async\" width=\"800\" height=\"800\" src=\"https:\/\/www.qingfaceramic.com\/wp-content\/uploads\/2026\/04\/Custom-Christmas-Tree-Tableware8.webp\" alt=\"Vaisselle de No\u00ebl personnalis\u00e9e8\" class=\"wp-image-1702\" srcset=\"https:\/\/www.qingfaceramic.com\/wp-content\/uploads\/2026\/04\/Custom-Christmas-Tree-Tableware8.webp 800w, https:\/\/www.qingfaceramic.com\/wp-content\/uploads\/2026\/04\/Custom-Christmas-Tree-Tableware8-300x300.webp 300w, https:\/\/www.qingfaceramic.com\/wp-content\/uploads\/2026\/04\/Custom-Christmas-Tree-Tableware8-150x150.webp 150w, https:\/\/www.qingfaceramic.com\/wp-content\/uploads\/2026\/04\/Custom-Christmas-Tree-Tableware8-768x768.webp 768w, https:\/\/www.qingfaceramic.com\/wp-content\/uploads\/2026\/04\/Custom-Christmas-Tree-Tableware8-12x12.webp 12w, https:\/\/www.qingfaceramic.com\/wp-content\/uploads\/2026\/04\/Custom-Christmas-Tree-Tableware8-600x600.webp 600w, https:\/\/www.qingfaceramic.com\/wp-content\/uploads\/2026\/04\/Custom-Christmas-Tree-Tableware8-100x100.webp 100w\" sizes=\"(max-width: 800px) 100vw, 800px\" \/><\/figure>\n<\/div>\n\n\n\n<div class=\"wp-block-column is-layout-flow wp-block-column-is-layout-flow\">\n<figure class=\"wp-block-image size-full\"><img decoding=\"async\" width=\"800\" height=\"800\" src=\"https:\/\/www.qingfaceramic.com\/wp-content\/uploads\/2026\/04\/Custom-Christmas-Tree-Tableware11.webp\" alt=\"Vaisselle de No\u00ebl personnalis\u00e9e11\" class=\"wp-image-1705\" srcset=\"https:\/\/www.qingfaceramic.com\/wp-content\/uploads\/2026\/04\/Custom-Christmas-Tree-Tableware11.webp 800w, https:\/\/www.qingfaceramic.com\/wp-content\/uploads\/2026\/04\/Custom-Christmas-Tree-Tableware11-300x300.webp 300w, https:\/\/www.qingfaceramic.com\/wp-content\/uploads\/2026\/04\/Custom-Christmas-Tree-Tableware11-150x150.webp 150w, https:\/\/www.qingfaceramic.com\/wp-content\/uploads\/2026\/04\/Custom-Christmas-Tree-Tableware11-768x768.webp 768w, https:\/\/www.qingfaceramic.com\/wp-content\/uploads\/2026\/04\/Custom-Christmas-Tree-Tableware11-12x12.webp 12w, https:\/\/www.qingfaceramic.com\/wp-content\/uploads\/2026\/04\/Custom-Christmas-Tree-Tableware11-600x600.webp 600w, https:\/\/www.qingfaceramic.com\/wp-content\/uploads\/2026\/04\/Custom-Christmas-Tree-Tableware11-100x100.webp 100w\" sizes=\"(max-width: 800px) 100vw, 800px\" \/><\/figure>\n\n\n\n<figure class=\"wp-block-image size-full\"><img decoding=\"async\" width=\"800\" height=\"800\" src=\"https:\/\/www.qingfaceramic.com\/wp-content\/uploads\/2026\/04\/Custom-Christmas-Tree-Tableware10.webp\" alt=\"Vaisselle de No\u00ebl personnalis\u00e9e10\" class=\"wp-image-1704\" srcset=\"https:\/\/www.qingfaceramic.com\/wp-content\/uploads\/2026\/04\/Custom-Christmas-Tree-Tableware10.webp 800w, https:\/\/www.qingfaceramic.com\/wp-content\/uploads\/2026\/04\/Custom-Christmas-Tree-Tableware10-300x300.webp 300w, https:\/\/www.qingfaceramic.com\/wp-content\/uploads\/2026\/04\/Custom-Christmas-Tree-Tableware10-150x150.webp 150w, https:\/\/www.qingfaceramic.com\/wp-content\/uploads\/2026\/04\/Custom-Christmas-Tree-Tableware10-768x768.webp 768w, https:\/\/www.qingfaceramic.com\/wp-content\/uploads\/2026\/04\/Custom-Christmas-Tree-Tableware10-12x12.webp 12w, https:\/\/www.qingfaceramic.com\/wp-content\/uploads\/2026\/04\/Custom-Christmas-Tree-Tableware10-600x600.webp 600w, https:\/\/www.qingfaceramic.com\/wp-content\/uploads\/2026\/04\/Custom-Christmas-Tree-Tableware10-100x100.webp 100w\" sizes=\"(max-width: 800px) 100vw, 800px\" \/><\/figure>\n<\/div>\n<\/div>\n\n\n\n<div class=\"wp-block-columns is-layout-flex wp-container-core-columns-is-layout-9d6595d7 wp-block-columns-is-layout-flex\">\n<div class=\"wp-block-column is-layout-flow wp-block-column-is-layout-flow\"><\/div>\n\n\n\n<div class=\"wp-block-column is-layout-flow wp-block-column-is-layout-flow\"><\/div>\n\n\n\n<div class=\"wp-block-column is-layout-flow wp-block-column-is-layout-flow\"><\/div>\n<\/div>\n\n\n\n<div class=\"wp-block-columns is-layout-flex wp-container-core-columns-is-layout-9d6595d7 wp-block-columns-is-layout-flex\">\n<div class=\"wp-block-column is-layout-flow wp-block-column-is-layout-flow\"><\/div>\n\n\n\n<div class=\"wp-block-column is-layout-flow wp-block-column-is-layout-flow\"><\/div>\n<\/div>","protected":false},"excerpt":{"rendered":"<p data-start=\"441\" data-end=\"787\">Notre vaisselle personnalis\u00e9e en forme d'arbre de No\u00ebl allie une esth\u00e9tique de vacances chaleureuse \u00e0 une durabilit\u00e9 professionnelle. Avec d'\u00e9l\u00e9gants motifs de pin en relief et une finition rustique unique aux reflets de neige, cette collection de c\u00e9ramiques de qualit\u00e9 sup\u00e9rieure est un choix id\u00e9al pour les marques saisonni\u00e8res haut de gamme et les solutions de cadeaux sur mesure.<\/p>\n<h2>Param\u00e8tres de la vaisselle de No\u00ebl personnalis\u00e9e<\/h2>\n<table data-path-to-node=\"11\">\n<thead>\n<tr>\n<td><strong>Objet<\/strong><\/td>\n<td><strong>D\u00e9tails techniques<\/strong><\/td>\n<\/tr>\n<\/thead>\n<tbody>\n<tr>\n<td><span data-path-to-node=\"11,1,0,0\"><b data-path-to-node=\"11,1,0,0\" data-index-in-node=\"0\">Nom du produit<\/b><\/span><\/td>\n<td><span data-path-to-node=\"11,1,1,0\">Vaisselle personnalis\u00e9e en forme de sapin de No\u00ebl<\/span><\/td>\n<\/tr>\n<tr>\n<td><span data-path-to-node=\"11,2,0,0\"><b data-path-to-node=\"11,2,0,0\" data-index-in-node=\"0\">Mat\u00e9riau<\/b><\/span><\/td>\n<td><span data-path-to-node=\"11,2,1,0\">C\u00e9ramique renforc\u00e9e de premi\u00e8re qualit\u00e9 \/ Gr\u00e8s<\/span><\/td>\n<\/tr>\n<tr>\n<td><span data-path-to-node=\"11,3,0,0\"><b data-path-to-node=\"11,3,0,0\" data-index-in-node=\"0\">Motif du dessin<\/b><\/span><\/td>\n<td><span data-path-to-node=\"11,3,1,0\">Feuillage persistant gaufr\u00e9 \/ Pin saupoudr\u00e9 de neige<\/span><\/td>\n<\/tr>\n<tr>\n<td><span data-path-to-node=\"11,4,0,0\"><b data-path-to-node=\"11,4,0,0\" data-index-in-node=\"0\">D\u00e9tail du bord<\/b><\/span><\/td>\n<td><span data-path-to-node=\"11,4,1,0\">Bordure rustique \u00e9maill\u00e9e brun (style terre cuite)<\/span><\/td>\n<\/tr>\n<tr>\n<td><span data-path-to-node=\"11,5,0,0\"><b data-path-to-node=\"11,5,0,0\" data-index-in-node=\"0\">Finition<\/b><\/span><\/td>\n<td><span data-path-to-node=\"11,5,1,0\">Ext\u00e9rieur mat \/ Int\u00e9rieur mouchet\u00e9 brillant<\/span><\/td>\n<\/tr>\n<tr>\n<td><span data-path-to-node=\"11,6,0,0\"><b data-path-to-node=\"11,6,0,0\" data-index-in-node=\"0\">Palette de couleurs<\/b><\/span><\/td>\n<td><span data-path-to-node=\"11,6,1,0\">Vert pin, brun terreux, blanc neige<\/span><\/td>\n<\/tr>\n<tr>\n<td><span data-path-to-node=\"11,7,0,0\"><b data-path-to-node=\"11,7,0,0\" data-index-in-node=\"0\">Artisanat<\/b><\/span><\/td>\n<td><span data-path-to-node=\"11,7,1,0\">Moulage en relief \u00e0 haute temp\u00e9rature<\/span><\/td>\n<\/tr>\n<tr>\n<td><span data-path-to-node=\"11,8,0,0\"><b data-path-to-node=\"11,8,0,0\" data-index-in-node=\"0\">Caract\u00e9ristiques principales<\/b><\/span><\/td>\n<td><span data-path-to-node=\"11,8,1,0\"><b data-path-to-node=\"11,8,1,0\" data-index-in-node=\"0\">R\u00e9sistant aux \u00e9clats<\/b>, <b data-path-to-node=\"11,8,1,0\" data-index-in-node=\"16\">Stabilit\u00e9 thermique<\/b>, <b data-path-to-node=\"11,8,1,0\" data-index-in-node=\"35\">R\u00e9sistant \u00e0 la d\u00e9coloration<\/b><\/span><\/td>\n<\/tr>\n<tr>\n<td><span data-path-to-node=\"11,9,0,0\"><b data-path-to-node=\"11,9,0,0\" data-index-in-node=\"0\">Personnalisation<\/b><\/span><\/td>\n<td><span data-path-to-node=\"11,9,1,0\">Prise en charge de l'OEM\/ODM en vrac, du logo priv\u00e9 et de l'emballage<\/span><\/td>\n<\/tr>\n<tr>\n<td><span data-path-to-node=\"11,10,0,0\"><b data-path-to-node=\"11,10,0,0\" data-index-in-node=\"0\">Norme de s\u00e9curit\u00e9<\/b><\/span><\/td>\n<td><span data-path-to-node=\"11,10,1,0\">Certifi\u00e9 sans plomb, sans cadmium et de qualit\u00e9 alimentaire<\/span><\/td>\n<\/tr>\n<\/tbody>\n<\/table>","protected":false},"featured_media":1696,"comment_status":"closed","ping_status":"closed","template":"","meta":{"_acf_changed":false},"market":[],"product_brand":[],"product_cat":[19,35],"product_tag":[],"class_list":{"0":"post-1694","1":"product","2":"type-product","3":"status-publish","4":"has-post-thumbnail","6":"product_cat-custom-dinnerware-manufacturer","7":"product_cat-custom-dinnerware-sets","9":"first","10":"instock","11":"shipping-taxable","12":"product-type-simple"},"acf":[],"_links":{"self":[{"href":"https:\/\/www.qingfaceramic.com\/fr\/wp-json\/wp\/v2\/product\/1694","targetHints":{"allow":["GET"]}}],"collection":[{"href":"https:\/\/www.qingfaceramic.com\/fr\/wp-json\/wp\/v2\/product"}],"about":[{"href":"https:\/\/www.qingfaceramic.com\/fr\/wp-json\/wp\/v2\/types\/product"}],"replies":[{"embeddable":true,"href":"https:\/\/www.qingfaceramic.com\/fr\/wp-json\/wp\/v2\/comments?post=1694"}],"wp:featuredmedia":[{"embeddable":true,"href":"https:\/\/www.qingfaceramic.com\/fr\/wp-json\/wp\/v2\/media\/1696"}],"wp:attachment":[{"href":"https:\/\/www.qingfaceramic.com\/fr\/wp-json\/wp\/v2\/media?parent=1694"}],"wp:term":[{"taxonomy":"market","embeddable":true,"href":"https:\/\/www.qingfaceramic.com\/fr\/wp-json\/wp\/v2\/market?post=1694"},{"taxonomy":"product_brand","embeddable":true,"href":"https:\/\/www.qingfaceramic.com\/fr\/wp-json\/wp\/v2\/product_brand?post=1694"},{"taxonomy":"product_cat","embeddable":true,"href":"https:\/\/www.qingfaceramic.com\/fr\/wp-json\/wp\/v2\/product_cat?post=1694"},{"taxonomy":"product_tag","embeddable":true,"href":"https:\/\/www.qingfaceramic.com\/fr\/wp-json\/wp\/v2\/product_tag?post=1694"}],"curies":[{"name":"wp","href":"https:\/\/api.w.org\/{rel}","templated":true}]}}