{"id":1685,"date":"2026-04-20T08:34:16","date_gmt":"2026-04-20T08:34:16","guid":{"rendered":"https:\/\/www.qingfaceramic.com\/?post_type=product&#038;p=1685"},"modified":"2026-04-20T08:39:43","modified_gmt":"2026-04-20T08:39:43","slug":"custom-christmas-plaid-dinnerware","status":"publish","type":"product","link":"https:\/\/www.qingfaceramic.com\/fr\/produit\/custom-christmas-plaid-dinnerware\/","title":{"rendered":"Vaisselle de No\u00ebl \u00e0 carreaux personnalis\u00e9e | Vaisselle de No\u00ebl \u00e0 carreaux"},"content":{"rendered":"<h2 class=\"wp-block-heading\">Caract\u00e9ristiques de la vaisselle \u00e0 carreaux de No\u00ebl personnalis\u00e9e<\/h2>\n\n\n\n<div class=\"wp-block-columns is-layout-flex wp-container-core-columns-is-layout-9d6595d7 wp-block-columns-is-layout-flex\">\n<div class=\"wp-block-column is-layout-flow wp-block-column-is-layout-flow\">\n<ol class=\"wp-block-list\">\n<li><strong>Esth\u00e9tique \u00e9cossaise classique :<\/strong> Le motif \u00e0 carreaux rouge et vert intemporel capture parfaitement l'esprit traditionnel de No\u00ebl pour une table chaleureuse d'inspiration fermi\u00e8re.<\/li>\n\n\n\n<li><strong>Finition vitrifi\u00e9e de luxe :<\/strong> Rev\u00eatu d'un gla\u00e7age brillant de qualit\u00e9 professionnelle r\u00e9sistant aux rayures et aux taches, le motif quadrill\u00e9 vibrant reste net et r\u00e9siste \u00e0 la d\u00e9coloration.<\/li>\n\n\n\n<li><strong>Durabilit\u00e9 de niveau commercial :<\/strong> Fabriqu\u00e9 en c\u00e9ramique renforc\u00e9e cuite \u00e0 haute temp\u00e9rature, il offre une excellente r\u00e9sistance \u00e0 l'\u00e9caillage et une stabilit\u00e9 thermique pour une utilisation \u00e0 long terme.<\/li>\n\n\n\n<li><strong>Design polyvalent \u00e0 combiner :<\/strong> Le motif \u00e9cossais, \u00e0 la fois sobre et festif, se marie facilement avec d'autres d\u00e9corations de vacances, ce qui en fait un choix tr\u00e8s polyvalent pour les secteurs de la vente au d\u00e9tail et de l'h\u00f4tellerie.<\/li>\n\n\n\n<li><strong>Personnalisation professionnelle B2B :<\/strong> Il prend enti\u00e8rement en charge l'\u00e9tiquetage priv\u00e9, l'ajustement sur mesure des couleurs du motif \u00e9cossais et l'emballage personnalis\u00e9 des paquets cadeaux pour les f\u00eates, afin de r\u00e9pondre \u00e0 l'identit\u00e9 unique de votre marque.<\/li>\n<\/ol>\n<\/div>\n\n\n\n<div class=\"wp-block-column is-layout-flow wp-block-column-is-layout-flow\">\n<figure class=\"wp-block-image size-full\"><img decoding=\"async\" width=\"800\" height=\"800\" src=\"https:\/\/www.qingfaceramic.com\/wp-content\/uploads\/2026\/04\/Custom-Christmas-Plaid-Dinnerware8.webp\" alt=\"Vaisselle de No\u00ebl \u00e0 carreaux personnalis\u00e9e8\" class=\"wp-image-1693\" srcset=\"https:\/\/www.qingfaceramic.com\/wp-content\/uploads\/2026\/04\/Custom-Christmas-Plaid-Dinnerware8.webp 800w, https:\/\/www.qingfaceramic.com\/wp-content\/uploads\/2026\/04\/Custom-Christmas-Plaid-Dinnerware8-300x300.webp 300w, https:\/\/www.qingfaceramic.com\/wp-content\/uploads\/2026\/04\/Custom-Christmas-Plaid-Dinnerware8-150x150.webp 150w, https:\/\/www.qingfaceramic.com\/wp-content\/uploads\/2026\/04\/Custom-Christmas-Plaid-Dinnerware8-768x768.webp 768w, https:\/\/www.qingfaceramic.com\/wp-content\/uploads\/2026\/04\/Custom-Christmas-Plaid-Dinnerware8-12x12.webp 12w, https:\/\/www.qingfaceramic.com\/wp-content\/uploads\/2026\/04\/Custom-Christmas-Plaid-Dinnerware8-600x600.webp 600w, https:\/\/www.qingfaceramic.com\/wp-content\/uploads\/2026\/04\/Custom-Christmas-Plaid-Dinnerware8-100x100.webp 100w\" sizes=\"(max-width: 800px) 100vw, 800px\" \/><\/figure>\n\n\n\n<figure class=\"wp-block-image size-full\"><img decoding=\"async\" width=\"800\" height=\"800\" src=\"https:\/\/www.qingfaceramic.com\/wp-content\/uploads\/2026\/04\/Custom-Christmas-Tableware-with-Embossed-Heart-Love-Motif6.webp\" alt=\"Vaisselle de No\u00ebl personnalis\u00e9e avec motif de c\u0153ur et d&#039;amour gaufr\u00e96\" class=\"wp-image-1671\" srcset=\"https:\/\/www.qingfaceramic.com\/wp-content\/uploads\/2026\/04\/Custom-Christmas-Tableware-with-Embossed-Heart-Love-Motif6.webp 800w, https:\/\/www.qingfaceramic.com\/wp-content\/uploads\/2026\/04\/Custom-Christmas-Tableware-with-Embossed-Heart-Love-Motif6-300x300.webp 300w, https:\/\/www.qingfaceramic.com\/wp-content\/uploads\/2026\/04\/Custom-Christmas-Tableware-with-Embossed-Heart-Love-Motif6-150x150.webp 150w, https:\/\/www.qingfaceramic.com\/wp-content\/uploads\/2026\/04\/Custom-Christmas-Tableware-with-Embossed-Heart-Love-Motif6-768x768.webp 768w, https:\/\/www.qingfaceramic.com\/wp-content\/uploads\/2026\/04\/Custom-Christmas-Tableware-with-Embossed-Heart-Love-Motif6-12x12.webp 12w, https:\/\/www.qingfaceramic.com\/wp-content\/uploads\/2026\/04\/Custom-Christmas-Tableware-with-Embossed-Heart-Love-Motif6-600x600.webp 600w, https:\/\/www.qingfaceramic.com\/wp-content\/uploads\/2026\/04\/Custom-Christmas-Tableware-with-Embossed-Heart-Love-Motif6-100x100.webp 100w\" sizes=\"(max-width: 800px) 100vw, 800px\" \/><\/figure>\n<\/div>\n<\/div>\n\n\n\n<div class=\"wp-block-columns is-layout-flex wp-container-core-columns-is-layout-9d6595d7 wp-block-columns-is-layout-flex\">\n<div class=\"wp-block-column is-layout-flow wp-block-column-is-layout-flow\"><\/div>\n\n\n\n<div class=\"wp-block-column is-layout-flow wp-block-column-is-layout-flow\"><\/div>\n\n\n\n<div class=\"wp-block-column is-layout-flow wp-block-column-is-layout-flow\"><\/div>\n<\/div>\n\n\n\n<div class=\"wp-block-columns is-layout-flex wp-container-core-columns-is-layout-9d6595d7 wp-block-columns-is-layout-flex\">\n<div class=\"wp-block-column is-layout-flow wp-block-column-is-layout-flow\"><\/div>\n\n\n\n<div class=\"wp-block-column is-layout-flow wp-block-column-is-layout-flow\"><\/div>\n<\/div>","protected":false},"excerpt":{"rendered":"<p data-start=\"441\" data-end=\"787\">Rehaussez vos collections de f\u00eates avec cette vaisselle \u00e0 carreaux de No\u00ebl personnalis\u00e9e. Dot\u00e9 d'un motif \u00e9cossais rouge et vert intemporel et d'une finition vitrifi\u00e9e de qualit\u00e9 sup\u00e9rieure, cet ensemble en c\u00e9ramique durable offre une esth\u00e9tique fermi\u00e8re sophistiqu\u00e9e pour les marques saisonni\u00e8res et les collections de cadeaux haut de gamme.<\/p>\n<h2>Param\u00e8tres de vaisselle \u00e0 carreaux de No\u00ebl personnalis\u00e9s<\/h2>\n<table data-path-to-node=\"13\">\n<thead>\n<tr>\n<td><strong>Objet<\/strong><\/td>\n<td><strong>D\u00e9tails techniques<\/strong><\/td>\n<\/tr>\n<\/thead>\n<tbody>\n<tr>\n<td><span data-path-to-node=\"13,1,0,0\"><b data-path-to-node=\"13,1,0,0\" data-index-in-node=\"0\">Nom du produit<\/b><\/span><\/td>\n<td><span data-path-to-node=\"13,1,1,0\">Vaisselle de No\u00ebl \u00e0 carreaux personnalis\u00e9e<\/span><\/td>\n<\/tr>\n<tr>\n<td><span data-path-to-node=\"13,2,0,0\"><b data-path-to-node=\"13,2,0,0\" data-index-in-node=\"0\">Mat\u00e9riau<\/b><\/span><\/td>\n<td><span data-path-to-node=\"13,2,1,0\">C\u00e9ramique renforc\u00e9e de qualit\u00e9 sup\u00e9rieure \/ Gr\u00e8s de qualit\u00e9 sup\u00e9rieure<\/span><\/td>\n<\/tr>\n<tr>\n<td><span data-path-to-node=\"13,3,0,0\"><b data-path-to-node=\"13,3,0,0\" data-index-in-node=\"0\">Type de motif<\/b><\/span><\/td>\n<td><span data-path-to-node=\"13,3,1,0\">Tartan classique \/ Grille \u00e0 carreaux<\/span><\/td>\n<\/tr>\n<tr>\n<td><span data-path-to-node=\"13,4,0,0\"><b data-path-to-node=\"13,4,0,0\" data-index-in-node=\"0\">Finition<\/b><\/span><\/td>\n<td><span data-path-to-node=\"13,4,1,0\">Glace vitrifi\u00e9e lisse \u00e0 haute brillance<\/span><\/td>\n<\/tr>\n<tr>\n<td><span data-path-to-node=\"13,5,0,0\"><b data-path-to-node=\"13,5,0,0\" data-index-in-node=\"0\">Palette de couleurs<\/b><\/span><\/td>\n<td><span data-path-to-node=\"13,5,1,0\">Rouge festif, vert for\u00eat et blanc cr\u00e8me<\/span><\/td>\n<\/tr>\n<tr>\n<td><span data-path-to-node=\"13,6,0,0\"><b data-path-to-node=\"13,6,0,0\" data-index-in-node=\"0\">Composants de l'ensemble<\/b><\/span><\/td>\n<td><span data-path-to-node=\"13,6,1,0\">Assiettes \u00e0 d\u00eener, assiettes \u00e0 salade, bols \u00e0 soupe et tasses \u00e0 caf\u00e9<\/span><\/td>\n<\/tr>\n<tr>\n<td><span data-path-to-node=\"13,7,0,0\"><b data-path-to-node=\"13,7,0,0\" data-index-in-node=\"0\">Artisanat<\/b><\/span><\/td>\n<td><span data-path-to-node=\"13,7,1,0\">Technologie de d\u00e9calcomanie sous gla\u00e7ure (sans danger pour les aliments et r\u00e9sistante \u00e0 la d\u00e9coloration)<\/span><\/td>\n<\/tr>\n<tr>\n<td><span data-path-to-node=\"13,8,0,0\"><b data-path-to-node=\"13,8,0,0\" data-index-in-node=\"0\">Caract\u00e9ristiques principales<\/b><\/span><\/td>\n<td><span data-path-to-node=\"13,8,1,0\"><b data-path-to-node=\"13,8,1,0\" data-index-in-node=\"0\">Conception empilable<\/b>, <b data-path-to-node=\"13,8,1,0\" data-index-in-node=\"18\">Surface r\u00e9sistante aux rayures<\/b>, <b data-path-to-node=\"13,8,1,0\" data-index-in-node=\"45\">R\u00e9tention \u00e9lev\u00e9e de la chaleur<\/b><\/span><\/td>\n<\/tr>\n<tr>\n<td><span data-path-to-node=\"13,9,0,0\"><b data-path-to-node=\"13,9,0,0\" data-index-in-node=\"0\">Personnalisation<\/b><\/span><\/td>\n<td><span data-path-to-node=\"13,9,1,0\">Prise en charge de l'OEM\/ODM en vrac, des logos priv\u00e9s et des couleurs de motifs sur mesure<\/span><\/td>\n<\/tr>\n<tr>\n<td><span data-path-to-node=\"13,10,0,0\"><b data-path-to-node=\"13,10,0,0\" data-index-in-node=\"0\">Norme de s\u00e9curit\u00e9<\/b><\/span><\/td>\n<td><span data-path-to-node=\"13,10,1,0\">Certifi\u00e9 sans plomb, sans cadmium et de qualit\u00e9 alimentaire<\/span><\/td>\n<\/tr>\n<\/tbody>\n<\/table>","protected":false},"featured_media":1686,"comment_status":"closed","ping_status":"closed","template":"","meta":{"_acf_changed":false},"market":[],"product_brand":[],"product_cat":[19,35],"product_tag":[],"class_list":{"0":"post-1685","1":"product","2":"type-product","3":"status-publish","4":"has-post-thumbnail","6":"product_cat-custom-dinnerware-manufacturer","7":"product_cat-custom-dinnerware-sets","9":"first","10":"instock","11":"shipping-taxable","12":"product-type-simple"},"acf":[],"_links":{"self":[{"href":"https:\/\/www.qingfaceramic.com\/fr\/wp-json\/wp\/v2\/product\/1685","targetHints":{"allow":["GET"]}}],"collection":[{"href":"https:\/\/www.qingfaceramic.com\/fr\/wp-json\/wp\/v2\/product"}],"about":[{"href":"https:\/\/www.qingfaceramic.com\/fr\/wp-json\/wp\/v2\/types\/product"}],"replies":[{"embeddable":true,"href":"https:\/\/www.qingfaceramic.com\/fr\/wp-json\/wp\/v2\/comments?post=1685"}],"wp:featuredmedia":[{"embeddable":true,"href":"https:\/\/www.qingfaceramic.com\/fr\/wp-json\/wp\/v2\/media\/1686"}],"wp:attachment":[{"href":"https:\/\/www.qingfaceramic.com\/fr\/wp-json\/wp\/v2\/media?parent=1685"}],"wp:term":[{"taxonomy":"market","embeddable":true,"href":"https:\/\/www.qingfaceramic.com\/fr\/wp-json\/wp\/v2\/market?post=1685"},{"taxonomy":"product_brand","embeddable":true,"href":"https:\/\/www.qingfaceramic.com\/fr\/wp-json\/wp\/v2\/product_brand?post=1685"},{"taxonomy":"product_cat","embeddable":true,"href":"https:\/\/www.qingfaceramic.com\/fr\/wp-json\/wp\/v2\/product_cat?post=1685"},{"taxonomy":"product_tag","embeddable":true,"href":"https:\/\/www.qingfaceramic.com\/fr\/wp-json\/wp\/v2\/product_tag?post=1685"}],"curies":[{"name":"wp","href":"https:\/\/api.w.org\/{rel}","templated":true}]}}