{"id":1673,"date":"2026-04-20T08:23:18","date_gmt":"2026-04-20T08:23:18","guid":{"rendered":"https:\/\/www.qingfaceramic.com\/?post_type=product&#038;p=1673"},"modified":"2026-04-20T08:29:04","modified_gmt":"2026-04-20T08:29:04","slug":"custom-santa-claus-mug","status":"publish","type":"product","link":"https:\/\/www.qingfaceramic.com\/fr\/produit\/custom-santa-claus-mug\/","title":{"rendered":"Mug P\u00e8re No\u00ebl personnalis\u00e9 avec couvercle - Tasse en c\u00e9ramique figurative 3D pour les f\u00eates et bo\u00eete cadeau"},"content":{"rendered":"<h2 class=\"wp-block-heading\">Caract\u00e9ristiques de la tasse personnalis\u00e9e du P\u00e8re No\u00ebl<\/h2>\n\n\n\n<div class=\"wp-block-columns is-layout-flex wp-container-core-columns-is-layout-9d6595d7 wp-block-columns-is-layout-flex\">\n<div class=\"wp-block-column is-layout-flow wp-block-column-is-layout-flow\">\n<p><strong>Dessin figuratif 3D fantaisiste :<\/strong> Sculpt\u00e9e de mani\u00e8re experte dans un <strong>P\u00e8re No\u00ebl en trois dimensions<\/strong> avec une expression joyeuse et un nez rouge d\u00e9coratif, offrant une exp\u00e9rience tactile unique.<\/p>\n\n\n\n<p><strong>Couvercle fonctionnel assorti :<\/strong> Comprend un couvercle en c\u00e9ramique ressemblant au chapeau du P\u00e8re No\u00ebl, qui aide \u00e0 conserver la temp\u00e9rature de la boisson et apporte une touche finale compl\u00e8te et haut de gamme au design.<\/p>\n\n\n\n<p><strong>Fabrication artisanale de premi\u00e8re qualit\u00e9 :<\/strong> Fabriqu\u00e9 en c\u00e9ramique de haute qualit\u00e9 et durable, cuit \u00e0 des temp\u00e9ratures extr\u00eames, ce qui garantit la qualit\u00e9 du produit. <strong>gla\u00e7age vibrant<\/strong> Les couleurs restent vives et r\u00e9sistent \u00e0 la d\u00e9coloration pour une utilisation \u00e0 long terme.<\/p>\n\n\n\n<p><strong>Emballage pr\u00eat pour la vente au d\u00e9tail :<\/strong> Chaque tasse est accompagn\u00e9e d'une bo\u00eete-cadeau \u00e0 carreaux con\u00e7ue par des professionnels, offrant une excellente pr\u00e9sentation au d\u00e9tail ou une solution de cadeau d'entreprise impressionnante.<\/p>\n\n\n\n<p><strong>Flexibilit\u00e9 totale OEM\/ODM :<\/strong> Sp\u00e9cialis\u00e9 dans la personnalisation B2B, il offre une correspondance des couleurs sur mesure, l'int\u00e9gration d'un logo personnalis\u00e9 sur la base, et des conceptions de coffrets cadeaux sur mesure pour r\u00e9pondre aux diverses identit\u00e9s de marque.<\/p>\n<\/div>\n\n\n\n<div class=\"wp-block-column is-layout-flow wp-block-column-is-layout-flow\">\n<figure class=\"wp-block-image size-full\"><img decoding=\"async\" width=\"800\" height=\"800\" src=\"https:\/\/www.qingfaceramic.com\/wp-content\/uploads\/2026\/04\/Custom-Santa-Claus-Mug-with-Lid11.webp\" alt=\"Mug P\u00e8re No\u00ebl personnalis\u00e9 avec couvercle11\" class=\"wp-image-1684\" srcset=\"https:\/\/www.qingfaceramic.com\/wp-content\/uploads\/2026\/04\/Custom-Santa-Claus-Mug-with-Lid11.webp 800w, https:\/\/www.qingfaceramic.com\/wp-content\/uploads\/2026\/04\/Custom-Santa-Claus-Mug-with-Lid11-300x300.webp 300w, https:\/\/www.qingfaceramic.com\/wp-content\/uploads\/2026\/04\/Custom-Santa-Claus-Mug-with-Lid11-150x150.webp 150w, https:\/\/www.qingfaceramic.com\/wp-content\/uploads\/2026\/04\/Custom-Santa-Claus-Mug-with-Lid11-768x768.webp 768w, https:\/\/www.qingfaceramic.com\/wp-content\/uploads\/2026\/04\/Custom-Santa-Claus-Mug-with-Lid11-12x12.webp 12w, https:\/\/www.qingfaceramic.com\/wp-content\/uploads\/2026\/04\/Custom-Santa-Claus-Mug-with-Lid11-600x600.webp 600w, https:\/\/www.qingfaceramic.com\/wp-content\/uploads\/2026\/04\/Custom-Santa-Claus-Mug-with-Lid11-100x100.webp 100w\" sizes=\"(max-width: 800px) 100vw, 800px\" \/><\/figure>\n<\/div>\n<\/div>\n\n\n\n<div class=\"wp-block-columns is-layout-flex wp-container-core-columns-is-layout-9d6595d7 wp-block-columns-is-layout-flex\">\n<div class=\"wp-block-column is-layout-flow wp-block-column-is-layout-flow\"><\/div>\n\n\n\n<div class=\"wp-block-column is-layout-flow wp-block-column-is-layout-flow\"><\/div>\n<\/div>","protected":false},"excerpt":{"rendered":"<p data-start=\"428\" data-end=\"756\">C\u00e9l\u00e9brez les f\u00eates de fin d'ann\u00e9e avec cette tasse personnalis\u00e9e en forme de P\u00e8re No\u00ebl. Dot\u00e9e d'un design 3D vibrant peint \u00e0 la main et d'un couvercle pratique en c\u00e9ramique, cette tasse de vacances de qualit\u00e9 sup\u00e9rieure est livr\u00e9e dans un coffret cadeau d\u00e9coratif, ce qui en fait une solution sur mesure parfaite pour les marques de boutiques et les cadeaux d'entreprise saisonniers.<\/p>\n<h2>Mug P\u00e8re No\u00ebl personnalis\u00e9 Param\u00e8tre<\/h2>\n<table data-path-to-node=\"13\">\n<thead>\n<tr>\n<td><strong>Objet<\/strong><\/td>\n<td><strong>D\u00e9tails techniques<\/strong><\/td>\n<\/tr>\n<\/thead>\n<tbody>\n<tr>\n<td><span data-path-to-node=\"13,1,0,0\"><b data-path-to-node=\"13,1,0,0\" data-index-in-node=\"0\">Nom du produit<\/b><\/span><\/td>\n<td><span data-path-to-node=\"13,1,1,0\">Mug P\u00e8re No\u00ebl personnalis\u00e9 avec couvercle<\/span><\/td>\n<\/tr>\n<tr>\n<td><span data-path-to-node=\"13,2,0,0\"><b data-path-to-node=\"13,2,0,0\" data-index-in-node=\"0\">Mat\u00e9riau<\/b><\/span><\/td>\n<td><span data-path-to-node=\"13,2,1,0\">C\u00e9ramique de qualit\u00e9 sup\u00e9rieure AB \/ Gr\u00e8s durable<\/span><\/td>\n<\/tr>\n<tr>\n<td><span data-path-to-node=\"13,3,0,0\"><b data-path-to-node=\"13,3,0,0\" data-index-in-node=\"0\">Style de conception<\/b><\/span><\/td>\n<td><span data-path-to-node=\"13,3,1,0\">P\u00e8re No\u00ebl sculpt\u00e9 et figuratif en 3D<\/span><\/td>\n<\/tr>\n<tr>\n<td><span data-path-to-node=\"13,4,0,0\"><b data-path-to-node=\"13,4,0,0\" data-index-in-node=\"0\">Conception du couvercle<\/b><\/span><\/td>\n<td><span data-path-to-node=\"13,4,1,0\">Couvercle de chapeau de p\u00e8re No\u00ebl en c\u00e9ramique assorti<\/span><\/td>\n<\/tr>\n<tr>\n<td><span data-path-to-node=\"13,5,0,0\"><b data-path-to-node=\"13,5,0,0\" data-index-in-node=\"0\">Poign\u00e9e artisanale<\/b><\/span><\/td>\n<td><span data-path-to-node=\"13,5,1,0\">Poign\u00e9e ergonomique en forme de C avec finition rouge<\/span><\/td>\n<\/tr>\n<tr>\n<td><span data-path-to-node=\"13,6,0,0\"><b data-path-to-node=\"13,6,0,0\" data-index-in-node=\"0\">Finition<\/b><\/span><\/td>\n<td><span data-path-to-node=\"13,6,1,0\">Glace vitrifi\u00e9e haute brillance<\/span><\/td>\n<\/tr>\n<tr>\n<td><span data-path-to-node=\"13,7,0,0\"><b data-path-to-node=\"13,7,0,0\" data-index-in-node=\"0\">Palette de couleurs<\/b><\/span><\/td>\n<td><span data-path-to-node=\"13,7,1,0\">Rouge festif, blanc classique (d\u00e9tails peints \u00e0 la main)<\/span><\/td>\n<\/tr>\n<tr>\n<td><span data-path-to-node=\"13,8,0,0\"><b data-path-to-node=\"13,8,0,0\" data-index-in-node=\"0\">Artisanat<\/b><\/span><\/td>\n<td><span data-path-to-node=\"13,8,1,0\">C\u00e9ramique cuite \u00e0 haute temp\u00e9rature avec sculpture<\/span><\/td>\n<\/tr>\n<tr>\n<td><span data-path-to-node=\"13,9,0,0\"><b data-path-to-node=\"13,9,0,0\" data-index-in-node=\"0\">Emballage<\/b><\/span><\/td>\n<td><span data-path-to-node=\"13,9,1,0\">Bo\u00eete cadeau individuelle \u00e0 carreaux (incluse)<\/span><\/td>\n<\/tr>\n<tr>\n<td><span data-path-to-node=\"13,10,0,0\"><b data-path-to-node=\"13,10,0,0\" data-index-in-node=\"0\">Caract\u00e9ristiques principales<\/b><\/span><\/td>\n<td><span data-path-to-node=\"13,10,1,0\"><b data-path-to-node=\"13,10,1,0\" data-index-in-node=\"0\">Respect de l'environnement<\/b>, <b data-path-to-node=\"13,10,1,0\" data-index-in-node=\"14\">Conception empilable<\/b>, <b data-path-to-node=\"13,10,1,0\" data-index-in-node=\"32\">Couleurs r\u00e9sistantes \u00e0 la d\u00e9coloration<\/b>, <b data-path-to-node=\"13,10,1,0\" data-index-in-node=\"55\">R\u00e9tention de la chaleur<\/b><\/span><\/td>\n<\/tr>\n<tr>\n<td><span data-path-to-node=\"13,11,0,0\"><b data-path-to-node=\"13,11,0,0\" data-index-in-node=\"0\">Personnalisation<\/b><\/span><\/td>\n<td><span data-path-to-node=\"13,11,1,0\">Supports OEM\/ODM en vrac, logo priv\u00e9, couleurs et emballages sur mesure<\/span><\/td>\n<\/tr>\n<tr>\n<td><span data-path-to-node=\"13,12,0,0\"><b data-path-to-node=\"13,12,0,0\" data-index-in-node=\"0\">Norme de s\u00e9curit\u00e9<\/b><\/span><\/td>\n<td><span data-path-to-node=\"13,12,1,0\">Certifi\u00e9 sans plomb, sans cadmium et de qualit\u00e9 alimentaire<\/span><\/td>\n<\/tr>\n<\/tbody>\n<\/table>","protected":false},"featured_media":1674,"comment_status":"closed","ping_status":"closed","template":"","meta":{"_acf_changed":false},"market":[],"product_brand":[],"product_cat":[17,28],"product_tag":[],"class_list":{"0":"post-1673","1":"product","2":"type-product","3":"status-publish","4":"has-post-thumbnail","6":"product_cat-custom-coffee-cups","7":"product_cat-custom-coffee-mugs","9":"first","10":"instock","11":"shipping-taxable","12":"product-type-simple"},"acf":[],"_links":{"self":[{"href":"https:\/\/www.qingfaceramic.com\/fr\/wp-json\/wp\/v2\/product\/1673","targetHints":{"allow":["GET"]}}],"collection":[{"href":"https:\/\/www.qingfaceramic.com\/fr\/wp-json\/wp\/v2\/product"}],"about":[{"href":"https:\/\/www.qingfaceramic.com\/fr\/wp-json\/wp\/v2\/types\/product"}],"replies":[{"embeddable":true,"href":"https:\/\/www.qingfaceramic.com\/fr\/wp-json\/wp\/v2\/comments?post=1673"}],"wp:featuredmedia":[{"embeddable":true,"href":"https:\/\/www.qingfaceramic.com\/fr\/wp-json\/wp\/v2\/media\/1674"}],"wp:attachment":[{"href":"https:\/\/www.qingfaceramic.com\/fr\/wp-json\/wp\/v2\/media?parent=1673"}],"wp:term":[{"taxonomy":"market","embeddable":true,"href":"https:\/\/www.qingfaceramic.com\/fr\/wp-json\/wp\/v2\/market?post=1673"},{"taxonomy":"product_brand","embeddable":true,"href":"https:\/\/www.qingfaceramic.com\/fr\/wp-json\/wp\/v2\/product_brand?post=1673"},{"taxonomy":"product_cat","embeddable":true,"href":"https:\/\/www.qingfaceramic.com\/fr\/wp-json\/wp\/v2\/product_cat?post=1673"},{"taxonomy":"product_tag","embeddable":true,"href":"https:\/\/www.qingfaceramic.com\/fr\/wp-json\/wp\/v2\/product_tag?post=1673"}],"curies":[{"name":"wp","href":"https:\/\/api.w.org\/{rel}","templated":true}]}}