{"id":1665,"date":"2026-04-20T08:12:28","date_gmt":"2026-04-20T08:12:28","guid":{"rendered":"https:\/\/www.qingfaceramic.com\/?post_type=product&#038;p=1665"},"modified":"2026-04-20T08:17:43","modified_gmt":"2026-04-20T08:17:43","slug":"custom-christmas-tableware","status":"publish","type":"product","link":"https:\/\/www.qingfaceramic.com\/fr\/produit\/custom-christmas-tableware\/","title":{"rendered":"Vaisselle de No\u00ebl personnalis\u00e9e avec motif de c\u0153ur et d'amour gaufr\u00e9"},"content":{"rendered":"<h2 class=\"wp-block-heading\">Caract\u00e9ristiques de la vaisselle de No\u00ebl personnalis\u00e9e<\/h2>\n\n\n\n<div class=\"wp-block-columns is-layout-flex wp-container-core-columns-is-layout-9d6595d7 wp-block-columns-is-layout-flex\">\n<div class=\"wp-block-column is-layout-flow wp-block-column-is-layout-flow\">\n<ol class=\"wp-block-list\">\n<li><strong>Motif unique \u00e0 double gaufrage :<\/strong> Chaque pi\u00e8ce est dot\u00e9e d'un <strong>gravure en relief<\/strong> (texte \u201cLove\u201d et \u00e9l\u00e9gants symboles \"Heart\"), ajoutant une couche de texture tactile et de luxe qui se d\u00e9marque des motifs de vacances habituels.<\/li>\n\n\n\n<li><strong>Vitrification de luxe \u00e0 haute brillance :<\/strong> Rev\u00eatu d'une gla\u00e7ure lisse et brillante de qualit\u00e9 professionnelle qui offre une r\u00e9flexion sup\u00e9rieure de la lumi\u00e8re et r\u00e9siste aux taches, aux rayures et aux craquelures de la gla\u00e7ure.<\/li>\n\n\n\n<li><strong>Gla\u00e7ure artisanale bi-tonale et tri-tonale :<\/strong> Palette de couleurs soigneusement choisie pour les f\u00eates - vert for\u00eat, rouge festif et jaune cr\u00e8me - qui cr\u00e9e un contraste riche et moderne convenant \u00e0 la fois \u00e0 No\u00ebl et \u00e0 une utilisation saisonni\u00e8re plus large.<\/li>\n\n\n\n<li><strong>C\u00e9ramique renforc\u00e9e de qualit\u00e9 commerciale :<\/strong> Fabriqu\u00e9e en gr\u00e8s renforc\u00e9 \u00e0 haute densit\u00e9 et cuite \u00e0 des temp\u00e9ratures extr\u00eames, cette vaisselle est exceptionnellement durable, r\u00e9sistante aux \u00e9clats et r\u00e9sistante \u00e0 long terme.<\/li>\n\n\n\n<li><strong>Solutions compl\u00e8tes de marquage OEM\/ODM :<\/strong> Sp\u00e9cialis\u00e9 dans la personnalisation B2B, il offre une correspondance des couleurs sur mesure, l'int\u00e9gration d'un logo personnalis\u00e9 sur la base, et un emballage cadeau sur mesure pour r\u00e9pondre aux diverses identit\u00e9s de marque.<\/li>\n<\/ol>\n<\/div>\n\n\n\n<div class=\"wp-block-column is-layout-flow wp-block-column-is-layout-flow\">\n<figure class=\"wp-block-image size-full\"><img decoding=\"async\" width=\"800\" height=\"800\" src=\"https:\/\/www.qingfaceramic.com\/wp-content\/uploads\/2026\/04\/Custom-Christmas-Tableware-with-Embossed-Heart-Love-Motif7.webp\" alt=\"Vaisselle de No\u00ebl personnalis\u00e9e avec motif de c\u0153ur et d&#039;amour gaufr\u00e97\" class=\"wp-image-1672\" srcset=\"https:\/\/www.qingfaceramic.com\/wp-content\/uploads\/2026\/04\/Custom-Christmas-Tableware-with-Embossed-Heart-Love-Motif7.webp 800w, https:\/\/www.qingfaceramic.com\/wp-content\/uploads\/2026\/04\/Custom-Christmas-Tableware-with-Embossed-Heart-Love-Motif7-300x300.webp 300w, https:\/\/www.qingfaceramic.com\/wp-content\/uploads\/2026\/04\/Custom-Christmas-Tableware-with-Embossed-Heart-Love-Motif7-150x150.webp 150w, https:\/\/www.qingfaceramic.com\/wp-content\/uploads\/2026\/04\/Custom-Christmas-Tableware-with-Embossed-Heart-Love-Motif7-768x768.webp 768w, https:\/\/www.qingfaceramic.com\/wp-content\/uploads\/2026\/04\/Custom-Christmas-Tableware-with-Embossed-Heart-Love-Motif7-12x12.webp 12w, https:\/\/www.qingfaceramic.com\/wp-content\/uploads\/2026\/04\/Custom-Christmas-Tableware-with-Embossed-Heart-Love-Motif7-600x600.webp 600w, https:\/\/www.qingfaceramic.com\/wp-content\/uploads\/2026\/04\/Custom-Christmas-Tableware-with-Embossed-Heart-Love-Motif7-100x100.webp 100w\" sizes=\"(max-width: 800px) 100vw, 800px\" \/><\/figure>\n\n\n\n<figure class=\"wp-block-image size-full\"><img decoding=\"async\" width=\"800\" height=\"800\" src=\"https:\/\/www.qingfaceramic.com\/wp-content\/uploads\/2026\/04\/Custom-Christmas-Tableware-with-Embossed-Heart-Love-Motif6.webp\" alt=\"Vaisselle de No\u00ebl personnalis\u00e9e avec motif de c\u0153ur et d&#039;amour gaufr\u00e96\" class=\"wp-image-1671\" srcset=\"https:\/\/www.qingfaceramic.com\/wp-content\/uploads\/2026\/04\/Custom-Christmas-Tableware-with-Embossed-Heart-Love-Motif6.webp 800w, https:\/\/www.qingfaceramic.com\/wp-content\/uploads\/2026\/04\/Custom-Christmas-Tableware-with-Embossed-Heart-Love-Motif6-300x300.webp 300w, https:\/\/www.qingfaceramic.com\/wp-content\/uploads\/2026\/04\/Custom-Christmas-Tableware-with-Embossed-Heart-Love-Motif6-150x150.webp 150w, https:\/\/www.qingfaceramic.com\/wp-content\/uploads\/2026\/04\/Custom-Christmas-Tableware-with-Embossed-Heart-Love-Motif6-768x768.webp 768w, https:\/\/www.qingfaceramic.com\/wp-content\/uploads\/2026\/04\/Custom-Christmas-Tableware-with-Embossed-Heart-Love-Motif6-12x12.webp 12w, https:\/\/www.qingfaceramic.com\/wp-content\/uploads\/2026\/04\/Custom-Christmas-Tableware-with-Embossed-Heart-Love-Motif6-600x600.webp 600w, https:\/\/www.qingfaceramic.com\/wp-content\/uploads\/2026\/04\/Custom-Christmas-Tableware-with-Embossed-Heart-Love-Motif6-100x100.webp 100w\" sizes=\"(max-width: 800px) 100vw, 800px\" \/><\/figure>\n<\/div>\n<\/div>\n\n\n\n<div class=\"wp-block-columns is-layout-flex wp-container-core-columns-is-layout-9d6595d7 wp-block-columns-is-layout-flex\">\n<div class=\"wp-block-column is-layout-flow wp-block-column-is-layout-flow\"><\/div>\n\n\n\n<div class=\"wp-block-column is-layout-flow wp-block-column-is-layout-flow\"><\/div>\n\n\n\n<div class=\"wp-block-column is-layout-flow wp-block-column-is-layout-flow\"><\/div>\n<\/div>\n\n\n\n<div class=\"wp-block-columns is-layout-flex wp-container-core-columns-is-layout-9d6595d7 wp-block-columns-is-layout-flex\">\n<div class=\"wp-block-column is-layout-flow wp-block-column-is-layout-flow\"><\/div>\n\n\n\n<div class=\"wp-block-column is-layout-flow wp-block-column-is-layout-flow\"><\/div>\n<\/div>","protected":false},"excerpt":{"rendered":"<p data-start=\"441\" data-end=\"787\">Rehaussez vos collections de f\u00eates avec cette vaisselle de No\u00ebl personnalis\u00e9e. Avec son \u00e9mail brillant et ses \u00e9l\u00e9gants motifs en relief, cet ensemble en c\u00e9ramique de qualit\u00e9 sup\u00e9rieure constitue une solution sophistiqu\u00e9e et sur mesure pour les marques et les cadeaux saisonniers haut de gamme.<\/p>\n<h2>Vaisselle de No\u00ebl personnalis\u00e9e<\/h2>\n<table data-path-to-node=\"13\">\n<thead>\n<tr>\n<td><strong>Objet<\/strong><\/td>\n<td><strong>D\u00e9tails techniques<\/strong><\/td>\n<\/tr>\n<\/thead>\n<tbody>\n<tr>\n<td><span data-path-to-node=\"13,1,0,0\"><b data-path-to-node=\"13,1,0,0\" data-index-in-node=\"0\">Nom du produit<\/b><\/span><\/td>\n<td><span data-path-to-node=\"13,1,1,0\">Service de table de No\u00ebl personnalis\u00e9<\/span><\/td>\n<\/tr>\n<tr>\n<td><span data-path-to-node=\"13,2,0,0\"><b data-path-to-node=\"13,2,0,0\" data-index-in-node=\"0\">Mat\u00e9riau<\/b><\/span><\/td>\n<td><span data-path-to-node=\"13,2,1,0\">Gr\u00e8s renforc\u00e9 de qualit\u00e9 sup\u00e9rieure \/ c\u00e9ramique de qualit\u00e9 AB<\/span><\/td>\n<\/tr>\n<tr>\n<td><span data-path-to-node=\"13,3,0,0\"><b data-path-to-node=\"13,3,0,0\" data-index-in-node=\"0\">Motif gaufr\u00e9<\/b><\/span><\/td>\n<td><span data-path-to-node=\"13,3,1,0\">Gravure en relief (texte \u201cLove\u201d et symbole du c\u0153ur \u00e9l\u00e9gant)<\/span><\/td>\n<\/tr>\n<tr>\n<td><span data-path-to-node=\"13,4,0,0\"><b data-path-to-node=\"13,4,0,0\" data-index-in-node=\"0\">Style de la jante<\/b><\/span><\/td>\n<td><span data-path-to-node=\"13,4,1,0\">Relief de l'anneau concentrique (sur les plaques)<\/span><\/td>\n<\/tr>\n<tr>\n<td><span data-path-to-node=\"13,5,0,0\"><b data-path-to-node=\"13,5,0,0\" data-index-in-node=\"0\">Finition<\/b><\/span><\/td>\n<td><span data-path-to-node=\"13,5,1,0\">Glace vitrifi\u00e9e haute brillance<\/span><\/td>\n<\/tr>\n<tr>\n<td><span data-path-to-node=\"13,6,0,0\"><b data-path-to-node=\"13,6,0,0\" data-index-in-node=\"0\">Options de couleur<\/b><\/span><\/td>\n<td><span data-path-to-node=\"13,6,1,0\">Vert for\u00eat, rouge festif, jaune cr\u00e8me<\/span><\/td>\n<\/tr>\n<tr>\n<td><span data-path-to-node=\"13,7,0,0\"><b data-path-to-node=\"13,7,0,0\" data-index-in-node=\"0\">Artisanat<\/b><\/span><\/td>\n<td><span data-path-to-node=\"13,7,1,0\">C\u00e9ramique cuite \u00e0 haute temp\u00e9rature avec gla\u00e7ure artisanale<\/span><\/td>\n<\/tr>\n<tr>\n<td><span data-path-to-node=\"13,8,0,0\"><b data-path-to-node=\"13,8,0,0\" data-index-in-node=\"0\">Composants de l'ensemble<\/b><\/span><\/td>\n<td><span data-path-to-node=\"13,8,1,0\">Assiettes \u00e0 d\u00eener, assiettes \u00e0 salade\/dessert, tasses \u00e0 caf\u00e9 (vendues individuellement ou en vrac)<\/span><\/td>\n<\/tr>\n<tr>\n<td><span data-path-to-node=\"13,9,0,0\"><b data-path-to-node=\"13,9,0,0\" data-index-in-node=\"0\">Caract\u00e9ristiques principales<\/b><\/span><\/td>\n<td><span data-path-to-node=\"13,9,1,0\"><b data-path-to-node=\"13,9,1,0\" data-index-in-node=\"0\">Glacis r\u00e9sistant \u00e0 la d\u00e9coloration<\/b>, <b data-path-to-node=\"13,9,1,0\" data-index-in-node=\"22\">Conception empilable<\/b>, <b data-path-to-node=\"13,9,1,0\" data-index-in-node=\"40\">Surface r\u00e9sistante aux rayures<\/b><\/span><\/td>\n<\/tr>\n<tr>\n<td><span data-path-to-node=\"13,10,0,0\"><b data-path-to-node=\"13,10,0,0\" data-index-in-node=\"0\">Personnalisation<\/b><\/span><\/td>\n<td><span data-path-to-node=\"13,10,1,0\">Prise en charge des OEM\/ODM en vrac, des logos priv\u00e9s, des couleurs de gla\u00e7age et de l'emballage sur mesure<\/span><\/td>\n<\/tr>\n<tr>\n<td><span data-path-to-node=\"13,11,0,0\"><b data-path-to-node=\"13,11,0,0\" data-index-in-node=\"0\">Norme de s\u00e9curit\u00e9<\/b><\/span><\/td>\n<td><span data-path-to-node=\"13,11,1,0\">Certifi\u00e9 sans plomb, sans cadmium et de qualit\u00e9 alimentaire<\/span><\/td>\n<\/tr>\n<\/tbody>\n<\/table>","protected":false},"featured_media":1670,"comment_status":"closed","ping_status":"closed","template":"","meta":{"_acf_changed":false},"market":[],"product_brand":[],"product_cat":[19,35],"product_tag":[],"class_list":{"0":"post-1665","1":"product","2":"type-product","3":"status-publish","4":"has-post-thumbnail","6":"product_cat-custom-dinnerware-manufacturer","7":"product_cat-custom-dinnerware-sets","9":"first","10":"instock","11":"shipping-taxable","12":"product-type-simple"},"acf":[],"_links":{"self":[{"href":"https:\/\/www.qingfaceramic.com\/fr\/wp-json\/wp\/v2\/product\/1665","targetHints":{"allow":["GET"]}}],"collection":[{"href":"https:\/\/www.qingfaceramic.com\/fr\/wp-json\/wp\/v2\/product"}],"about":[{"href":"https:\/\/www.qingfaceramic.com\/fr\/wp-json\/wp\/v2\/types\/product"}],"replies":[{"embeddable":true,"href":"https:\/\/www.qingfaceramic.com\/fr\/wp-json\/wp\/v2\/comments?post=1665"}],"wp:featuredmedia":[{"embeddable":true,"href":"https:\/\/www.qingfaceramic.com\/fr\/wp-json\/wp\/v2\/media\/1670"}],"wp:attachment":[{"href":"https:\/\/www.qingfaceramic.com\/fr\/wp-json\/wp\/v2\/media?parent=1665"}],"wp:term":[{"taxonomy":"market","embeddable":true,"href":"https:\/\/www.qingfaceramic.com\/fr\/wp-json\/wp\/v2\/market?post=1665"},{"taxonomy":"product_brand","embeddable":true,"href":"https:\/\/www.qingfaceramic.com\/fr\/wp-json\/wp\/v2\/product_brand?post=1665"},{"taxonomy":"product_cat","embeddable":true,"href":"https:\/\/www.qingfaceramic.com\/fr\/wp-json\/wp\/v2\/product_cat?post=1665"},{"taxonomy":"product_tag","embeddable":true,"href":"https:\/\/www.qingfaceramic.com\/fr\/wp-json\/wp\/v2\/product_tag?post=1665"}],"curies":[{"name":"wp","href":"https:\/\/api.w.org\/{rel}","templated":true}]}}