{"id":1655,"date":"2026-04-20T08:03:04","date_gmt":"2026-04-20T08:03:04","guid":{"rendered":"https:\/\/www.qingfaceramic.com\/?post_type=product&#038;p=1655"},"modified":"2026-04-20T08:08:36","modified_gmt":"2026-04-20T08:08:36","slug":"custom-christmas-tree-cup","status":"publish","type":"product","link":"https:\/\/www.qingfaceramic.com\/fr\/produit\/custom-christmas-tree-cup\/","title":{"rendered":"Tasse de No\u00ebl personnalis\u00e9e - Tasse de No\u00ebl en c\u00e9ramique en forme d'arbre avec anse en or"},"content":{"rendered":"<h2 class=\"wp-block-heading\">Caract\u00e9ristiques du gobelet de sapin de No\u00ebl personnalis\u00e9<\/h2>\n\n\n\n<div class=\"wp-block-columns is-layout-flex wp-container-core-columns-is-layout-9d6595d7 wp-block-columns-is-layout-flex\">\n<div class=\"wp-block-column is-layout-flow wp-block-column-is-layout-flow\">\n<p><strong>Silhouette embl\u00e9matique en forme d'arbre :<\/strong> Le design unique en gradins imite les couches d'un arbre de No\u00ebl, offrant une esth\u00e9tique cr\u00e9ative et festive qui se d\u00e9marque sur n'importe quelle \u00e9tag\u00e8re.<\/p>\n\n\n\n<p><strong>Poign\u00e9e de luxe plaqu\u00e9e or :<\/strong> \u00c9quip\u00e9 d'une poign\u00e9e ergonomique finie en or \u00e9lectroplaqu\u00e9 haut de gamme, ajoutant un contraste sophistiqu\u00e9 \u00e0 l'\u00e9mail festif vibrant.<\/p>\n\n\n\n<p><strong>Gla\u00e7age artisanal de premi\u00e8re qualit\u00e9 :<\/strong> D\u00e9cor\u00e9s de points ornementaux m\u00e9talliques dor\u00e9s et d'une finition brillante, les couleurs restent vives et r\u00e9sistent \u00e0 la d\u00e9coloration pendant des ann\u00e9es d'utilisation pendant les f\u00eates.<\/p>\n\n\n\n<p><strong>C\u00e9ramique de qualit\u00e9 commerciale :<\/strong> Fabriqu\u00e9 en gr\u00e8s renforc\u00e9 pour une durabilit\u00e9 et une r\u00e9tention de la chaleur sup\u00e9rieures, il est id\u00e9al pour servir tout type de boisson, du chocolat chaud au caf\u00e9 latte festif.<\/p>\n\n\n\n<p><strong>Personnalisation professionnelle :<\/strong> Enti\u00e8rement adaptable aux besoins B2B, y compris les couleurs personnalis\u00e9es, l'emplacement du logo sur la base et l'emballage professionnel pour les f\u00eates de fin d'ann\u00e9e.<\/p>\n<\/div>\n\n\n\n<div class=\"wp-block-column is-layout-flow wp-block-column-is-layout-flow\">\n<figure class=\"wp-block-image size-full\"><img decoding=\"async\" width=\"800\" height=\"800\" src=\"https:\/\/www.qingfaceramic.com\/wp-content\/uploads\/2026\/04\/Custom-Christmas-Tree-Cup11.webp\" alt=\"Coupe de sapin de No\u00ebl personnalis\u00e9e11\" class=\"wp-image-1663\" srcset=\"https:\/\/www.qingfaceramic.com\/wp-content\/uploads\/2026\/04\/Custom-Christmas-Tree-Cup11.webp 800w, https:\/\/www.qingfaceramic.com\/wp-content\/uploads\/2026\/04\/Custom-Christmas-Tree-Cup11-300x300.webp 300w, https:\/\/www.qingfaceramic.com\/wp-content\/uploads\/2026\/04\/Custom-Christmas-Tree-Cup11-150x150.webp 150w, https:\/\/www.qingfaceramic.com\/wp-content\/uploads\/2026\/04\/Custom-Christmas-Tree-Cup11-768x768.webp 768w, https:\/\/www.qingfaceramic.com\/wp-content\/uploads\/2026\/04\/Custom-Christmas-Tree-Cup11-12x12.webp 12w, https:\/\/www.qingfaceramic.com\/wp-content\/uploads\/2026\/04\/Custom-Christmas-Tree-Cup11-600x600.webp 600w, https:\/\/www.qingfaceramic.com\/wp-content\/uploads\/2026\/04\/Custom-Christmas-Tree-Cup11-100x100.webp 100w\" sizes=\"(max-width: 800px) 100vw, 800px\" \/><\/figure>\n<\/div>\n<\/div>\n\n\n\n<div class=\"wp-block-columns is-layout-flex wp-container-core-columns-is-layout-9d6595d7 wp-block-columns-is-layout-flex\">\n<div class=\"wp-block-column is-layout-flow wp-block-column-is-layout-flow\"><\/div>\n\n\n\n<div class=\"wp-block-column is-layout-flow wp-block-column-is-layout-flow\"><\/div>\n<\/div>","protected":false},"excerpt":{"rendered":"<p data-start=\"428\" data-end=\"756\">Apportez la magie des f\u00eates \u00e0 votre table avec cette tasse personnalis\u00e9e en forme de sapin de No\u00ebl. Con\u00e7ue avec une silhouette distinctive en gradins qui imite parfaitement un arbre festif, cette tasse en c\u00e9ramique de qualit\u00e9 sup\u00e9rieure est dot\u00e9e d'une poign\u00e9e dor\u00e9e luxueuse et d'accents \u00e9l\u00e9gants, ce qui en fait une pi\u00e8ce remarquable pour les marques saisonni\u00e8res et les collections de cadeaux.<\/p>\n<h2>Param\u00e8tre pour gobelet de sapin de No\u00ebl personnalis\u00e9<\/h2>\n<table data-path-to-node=\"4\">\n<thead>\n<tr>\n<td><strong>Objet<\/strong><\/td>\n<td><strong>D\u00e9tails techniques<\/strong><\/td>\n<\/tr>\n<\/thead>\n<tbody>\n<tr>\n<td><span data-path-to-node=\"4,1,0,0\"><b data-path-to-node=\"4,1,0,0\" data-index-in-node=\"0\">Nom du produit<\/b><\/span><\/td>\n<td><span data-path-to-node=\"4,1,1,0\">Coupe de sapin de No\u00ebl personnalis\u00e9e<\/span><\/td>\n<\/tr>\n<tr>\n<td><span data-path-to-node=\"4,2,0,0\"><b data-path-to-node=\"4,2,0,0\" data-index-in-node=\"0\">Mat\u00e9riau<\/b><\/span><\/td>\n<td><span data-path-to-node=\"4,2,1,0\">C\u00e9ramique renforc\u00e9e de qualit\u00e9 sup\u00e9rieure \/ Gr\u00e8s de qualit\u00e9 sup\u00e9rieure<\/span><\/td>\n<\/tr>\n<tr>\n<td><span data-path-to-node=\"4,3,0,0\"><b data-path-to-node=\"4,3,0,0\" data-index-in-node=\"0\">Forme de la conception<\/b><\/span><\/td>\n<td><span data-path-to-node=\"4,3,1,0\">Silhouette de sapin de No\u00ebl \u00e0 \u00e9tages stylis\u00e9<\/span><\/td>\n<\/tr>\n<tr>\n<td><span data-path-to-node=\"4,4,0,0\"><b data-path-to-node=\"4,4,0,0\" data-index-in-node=\"0\">Poign\u00e9e artisanale<\/b><\/span><\/td>\n<td><span data-path-to-node=\"4,4,1,0\">Poign\u00e9e ergonomique en forme de C avec finition luxueuse en or galvanis\u00e9<\/span><\/td>\n<\/tr>\n<tr>\n<td><span data-path-to-node=\"4,5,0,0\"><b data-path-to-node=\"4,5,0,0\" data-index-in-node=\"0\">Finition<\/b><\/span><\/td>\n<td><span data-path-to-node=\"4,5,1,0\">Gla\u00e7ure vitrifi\u00e9e tr\u00e8s brillante avec accents ornementaux en or m\u00e9tallique<\/span><\/td>\n<\/tr>\n<tr>\n<td><span data-path-to-node=\"4,6,0,0\"><b data-path-to-node=\"4,6,0,0\" data-index-in-node=\"0\">Style de la jante<\/b><\/span><\/td>\n<td><span data-path-to-node=\"4,6,1,0\">Bordure festonn\u00e9e et ondul\u00e9e (imitant les strates de la cime des arbres)<\/span><\/td>\n<\/tr>\n<tr>\n<td><span data-path-to-node=\"4,7,0,0\"><b data-path-to-node=\"4,7,0,0\" data-index-in-node=\"0\">Options de couleur<\/b><\/span><\/td>\n<td><span data-path-to-node=\"4,7,1,0\">Vert for\u00eat, rouge festif (couleurs de gla\u00e7age personnalis\u00e9es disponibles)<\/span><\/td>\n<\/tr>\n<tr>\n<td><span data-path-to-node=\"4,8,0,0\"><b data-path-to-node=\"4,8,0,0\" data-index-in-node=\"0\">Texture du corps<\/b><\/span><\/td>\n<td><span data-path-to-node=\"4,8,1,0\">Moulure \u00e0 vagues horizontales \u00e0 3 niveaux<\/span><\/td>\n<\/tr>\n<tr>\n<td><span data-path-to-node=\"4,9,0,0\"><b data-path-to-node=\"4,9,0,0\" data-index-in-node=\"0\">Caract\u00e9ristiques principales<\/b><\/span><\/td>\n<td><span data-path-to-node=\"4,9,1,0\"><b data-path-to-node=\"4,9,1,0\" data-index-in-node=\"0\">Glacis r\u00e9sistant \u00e0 la d\u00e9coloration<\/b>, <b data-path-to-node=\"4,9,1,0\" data-index-in-node=\"22\">R\u00e9tention thermique \u00e9lev\u00e9e<\/b>, <b data-path-to-node=\"4,9,1,0\" data-index-in-node=\"46\">R\u00e9sistant aux \u00e9clats<\/b><\/span><\/td>\n<\/tr>\n<tr>\n<td><span data-path-to-node=\"4,10,0,0\"><b data-path-to-node=\"4,10,0,0\" data-index-in-node=\"0\">Artisanat<\/b><\/span><\/td>\n<td><span data-path-to-node=\"4,10,1,0\">C\u00e9ramique cuite \u00e0 haute temp\u00e9rature + placage ionique sous vide<\/span><\/td>\n<\/tr>\n<tr>\n<td><span data-path-to-node=\"4,11,0,0\"><b data-path-to-node=\"4,11,0,0\" data-index-in-node=\"0\">Personnalisation<\/b><\/span><\/td>\n<td><span data-path-to-node=\"4,11,1,0\">Prise en charge de l'OEM\/ODM en vrac, du logo priv\u00e9 et de l'emballage sur mesure<\/span><\/td>\n<\/tr>\n<tr>\n<td><span data-path-to-node=\"4,12,0,0\"><b data-path-to-node=\"4,12,0,0\" data-index-in-node=\"0\">Norme de s\u00e9curit\u00e9<\/b><\/span><\/td>\n<td><span data-path-to-node=\"4,12,1,0\">Certifi\u00e9 sans plomb, sans cadmium et de qualit\u00e9 alimentaire<\/span><\/td>\n<\/tr>\n<\/tbody>\n<\/table>","protected":false},"featured_media":1657,"comment_status":"closed","ping_status":"closed","template":"","meta":{"_acf_changed":false},"market":[],"product_brand":[],"product_cat":[17,28],"product_tag":[],"class_list":{"0":"post-1655","1":"product","2":"type-product","3":"status-publish","4":"has-post-thumbnail","6":"product_cat-custom-coffee-cups","7":"product_cat-custom-coffee-mugs","9":"first","10":"instock","11":"shipping-taxable","12":"product-type-simple"},"acf":[],"_links":{"self":[{"href":"https:\/\/www.qingfaceramic.com\/fr\/wp-json\/wp\/v2\/product\/1655","targetHints":{"allow":["GET"]}}],"collection":[{"href":"https:\/\/www.qingfaceramic.com\/fr\/wp-json\/wp\/v2\/product"}],"about":[{"href":"https:\/\/www.qingfaceramic.com\/fr\/wp-json\/wp\/v2\/types\/product"}],"replies":[{"embeddable":true,"href":"https:\/\/www.qingfaceramic.com\/fr\/wp-json\/wp\/v2\/comments?post=1655"}],"wp:featuredmedia":[{"embeddable":true,"href":"https:\/\/www.qingfaceramic.com\/fr\/wp-json\/wp\/v2\/media\/1657"}],"wp:attachment":[{"href":"https:\/\/www.qingfaceramic.com\/fr\/wp-json\/wp\/v2\/media?parent=1655"}],"wp:term":[{"taxonomy":"market","embeddable":true,"href":"https:\/\/www.qingfaceramic.com\/fr\/wp-json\/wp\/v2\/market?post=1655"},{"taxonomy":"product_brand","embeddable":true,"href":"https:\/\/www.qingfaceramic.com\/fr\/wp-json\/wp\/v2\/product_brand?post=1655"},{"taxonomy":"product_cat","embeddable":true,"href":"https:\/\/www.qingfaceramic.com\/fr\/wp-json\/wp\/v2\/product_cat?post=1655"},{"taxonomy":"product_tag","embeddable":true,"href":"https:\/\/www.qingfaceramic.com\/fr\/wp-json\/wp\/v2\/product_tag?post=1655"}],"curies":[{"name":"wp","href":"https:\/\/api.w.org\/{rel}","templated":true}]}}