{"id":1646,"date":"2026-04-20T07:44:50","date_gmt":"2026-04-20T07:44:50","guid":{"rendered":"https:\/\/www.qingfaceramic.com\/?post_type=product&#038;p=1646"},"modified":"2026-04-20T07:53:58","modified_gmt":"2026-04-20T07:53:58","slug":"custom-christmas-mug-creative-ceramic-holiday-mug","status":"publish","type":"product","link":"https:\/\/www.qingfaceramic.com\/fr\/produit\/custom-christmas-mug-creative-ceramic-holiday-mug\/","title":{"rendered":"Tasse de No\u00ebl personnalis\u00e9e Tasse de No\u00ebl cr\u00e9ative en c\u00e9ramique avec socle"},"content":{"rendered":"<h2 class=\"wp-block-heading\">Caract\u00e9ristiques du mug de No\u00ebl personnalis\u00e9<\/h2>\n\n\n\n<div class=\"wp-block-columns is-layout-flex wp-container-core-columns-is-layout-9d6595d7 wp-block-columns-is-layout-flex\">\n<div class=\"wp-block-column is-layout-flow wp-block-column-is-layout-flow\">\n<p><strong>Design cr\u00e9atif pour les f\u00eates de fin d'ann\u00e9e<\/strong><br>La base sur\u00e9lev\u00e9e unique du pi\u00e9destal et la forme large du goulot cr\u00e9ent une exp\u00e9rience festive distinctive et accrocheuse.<\/p>\n\n\n\n<p><strong>Construction en c\u00e9ramique de premi\u00e8re qualit\u00e9<\/strong><br>Fabriqu\u00e9 en c\u00e9ramique durable ou en porcelaine de Chine avec une finition lisse et \u00e9maill\u00e9e pour une utilisation durable et un aspect raffin\u00e9.<\/p>\n\n\n\n<p><strong>D\u00e9tail cach\u00e9 interactif<\/strong><br>L'\u00e9l\u00e9ment int\u00e9rieur 3D int\u00e9gr\u00e9 ajoute une touche amusante et surprenante, am\u00e9liorant l'exp\u00e9rience de l'utilisateur et l'attrait du cadeau.<\/p>\n\n\n\n<p><strong>Utilisation confortable et fonctionnelle<\/strong><br>La poign\u00e9e ergonomique en forme de C et la conception de l'isolation thermique garantissent une prise en main confortable et une exp\u00e9rience de consommation agr\u00e9able.<\/p>\n\n\n\n<p><strong>Possibilit\u00e9 de personnalisation OEM\/ODM<\/strong><br>Il permet de personnaliser les couleurs, les motifs, les formes et les emballages cadeaux, ce qui est id\u00e9al pour les collections saisonni\u00e8res et les produits de marque.<\/p>\n<\/div>\n\n\n\n<div class=\"wp-block-column is-layout-flow wp-block-column-is-layout-flow\">\n<figure class=\"wp-block-image size-full\"><img decoding=\"async\" width=\"800\" height=\"800\" src=\"https:\/\/www.qingfaceramic.com\/wp-content\/uploads\/2026\/04\/Custom-Christmas-Mug3.webp\" alt=\"Mug de No\u00ebl personnalis\u00e93\" class=\"wp-image-1648\" srcset=\"https:\/\/www.qingfaceramic.com\/wp-content\/uploads\/2026\/04\/Custom-Christmas-Mug3.webp 800w, https:\/\/www.qingfaceramic.com\/wp-content\/uploads\/2026\/04\/Custom-Christmas-Mug3-300x300.webp 300w, https:\/\/www.qingfaceramic.com\/wp-content\/uploads\/2026\/04\/Custom-Christmas-Mug3-150x150.webp 150w, https:\/\/www.qingfaceramic.com\/wp-content\/uploads\/2026\/04\/Custom-Christmas-Mug3-768x768.webp 768w, https:\/\/www.qingfaceramic.com\/wp-content\/uploads\/2026\/04\/Custom-Christmas-Mug3-12x12.webp 12w, https:\/\/www.qingfaceramic.com\/wp-content\/uploads\/2026\/04\/Custom-Christmas-Mug3-600x600.webp 600w, https:\/\/www.qingfaceramic.com\/wp-content\/uploads\/2026\/04\/Custom-Christmas-Mug3-100x100.webp 100w\" sizes=\"(max-width: 800px) 100vw, 800px\" \/><\/figure>\n<\/div>\n<\/div>\n\n\n\n<div class=\"wp-block-columns is-layout-flex wp-container-core-columns-is-layout-9d6595d7 wp-block-columns-is-layout-flex\">\n<div class=\"wp-block-column is-layout-flow wp-block-column-is-layout-flow\"><\/div>\n\n\n\n<div class=\"wp-block-column is-layout-flow wp-block-column-is-layout-flow\"><\/div>\n<\/div>","protected":false},"excerpt":{"rendered":"<p data-start=\"428\" data-end=\"756\">Notre mug de No\u00ebl personnalis\u00e9 est dot\u00e9 d'un pi\u00e9destal cr\u00e9atif et d'une finition c\u00e9ramique brillante. Il est id\u00e9al pour les boissons festives, les cadeaux de fin d'ann\u00e9e et le marquage personnalis\u00e9 OEM.<\/p>\n<h2>Tasse de No\u00ebl personnalis\u00e9e Param\u00e8tre<\/h2>\n<table data-path-to-node=\"1\">\n<thead>\n<tr>\n<td><strong>Objet<\/strong><\/td>\n<td><strong>D\u00e9tails techniques<\/strong><\/td>\n<\/tr>\n<\/thead>\n<tbody>\n<tr>\n<td><span data-path-to-node=\"1,1,0,0\"><b data-path-to-node=\"1,1,0,0\" data-index-in-node=\"0\">Nom du produit<\/b><\/span><\/td>\n<td><span data-path-to-node=\"1,1,1,0\">\u00a0Mug de No\u00ebl<\/span><\/td>\n<\/tr>\n<tr>\n<td><span data-path-to-node=\"1,2,0,0\"><b data-path-to-node=\"1,2,0,0\" data-index-in-node=\"0\">Mat\u00e9riau<\/b><\/span><\/td>\n<td><span data-path-to-node=\"1,2,1,0\">C\u00e9ramique durable de haute qualit\u00e9 \/ New Bone China<\/span><\/td>\n<\/tr>\n<tr>\n<td><span data-path-to-node=\"1,3,0,0\"><b data-path-to-node=\"1,3,0,0\" data-index-in-node=\"0\">Style de conception<\/b><\/span><\/td>\n<td><span data-path-to-node=\"1,3,1,0\">Th\u00e8mes des f\u00eates (bonhomme de pain d'\u00e9pice, flocons de neige, pois)<\/span><\/td>\n<\/tr>\n<tr>\n<td><span data-path-to-node=\"1,4,0,0\"><b data-path-to-node=\"1,4,0,0\" data-index-in-node=\"0\">Structure du corps<\/b><\/span><\/td>\n<td><span data-path-to-node=\"1,4,1,0\">Forme de la cuvette \u00e0 large ouverture avec un \u00e9l\u00e9gant socle sur\u00e9lev\u00e9<\/span><\/td>\n<\/tr>\n<tr>\n<td><span data-path-to-node=\"1,5,0,0\"><b data-path-to-node=\"1,5,0,0\" data-index-in-node=\"0\">Type de poign\u00e9e<\/b><\/span><\/td>\n<td><span data-path-to-node=\"1,5,1,0\">Poign\u00e9e ergonomique en forme de C pour une meilleure prise en main<\/span><\/td>\n<\/tr>\n<tr>\n<td><span data-path-to-node=\"1,6,0,0\"><b data-path-to-node=\"1,6,0,0\" data-index-in-node=\"0\">Finition<\/b><\/span><\/td>\n<td><span data-path-to-node=\"1,6,1,0\">Glacis lisse haute brillance avec lettrage en or m\u00e9tallis\u00e9<\/span><\/td>\n<\/tr>\n<tr>\n<td><span data-path-to-node=\"1,7,0,0\"><b data-path-to-node=\"1,7,0,0\" data-index-in-node=\"0\">Options de couleur<\/b><\/span><\/td>\n<td><span data-path-to-node=\"1,7,1,0\">Rouge festif, vert for\u00eat, blanc cr\u00e8me<\/span><\/td>\n<\/tr>\n<tr>\n<td><span data-path-to-node=\"1,8,0,0\"><b data-path-to-node=\"1,8,0,0\" data-index-in-node=\"0\">D\u00e9tail interne<\/b><\/span><\/td>\n<td><span data-path-to-node=\"1,8,1,0\">Figurines miniatures 3D \u201csurprise cach\u00e9e\u201d (par exemple, bonhomme de pain d'\u00e9pice)<\/span><\/td>\n<\/tr>\n<tr>\n<td><span data-path-to-node=\"1,9,0,0\"><b data-path-to-node=\"1,9,0,0\" data-index-in-node=\"0\">Caract\u00e9ristiques principales<\/b><\/span><\/td>\n<td><span data-path-to-node=\"1,9,1,0\"><b data-path-to-node=\"1,9,1,0\" data-index-in-node=\"0\">Conception empilable<\/b>, <b data-path-to-node=\"1,9,1,0\" data-index-in-node=\"18\">Isolation thermique<\/b>, <b data-path-to-node=\"1,9,1,0\" data-index-in-node=\"38\">Couleurs vives r\u00e9sistantes \u00e0 la d\u00e9coloration<\/b><\/span><\/td>\n<\/tr>\n<tr>\n<td><span data-path-to-node=\"1,10,0,0\"><b data-path-to-node=\"1,10,0,0\" data-index-in-node=\"0\">Personnalisation<\/b><\/span><\/td>\n<td><span data-path-to-node=\"1,10,1,0\">Prise en charge des OEM\/ODM en vrac (mod\u00e8les, formes et emballages cadeaux personnalis\u00e9s)<\/span><\/td>\n<\/tr>\n<tr>\n<td><span data-path-to-node=\"1,11,0,0\"><b data-path-to-node=\"1,11,0,0\" data-index-in-node=\"0\">Norme de s\u00e9curit\u00e9<\/b><\/span><\/td>\n<td><span data-path-to-node=\"1,11,1,0\">Certifi\u00e9 sans plomb, sans cadmium et de qualit\u00e9 alimentaire<\/span><\/td>\n<\/tr>\n<\/tbody>\n<\/table>","protected":false},"featured_media":1649,"comment_status":"closed","ping_status":"closed","template":"","meta":{"_acf_changed":false},"market":[],"product_brand":[],"product_cat":[17,28],"product_tag":[],"class_list":{"0":"post-1646","1":"product","2":"type-product","3":"status-publish","4":"has-post-thumbnail","6":"product_cat-custom-coffee-cups","7":"product_cat-custom-coffee-mugs","9":"first","10":"instock","11":"shipping-taxable","12":"product-type-simple"},"acf":[],"_links":{"self":[{"href":"https:\/\/www.qingfaceramic.com\/fr\/wp-json\/wp\/v2\/product\/1646","targetHints":{"allow":["GET"]}}],"collection":[{"href":"https:\/\/www.qingfaceramic.com\/fr\/wp-json\/wp\/v2\/product"}],"about":[{"href":"https:\/\/www.qingfaceramic.com\/fr\/wp-json\/wp\/v2\/types\/product"}],"replies":[{"embeddable":true,"href":"https:\/\/www.qingfaceramic.com\/fr\/wp-json\/wp\/v2\/comments?post=1646"}],"wp:featuredmedia":[{"embeddable":true,"href":"https:\/\/www.qingfaceramic.com\/fr\/wp-json\/wp\/v2\/media\/1649"}],"wp:attachment":[{"href":"https:\/\/www.qingfaceramic.com\/fr\/wp-json\/wp\/v2\/media?parent=1646"}],"wp:term":[{"taxonomy":"market","embeddable":true,"href":"https:\/\/www.qingfaceramic.com\/fr\/wp-json\/wp\/v2\/market?post=1646"},{"taxonomy":"product_brand","embeddable":true,"href":"https:\/\/www.qingfaceramic.com\/fr\/wp-json\/wp\/v2\/product_brand?post=1646"},{"taxonomy":"product_cat","embeddable":true,"href":"https:\/\/www.qingfaceramic.com\/fr\/wp-json\/wp\/v2\/product_cat?post=1646"},{"taxonomy":"product_tag","embeddable":true,"href":"https:\/\/www.qingfaceramic.com\/fr\/wp-json\/wp\/v2\/product_tag?post=1646"}],"curies":[{"name":"wp","href":"https:\/\/api.w.org\/{rel}","templated":true}]}}