{"id":1625,"date":"2026-04-18T10:13:31","date_gmt":"2026-04-18T10:13:31","guid":{"rendered":"https:\/\/www.qingfaceramic.com\/?post_type=product&#038;p=1625"},"modified":"2026-04-20T07:44:27","modified_gmt":"2026-04-20T07:44:27","slug":"custom-jujube-bowl-coffee-cup-set","status":"publish","type":"product","link":"https:\/\/www.qingfaceramic.com\/fr\/produit\/custom-jujube-bowl-coffee-cup-set\/","title":{"rendered":"Set de tasses \u00e0 caf\u00e9 Jujube personnalis\u00e9"},"content":{"rendered":"<h2 class=\"wp-block-heading\">Caract\u00e9ristiques de l'ensemble de tasses \u00e0 caf\u00e9 Jujube personnalis\u00e9es <\/h2>\n\n\n\n<div class=\"wp-block-columns is-layout-flex wp-container-core-columns-is-layout-9d6595d7 wp-block-columns-is-layout-flex\">\n<div class=\"wp-block-column is-layout-flow wp-block-column-is-layout-flow\">\n<p>1<strong>. Conception innovante du service tout-en-un<\/strong><br>Un bol \u00e0 jujube \u00e0 couvercle central avec 6 tasses \u00e0 caf\u00e9 int\u00e9gr\u00e9es, combinant le service, le stockage et la pr\u00e9sentation en une seule structure \u00e9l\u00e9gante.<\/p>\n\n\n\n<p><strong>2. Construction en c\u00e9ramique haute temp\u00e9rature de premi\u00e8re qualit\u00e9<\/strong><br>Fabriqu\u00e9 en gr\u00e8s durable avec une cuisson \u00e0 haute temp\u00e9rature, il garantit la solidit\u00e9, la r\u00e9sistance aux \u00e9clats et une utilisation commerciale \u00e0 long terme.<\/p>\n\n\n\n<p><strong>3. D\u00e9cor de palmier en relief culturel<\/strong><br>Le raffinement de l'artisanat en relief ajoute une esth\u00e9tique distinctive inspir\u00e9e du Moyen-Orient, renfor\u00e7ant ainsi la richesse visuelle et l'identit\u00e9 culturelle.<\/p>\n\n\n\n<p><strong>4. Finition vitrifi\u00e9e \u00e0 haute brillance<\/strong><br>La surface lisse et brillante donne un aspect haut de gamme tout en offrant une excellente r\u00e9sistance aux taches et un nettoyage facile.<\/p>\n\n\n\n<p><strong>5. Support de personnalisation OEM\/ODM<\/strong><br>Options de personnalisation flexibles comprenant les couleurs de gla\u00e7age, l'impression de logos et la conception d'emballages pour les projets de marque et de vente en gros.<\/p>\n<\/div>\n\n\n\n<div class=\"wp-block-column is-layout-flow wp-block-column-is-layout-flow\">\n<figure class=\"wp-block-image size-full\"><img decoding=\"async\" width=\"800\" height=\"800\" src=\"https:\/\/www.qingfaceramic.com\/wp-content\/uploads\/2026\/04\/Custom-Jujube-Bowl-Coffee-Cup-Set7.webp\" alt=\"Set de tasses \u00e0 caf\u00e9 Jujube personnalis\u00e97\" class=\"wp-image-1632\" srcset=\"https:\/\/www.qingfaceramic.com\/wp-content\/uploads\/2026\/04\/Custom-Jujube-Bowl-Coffee-Cup-Set7.webp 800w, https:\/\/www.qingfaceramic.com\/wp-content\/uploads\/2026\/04\/Custom-Jujube-Bowl-Coffee-Cup-Set7-300x300.webp 300w, https:\/\/www.qingfaceramic.com\/wp-content\/uploads\/2026\/04\/Custom-Jujube-Bowl-Coffee-Cup-Set7-150x150.webp 150w, https:\/\/www.qingfaceramic.com\/wp-content\/uploads\/2026\/04\/Custom-Jujube-Bowl-Coffee-Cup-Set7-768x768.webp 768w, https:\/\/www.qingfaceramic.com\/wp-content\/uploads\/2026\/04\/Custom-Jujube-Bowl-Coffee-Cup-Set7-12x12.webp 12w, https:\/\/www.qingfaceramic.com\/wp-content\/uploads\/2026\/04\/Custom-Jujube-Bowl-Coffee-Cup-Set7-600x600.webp 600w, https:\/\/www.qingfaceramic.com\/wp-content\/uploads\/2026\/04\/Custom-Jujube-Bowl-Coffee-Cup-Set7-100x100.webp 100w\" sizes=\"(max-width: 800px) 100vw, 800px\" \/><\/figure>\n\n\n\n<figure class=\"wp-block-image size-full\"><img decoding=\"async\" width=\"750\" height=\"531\" src=\"https:\/\/www.qingfaceramic.com\/wp-content\/uploads\/2026\/01\/custom-ceramic-coffee-mug6.webp\" alt=\"Tasse \u00e0 caf\u00e9 en c\u00e9ramique personnalis\u00e9e6\" class=\"wp-image-609\" srcset=\"https:\/\/www.qingfaceramic.com\/wp-content\/uploads\/2026\/01\/custom-ceramic-coffee-mug6.webp 750w, https:\/\/www.qingfaceramic.com\/wp-content\/uploads\/2026\/01\/custom-ceramic-coffee-mug6-300x212.webp 300w, https:\/\/www.qingfaceramic.com\/wp-content\/uploads\/2026\/01\/custom-ceramic-coffee-mug6-600x425.webp 600w\" sizes=\"(max-width: 750px) 100vw, 750px\" \/><\/figure>\n<\/div>\n<\/div>\n\n\n\n<div class=\"wp-block-columns is-layout-flex wp-container-core-columns-is-layout-9d6595d7 wp-block-columns-is-layout-flex\">\n<div class=\"wp-block-column is-layout-flow wp-block-column-is-layout-flow\">\n<figure class=\"wp-block-image size-full\"><img decoding=\"async\" width=\"750\" height=\"582\" src=\"https:\/\/www.qingfaceramic.com\/wp-content\/uploads\/2026\/01\/custom-ceramic-coffee-mug8.webp\" alt=\"Tasse \u00e0 caf\u00e9 en c\u00e9ramique personnalis\u00e9e8\" class=\"wp-image-611\" srcset=\"https:\/\/www.qingfaceramic.com\/wp-content\/uploads\/2026\/01\/custom-ceramic-coffee-mug8.webp 750w, https:\/\/www.qingfaceramic.com\/wp-content\/uploads\/2026\/01\/custom-ceramic-coffee-mug8-300x233.webp 300w, https:\/\/www.qingfaceramic.com\/wp-content\/uploads\/2026\/01\/custom-ceramic-coffee-mug8-600x466.webp 600w\" sizes=\"(max-width: 750px) 100vw, 750px\" \/><\/figure>\n<\/div>\n\n\n\n<div class=\"wp-block-column is-layout-flow wp-block-column-is-layout-flow\">\n<figure class=\"wp-block-image size-full\"><img decoding=\"async\" width=\"988\" height=\"988\" src=\"https:\/\/www.qingfaceramic.com\/wp-content\/uploads\/2026\/01\/Custom-Ceramic-Coffee-Mug1.webp\" alt=\"Tasse \u00e0 caf\u00e9 en c\u00e9ramique personnalis\u00e9e1\" class=\"wp-image-608\" srcset=\"https:\/\/www.qingfaceramic.com\/wp-content\/uploads\/2026\/01\/Custom-Ceramic-Coffee-Mug1.webp 988w, https:\/\/www.qingfaceramic.com\/wp-content\/uploads\/2026\/01\/Custom-Ceramic-Coffee-Mug1-300x300.webp 300w, https:\/\/www.qingfaceramic.com\/wp-content\/uploads\/2026\/01\/Custom-Ceramic-Coffee-Mug1-150x150.webp 150w, https:\/\/www.qingfaceramic.com\/wp-content\/uploads\/2026\/01\/Custom-Ceramic-Coffee-Mug1-768x768.webp 768w, https:\/\/www.qingfaceramic.com\/wp-content\/uploads\/2026\/01\/Custom-Ceramic-Coffee-Mug1-600x600.webp 600w, https:\/\/www.qingfaceramic.com\/wp-content\/uploads\/2026\/01\/Custom-Ceramic-Coffee-Mug1-100x100.webp 100w\" sizes=\"(max-width: 988px) 100vw, 988px\" \/><\/figure>\n<\/div>\n<\/div>","protected":false},"excerpt":{"rendered":"<p>Notre ensemble de tasses \u00e0 caf\u00e9 avec bol en jujube pr\u00e9sente un design innovant de service tout-en-un inspir\u00e9 de l'hospitalit\u00e9 traditionnelle du Moyen-Orient, combinant l'artisanat de la c\u00e9ramique en forme de palmier gaufr\u00e9 avec une structure int\u00e9gr\u00e9e moderne, id\u00e9ale pour le service de th\u00e9 et de caf\u00e9 de luxe, les boutiques d'hospitalit\u00e9 et les collections de cadeaux culturels haut de gamme.<\/p>\n<h2>Set de tasses \u00e0 caf\u00e9 Jujube personnalis\u00e9 Param\u00e8tre<\/h2>\n<table data-path-to-node=\"1\">\n<thead>\n<tr>\n<td><strong>Objet<\/strong><\/td>\n<td><strong>D\u00e9tails techniques<\/strong><\/td>\n<\/tr>\n<\/thead>\n<tbody>\n<tr>\n<td><span data-path-to-node=\"1,1,0,0\"><b data-path-to-node=\"1,1,0,0\" data-index-in-node=\"0\">Nom du produit<\/b><\/span><\/td>\n<td><span data-path-to-node=\"1,1,1,0\">Set de tasses \u00e0 caf\u00e9 Jujube Bowl<\/span><\/td>\n<\/tr>\n<tr>\n<td><span data-path-to-node=\"1,2,0,0\"><b data-path-to-node=\"1,2,0,0\" data-index-in-node=\"0\">Mat\u00e9riau<\/b><\/span><\/td>\n<td><span data-path-to-node=\"1,2,1,0\">C\u00e9ramique de premi\u00e8re qualit\u00e9 cuite \u00e0 haute temp\u00e9rature \/ gr\u00e8s fin<\/span><\/td>\n<\/tr>\n<tr>\n<td><span data-path-to-node=\"1,3,0,0\"><b data-path-to-node=\"1,3,0,0\" data-index-in-node=\"0\">Composants de l'ensemble<\/b><\/span><\/td>\n<td><span data-path-to-node=\"1,3,1,0\">1 bol central \u00e0 couvercle en forme de jujube + 6 tasses \u00e0 caf\u00e9 int\u00e9gr\u00e9es (Fincans)<\/span><\/td>\n<\/tr>\n<tr>\n<td><span data-path-to-node=\"1,4,0,0\"><b data-path-to-node=\"1,4,0,0\" data-index-in-node=\"0\">Motif du dessin<\/b><\/span><\/td>\n<td><span data-path-to-node=\"1,4,1,0\">Motifs en relief de palmiers gaufr\u00e9s<\/span><\/td>\n<\/tr>\n<tr>\n<td><span data-path-to-node=\"1,5,0,0\"><b data-path-to-node=\"1,5,0,0\" data-index-in-node=\"0\">Finition<\/b><\/span><\/td>\n<td><span data-path-to-node=\"1,5,1,0\">Glace vitrifi\u00e9e haute brillance<\/span><\/td>\n<\/tr>\n<tr>\n<td><span data-path-to-node=\"1,6,0,0\"><b data-path-to-node=\"1,6,0,0\" data-index-in-node=\"0\">Options de couleur<\/b><\/span><\/td>\n<td><span data-path-to-node=\"1,6,1,0\">Vert olive, beige sable, bleu ardoise, blanc classique<\/span><\/td>\n<\/tr>\n<tr>\n<td><span data-path-to-node=\"1,7,0,0\"><b data-path-to-node=\"1,7,0,0\" data-index-in-node=\"0\">Structure<\/b><\/span><\/td>\n<td><span data-path-to-node=\"1,7,1,0\">Plateau de service tout-en-un avec couvercle en d\u00f4me pour plus de fra\u00eecheur<\/span><\/td>\n<\/tr>\n<tr>\n<td><span data-path-to-node=\"1,8,0,0\"><b data-path-to-node=\"1,8,0,0\" data-index-in-node=\"0\">Artisanat<\/b><\/span><\/td>\n<td><span data-path-to-node=\"1,8,1,0\">Durabilit\u00e9 de qualit\u00e9 commerciale ; surface r\u00e9sistante aux \u00e9clats<\/span><\/td>\n<\/tr>\n<tr>\n<td><span data-path-to-node=\"1,9,0,0\"><b data-path-to-node=\"1,9,0,0\" data-index-in-node=\"0\">Caract\u00e9ristiques principales<\/b><\/span><\/td>\n<td><span data-path-to-node=\"1,9,1,0\"><b data-path-to-node=\"1,9,1,0\" data-index-in-node=\"0\">Conception int\u00e9gr\u00e9e \u00e0 faible encombrement<\/b>, <b data-path-to-node=\"1,9,1,0\" data-index-in-node=\"32\">R\u00e9tention thermique<\/b>, <b data-path-to-node=\"1,9,1,0\" data-index-in-node=\"51\">Esth\u00e9tique culturelle<\/b><\/span><\/td>\n<\/tr>\n<tr>\n<td><span data-path-to-node=\"1,10,0,0\"><b data-path-to-node=\"1,10,0,0\" data-index-in-node=\"0\">Personnalisation<\/b><\/span><\/td>\n<td><span data-path-to-node=\"1,10,1,0\">Prise en charge de l'OEM\/ODM en vrac, des couleurs de gla\u00e7age sur mesure et de l'impression de logos<\/span><\/td>\n<\/tr>\n<tr>\n<td><span data-path-to-node=\"1,11,0,0\"><b data-path-to-node=\"1,11,0,0\" data-index-in-node=\"0\">Norme de s\u00e9curit\u00e9<\/b><\/span><\/td>\n<td><span data-path-to-node=\"1,11,1,0\">Certifi\u00e9 sans plomb, sans cadmium et de qualit\u00e9 alimentaire<\/span><\/td>\n<\/tr>\n<\/tbody>\n<\/table>","protected":false},"featured_media":1627,"comment_status":"closed","ping_status":"closed","template":"","meta":{"_acf_changed":false},"market":[42],"product_brand":[],"product_cat":[17,28],"product_tag":[],"class_list":{"0":"post-1625","1":"product","2":"type-product","3":"status-publish","4":"has-post-thumbnail","6":"market-middle-east-market","7":"product_cat-custom-coffee-cups","8":"product_cat-custom-coffee-mugs","10":"first","11":"instock","12":"shipping-taxable","13":"product-type-simple"},"acf":[],"_links":{"self":[{"href":"https:\/\/www.qingfaceramic.com\/fr\/wp-json\/wp\/v2\/product\/1625","targetHints":{"allow":["GET"]}}],"collection":[{"href":"https:\/\/www.qingfaceramic.com\/fr\/wp-json\/wp\/v2\/product"}],"about":[{"href":"https:\/\/www.qingfaceramic.com\/fr\/wp-json\/wp\/v2\/types\/product"}],"replies":[{"embeddable":true,"href":"https:\/\/www.qingfaceramic.com\/fr\/wp-json\/wp\/v2\/comments?post=1625"}],"wp:featuredmedia":[{"embeddable":true,"href":"https:\/\/www.qingfaceramic.com\/fr\/wp-json\/wp\/v2\/media\/1627"}],"wp:attachment":[{"href":"https:\/\/www.qingfaceramic.com\/fr\/wp-json\/wp\/v2\/media?parent=1625"}],"wp:term":[{"taxonomy":"market","embeddable":true,"href":"https:\/\/www.qingfaceramic.com\/fr\/wp-json\/wp\/v2\/market?post=1625"},{"taxonomy":"product_brand","embeddable":true,"href":"https:\/\/www.qingfaceramic.com\/fr\/wp-json\/wp\/v2\/product_brand?post=1625"},{"taxonomy":"product_cat","embeddable":true,"href":"https:\/\/www.qingfaceramic.com\/fr\/wp-json\/wp\/v2\/product_cat?post=1625"},{"taxonomy":"product_tag","embeddable":true,"href":"https:\/\/www.qingfaceramic.com\/fr\/wp-json\/wp\/v2\/product_tag?post=1625"}],"curies":[{"name":"wp","href":"https:\/\/api.w.org\/{rel}","templated":true}]}}