{"id":1617,"date":"2026-04-18T10:00:37","date_gmt":"2026-04-18T10:00:37","guid":{"rendered":"https:\/\/www.qingfaceramic.com\/?post_type=product&#038;p=1617"},"modified":"2026-04-18T10:10:29","modified_gmt":"2026-04-18T10:10:29","slug":"irregular-middle-eastern-coffee-cup-custom","status":"publish","type":"product","link":"https:\/\/www.qingfaceramic.com\/fr\/produit\/irregular-middle-eastern-coffee-cup-custom\/","title":{"rendered":"Tasse \u00e0 caf\u00e9 irr\u00e9guli\u00e8re du Moyen-Orient Personnalis\u00e9e"},"content":{"rendered":"<h2 class=\"wp-block-heading\">Caract\u00e9ristiques de la tasse \u00e0 caf\u00e9 du Moyen-Orient sur mesure<\/h2>\n\n\n\n<div class=\"wp-block-columns is-layout-flex wp-container-core-columns-is-layout-9d6595d7 wp-block-columns-is-layout-flex\">\n<div class=\"wp-block-column is-layout-flow wp-block-column-is-layout-flow\">\n<p><strong>Conception artistique de formes irr\u00e9guli\u00e8res :<\/strong><br>Il rompt la sym\u00e9trie traditionnelle avec une silhouette sculpturale, cr\u00e9ant ainsi une identit\u00e9 visuelle distinctive et un attrait artistique contemporain.<\/p>\n\n\n\n<p><strong>Esth\u00e9tique du Moyen-Orient inspir\u00e9e par la culture :<\/strong><br>Infus\u00e9s de subtils \u00e9l\u00e9ments de design r\u00e9gionaux, ils refl\u00e8tent la richesse culturelle dans une interpr\u00e9tation moderne et minimaliste.<\/p>\n\n\n\n<p><strong>C\u00e9ramique artisanale de premi\u00e8re qualit\u00e9 :<\/strong><br>Fabriqu\u00e9 en gr\u00e8s de haute qualit\u00e9 avec des finitions raffin\u00e9es, il garantit la durabilit\u00e9, la stabilit\u00e9 et une texture \u00e9l\u00e9gante.<\/p>\n\n\n\n<p><strong>Luxe D\u00e9coratif et fonctionnel Utilisation :<\/strong><br>Servant \u00e0 la fois de tasse \u00e0 caf\u00e9 fonctionnelle et d'objet de d\u00e9coration artistique, elle am\u00e9liore la pr\u00e9sentation des tables dans les environnements haut de gamme.<\/p>\n\n\n\n<p><strong>Personnalisation OEM\/ODM flexible :<\/strong><br>Permet de personnaliser les formes, les couleurs, les textures de surface et les logos pour les projets de vente en gros et d'h\u00f4tellerie.<\/p>\n\n\n\n<figure class=\"wp-block-image size-full\"><img decoding=\"async\" width=\"1230\" height=\"842\" src=\"https:\/\/www.qingfaceramic.com\/wp-content\/uploads\/2026\/01\/Custom-Coffee-Mug-Sets8.webp\" alt=\"Set de tasses \u00e0 caf\u00e9 personnalis\u00e9es6\" class=\"wp-image-618\" srcset=\"https:\/\/www.qingfaceramic.com\/wp-content\/uploads\/2026\/01\/Custom-Coffee-Mug-Sets8.webp 1230w, https:\/\/www.qingfaceramic.com\/wp-content\/uploads\/2026\/01\/Custom-Coffee-Mug-Sets8-300x205.webp 300w, https:\/\/www.qingfaceramic.com\/wp-content\/uploads\/2026\/01\/Custom-Coffee-Mug-Sets8-768x526.webp 768w, https:\/\/www.qingfaceramic.com\/wp-content\/uploads\/2026\/01\/Custom-Coffee-Mug-Sets8-1200x821.webp 1200w, https:\/\/www.qingfaceramic.com\/wp-content\/uploads\/2026\/01\/Custom-Coffee-Mug-Sets8-600x411.webp 600w\" sizes=\"(max-width: 1230px) 100vw, 1230px\" \/><\/figure>\n<\/div>\n\n\n\n<div class=\"wp-block-column is-layout-flow wp-block-column-is-layout-flow\">\n<figure class=\"wp-block-image size-full\"><img decoding=\"async\" width=\"800\" height=\"800\" src=\"https:\/\/www.qingfaceramic.com\/wp-content\/uploads\/2026\/04\/Irregular-Middle-Eastern-Coffee-Cup-Custom6.webp\" alt=\"Tasse \u00e0 caf\u00e9 irr\u00e9guli\u00e8re du Moyen-Orient Custom6\" class=\"wp-image-1623\" srcset=\"https:\/\/www.qingfaceramic.com\/wp-content\/uploads\/2026\/04\/Irregular-Middle-Eastern-Coffee-Cup-Custom6.webp 800w, https:\/\/www.qingfaceramic.com\/wp-content\/uploads\/2026\/04\/Irregular-Middle-Eastern-Coffee-Cup-Custom6-300x300.webp 300w, https:\/\/www.qingfaceramic.com\/wp-content\/uploads\/2026\/04\/Irregular-Middle-Eastern-Coffee-Cup-Custom6-150x150.webp 150w, https:\/\/www.qingfaceramic.com\/wp-content\/uploads\/2026\/04\/Irregular-Middle-Eastern-Coffee-Cup-Custom6-768x768.webp 768w, https:\/\/www.qingfaceramic.com\/wp-content\/uploads\/2026\/04\/Irregular-Middle-Eastern-Coffee-Cup-Custom6-12x12.webp 12w, https:\/\/www.qingfaceramic.com\/wp-content\/uploads\/2026\/04\/Irregular-Middle-Eastern-Coffee-Cup-Custom6-600x600.webp 600w, https:\/\/www.qingfaceramic.com\/wp-content\/uploads\/2026\/04\/Irregular-Middle-Eastern-Coffee-Cup-Custom6-100x100.webp 100w\" sizes=\"(max-width: 800px) 100vw, 800px\" \/><\/figure>\n\n\n\n<figure class=\"wp-block-image size-full\"><img decoding=\"async\" width=\"750\" height=\"531\" src=\"https:\/\/www.qingfaceramic.com\/wp-content\/uploads\/2026\/01\/custom-ceramic-coffee-mug6.webp\" alt=\"Tasse \u00e0 caf\u00e9 en c\u00e9ramique personnalis\u00e9e6\" class=\"wp-image-609\" srcset=\"https:\/\/www.qingfaceramic.com\/wp-content\/uploads\/2026\/01\/custom-ceramic-coffee-mug6.webp 750w, https:\/\/www.qingfaceramic.com\/wp-content\/uploads\/2026\/01\/custom-ceramic-coffee-mug6-300x212.webp 300w, https:\/\/www.qingfaceramic.com\/wp-content\/uploads\/2026\/01\/custom-ceramic-coffee-mug6-600x425.webp 600w\" sizes=\"(max-width: 750px) 100vw, 750px\" \/><\/figure>\n<\/div>\n<\/div>\n\n\n\n<div class=\"wp-block-columns is-layout-flex wp-container-core-columns-is-layout-9d6595d7 wp-block-columns-is-layout-flex\">\n<div class=\"wp-block-column is-layout-flow wp-block-column-is-layout-flow\">\n<figure class=\"wp-block-image size-full\"><img decoding=\"async\" width=\"750\" height=\"582\" src=\"https:\/\/www.qingfaceramic.com\/wp-content\/uploads\/2026\/01\/custom-ceramic-coffee-mug8.webp\" alt=\"Tasse \u00e0 caf\u00e9 en c\u00e9ramique personnalis\u00e9e8\" class=\"wp-image-611\" srcset=\"https:\/\/www.qingfaceramic.com\/wp-content\/uploads\/2026\/01\/custom-ceramic-coffee-mug8.webp 750w, https:\/\/www.qingfaceramic.com\/wp-content\/uploads\/2026\/01\/custom-ceramic-coffee-mug8-300x233.webp 300w, https:\/\/www.qingfaceramic.com\/wp-content\/uploads\/2026\/01\/custom-ceramic-coffee-mug8-600x466.webp 600w\" sizes=\"(max-width: 750px) 100vw, 750px\" \/><\/figure>\n<\/div>\n\n\n\n<div class=\"wp-block-column is-layout-flow wp-block-column-is-layout-flow\">\n<figure class=\"wp-block-image size-full\"><img decoding=\"async\" width=\"988\" height=\"988\" src=\"https:\/\/www.qingfaceramic.com\/wp-content\/uploads\/2026\/01\/Custom-Ceramic-Coffee-Mug1.webp\" alt=\"Tasse \u00e0 caf\u00e9 en c\u00e9ramique personnalis\u00e9e1\" class=\"wp-image-608\" srcset=\"https:\/\/www.qingfaceramic.com\/wp-content\/uploads\/2026\/01\/Custom-Ceramic-Coffee-Mug1.webp 988w, https:\/\/www.qingfaceramic.com\/wp-content\/uploads\/2026\/01\/Custom-Ceramic-Coffee-Mug1-300x300.webp 300w, https:\/\/www.qingfaceramic.com\/wp-content\/uploads\/2026\/01\/Custom-Ceramic-Coffee-Mug1-150x150.webp 150w, https:\/\/www.qingfaceramic.com\/wp-content\/uploads\/2026\/01\/Custom-Ceramic-Coffee-Mug1-768x768.webp 768w, https:\/\/www.qingfaceramic.com\/wp-content\/uploads\/2026\/01\/Custom-Ceramic-Coffee-Mug1-600x600.webp 600w, https:\/\/www.qingfaceramic.com\/wp-content\/uploads\/2026\/01\/Custom-Ceramic-Coffee-Mug1-100x100.webp 100w\" sizes=\"(max-width: 988px) 100vw, 988px\" \/><\/figure>\n<\/div>\n<\/div>","protected":false},"excerpt":{"rendered":"<p>Notre tasse \u00e0 caf\u00e9 irr\u00e9guli\u00e8re du Moyen-Orient Custom pr\u00e9sente un design artistique asym\u00e9trique inspir\u00e9 de l'esth\u00e9tique r\u00e9gionale, combinant l'artisanat de la c\u00e9ramique avec une forme sculpturale moderne, id\u00e9ale pour l'h\u00f4tellerie de luxe, les caf\u00e9s-boutiques et les collections de cadeaux haut de gamme.<\/p>\n<h2>Tasse \u00e0 caf\u00e9 du Moyen-Orient Param\u00e8tre personnalis\u00e9<\/h2>\n<table data-path-to-node=\"2\">\n<thead>\n<tr>\n<td><strong>Objet<\/strong><\/td>\n<td><strong>D\u00e9tails techniques<\/strong><\/td>\n<\/tr>\n<\/thead>\n<tbody>\n<tr>\n<td><span data-path-to-node=\"2,1,0,0\"><b data-path-to-node=\"2,1,0,0\" data-index-in-node=\"0\">Nom du produit<\/b><\/span><\/td>\n<td><span data-path-to-node=\"2,1,1,0\">Tasse \u00e0 caf\u00e9 irr\u00e9guli\u00e8re du Moyen-Orient<\/span><\/td>\n<\/tr>\n<tr>\n<td><span data-path-to-node=\"2,2,0,0\"><b data-path-to-node=\"2,2,0,0\" data-index-in-node=\"0\">Mat\u00e9riau<\/b><\/span><\/td>\n<td><span data-path-to-node=\"2,2,1,0\">Argile artisanale de qualit\u00e9 sup\u00e9rieure \/ Gr\u00e8s durable<\/span><\/td>\n<\/tr>\n<tr>\n<td><span data-path-to-node=\"2,3,0,0\"><b data-path-to-node=\"2,3,0,0\" data-index-in-node=\"0\">Style de conception<\/b><\/span><\/td>\n<td><span data-path-to-node=\"2,3,1,0\">Jante organique irr\u00e9guli\u00e8re avec motifs g\u00e9om\u00e9triques dessin\u00e9s \u00e0 la main<\/span><\/td>\n<\/tr>\n<tr>\n<td><span data-path-to-node=\"2,4,0,0\"><b data-path-to-node=\"2,4,0,0\" data-index-in-node=\"0\">Finition<\/b><\/span><\/td>\n<td><span data-path-to-node=\"2,4,1,0\">Glacis mat mouchet\u00e9 \/ Texture terreuse naturelle<\/span><\/td>\n<\/tr>\n<tr>\n<td><span data-path-to-node=\"2,5,0,0\"><b data-path-to-node=\"2,5,0,0\" data-index-in-node=\"0\">Palette de couleurs<\/b><\/span><\/td>\n<td><span data-path-to-node=\"2,5,1,0\">Beige sable, Orange terre cuite, Cr\u00e8me douce<\/span><\/td>\n<\/tr>\n<tr>\n<td><span data-path-to-node=\"2,6,0,0\"><b data-path-to-node=\"2,6,0,0\" data-index-in-node=\"0\">Conception des jantes<\/b><\/span><\/td>\n<td><span data-path-to-node=\"2,6,1,0\">Bord unique ondul\u00e9\/ festonn\u00e9 pour une esth\u00e9tique artistique<\/span><\/td>\n<\/tr>\n<tr>\n<td><span data-path-to-node=\"2,7,0,0\"><b data-path-to-node=\"2,7,0,0\" data-index-in-node=\"0\">D\u00e9tail du motif<\/b><\/span><\/td>\n<td><span data-path-to-node=\"2,7,1,0\">Motifs architecturaux du Moyen-Orient grav\u00e9s<\/span><\/td>\n<\/tr>\n<tr>\n<td><span data-path-to-node=\"2,8,0,0\"><b data-path-to-node=\"2,8,0,0\" data-index-in-node=\"0\">Artisanat<\/b><\/span><\/td>\n<td><span data-path-to-node=\"2,8,1,0\">Cuisson \u00e0 haute temp\u00e9rature (r\u00e9sistance aux copeaux et longue dur\u00e9e de vie)<\/span><\/td>\n<\/tr>\n<tr>\n<td><span data-path-to-node=\"2,9,0,0\"><b data-path-to-node=\"2,9,0,0\" data-index-in-node=\"0\">Caract\u00e9ristiques principales<\/b><\/span><\/td>\n<td><span data-path-to-node=\"2,9,1,0\"><b data-path-to-node=\"2,9,1,0\" data-index-in-node=\"0\">Conception empilable<\/b>, <b data-path-to-node=\"2,9,1,0\" data-index-in-node=\"18\">Poign\u00e9e tactile ergonomique<\/b>, <b data-path-to-node=\"2,9,1,0\" data-index-in-node=\"42\">R\u00e9tention de la chaleur<\/b><\/span><\/td>\n<\/tr>\n<tr>\n<td><span data-path-to-node=\"2,10,0,0\"><b data-path-to-node=\"2,10,0,0\" data-index-in-node=\"0\">Personnalisation<\/b><\/span><\/td>\n<td><span data-path-to-node=\"2,10,1,0\">Supports OEM\/ODM en vrac (motifs et couleurs de gla\u00e7age sur mesure)<\/span><\/td>\n<\/tr>\n<tr>\n<td><span data-path-to-node=\"2,11,0,0\"><b data-path-to-node=\"2,11,0,0\" data-index-in-node=\"0\">Norme de s\u00e9curit\u00e9<\/b><\/span><\/td>\n<td><span data-path-to-node=\"2,11,1,0\">Certifi\u00e9 sans plomb, sans cadmium et de qualit\u00e9 alimentaire<\/span><\/td>\n<\/tr>\n<\/tbody>\n<\/table>\n<p>&nbsp;<\/p>","protected":false},"featured_media":1621,"comment_status":"closed","ping_status":"closed","template":"","meta":{"_acf_changed":false},"market":[42],"product_brand":[],"product_cat":[17,28],"product_tag":[],"class_list":{"0":"post-1617","1":"product","2":"type-product","3":"status-publish","4":"has-post-thumbnail","6":"market-middle-east-market","7":"product_cat-custom-coffee-cups","8":"product_cat-custom-coffee-mugs","10":"first","11":"instock","12":"shipping-taxable","13":"product-type-simple"},"acf":[],"_links":{"self":[{"href":"https:\/\/www.qingfaceramic.com\/fr\/wp-json\/wp\/v2\/product\/1617","targetHints":{"allow":["GET"]}}],"collection":[{"href":"https:\/\/www.qingfaceramic.com\/fr\/wp-json\/wp\/v2\/product"}],"about":[{"href":"https:\/\/www.qingfaceramic.com\/fr\/wp-json\/wp\/v2\/types\/product"}],"replies":[{"embeddable":true,"href":"https:\/\/www.qingfaceramic.com\/fr\/wp-json\/wp\/v2\/comments?post=1617"}],"wp:featuredmedia":[{"embeddable":true,"href":"https:\/\/www.qingfaceramic.com\/fr\/wp-json\/wp\/v2\/media\/1621"}],"wp:attachment":[{"href":"https:\/\/www.qingfaceramic.com\/fr\/wp-json\/wp\/v2\/media?parent=1617"}],"wp:term":[{"taxonomy":"market","embeddable":true,"href":"https:\/\/www.qingfaceramic.com\/fr\/wp-json\/wp\/v2\/market?post=1617"},{"taxonomy":"product_brand","embeddable":true,"href":"https:\/\/www.qingfaceramic.com\/fr\/wp-json\/wp\/v2\/product_brand?post=1617"},{"taxonomy":"product_cat","embeddable":true,"href":"https:\/\/www.qingfaceramic.com\/fr\/wp-json\/wp\/v2\/product_cat?post=1617"},{"taxonomy":"product_tag","embeddable":true,"href":"https:\/\/www.qingfaceramic.com\/fr\/wp-json\/wp\/v2\/product_tag?post=1617"}],"curies":[{"name":"wp","href":"https:\/\/api.w.org\/{rel}","templated":true}]}}