{"id":1610,"date":"2026-04-18T09:45:00","date_gmt":"2026-04-18T09:45:00","guid":{"rendered":"https:\/\/www.qingfaceramic.com\/?post_type=product&#038;p=1610"},"modified":"2026-04-18T09:53:48","modified_gmt":"2026-04-18T09:53:48","slug":"custom-middle-eastern-coffee-cup-and-saucer","status":"publish","type":"product","link":"https:\/\/www.qingfaceramic.com\/fr\/produit\/custom-middle-eastern-coffee-cup-and-saucer\/","title":{"rendered":"Tasse \u00e0 caf\u00e9 et soucoupe du Moyen-Orient personnalis\u00e9es avec poign\u00e9e de forme sp\u00e9ciale"},"content":{"rendered":"<h2 class=\"wp-block-heading\">Caract\u00e9ristiques de la tasse \u00e0 caf\u00e9 et de la soucoupe du Moyen-Orient personnalis\u00e9es <\/h2>\n\n\n\n<div class=\"wp-block-columns is-layout-flex wp-container-core-columns-is-layout-9d6595d7 wp-block-columns-is-layout-flex\">\n<div class=\"wp-block-column is-layout-flow wp-block-column-is-layout-flow\">\n<div style=\"height:0px\" aria-hidden=\"true\" class=\"wp-block-spacer\"><\/div>\n\n\n\n<p><strong>Design distinctif inspir\u00e9 par la culture :<\/strong><br>La combinaison d'\u00e9l\u00e9ments esth\u00e9tiques du Moyen-Orient et d'une silhouette unique cr\u00e9e un service \u00e0 caf\u00e9 visuellement saisissant et culturellement expressif.<\/p>\n\n\n\n<p><strong>Poign\u00e9e de forme sp\u00e9ciale Signature :<\/strong><br>Poign\u00e9e ergonomique de forme artistique, am\u00e9liorant \u00e0 la fois le confort et l'originalit\u00e9 visuelle pour une pr\u00e9sentation de qualit\u00e9.<\/p>\n\n\n\n<p><strong>C\u00e9ramique artisanale de premi\u00e8re qualit\u00e9 :<\/strong><br>Fabriqu\u00e9 en gr\u00e8s de haute qualit\u00e9 avec des finitions raffin\u00e9es, il garantit la durabilit\u00e9, la stabilit\u00e9 et l'utilisation \u00e0 long terme.<\/p>\n\n\n\n<p><strong>Pr\u00e9sentation de l'hospitalit\u00e9 \u00e9l\u00e9gante :<\/strong><br>Le design de la tasse et de la soucoupe jumel\u00e9es rehausse l'esth\u00e9tique de la table, ce qui la rend id\u00e9ale pour les repas haut de gamme et les environnements de service de luxe.<\/p>\n\n\n\n<p><strong>Personnalisation OEM\/ODM flexible :<\/strong><br>Prend en charge les formes, les couleurs, les logos et les modifications de conception personnalis\u00e9s pour les projets d'image de marque, de vente en gros et d'accueil.<\/p>\n<\/div>\n\n\n\n<div class=\"wp-block-column is-layout-flow wp-block-column-is-layout-flow\">\n<figure class=\"wp-block-image size-full\"><img decoding=\"async\" width=\"800\" height=\"800\" src=\"https:\/\/www.qingfaceramic.com\/wp-content\/uploads\/2026\/04\/Custom-Middle-Eastern-Coffee-Cup-and-Saucer2.webp\" alt=\"Tasse \u00e0 caf\u00e9 et soucoupe du Moyen-Orient personnalis\u00e9es2\" class=\"wp-image-1612\" srcset=\"https:\/\/www.qingfaceramic.com\/wp-content\/uploads\/2026\/04\/Custom-Middle-Eastern-Coffee-Cup-and-Saucer2.webp 800w, https:\/\/www.qingfaceramic.com\/wp-content\/uploads\/2026\/04\/Custom-Middle-Eastern-Coffee-Cup-and-Saucer2-300x300.webp 300w, https:\/\/www.qingfaceramic.com\/wp-content\/uploads\/2026\/04\/Custom-Middle-Eastern-Coffee-Cup-and-Saucer2-150x150.webp 150w, https:\/\/www.qingfaceramic.com\/wp-content\/uploads\/2026\/04\/Custom-Middle-Eastern-Coffee-Cup-and-Saucer2-768x768.webp 768w, https:\/\/www.qingfaceramic.com\/wp-content\/uploads\/2026\/04\/Custom-Middle-Eastern-Coffee-Cup-and-Saucer2-12x12.webp 12w, https:\/\/www.qingfaceramic.com\/wp-content\/uploads\/2026\/04\/Custom-Middle-Eastern-Coffee-Cup-and-Saucer2-600x600.webp 600w, https:\/\/www.qingfaceramic.com\/wp-content\/uploads\/2026\/04\/Custom-Middle-Eastern-Coffee-Cup-and-Saucer2-100x100.webp 100w\" sizes=\"(max-width: 800px) 100vw, 800px\" \/><\/figure>\n<\/div>\n<\/div>\n\n\n\n<div class=\"wp-block-columns is-layout-flex wp-container-core-columns-is-layout-9d6595d7 wp-block-columns-is-layout-flex\">\n<div class=\"wp-block-column is-layout-flow wp-block-column-is-layout-flow\">\n<figure class=\"wp-block-image size-full\"><img decoding=\"async\" width=\"988\" height=\"988\" src=\"https:\/\/www.qingfaceramic.com\/wp-content\/uploads\/2026\/01\/Custom-Ceramic-Coffee-Mug1.webp\" alt=\"Tasse \u00e0 caf\u00e9 en c\u00e9ramique personnalis\u00e9e1\" class=\"wp-image-608\" srcset=\"https:\/\/www.qingfaceramic.com\/wp-content\/uploads\/2026\/01\/Custom-Ceramic-Coffee-Mug1.webp 988w, https:\/\/www.qingfaceramic.com\/wp-content\/uploads\/2026\/01\/Custom-Ceramic-Coffee-Mug1-300x300.webp 300w, https:\/\/www.qingfaceramic.com\/wp-content\/uploads\/2026\/01\/Custom-Ceramic-Coffee-Mug1-150x150.webp 150w, https:\/\/www.qingfaceramic.com\/wp-content\/uploads\/2026\/01\/Custom-Ceramic-Coffee-Mug1-768x768.webp 768w, https:\/\/www.qingfaceramic.com\/wp-content\/uploads\/2026\/01\/Custom-Ceramic-Coffee-Mug1-600x600.webp 600w, https:\/\/www.qingfaceramic.com\/wp-content\/uploads\/2026\/01\/Custom-Ceramic-Coffee-Mug1-100x100.webp 100w\" sizes=\"(max-width: 988px) 100vw, 988px\" \/><\/figure>\n<\/div>\n\n\n\n<div class=\"wp-block-column is-layout-flow wp-block-column-is-layout-flow\">\n<figure class=\"wp-block-image size-full\"><img decoding=\"async\" width=\"750\" height=\"582\" src=\"https:\/\/www.qingfaceramic.com\/wp-content\/uploads\/2026\/01\/custom-ceramic-coffee-mug8.webp\" alt=\"Tasse \u00e0 caf\u00e9 en c\u00e9ramique personnalis\u00e9e8\" class=\"wp-image-611\" srcset=\"https:\/\/www.qingfaceramic.com\/wp-content\/uploads\/2026\/01\/custom-ceramic-coffee-mug8.webp 750w, https:\/\/www.qingfaceramic.com\/wp-content\/uploads\/2026\/01\/custom-ceramic-coffee-mug8-300x233.webp 300w, https:\/\/www.qingfaceramic.com\/wp-content\/uploads\/2026\/01\/custom-ceramic-coffee-mug8-600x466.webp 600w\" sizes=\"(max-width: 750px) 100vw, 750px\" \/><\/figure>\n<\/div>\n<\/div>\n\n\n\n<p><\/p>","protected":false},"excerpt":{"rendered":"<p data-start=\"38\" data-end=\"294\">Notre tasse et soucoupe \u00e0 caf\u00e9 personnalis\u00e9e du Moyen-Orient, dot\u00e9e d'une poign\u00e9e de forme sp\u00e9ciale, associe un design inspir\u00e9 de la culture \u00e0 un savoir-faire artistique en mati\u00e8re de c\u00e9ramique, offrant ainsi une exp\u00e9rience de service distinctive pour l'h\u00f4tellerie de luxe, les caf\u00e9s-boutiques et les march\u00e9s de cadeaux haut de gamme.<\/p>\n<h2>Tasse et soucoupe de caf\u00e9 du Moyen-Orient personnalis\u00e9es Param\u00e8tre<\/h2>\n<table data-path-to-node=\"4\">\n<thead>\n<tr>\n<td><strong>Objet<\/strong><\/td>\n<td><strong>D\u00e9tails techniques<\/strong><\/td>\n<\/tr>\n<\/thead>\n<tbody>\n<tr>\n<td><span data-path-to-node=\"4,1,0,0\"><b data-path-to-node=\"4,1,0,0\" data-index-in-node=\"0\">Nom du produit<\/b><\/span><\/td>\n<td><span data-path-to-node=\"4,1,1,0\">Tasse et soucoupe \u00e0 caf\u00e9 du Moyen-Orient<\/span><\/td>\n<\/tr>\n<tr>\n<td><span data-path-to-node=\"4,2,0,0\"><b data-path-to-node=\"4,2,0,0\" data-index-in-node=\"0\">Mat\u00e9riau<\/b><\/span><\/td>\n<td><span data-path-to-node=\"4,2,1,0\">Argile \u00e9cologique de premi\u00e8re qualit\u00e9 \/ Gr\u00e8s cuit \u00e0 haute temp\u00e9rature<\/span><\/td>\n<\/tr>\n<tr>\n<td><span data-path-to-node=\"4,3,0,0\"><b data-path-to-node=\"4,3,0,0\" data-index-in-node=\"0\">Motif du dessin<\/b><\/span><\/td>\n<td><span data-path-to-node=\"4,3,1,0\">Symbolisme du palmier grav\u00e9 (motif du patrimoine arabe)<\/span><\/td>\n<\/tr>\n<tr>\n<td><span data-path-to-node=\"4,4,0,0\"><b data-path-to-node=\"4,4,0,0\" data-index-in-node=\"0\">Finition<\/b><\/span><\/td>\n<td><span data-path-to-node=\"4,4,1,0\">Gla\u00e7age bi-tonal (base textur\u00e9e mate + bord lisse color\u00e9)<\/span><\/td>\n<\/tr>\n<tr>\n<td><span data-path-to-node=\"4,5,0,0\"><b data-path-to-node=\"4,5,0,0\" data-index-in-node=\"0\">Palette de couleurs<\/b><\/span><\/td>\n<td><span data-path-to-node=\"4,5,1,0\">Bleu ardoise, Sable du d\u00e9sert, Beige terreux, Terre cuite<\/span><\/td>\n<\/tr>\n<tr>\n<td><span data-path-to-node=\"4,6,0,0\"><b data-path-to-node=\"4,6,0,0\" data-index-in-node=\"0\">Conception de la poign\u00e9e<\/b><\/span><\/td>\n<td><span data-path-to-node=\"4,6,1,0\">Poign\u00e9e rectangulaire g\u00e9om\u00e9trique unique pour une prise en main ergonomique<\/span><\/td>\n<\/tr>\n<tr>\n<td><span data-path-to-node=\"4,7,0,0\"><b data-path-to-node=\"4,7,0,0\" data-index-in-node=\"0\">Composants<\/b><\/span><\/td>\n<td><span data-path-to-node=\"4,7,1,0\">Tasse simple \u00e0 haut bec + soucoupe circulaire assortie<\/span><\/td>\n<\/tr>\n<tr>\n<td><span data-path-to-node=\"4,8,0,0\"><b data-path-to-node=\"4,8,0,0\" data-index-in-node=\"0\">Artisanat<\/b><\/span><\/td>\n<td><span data-path-to-node=\"4,8,1,0\">Cuisson \u00e0 haute temp\u00e9rature pour une meilleure durabilit\u00e9 et r\u00e9sistance aux copeaux<\/span><\/td>\n<\/tr>\n<tr>\n<td><span data-path-to-node=\"4,9,0,0\"><b data-path-to-node=\"4,9,0,0\" data-index-in-node=\"0\">Caract\u00e9ristiques principales<\/b><\/span><\/td>\n<td><span data-path-to-node=\"4,9,1,0\"><b data-path-to-node=\"4,9,1,0\" data-index-in-node=\"0\">R\u00e9tention de la chaleur<\/b>, <b data-path-to-node=\"4,9,1,0\" data-index-in-node=\"16\">Structure empilable<\/b>, <b data-path-to-node=\"4,9,1,0\" data-index-in-node=\"37\">Texture du fond antid\u00e9rapante<\/b><\/span><\/td>\n<\/tr>\n<tr>\n<td><span data-path-to-node=\"4,10,0,0\"><b data-path-to-node=\"4,10,0,0\" data-index-in-node=\"0\">Personnalisation<\/b><\/span><\/td>\n<td><span data-path-to-node=\"4,10,1,0\">Prise en charge de l'OEM\/ODM en vrac (logo, couleurs et motifs personnalis\u00e9s)<\/span><\/td>\n<\/tr>\n<tr>\n<td><span data-path-to-node=\"4,11,0,0\"><b data-path-to-node=\"4,11,0,0\" data-index-in-node=\"0\">Norme de s\u00e9curit\u00e9<\/b><\/span><\/td>\n<td><span data-path-to-node=\"4,11,1,0\">Certifi\u00e9 sans plomb, sans cadmium et de qualit\u00e9 alimentaire<\/span><\/td>\n<\/tr>\n<\/tbody>\n<\/table>","protected":false},"featured_media":1615,"comment_status":"closed","ping_status":"closed","template":"","meta":{"_acf_changed":false},"market":[42],"product_brand":[],"product_cat":[29,17],"product_tag":[],"class_list":{"0":"post-1610","1":"product","2":"type-product","3":"status-publish","4":"has-post-thumbnail","6":"market-middle-east-market","7":"product_cat-wholesale-cup-and-saucer-sets","8":"product_cat-custom-coffee-cups","10":"first","11":"instock","12":"shipping-taxable","13":"product-type-simple"},"acf":[],"_links":{"self":[{"href":"https:\/\/www.qingfaceramic.com\/fr\/wp-json\/wp\/v2\/product\/1610","targetHints":{"allow":["GET"]}}],"collection":[{"href":"https:\/\/www.qingfaceramic.com\/fr\/wp-json\/wp\/v2\/product"}],"about":[{"href":"https:\/\/www.qingfaceramic.com\/fr\/wp-json\/wp\/v2\/types\/product"}],"replies":[{"embeddable":true,"href":"https:\/\/www.qingfaceramic.com\/fr\/wp-json\/wp\/v2\/comments?post=1610"}],"wp:featuredmedia":[{"embeddable":true,"href":"https:\/\/www.qingfaceramic.com\/fr\/wp-json\/wp\/v2\/media\/1615"}],"wp:attachment":[{"href":"https:\/\/www.qingfaceramic.com\/fr\/wp-json\/wp\/v2\/media?parent=1610"}],"wp:term":[{"taxonomy":"market","embeddable":true,"href":"https:\/\/www.qingfaceramic.com\/fr\/wp-json\/wp\/v2\/market?post=1610"},{"taxonomy":"product_brand","embeddable":true,"href":"https:\/\/www.qingfaceramic.com\/fr\/wp-json\/wp\/v2\/product_brand?post=1610"},{"taxonomy":"product_cat","embeddable":true,"href":"https:\/\/www.qingfaceramic.com\/fr\/wp-json\/wp\/v2\/product_cat?post=1610"},{"taxonomy":"product_tag","embeddable":true,"href":"https:\/\/www.qingfaceramic.com\/fr\/wp-json\/wp\/v2\/product_tag?post=1610"}],"curies":[{"name":"wp","href":"https:\/\/api.w.org\/{rel}","templated":true}]}}