{"id":1601,"date":"2026-04-18T09:35:42","date_gmt":"2026-04-18T09:35:42","guid":{"rendered":"https:\/\/www.qingfaceramic.com\/?post_type=product&#038;p=1601"},"modified":"2026-04-18T09:43:30","modified_gmt":"2026-04-18T09:43:30","slug":"custom-ceramic-middle-eastern-bakhoor-burner-with-metal-tray","status":"publish","type":"product","link":"https:\/\/www.qingfaceramic.com\/fr\/produit\/custom-ceramic-middle-eastern-bakhoor-burner-with-metal-tray\/","title":{"rendered":"Br\u00fbleur Bakhoor en c\u00e9ramique du Moyen-Orient avec plateau en m\u00e9tal"},"content":{"rendered":"<h2 class=\"wp-block-heading\">Caract\u00e9ristiques du br\u00fbleur Bakhoor en c\u00e9ramique pour le Moyen-Orient <\/h2>\n\n\n\n<div class=\"wp-block-columns is-layout-flex wp-container-core-columns-is-layout-9d6595d7 wp-block-columns-is-layout-flex\">\n<div class=\"wp-block-column is-layout-flow wp-block-column-is-layout-flow\">\n<p><strong>Silhouette architecturale classique<\/strong>: La texture cannel\u00e9e embl\u00e9matique d'une colonne de l'Antiquit\u00e9 romaine apporte un sens du patrimoine et une \u00e9l\u00e9gance structur\u00e9e aux int\u00e9rieurs modernes.<\/p>\n\n\n\n<p><strong>D\u00e9tails peints \u00e0 la main de fa\u00e7on artisanale<\/strong>: Chaque pi\u00e8ce est d\u00e9cor\u00e9e de rayures et de motifs uniques appliqu\u00e9s \u00e0 la main, ce qui conf\u00e8re \u00e0 la vente au d\u00e9tail de luxe un caract\u00e8re unique et personnalis\u00e9.<\/p>\n\n\n\n<p><strong>Stabilit\u00e9 structurelle pond\u00e9r\u00e9e<\/strong>: Con\u00e7u avec une base large et stable pour supporter en toute s\u00e9curit\u00e9 les grandes bougies effil\u00e9es ou les bougies piliers sans risque de basculement.<\/p>\n\n\n\n<p><strong>Fonctionnalit\u00e9 d\u00e9corative polyvalente<\/strong>: Il s'agit \u00e0 la fois d'un bougeoir fonctionnel et d'une \u0153uvre d'art sculpturale autonome, parfaite pour les manteaux de chemin\u00e9e, les tables basses ou les halls d'entr\u00e9e des h\u00f4tels.<\/p>\n\n\n\n<p><strong>Services de finition sur mesure<\/strong>: La prise en charge compl\u00e8te OEM\/ODM permet de personnaliser les r\u00e9glages de hauteur, les couleurs de gla\u00e7age et les motifs sp\u00e9cifiques \u00e0 la marque pour s'adapter au th\u00e8me de votre collection.<\/p>\n<\/div>\n\n\n\n<div class=\"wp-block-column is-layout-flow wp-block-column-is-layout-flow\">\n<figure class=\"wp-block-image size-full\"><img decoding=\"async\" width=\"800\" height=\"800\" src=\"https:\/\/www.qingfaceramic.com\/wp-content\/uploads\/2026\/04\/Custom-Ceramic-Middle-Eastern-Bakhoor-Burner-3.webp\" alt=\"Br\u00fbleur Bakhoor en c\u00e9ramique du Moyen-Orient 3\" class=\"wp-image-1604\" srcset=\"https:\/\/www.qingfaceramic.com\/wp-content\/uploads\/2026\/04\/Custom-Ceramic-Middle-Eastern-Bakhoor-Burner-3.webp 800w, https:\/\/www.qingfaceramic.com\/wp-content\/uploads\/2026\/04\/Custom-Ceramic-Middle-Eastern-Bakhoor-Burner-3-300x300.webp 300w, https:\/\/www.qingfaceramic.com\/wp-content\/uploads\/2026\/04\/Custom-Ceramic-Middle-Eastern-Bakhoor-Burner-3-150x150.webp 150w, https:\/\/www.qingfaceramic.com\/wp-content\/uploads\/2026\/04\/Custom-Ceramic-Middle-Eastern-Bakhoor-Burner-3-768x768.webp 768w, https:\/\/www.qingfaceramic.com\/wp-content\/uploads\/2026\/04\/Custom-Ceramic-Middle-Eastern-Bakhoor-Burner-3-12x12.webp 12w, https:\/\/www.qingfaceramic.com\/wp-content\/uploads\/2026\/04\/Custom-Ceramic-Middle-Eastern-Bakhoor-Burner-3-600x600.webp 600w, https:\/\/www.qingfaceramic.com\/wp-content\/uploads\/2026\/04\/Custom-Ceramic-Middle-Eastern-Bakhoor-Burner-3-100x100.webp 100w\" sizes=\"(max-width: 800px) 100vw, 800px\" \/><\/figure>\n<\/div>\n<\/div>\n\n\n\n<div class=\"wp-block-columns is-layout-flex wp-container-core-columns-is-layout-9d6595d7 wp-block-columns-is-layout-flex\">\n<div class=\"wp-block-column is-layout-flow wp-block-column-is-layout-flow\"><\/div>\n\n\n\n<div class=\"wp-block-column is-layout-flow wp-block-column-is-layout-flow\"><\/div>\n<\/div>","protected":false},"excerpt":{"rendered":"<p data-start=\"428\" data-end=\"756\">Notre br\u00fbleur bakhoor en c\u00e9ramique du Moyen-Orient est con\u00e7u pour les rituels d'encens traditionnels. Il associe des motifs arabes inspir\u00e9s du patrimoine \u00e0 une fabrication artisanale en c\u00e9ramique cuite \u00e0 haute temp\u00e9rature, id\u00e9ale pour les maisons de luxe, les h\u00f4tels et les march\u00e9s de cadeaux culturels.<\/p>\n<h2>Param\u00e8tres du br\u00fbleur Bakhoor en c\u00e9ramique du Moyen-Orient sur mesure<\/h2>\n<table data-path-to-node=\"4\">\n<thead>\n<tr>\n<td><strong>Objet<\/strong><\/td>\n<td><strong>D\u00e9tails techniques<\/strong><\/td>\n<\/tr>\n<\/thead>\n<tbody>\n<tr>\n<td><span data-path-to-node=\"4,1,0,0\"><b data-path-to-node=\"4,1,0,0\" data-index-in-node=\"0\">Nom du produit<\/b><\/span><\/td>\n<td><span data-path-to-node=\"4,1,1,0\">Br\u00fbleur Bakhoor (Mabkhara) en c\u00e9ramique du Moyen-Orient sur mesure<\/span><\/td>\n<\/tr>\n<tr>\n<td><span data-path-to-node=\"4,2,0,0\"><b data-path-to-node=\"4,2,0,0\" data-index-in-node=\"0\">Mat\u00e9riau<\/b><\/span><\/td>\n<td><span data-path-to-node=\"4,2,1,0\">C\u00e9ramique haute densit\u00e9 de premi\u00e8re qualit\u00e9 \/ Porcelaine r\u00e9sistante \u00e0 la chaleur<\/span><\/td>\n<\/tr>\n<tr>\n<td><span data-path-to-node=\"4,3,0,0\"><b data-path-to-node=\"4,3,0,0\" data-index-in-node=\"0\">Plateau d'insertion<\/b><\/span><\/td>\n<td><span data-path-to-node=\"4,3,1,0\">Porte-encens amovible en m\u00e9tal dor\u00e9 perfor\u00e9<\/span><\/td>\n<\/tr>\n<tr>\n<td><span data-path-to-node=\"4,4,0,0\"><b data-path-to-node=\"4,4,0,0\" data-index-in-node=\"0\">Motif du dessin<\/b><\/span><\/td>\n<td><span data-path-to-node=\"4,4,1,0\">Ic\u00f4nes traditionnelles du patrimoine arabe (chameau, lion, gu\u00e9pard)<\/span><\/td>\n<\/tr>\n<tr>\n<td><span data-path-to-node=\"4,5,0,0\"><b data-path-to-node=\"4,5,0,0\" data-index-in-node=\"0\">Finition<\/b><\/span><\/td>\n<td><span data-path-to-node=\"4,5,1,0\">Gla\u00e7ure vitrifi\u00e9e tr\u00e8s brillante avec accents culturels<\/span><\/td>\n<\/tr>\n<tr>\n<td><span data-path-to-node=\"4,6,0,0\"><b data-path-to-node=\"4,6,0,0\" data-index-in-node=\"0\">Options de couleur<\/b><\/span><\/td>\n<td><span data-path-to-node=\"4,6,1,0\">Bleu royal, vert \u00e9meraude, rouge rubis, violet fonc\u00e9<\/span><\/td>\n<\/tr>\n<tr>\n<td><span data-path-to-node=\"4,7,0,0\"><b data-path-to-node=\"4,7,0,0\" data-index-in-node=\"0\">Structure<\/b><\/span><\/td>\n<td><span data-path-to-node=\"4,7,1,0\">Syst\u00e8me amovible en deux parties (plateau ventil\u00e9 + socle)<\/span><\/td>\n<\/tr>\n<tr>\n<td><span data-path-to-node=\"4,8,0,0\"><b data-path-to-node=\"4,8,0,0\" data-index-in-node=\"0\">Caract\u00e9ristiques principales<\/b><\/span><\/td>\n<td><span data-path-to-node=\"4,8,1,0\"><b data-path-to-node=\"4,8,1,0\" data-index-in-node=\"0\">Diffusion homog\u00e8ne de la fum\u00e9e<\/b>, <b data-path-to-node=\"4,8,1,0\" data-index-in-node=\"22\">Base en c\u00e9ramique isol\u00e9e contre la chaleur<\/b>, <b data-path-to-node=\"4,8,1,0\" data-index-in-node=\"51\">Surface facile \u00e0 nettoyer<\/b><\/span><\/td>\n<\/tr>\n<tr>\n<td><span data-path-to-node=\"4,9,0,0\"><b data-path-to-node=\"4,9,0,0\" data-index-in-node=\"0\">Artisanat<\/b><\/span><\/td>\n<td><span data-path-to-node=\"4,9,1,0\">C\u00e9ramique cuite \u00e0 haute temp\u00e9rature avec d\u00e9calcomanies appliqu\u00e9es \u00e0 la main<\/span><\/td>\n<\/tr>\n<tr>\n<td><span data-path-to-node=\"4,10,0,0\"><b data-path-to-node=\"4,10,0,0\" data-index-in-node=\"0\">Personnalisation<\/b><\/span><\/td>\n<td><span data-path-to-node=\"4,10,1,0\">Prise en charge de l'OEM\/ODM en vrac, des mod\u00e8les sur mesure et du marquage par logo<\/span><\/td>\n<\/tr>\n<tr>\n<td><span data-path-to-node=\"4,11,0,0\"><b data-path-to-node=\"4,11,0,0\" data-index-in-node=\"0\">Norme de s\u00e9curit\u00e9<\/b><\/span><\/td>\n<td><span data-path-to-node=\"4,11,1,0\">Gla\u00e7ure \u00e9cologique sans plomb et sans cadmium<\/span><\/td>\n<\/tr>\n<\/tbody>\n<\/table>\n<p>&nbsp;<\/p>","protected":false},"featured_media":1609,"comment_status":"closed","ping_status":"closed","template":"","meta":{"_acf_changed":false},"market":[42],"product_brand":[],"product_cat":[18,31],"product_tag":[],"class_list":{"0":"post-1601","1":"product","2":"type-product","3":"status-publish","4":"has-post-thumbnail","6":"market-middle-east-market","7":"product_cat-custom-home-decor","8":"product_cat-custom-candle-jars","10":"first","11":"instock","12":"shipping-taxable","13":"product-type-simple"},"acf":[],"_links":{"self":[{"href":"https:\/\/www.qingfaceramic.com\/fr\/wp-json\/wp\/v2\/product\/1601","targetHints":{"allow":["GET"]}}],"collection":[{"href":"https:\/\/www.qingfaceramic.com\/fr\/wp-json\/wp\/v2\/product"}],"about":[{"href":"https:\/\/www.qingfaceramic.com\/fr\/wp-json\/wp\/v2\/types\/product"}],"replies":[{"embeddable":true,"href":"https:\/\/www.qingfaceramic.com\/fr\/wp-json\/wp\/v2\/comments?post=1601"}],"wp:featuredmedia":[{"embeddable":true,"href":"https:\/\/www.qingfaceramic.com\/fr\/wp-json\/wp\/v2\/media\/1609"}],"wp:attachment":[{"href":"https:\/\/www.qingfaceramic.com\/fr\/wp-json\/wp\/v2\/media?parent=1601"}],"wp:term":[{"taxonomy":"market","embeddable":true,"href":"https:\/\/www.qingfaceramic.com\/fr\/wp-json\/wp\/v2\/market?post=1601"},{"taxonomy":"product_brand","embeddable":true,"href":"https:\/\/www.qingfaceramic.com\/fr\/wp-json\/wp\/v2\/product_brand?post=1601"},{"taxonomy":"product_cat","embeddable":true,"href":"https:\/\/www.qingfaceramic.com\/fr\/wp-json\/wp\/v2\/product_cat?post=1601"},{"taxonomy":"product_tag","embeddable":true,"href":"https:\/\/www.qingfaceramic.com\/fr\/wp-json\/wp\/v2\/product_tag?post=1601"}],"curies":[{"name":"wp","href":"https:\/\/api.w.org\/{rel}","templated":true}]}}