{"id":1592,"date":"2026-04-18T09:12:34","date_gmt":"2026-04-18T09:12:34","guid":{"rendered":"https:\/\/www.qingfaceramic.com\/?post_type=product&#038;p=1592"},"modified":"2026-04-18T09:27:25","modified_gmt":"2026-04-18T09:27:25","slug":"custom-middle-east-coffee-set-with-palm-tree-motif","status":"publish","type":"product","link":"https:\/\/www.qingfaceramic.com\/fr\/produit\/custom-middle-east-coffee-set-with-palm-tree-motif\/","title":{"rendered":"Service \u00e0 caf\u00e9 personnalis\u00e9 du Moyen-Orient avec motif de palmier"},"content":{"rendered":"<h2 class=\"wp-block-heading\">Caract\u00e9ristiques du set de caf\u00e9 Custom Middle East<\/h2>\n\n\n\n<div class=\"wp-block-columns is-layout-flex wp-container-core-columns-is-layout-9d6595d7 wp-block-columns-is-layout-flex\">\n<div class=\"wp-block-column is-layout-flow wp-block-column-is-layout-flow\">\n<div style=\"height:0px\" aria-hidden=\"true\" class=\"wp-block-spacer\"><\/div>\n\n\n\n<p><strong>Motif culturel embl\u00e9matique du palmier :<\/strong><br>Le design raffin\u00e9 du palmier, inspir\u00e9 du symbolisme du Moyen-Orient, conf\u00e8re au produit une forte identit\u00e9 culturelle et une grande valeur narrative.<\/p>\n\n\n\n<p><strong>Pr\u00e9sentation de caf\u00e9 d\u00e9corative de premi\u00e8re qualit\u00e9 :<\/strong><br>Con\u00e7ue pour rehausser l'esth\u00e9tique du service du caf\u00e9 et cr\u00e9er une exp\u00e9rience visuellement raffin\u00e9e pour l'h\u00f4tellerie de luxe et les tables raffin\u00e9es.<\/p>\n\n\n\n<p><strong>Fusion \u00e9l\u00e9gante de la tradition et de la modernit\u00e9 :<\/strong><br>M\u00e9lange d'\u00e9l\u00e9ments culturels traditionnels du Moyen-Orient et de c\u00e9ramiques contemporaines pour un style intemporel et polyvalent.<\/p>\n\n\n\n<p><strong>Appel aux cadeaux et \u00e0 l'hospitalit\u00e9 haut de gamme :<\/strong><br>Parfaitement adapt\u00e9 aux cadeaux de luxe, aux h\u00f4tels de charme et aux caf\u00e9s haut de gamme \u00e0 la recherche de collections de vaisselle culturelles distinctives.<\/p>\n\n\n\n<p><strong>Solution OEM\/ODM enti\u00e8rement personnalisable :<\/strong><br>Permet une personnalisation souple, notamment l'adaptation des motifs, le d\u00e9veloppement des couleurs et la cr\u00e9ation d'une marque pour les projets de vente en gros et de marques priv\u00e9es.<\/p>\n<\/div>\n\n\n\n<div class=\"wp-block-column is-layout-flow wp-block-column-is-layout-flow\">\n<figure class=\"wp-block-image size-full\"><img decoding=\"async\" width=\"800\" height=\"800\" src=\"https:\/\/www.qingfaceramic.com\/wp-content\/uploads\/2026\/04\/Custom-Middle-East-Coffee-Set-with-Palm-Tree-Motif3.webp\" alt=\"Service \u00e0 caf\u00e9 personnalis\u00e9 du Moyen-Orient avec motif de palmier3\" class=\"wp-image-1595\" srcset=\"https:\/\/www.qingfaceramic.com\/wp-content\/uploads\/2026\/04\/Custom-Middle-East-Coffee-Set-with-Palm-Tree-Motif3.webp 800w, https:\/\/www.qingfaceramic.com\/wp-content\/uploads\/2026\/04\/Custom-Middle-East-Coffee-Set-with-Palm-Tree-Motif3-300x300.webp 300w, https:\/\/www.qingfaceramic.com\/wp-content\/uploads\/2026\/04\/Custom-Middle-East-Coffee-Set-with-Palm-Tree-Motif3-150x150.webp 150w, https:\/\/www.qingfaceramic.com\/wp-content\/uploads\/2026\/04\/Custom-Middle-East-Coffee-Set-with-Palm-Tree-Motif3-768x768.webp 768w, https:\/\/www.qingfaceramic.com\/wp-content\/uploads\/2026\/04\/Custom-Middle-East-Coffee-Set-with-Palm-Tree-Motif3-12x12.webp 12w, https:\/\/www.qingfaceramic.com\/wp-content\/uploads\/2026\/04\/Custom-Middle-East-Coffee-Set-with-Palm-Tree-Motif3-600x600.webp 600w, https:\/\/www.qingfaceramic.com\/wp-content\/uploads\/2026\/04\/Custom-Middle-East-Coffee-Set-with-Palm-Tree-Motif3-100x100.webp 100w\" sizes=\"(max-width: 800px) 100vw, 800px\" \/><\/figure>\n<\/div>\n<\/div>\n\n\n\n<div class=\"wp-block-columns is-layout-flex wp-container-core-columns-is-layout-9d6595d7 wp-block-columns-is-layout-flex\">\n<div class=\"wp-block-column is-layout-flow wp-block-column-is-layout-flow\">\n<figure class=\"wp-block-image size-full\"><img decoding=\"async\" width=\"988\" height=\"988\" src=\"https:\/\/www.qingfaceramic.com\/wp-content\/uploads\/2026\/01\/Custom-Ceramic-Coffee-Mug1.webp\" alt=\"Tasse \u00e0 caf\u00e9 en c\u00e9ramique personnalis\u00e9e1\" class=\"wp-image-608\" srcset=\"https:\/\/www.qingfaceramic.com\/wp-content\/uploads\/2026\/01\/Custom-Ceramic-Coffee-Mug1.webp 988w, https:\/\/www.qingfaceramic.com\/wp-content\/uploads\/2026\/01\/Custom-Ceramic-Coffee-Mug1-300x300.webp 300w, https:\/\/www.qingfaceramic.com\/wp-content\/uploads\/2026\/01\/Custom-Ceramic-Coffee-Mug1-150x150.webp 150w, https:\/\/www.qingfaceramic.com\/wp-content\/uploads\/2026\/01\/Custom-Ceramic-Coffee-Mug1-768x768.webp 768w, https:\/\/www.qingfaceramic.com\/wp-content\/uploads\/2026\/01\/Custom-Ceramic-Coffee-Mug1-600x600.webp 600w, https:\/\/www.qingfaceramic.com\/wp-content\/uploads\/2026\/01\/Custom-Ceramic-Coffee-Mug1-100x100.webp 100w\" sizes=\"(max-width: 988px) 100vw, 988px\" \/><\/figure>\n<\/div>\n\n\n\n<div class=\"wp-block-column is-layout-flow wp-block-column-is-layout-flow\">\n<figure class=\"wp-block-image size-full\"><img decoding=\"async\" width=\"750\" height=\"582\" src=\"https:\/\/www.qingfaceramic.com\/wp-content\/uploads\/2026\/01\/custom-ceramic-coffee-mug8.webp\" alt=\"Tasse \u00e0 caf\u00e9 en c\u00e9ramique personnalis\u00e9e8\" class=\"wp-image-611\" srcset=\"https:\/\/www.qingfaceramic.com\/wp-content\/uploads\/2026\/01\/custom-ceramic-coffee-mug8.webp 750w, https:\/\/www.qingfaceramic.com\/wp-content\/uploads\/2026\/01\/custom-ceramic-coffee-mug8-300x233.webp 300w, https:\/\/www.qingfaceramic.com\/wp-content\/uploads\/2026\/01\/custom-ceramic-coffee-mug8-600x466.webp 600w\" sizes=\"(max-width: 750px) 100vw, 750px\" \/><\/figure>\n<\/div>\n<\/div>\n\n\n\n<p><\/p>","protected":false},"excerpt":{"rendered":"<p data-start=\"503\" data-end=\"756\">Notre service \u00e0 caf\u00e9 personnalis\u00e9 pour le Moyen-Orient avec motif de palmier associe l'artisanat raffin\u00e9 de la c\u00e9ramique au symbolisme embl\u00e9matique du Moyen-Orient, offrant un design d'inspiration culturelle id\u00e9al pour l'h\u00f4tellerie de luxe, les caf\u00e9s-boutiques et les march\u00e9s de cadeaux haut de gamme.<\/p>\n<h2>Param\u00e8tres de l'ensemble de caf\u00e9 du Moyen-Orient sur mesure<\/h2>\n<table data-path-to-node=\"2\">\n<thead>\n<tr>\n<td><strong>Objet<\/strong><\/td>\n<td><strong>D\u00e9tails techniques<\/strong><\/td>\n<\/tr>\n<\/thead>\n<tbody>\n<tr>\n<td><span data-path-to-node=\"2,1,0,0\"><b data-path-to-node=\"2,1,0,0\" data-index-in-node=\"0\">Nom du produit<\/b><\/span><\/td>\n<td>Set de caf\u00e9 personnalis\u00e9 pour le Moyen-Orient<\/td>\n<\/tr>\n<tr>\n<td><span data-path-to-node=\"2,2,0,0\"><b data-path-to-node=\"2,2,0,0\" data-index-in-node=\"0\">Mat\u00e9riau<\/b><\/span><\/td>\n<td><span data-path-to-node=\"2,2,1,0\">C\u00e9ramique artisanale \/ gr\u00e8s de haute qualit\u00e9<\/span><\/td>\n<\/tr>\n<tr>\n<td><span data-path-to-node=\"2,3,0,0\"><b data-path-to-node=\"2,3,0,0\" data-index-in-node=\"0\">Style de conception<\/b><\/span><\/td>\n<td><span data-path-to-node=\"2,3,1,0\">Classique d'inspiration grecque \/ Architectural \/ N\u00e9oclassique<\/span><\/td>\n<\/tr>\n<tr>\n<td><span data-path-to-node=\"2,4,0,0\"><b data-path-to-node=\"2,4,0,0\" data-index-in-node=\"0\">Texture\/Finition<\/b><\/span><\/td>\n<td><span data-path-to-node=\"2,4,1,0\">Glacis mats mouchet\u00e9s et finitions satin\u00e9es lisses<\/span><\/td>\n<\/tr>\n<tr>\n<td><span data-path-to-node=\"2,5,0,0\"><b data-path-to-node=\"2,5,0,0\" data-index-in-node=\"0\">Options de couleur<\/b><\/span><\/td>\n<td><span data-path-to-node=\"2,5,1,0\">Beige sable, blanc ivoire, cr\u00e8me mouchet\u00e9e, gris doux<\/span><\/td>\n<\/tr>\n<tr>\n<td><span data-path-to-node=\"2,6,0,0\"><b data-path-to-node=\"2,6,0,0\" data-index-in-node=\"0\">Structure<\/b><\/span><\/td>\n<td><span data-path-to-node=\"2,6,1,0\">Corps de pilier cannel\u00e9 avec bases architecturales en gradins<\/span><\/td>\n<\/tr>\n<tr>\n<td><span data-path-to-node=\"2,7,0,0\"><b data-path-to-node=\"2,7,0,0\" data-index-in-node=\"0\">Caract\u00e9ristiques principales<\/b><\/span><\/td>\n<td><span data-path-to-node=\"2,7,1,0\"><b data-path-to-node=\"2,7,1,0\" data-index-in-node=\"0\">R\u00e9sistant \u00e0 la chaleur<\/b>, <b data-path-to-node=\"2,7,1,0\" data-index-in-node=\"16\">Base lest\u00e9e pour la stabilit\u00e9<\/b>, <b data-path-to-node=\"2,7,1,0\" data-index-in-node=\"45\">Finition \u00e0 la main<\/b><\/span><\/td>\n<\/tr>\n<tr>\n<td><span data-path-to-node=\"2,8,0,0\"><b data-path-to-node=\"2,8,0,0\" data-index-in-node=\"0\">Personnalisation<\/b><\/span><\/td>\n<td><span data-path-to-node=\"2,8,1,0\">Prise en charge des OEM\/ODM en vrac (hauteur, largeur et couleur sur mesure)<\/span><\/td>\n<\/tr>\n<\/tbody>\n<\/table>","protected":false},"featured_media":1593,"comment_status":"closed","ping_status":"closed","template":"","meta":{"_acf_changed":false},"market":[42],"product_brand":[],"product_cat":[17,28],"product_tag":[],"class_list":{"0":"post-1592","1":"product","2":"type-product","3":"status-publish","4":"has-post-thumbnail","6":"market-middle-east-market","7":"product_cat-custom-coffee-cups","8":"product_cat-custom-coffee-mugs","10":"first","11":"instock","12":"shipping-taxable","13":"product-type-simple"},"acf":[],"_links":{"self":[{"href":"https:\/\/www.qingfaceramic.com\/fr\/wp-json\/wp\/v2\/product\/1592","targetHints":{"allow":["GET"]}}],"collection":[{"href":"https:\/\/www.qingfaceramic.com\/fr\/wp-json\/wp\/v2\/product"}],"about":[{"href":"https:\/\/www.qingfaceramic.com\/fr\/wp-json\/wp\/v2\/types\/product"}],"replies":[{"embeddable":true,"href":"https:\/\/www.qingfaceramic.com\/fr\/wp-json\/wp\/v2\/comments?post=1592"}],"wp:featuredmedia":[{"embeddable":true,"href":"https:\/\/www.qingfaceramic.com\/fr\/wp-json\/wp\/v2\/media\/1593"}],"wp:attachment":[{"href":"https:\/\/www.qingfaceramic.com\/fr\/wp-json\/wp\/v2\/media?parent=1592"}],"wp:term":[{"taxonomy":"market","embeddable":true,"href":"https:\/\/www.qingfaceramic.com\/fr\/wp-json\/wp\/v2\/market?post=1592"},{"taxonomy":"product_brand","embeddable":true,"href":"https:\/\/www.qingfaceramic.com\/fr\/wp-json\/wp\/v2\/product_brand?post=1592"},{"taxonomy":"product_cat","embeddable":true,"href":"https:\/\/www.qingfaceramic.com\/fr\/wp-json\/wp\/v2\/product_cat?post=1592"},{"taxonomy":"product_tag","embeddable":true,"href":"https:\/\/www.qingfaceramic.com\/fr\/wp-json\/wp\/v2\/product_tag?post=1592"}],"curies":[{"name":"wp","href":"https:\/\/api.w.org\/{rel}","templated":true}]}}