{"id":1584,"date":"2026-04-18T09:00:56","date_gmt":"2026-04-18T09:00:56","guid":{"rendered":"https:\/\/www.qingfaceramic.com\/?post_type=product&#038;p=1584"},"modified":"2026-04-18T09:09:36","modified_gmt":"2026-04-18T09:09:36","slug":"custom-retro-middle-eastern-coffee-cup-without-handle","status":"publish","type":"product","link":"https:\/\/www.qingfaceramic.com\/fr\/produit\/custom-retro-middle-eastern-coffee-cup-without-handle\/","title":{"rendered":"Tasse \u00e0 caf\u00e9 r\u00e9tro du Moyen-Orient personnalis\u00e9e sans anse"},"content":{"rendered":"<h2 class=\"wp-block-heading\">Caract\u00e9ristiques de la tasse \u00e0 caf\u00e9 r\u00e9tro du Moyen-Orient<\/h2>\n\n\n\n<div class=\"wp-block-columns is-layout-flex wp-container-core-columns-is-layout-9d6595d7 wp-block-columns-is-layout-flex\">\n<div class=\"wp-block-column is-layout-flow wp-block-column-is-layout-flow\">\n<div style=\"height:0px\" aria-hidden=\"true\" class=\"wp-block-spacer\"><\/div>\n\n\n\n<p><strong>Design r\u00e9tro caract\u00e9ristique du Moyen-Orient :<\/strong><br>Inspir\u00e9 par les motifs traditionnels du Moyen-Orient avec une interpr\u00e9tation industrielle moderne, il cr\u00e9e une identit\u00e9 visuelle forte et un attrait culturel de premier ordre.<\/p>\n\n\n\n<p><strong>Finition gla\u00e7age m\u00e9tallis\u00e9 de luxe :<\/strong><br>Les finitions en or galvanis\u00e9 et en bronze antique offrent une surface r\u00e9fl\u00e9chissante haut de gamme avec une profondeur \u00e9l\u00e9gante et une texture luxueuse.<\/p>\n\n\n\n<p><strong>Surface artistique en trois dimensions :<\/strong><br>Les facettes g\u00e9om\u00e9triques, les motifs de briques gaufr\u00e9es et les textures tribales en relief offrent une richesse tactile et visuelle accrue.<\/p>\n\n\n\n<p><strong>Structure c\u00e9ramique fonctionnelle de premi\u00e8re qualit\u00e9 :<\/strong><br>Fabriqu\u00e9 en gr\u00e8s \u00e0 haute densit\u00e9 et \u00e0 parois \u00e9paisses, il garantit l'isolation thermique, la durabilit\u00e9 et la r\u00e9sistance aux rayures.<\/p>\n\n\n\n<p><strong>Personnalisation OEM\/ODM flexible :<\/strong><br>Permet la gravure de logos personnalis\u00e9s, des textures de surface sur mesure et le d\u00e9veloppement de couleurs pour des projets de marque et d'accueil en masse.<\/p>\n<\/div>\n\n\n\n<div class=\"wp-block-column is-layout-flow wp-block-column-is-layout-flow\">\n<figure class=\"wp-block-image size-full\"><img decoding=\"async\" width=\"800\" height=\"800\" src=\"https:\/\/www.qingfaceramic.com\/wp-content\/uploads\/2026\/04\/Custom-Retro-Middle-Eastern-Coffee-Cup5.webp\" alt=\"Tasse \u00e0 caf\u00e9 r\u00e9tro du Moyen-Orient personnalis\u00e9e5\" class=\"wp-image-1589\" srcset=\"https:\/\/www.qingfaceramic.com\/wp-content\/uploads\/2026\/04\/Custom-Retro-Middle-Eastern-Coffee-Cup5.webp 800w, https:\/\/www.qingfaceramic.com\/wp-content\/uploads\/2026\/04\/Custom-Retro-Middle-Eastern-Coffee-Cup5-300x300.webp 300w, https:\/\/www.qingfaceramic.com\/wp-content\/uploads\/2026\/04\/Custom-Retro-Middle-Eastern-Coffee-Cup5-150x150.webp 150w, https:\/\/www.qingfaceramic.com\/wp-content\/uploads\/2026\/04\/Custom-Retro-Middle-Eastern-Coffee-Cup5-768x768.webp 768w, https:\/\/www.qingfaceramic.com\/wp-content\/uploads\/2026\/04\/Custom-Retro-Middle-Eastern-Coffee-Cup5-12x12.webp 12w, https:\/\/www.qingfaceramic.com\/wp-content\/uploads\/2026\/04\/Custom-Retro-Middle-Eastern-Coffee-Cup5-600x600.webp 600w, https:\/\/www.qingfaceramic.com\/wp-content\/uploads\/2026\/04\/Custom-Retro-Middle-Eastern-Coffee-Cup5-100x100.webp 100w\" sizes=\"(max-width: 800px) 100vw, 800px\" \/><\/figure>\n<\/div>\n<\/div>\n\n\n\n<div class=\"wp-block-columns is-layout-flex wp-container-core-columns-is-layout-9d6595d7 wp-block-columns-is-layout-flex\">\n<div class=\"wp-block-column is-layout-flow wp-block-column-is-layout-flow\">\n<figure class=\"wp-block-image size-full\"><img decoding=\"async\" width=\"988\" height=\"988\" src=\"https:\/\/www.qingfaceramic.com\/wp-content\/uploads\/2026\/01\/Custom-Ceramic-Coffee-Mug1.webp\" alt=\"Tasse \u00e0 caf\u00e9 en c\u00e9ramique personnalis\u00e9e1\" class=\"wp-image-608\" srcset=\"https:\/\/www.qingfaceramic.com\/wp-content\/uploads\/2026\/01\/Custom-Ceramic-Coffee-Mug1.webp 988w, https:\/\/www.qingfaceramic.com\/wp-content\/uploads\/2026\/01\/Custom-Ceramic-Coffee-Mug1-300x300.webp 300w, https:\/\/www.qingfaceramic.com\/wp-content\/uploads\/2026\/01\/Custom-Ceramic-Coffee-Mug1-150x150.webp 150w, https:\/\/www.qingfaceramic.com\/wp-content\/uploads\/2026\/01\/Custom-Ceramic-Coffee-Mug1-768x768.webp 768w, https:\/\/www.qingfaceramic.com\/wp-content\/uploads\/2026\/01\/Custom-Ceramic-Coffee-Mug1-600x600.webp 600w, https:\/\/www.qingfaceramic.com\/wp-content\/uploads\/2026\/01\/Custom-Ceramic-Coffee-Mug1-100x100.webp 100w\" sizes=\"(max-width: 988px) 100vw, 988px\" \/><\/figure>\n<\/div>\n\n\n\n<div class=\"wp-block-column is-layout-flow wp-block-column-is-layout-flow\">\n<figure class=\"wp-block-image size-full\"><img decoding=\"async\" width=\"750\" height=\"582\" src=\"https:\/\/www.qingfaceramic.com\/wp-content\/uploads\/2026\/01\/custom-ceramic-coffee-mug8.webp\" alt=\"Tasse \u00e0 caf\u00e9 en c\u00e9ramique personnalis\u00e9e8\" class=\"wp-image-611\" srcset=\"https:\/\/www.qingfaceramic.com\/wp-content\/uploads\/2026\/01\/custom-ceramic-coffee-mug8.webp 750w, https:\/\/www.qingfaceramic.com\/wp-content\/uploads\/2026\/01\/custom-ceramic-coffee-mug8-300x233.webp 300w, https:\/\/www.qingfaceramic.com\/wp-content\/uploads\/2026\/01\/custom-ceramic-coffee-mug8-600x466.webp 600w\" sizes=\"(max-width: 750px) 100vw, 750px\" \/><\/figure>\n<\/div>\n<\/div>\n\n\n\n<p><\/p>","protected":false},"excerpt":{"rendered":"<p data-start=\"503\" data-end=\"756\">Notre tasse \u00e0 caf\u00e9 r\u00e9tro du Moyen-Orient sans anse pr\u00e9sente un design luxueux d'inspiration industrielle avec un gla\u00e7age m\u00e9tallique et des textures g\u00e9om\u00e9triques, offrant une esth\u00e9tique culturelle raffin\u00e9e pour l'h\u00f4tellerie haut de gamme, les caf\u00e9s-boutiques et les projets de cadeaux haut de gamme.<\/p>\n<h2>Tasse \u00e0 caf\u00e9 r\u00e9tro du Moyen-Orient personnalis\u00e9e Param\u00e8tre<\/h2>\n<table data-path-to-node=\"1\">\n<thead>\n<tr>\n<td><strong>Objet<\/strong><\/td>\n<td><strong>D\u00e9tails<\/strong><\/td>\n<\/tr>\n<\/thead>\n<tbody>\n<tr>\n<td><span data-path-to-node=\"1,1,0,0\"><b data-path-to-node=\"1,1,0,0\" data-index-in-node=\"0\">Nom du produit<\/b><\/span><\/td>\n<td>Tasse \u00e0 caf\u00e9 r\u00e9tro du Moyen-Orient personnalis\u00e9e sans anse<\/td>\n<\/tr>\n<tr>\n<td><span data-path-to-node=\"1,2,0,0\"><b data-path-to-node=\"1,2,0,0\" data-index-in-node=\"0\">Mat\u00e9riau<\/b><\/span><\/td>\n<td><span data-path-to-node=\"1,2,1,0\">C\u00e9ramique renforc\u00e9e de qualit\u00e9 sup\u00e9rieure \/ Gr\u00e8s \u00e0 haute densit\u00e9<\/span><\/td>\n<\/tr>\n<tr>\n<td><span data-path-to-node=\"1,3,0,0\"><b data-path-to-node=\"1,3,0,0\" data-index-in-node=\"0\">Finition<\/b><\/span><\/td>\n<td><span data-path-to-node=\"1,3,1,0\">Glacis m\u00e9tallique \u00e9lectrod\u00e9pos\u00e9 \/ Finition or mat satin\u00e9<\/span><\/td>\n<\/tr>\n<tr>\n<td><span data-path-to-node=\"1,4,0,0\"><b data-path-to-node=\"1,4,0,0\" data-index-in-node=\"0\">Textures de surface<\/b><\/span><\/td>\n<td><span data-path-to-node=\"1,4,1,0\">Motifs g\u00e9om\u00e9triques 3D \u00e0 facettes, briques gaufr\u00e9es, motifs tribaux en relief<\/span><\/td>\n<\/tr>\n<tr>\n<td><span data-path-to-node=\"1,5,0,0\"><b data-path-to-node=\"1,5,0,0\" data-index-in-node=\"0\">Palette de couleurs<\/b><\/span><\/td>\n<td><span data-path-to-node=\"1,5,1,0\">Bronze antique, or royal, brun expresso fonc\u00e9<\/span><\/td>\n<\/tr>\n<tr>\n<td><span data-path-to-node=\"1,6,0,0\"><b data-path-to-node=\"1,6,0,0\" data-index-in-node=\"0\">Style de conception<\/b><\/span><\/td>\n<td><span data-path-to-node=\"1,6,1,0\">Esth\u00e9tique industrielle moderne, moyen-orientale et luxueuse<\/span><\/td>\n<\/tr>\n<tr>\n<td><span data-path-to-node=\"1,7,0,0\"><b data-path-to-node=\"1,7,0,0\" data-index-in-node=\"0\">Caract\u00e9ristiques principales<\/b><\/span><\/td>\n<td><span data-path-to-node=\"1,7,1,0\"><b data-path-to-node=\"1,7,1,0\" data-index-in-node=\"0\">Murs \u00e9pais \u00e0 isolation thermique<\/b>, <b data-path-to-node=\"1,7,1,0\" data-index-in-node=\"29\">Poign\u00e9e tactile ergonomique<\/b>, <b data-path-to-node=\"1,7,1,0\" data-index-in-node=\"53\">Glacis r\u00e9sistant aux rayures<\/b><\/span><\/td>\n<\/tr>\n<tr>\n<td><span data-path-to-node=\"1,8,0,0\"><b data-path-to-node=\"1,8,0,0\" data-index-in-node=\"0\">Application<\/b><\/span><\/td>\n<td><span data-path-to-node=\"1,8,1,0\">Salons d'affaires haut de gamme, caf\u00e9s-boutiques, restaurants raffin\u00e9s, cadeaux de luxe<\/span><\/td>\n<\/tr>\n<tr>\n<td><span data-path-to-node=\"1,9,0,0\"><b data-path-to-node=\"1,9,0,0\" data-index-in-node=\"0\">Personnalisation<\/b><\/span><\/td>\n<td><span data-path-to-node=\"1,9,1,0\">Supports OEM\/ODM en vrac, gravure de logos personnalis\u00e9s, textures sur mesure<\/span><\/td>\n<\/tr>\n<tr>\n<td><span data-path-to-node=\"1,10,0,0\"><b data-path-to-node=\"1,10,0,0\" data-index-in-node=\"0\">Normes de s\u00e9curit\u00e9<\/b><\/span><\/td>\n<td><span data-path-to-node=\"1,10,1,0\">Sans plomb, sans cadmium, certifi\u00e9 alimentaire<\/span><\/td>\n<\/tr>\n<\/tbody>\n<\/table>","protected":false},"featured_media":1591,"comment_status":"closed","ping_status":"closed","template":"","meta":{"_acf_changed":false},"market":[42],"product_brand":[],"product_cat":[17,28],"product_tag":[],"class_list":{"0":"post-1584","1":"product","2":"type-product","3":"status-publish","4":"has-post-thumbnail","6":"market-middle-east-market","7":"product_cat-custom-coffee-cups","8":"product_cat-custom-coffee-mugs","10":"first","11":"instock","12":"shipping-taxable","13":"product-type-simple"},"acf":[],"_links":{"self":[{"href":"https:\/\/www.qingfaceramic.com\/fr\/wp-json\/wp\/v2\/product\/1584","targetHints":{"allow":["GET"]}}],"collection":[{"href":"https:\/\/www.qingfaceramic.com\/fr\/wp-json\/wp\/v2\/product"}],"about":[{"href":"https:\/\/www.qingfaceramic.com\/fr\/wp-json\/wp\/v2\/types\/product"}],"replies":[{"embeddable":true,"href":"https:\/\/www.qingfaceramic.com\/fr\/wp-json\/wp\/v2\/comments?post=1584"}],"wp:featuredmedia":[{"embeddable":true,"href":"https:\/\/www.qingfaceramic.com\/fr\/wp-json\/wp\/v2\/media\/1591"}],"wp:attachment":[{"href":"https:\/\/www.qingfaceramic.com\/fr\/wp-json\/wp\/v2\/media?parent=1584"}],"wp:term":[{"taxonomy":"market","embeddable":true,"href":"https:\/\/www.qingfaceramic.com\/fr\/wp-json\/wp\/v2\/market?post=1584"},{"taxonomy":"product_brand","embeddable":true,"href":"https:\/\/www.qingfaceramic.com\/fr\/wp-json\/wp\/v2\/product_brand?post=1584"},{"taxonomy":"product_cat","embeddable":true,"href":"https:\/\/www.qingfaceramic.com\/fr\/wp-json\/wp\/v2\/product_cat?post=1584"},{"taxonomy":"product_tag","embeddable":true,"href":"https:\/\/www.qingfaceramic.com\/fr\/wp-json\/wp\/v2\/product_tag?post=1584"}],"curies":[{"name":"wp","href":"https:\/\/api.w.org\/{rel}","templated":true}]}}