{"id":1567,"date":"2026-04-18T08:23:25","date_gmt":"2026-04-18T08:23:25","guid":{"rendered":"https:\/\/www.qingfaceramic.com\/?post_type=product&#038;p=1567"},"modified":"2026-04-18T09:55:02","modified_gmt":"2026-04-18T09:55:02","slug":"custom-middle-eastern-clay-coffee-cup-saucer-set","status":"publish","type":"product","link":"https:\/\/www.qingfaceramic.com\/fr\/produit\/custom-middle-eastern-clay-coffee-cup-saucer-set\/","title":{"rendered":"Set de tasses \u00e0 caf\u00e9 et soucoupes en terre cuite du Moyen-Orient"},"content":{"rendered":"<h2 class=\"wp-block-heading\">Caract\u00e9ristiques de l'ensemble de tasses \u00e0 caf\u00e9 et soucoupes en argile du Moyen-Orient<\/h2>\n\n\n\n<div class=\"wp-block-columns is-layout-flex wp-container-core-columns-is-layout-9d6595d7 wp-block-columns-is-layout-flex\">\n<div class=\"wp-block-column is-layout-flow wp-block-column-is-layout-flow\">\n<ol class=\"wp-block-list\">\n<li><strong>Conception culturelle authentique<\/strong>\uff1a De style moyen-oriental et orn\u00e9es d'autocollants de chameaux dor\u00e9s, ces pi\u00e8ces refl\u00e8tent l'identit\u00e9 r\u00e9gionale et renforcent l'attrait culturel pour les march\u00e9s cibles.<\/li>\n\n\n\n<li><strong>Qualit\u00e9 artisanale<\/strong>\uff1aCoul\u00e9s \u00e0 la main et cuits \u00e0 haute temp\u00e9rature, chaque tasse et chaque assiette pr\u00e9sentent des textures uniques et des variations naturelles.<\/li>\n\n\n\n<li><strong>Excellente r\u00e9tention de la chaleur<\/strong>\uff1a Fabriqu\u00e9 en argile naturelle de premi\u00e8re qualit\u00e9, le set retient efficacement la chaleur, am\u00e9liorant ainsi l'exp\u00e9rience traditionnelle de la consommation de caf\u00e9.<\/li>\n\n\n\n<li><strong>Options de personnalisation flexibles\uff1a<\/strong> Prise en charge de l'OEM\/ODM, y compris la personnalisation du logo, de la couleur et du motif pour r\u00e9pondre aux besoins de l'image de marque et du march\u00e9.<\/li>\n\n\n\n<li><strong>Texture et fonctionnalit\u00e9 \u00e9quilibr\u00e9es<\/strong>\uff1a Le corps textur\u00e9 mat combin\u00e9 \u00e0 un bord \u00e9maill\u00e9 lisse garantit \u00e0 la fois un attrait esth\u00e9tique et une utilisation quotidienne confortable.<\/li>\n<\/ol>\n\n\n\n<div style=\"height:0px\" aria-hidden=\"true\" class=\"wp-block-spacer\"><\/div>\n<\/div>\n\n\n\n<div class=\"wp-block-column is-layout-flow wp-block-column-is-layout-flow\">\n<figure class=\"wp-block-image size-full\"><img decoding=\"async\" width=\"800\" height=\"800\" src=\"https:\/\/www.qingfaceramic.com\/wp-content\/uploads\/2026\/04\/Custom-Middle-Eastern-Clay-Coffee-Cup-Saucer-Set5.webp\" alt=\"Set de tasses \u00e0 caf\u00e9 et soucoupes en terre cuite du Moyen-Orient5\" class=\"wp-image-1572\" srcset=\"https:\/\/www.qingfaceramic.com\/wp-content\/uploads\/2026\/04\/Custom-Middle-Eastern-Clay-Coffee-Cup-Saucer-Set5.webp 800w, https:\/\/www.qingfaceramic.com\/wp-content\/uploads\/2026\/04\/Custom-Middle-Eastern-Clay-Coffee-Cup-Saucer-Set5-300x300.webp 300w, https:\/\/www.qingfaceramic.com\/wp-content\/uploads\/2026\/04\/Custom-Middle-Eastern-Clay-Coffee-Cup-Saucer-Set5-150x150.webp 150w, https:\/\/www.qingfaceramic.com\/wp-content\/uploads\/2026\/04\/Custom-Middle-Eastern-Clay-Coffee-Cup-Saucer-Set5-768x768.webp 768w, https:\/\/www.qingfaceramic.com\/wp-content\/uploads\/2026\/04\/Custom-Middle-Eastern-Clay-Coffee-Cup-Saucer-Set5-12x12.webp 12w, https:\/\/www.qingfaceramic.com\/wp-content\/uploads\/2026\/04\/Custom-Middle-Eastern-Clay-Coffee-Cup-Saucer-Set5-600x600.webp 600w, https:\/\/www.qingfaceramic.com\/wp-content\/uploads\/2026\/04\/Custom-Middle-Eastern-Clay-Coffee-Cup-Saucer-Set5-100x100.webp 100w\" sizes=\"(max-width: 800px) 100vw, 800px\" \/><\/figure>\n<\/div>\n<\/div>\n\n\n\n<div class=\"wp-block-columns is-layout-flex wp-container-core-columns-is-layout-9d6595d7 wp-block-columns-is-layout-flex\">\n<div class=\"wp-block-column is-layout-flow wp-block-column-is-layout-flow\">\n<figure class=\"wp-block-image size-full\"><img decoding=\"async\" width=\"988\" height=\"988\" src=\"https:\/\/www.qingfaceramic.com\/wp-content\/uploads\/2026\/01\/Custom-Ceramic-Coffee-Mug1.webp\" alt=\"Tasse \u00e0 caf\u00e9 en c\u00e9ramique personnalis\u00e9e1\" class=\"wp-image-608\" srcset=\"https:\/\/www.qingfaceramic.com\/wp-content\/uploads\/2026\/01\/Custom-Ceramic-Coffee-Mug1.webp 988w, https:\/\/www.qingfaceramic.com\/wp-content\/uploads\/2026\/01\/Custom-Ceramic-Coffee-Mug1-300x300.webp 300w, https:\/\/www.qingfaceramic.com\/wp-content\/uploads\/2026\/01\/Custom-Ceramic-Coffee-Mug1-150x150.webp 150w, https:\/\/www.qingfaceramic.com\/wp-content\/uploads\/2026\/01\/Custom-Ceramic-Coffee-Mug1-768x768.webp 768w, https:\/\/www.qingfaceramic.com\/wp-content\/uploads\/2026\/01\/Custom-Ceramic-Coffee-Mug1-600x600.webp 600w, https:\/\/www.qingfaceramic.com\/wp-content\/uploads\/2026\/01\/Custom-Ceramic-Coffee-Mug1-100x100.webp 100w\" sizes=\"(max-width: 988px) 100vw, 988px\" \/><\/figure>\n<\/div>\n\n\n\n<div class=\"wp-block-column is-layout-flow wp-block-column-is-layout-flow\">\n<figure class=\"wp-block-image size-full\"><img decoding=\"async\" width=\"750\" height=\"582\" src=\"https:\/\/www.qingfaceramic.com\/wp-content\/uploads\/2026\/01\/custom-ceramic-coffee-mug8.webp\" alt=\"Tasse \u00e0 caf\u00e9 en c\u00e9ramique personnalis\u00e9e8\" class=\"wp-image-611\" srcset=\"https:\/\/www.qingfaceramic.com\/wp-content\/uploads\/2026\/01\/custom-ceramic-coffee-mug8.webp 750w, https:\/\/www.qingfaceramic.com\/wp-content\/uploads\/2026\/01\/custom-ceramic-coffee-mug8-300x233.webp 300w, https:\/\/www.qingfaceramic.com\/wp-content\/uploads\/2026\/01\/custom-ceramic-coffee-mug8-600x466.webp 600w\" sizes=\"(max-width: 750px) 100vw, 750px\" \/><\/figure>\n<\/div>\n<\/div>\n\n\n\n<p><\/p>","protected":false},"excerpt":{"rendered":"<p data-start=\"503\" data-end=\"756\">Notre set de tasses \u00e0 caf\u00e9 et soucoupes en argile du Moyen-Orient est fabriqu\u00e9 \u00e0 partir d'argile naturelle de premi\u00e8re qualit\u00e9 avec une finition \u00e0 la main. Il pr\u00e9sente un design culturel authentique et une excellente r\u00e9tention de la chaleur, id\u00e9al pour les caf\u00e9s, l'h\u00f4tellerie et les collections de marque.<\/p>\n<h2>Set de tasses \u00e0 caf\u00e9 et soucoupes en terre cuite du Moyen-Orient Param\u00e8tre<\/h2>\n<table data-path-to-node=\"7\">\n<thead>\n<tr>\n<td><strong>Objet<\/strong><\/td>\n<td><strong>D\u00e9tails<\/strong><\/td>\n<\/tr>\n<\/thead>\n<tbody>\n<tr>\n<td><span data-path-to-node=\"7,1,0,0\"><b data-path-to-node=\"7,1,0,0\" data-index-in-node=\"0\">Mat\u00e9riau<\/b><\/span><\/td>\n<td><span data-path-to-node=\"7,1,1,0\">Argile naturelle de premi\u00e8re qualit\u00e9 \/ Gr\u00e8s<\/span><\/td>\n<\/tr>\n<tr>\n<td><span data-path-to-node=\"7,2,0,0\"><b data-path-to-node=\"7,2,0,0\" data-index-in-node=\"0\">Technique<\/b><\/span><\/td>\n<td><span data-path-to-node=\"7,2,1,0\">Coul\u00e9e \u00e0 la main, cuisson \u00e0 haute temp\u00e9rature<\/span><\/td>\n<\/tr>\n<tr>\n<td><span data-path-to-node=\"7,3,0,0\"><b data-path-to-node=\"7,3,0,0\" data-index-in-node=\"0\">Conception<\/b><\/span><\/td>\n<td><span data-path-to-node=\"7,3,1,0\">Style moyen-oriental avec autocollants dor\u00e9s en forme de chameau<\/span><\/td>\n<\/tr>\n<tr>\n<td><span data-path-to-node=\"7,4,0,0\"><b data-path-to-node=\"7,4,0,0\" data-index-in-node=\"0\">L'ensemble comprend<\/b><\/span><\/td>\n<td><span data-path-to-node=\"7,4,1,0\">1 tasse \u00e0 caf\u00e9 et 1 assiette assortie (soucoupe)<\/span><\/td>\n<\/tr>\n<tr>\n<td><span data-path-to-node=\"7,5,0,0\"><b data-path-to-node=\"7,5,0,0\" data-index-in-node=\"0\">Finition<\/b><\/span><\/td>\n<td><span data-path-to-node=\"7,5,1,0\">Corps textur\u00e9 mat et bord glac\u00e9 lisse<\/span><\/td>\n<\/tr>\n<tr>\n<td><span data-path-to-node=\"7,6,0,0\"><b data-path-to-node=\"7,6,0,0\" data-index-in-node=\"0\">Couleur<\/b><\/span><\/td>\n<td><span data-path-to-node=\"7,6,1,0\">Sable terreux, Vert mousse, Blanc cr\u00e8me<\/span><\/td>\n<\/tr>\n<tr>\n<td><span data-path-to-node=\"7,7,0,0\"><b data-path-to-node=\"7,7,0,0\" data-index-in-node=\"0\">Personnalisation<\/b><\/span><\/td>\n<td><span data-path-to-node=\"7,7,1,0\">Possibilit\u00e9 de personnaliser le logo, la couleur et le motif<\/span><\/td>\n<\/tr>\n<tr>\n<td><span data-path-to-node=\"7,8,0,0\"><b data-path-to-node=\"7,8,0,0\" data-index-in-node=\"0\">Fonctionnalit\u00e9<\/b><\/span><\/td>\n<td><span data-path-to-node=\"7,8,1,0\">\u00c9cologique, R\u00e9tention de la chaleur, Texture unique<\/span><\/td>\n<\/tr>\n<\/tbody>\n<\/table>\n<p>&nbsp;<\/p>","protected":false},"featured_media":1574,"comment_status":"closed","ping_status":"closed","template":"","meta":{"_acf_changed":false},"market":[42],"product_brand":[],"product_cat":[17,29],"product_tag":[],"class_list":{"0":"post-1567","1":"product","2":"type-product","3":"status-publish","4":"has-post-thumbnail","6":"market-middle-east-market","7":"product_cat-custom-coffee-cups","8":"product_cat-wholesale-cup-and-saucer-sets","10":"first","11":"instock","12":"shipping-taxable","13":"product-type-simple"},"acf":[],"_links":{"self":[{"href":"https:\/\/www.qingfaceramic.com\/fr\/wp-json\/wp\/v2\/product\/1567","targetHints":{"allow":["GET"]}}],"collection":[{"href":"https:\/\/www.qingfaceramic.com\/fr\/wp-json\/wp\/v2\/product"}],"about":[{"href":"https:\/\/www.qingfaceramic.com\/fr\/wp-json\/wp\/v2\/types\/product"}],"replies":[{"embeddable":true,"href":"https:\/\/www.qingfaceramic.com\/fr\/wp-json\/wp\/v2\/comments?post=1567"}],"wp:featuredmedia":[{"embeddable":true,"href":"https:\/\/www.qingfaceramic.com\/fr\/wp-json\/wp\/v2\/media\/1574"}],"wp:attachment":[{"href":"https:\/\/www.qingfaceramic.com\/fr\/wp-json\/wp\/v2\/media?parent=1567"}],"wp:term":[{"taxonomy":"market","embeddable":true,"href":"https:\/\/www.qingfaceramic.com\/fr\/wp-json\/wp\/v2\/market?post=1567"},{"taxonomy":"product_brand","embeddable":true,"href":"https:\/\/www.qingfaceramic.com\/fr\/wp-json\/wp\/v2\/product_brand?post=1567"},{"taxonomy":"product_cat","embeddable":true,"href":"https:\/\/www.qingfaceramic.com\/fr\/wp-json\/wp\/v2\/product_cat?post=1567"},{"taxonomy":"product_tag","embeddable":true,"href":"https:\/\/www.qingfaceramic.com\/fr\/wp-json\/wp\/v2\/product_tag?post=1567"}],"curies":[{"name":"wp","href":"https:\/\/api.w.org\/{rel}","templated":true}]}}