{"id":1524,"date":"2026-04-06T06:23:39","date_gmt":"2026-04-06T06:23:39","guid":{"rendered":"https:\/\/www.qingfaceramic.com\/?post_type=product&#038;p=1524"},"modified":"2026-04-06T06:32:06","modified_gmt":"2026-04-06T06:32:06","slug":"custom-roman-column-candlestick","status":"publish","type":"product","link":"https:\/\/www.qingfaceramic.com\/fr\/produit\/custom-roman-column-candlestick\/","title":{"rendered":"Bougeoir \u00e0 colonne romaine personnalis\u00e9 Bougeoir architecture nordique"},"content":{"rendered":"<h2 class=\"wp-block-heading\">Caract\u00e9ristiques du chandelier \u00e0 colonne romaine sur mesure<\/h2>\n\n\n\n<div class=\"wp-block-columns is-layout-flex wp-container-core-columns-is-layout-9d6595d7 wp-block-columns-is-layout-flex\">\n<div class=\"wp-block-column is-layout-flow wp-block-column-is-layout-flow\">\n<p><strong>Silhouette architecturale classique<\/strong>: La texture cannel\u00e9e embl\u00e9matique d'une colonne de l'Antiquit\u00e9 romaine apporte un sens du patrimoine et une \u00e9l\u00e9gance structur\u00e9e aux int\u00e9rieurs modernes.<\/p>\n\n\n\n<p><strong>D\u00e9tails peints \u00e0 la main de fa\u00e7on artisanale<\/strong>: Chaque pi\u00e8ce est d\u00e9cor\u00e9e de rayures et de motifs uniques appliqu\u00e9s \u00e0 la main, ce qui conf\u00e8re \u00e0 la vente au d\u00e9tail de luxe un caract\u00e8re unique et personnalis\u00e9.<\/p>\n\n\n\n<p><strong>Stabilit\u00e9 structurelle pond\u00e9r\u00e9e<\/strong>: Con\u00e7u avec une base large et stable pour supporter en toute s\u00e9curit\u00e9 les grandes bougies effil\u00e9es ou les bougies piliers sans risque de basculement.<\/p>\n\n\n\n<p><strong>Fonctionnalit\u00e9 d\u00e9corative polyvalente<\/strong>: Il s'agit \u00e0 la fois d'un bougeoir fonctionnel et d'une \u0153uvre d'art sculpturale autonome, parfaite pour les manteaux de chemin\u00e9e, les tables basses ou les halls d'entr\u00e9e des h\u00f4tels.<\/p>\n\n\n\n<p><strong>Services de finition sur mesure<\/strong>: La prise en charge compl\u00e8te OEM\/ODM permet de personnaliser les r\u00e9glages de hauteur, les couleurs de gla\u00e7age et les motifs sp\u00e9cifiques \u00e0 la marque pour s'adapter au th\u00e8me de votre collection.<\/p>\n<\/div>\n\n\n\n<div class=\"wp-block-column is-layout-flow wp-block-column-is-layout-flow\">\n<figure class=\"wp-block-image size-full\"><img decoding=\"async\" width=\"800\" height=\"800\" src=\"https:\/\/www.qingfaceramic.com\/wp-content\/uploads\/2026\/04\/Custom-Roman-Column-Candlestick4.webp\" alt=\"Chandelier \u00e0 colonne romaine sur mesure4\" class=\"wp-image-1528\" srcset=\"https:\/\/www.qingfaceramic.com\/wp-content\/uploads\/2026\/04\/Custom-Roman-Column-Candlestick4.webp 800w, https:\/\/www.qingfaceramic.com\/wp-content\/uploads\/2026\/04\/Custom-Roman-Column-Candlestick4-300x300.webp 300w, https:\/\/www.qingfaceramic.com\/wp-content\/uploads\/2026\/04\/Custom-Roman-Column-Candlestick4-150x150.webp 150w, https:\/\/www.qingfaceramic.com\/wp-content\/uploads\/2026\/04\/Custom-Roman-Column-Candlestick4-768x768.webp 768w, https:\/\/www.qingfaceramic.com\/wp-content\/uploads\/2026\/04\/Custom-Roman-Column-Candlestick4-12x12.webp 12w, https:\/\/www.qingfaceramic.com\/wp-content\/uploads\/2026\/04\/Custom-Roman-Column-Candlestick4-600x600.webp 600w, https:\/\/www.qingfaceramic.com\/wp-content\/uploads\/2026\/04\/Custom-Roman-Column-Candlestick4-100x100.webp 100w\" sizes=\"(max-width: 800px) 100vw, 800px\" \/><\/figure>\n<\/div>\n<\/div>\n\n\n\n<div class=\"wp-block-columns is-layout-flex wp-container-core-columns-is-layout-9d6595d7 wp-block-columns-is-layout-flex\">\n<div class=\"wp-block-column is-layout-flow wp-block-column-is-layout-flow\"><\/div>\n\n\n\n<div class=\"wp-block-column is-layout-flow wp-block-column-is-layout-flow\"><\/div>\n<\/div>","protected":false},"excerpt":{"rendered":"<p data-start=\"428\" data-end=\"756\">Chandelier \u00e0 colonne romaine fabriqu\u00e9 sur mesure en c\u00e9ramique de premi\u00e8re qualit\u00e9, alliant l'architecture classique d'inspiration grecque \u00e0 des accents contemporains peints \u00e0 la main. Cet \u00e9l\u00e9gant pilier pr\u00e9sente un design cannel\u00e9 intemporel et des motifs artistiques vibrants, ce qui en fait une pi\u00e8ce ma\u00eetresse sophistiqu\u00e9e pour la d\u00e9coration d'int\u00e9rieur et les \u00e9v\u00e9nements haut de gamme.<\/p>\n<h2>\u00a0<\/h2>\n<p>&nbsp;<\/p>","protected":false},"featured_media":1529,"comment_status":"closed","ping_status":"closed","template":"","meta":{"_acf_changed":false},"market":[],"product_brand":[],"product_cat":[18,31],"product_tag":[],"class_list":{"0":"post-1524","1":"product","2":"type-product","3":"status-publish","4":"has-post-thumbnail","6":"product_cat-custom-home-decor","7":"product_cat-custom-candle-jars","9":"first","10":"instock","11":"shipping-taxable","12":"product-type-simple"},"acf":[],"_links":{"self":[{"href":"https:\/\/www.qingfaceramic.com\/fr\/wp-json\/wp\/v2\/product\/1524","targetHints":{"allow":["GET"]}}],"collection":[{"href":"https:\/\/www.qingfaceramic.com\/fr\/wp-json\/wp\/v2\/product"}],"about":[{"href":"https:\/\/www.qingfaceramic.com\/fr\/wp-json\/wp\/v2\/types\/product"}],"replies":[{"embeddable":true,"href":"https:\/\/www.qingfaceramic.com\/fr\/wp-json\/wp\/v2\/comments?post=1524"}],"wp:featuredmedia":[{"embeddable":true,"href":"https:\/\/www.qingfaceramic.com\/fr\/wp-json\/wp\/v2\/media\/1529"}],"wp:attachment":[{"href":"https:\/\/www.qingfaceramic.com\/fr\/wp-json\/wp\/v2\/media?parent=1524"}],"wp:term":[{"taxonomy":"market","embeddable":true,"href":"https:\/\/www.qingfaceramic.com\/fr\/wp-json\/wp\/v2\/market?post=1524"},{"taxonomy":"product_brand","embeddable":true,"href":"https:\/\/www.qingfaceramic.com\/fr\/wp-json\/wp\/v2\/product_brand?post=1524"},{"taxonomy":"product_cat","embeddable":true,"href":"https:\/\/www.qingfaceramic.com\/fr\/wp-json\/wp\/v2\/product_cat?post=1524"},{"taxonomy":"product_tag","embeddable":true,"href":"https:\/\/www.qingfaceramic.com\/fr\/wp-json\/wp\/v2\/product_tag?post=1524"}],"curies":[{"name":"wp","href":"https:\/\/api.w.org\/{rel}","templated":true}]}}